{"id":208647,"date":"2025-08-01T09:09:05","date_gmt":"2025-08-01T09:09:05","guid":{"rendered":"https:\/\/solplanet.net\/webinar"},"modified":"2025-08-01T09:09:05","modified_gmt":"2025-08-01T09:09:05","slug":"webinar","status":"publish","type":"page","link":"https:\/\/solplanet.net\/ua\/webinar","title":{"rendered":"Webinar"},"content":{"rendered":"<div class=\"wrapper   wrapper__spacing-bottom-large---10\" id=\"\">\n\t<div class=\"wrapper__anchor\" id=\"\"><\/div>\n\t\t\t<div class=\"wrapper__container\">\n\t\t\t<div class=\"wrapper__inner wrapper__width-large--12\">\n\t\t\t\t<div class=\"jumbotron block-jumbotron__jumbotron\">\n\n\t<div style=\"background-image:url(https:\/\/solplanet.net\/wp-content\/uploads\/2025\/08\/813ca9aa-79b9-4514-b1ad-66e4b4030ec4.png)\" class=\"image-bg jumbotron__image-bg\"><\/div>\n\t<div class=\"jumbotron__mask jumbotron__mask-type--type1\"><\/div>\n\n\t<div class=\"\n\t\t\tjumbotron__content\n\t\t\tjumbotron__content--default\n\t\t\tjumbotron__content--vertical-center\n\t\t\tjumbotron__content--horizontal-left\n\t\t\">\n\t\t<div class=\"jumbotron__content-wrap\">\n\t\t\t<h1 class=\"heading heading__align--left heading__color--white heading__size--big jumbotron__heading\">\n\tSolplanet, \u2018Herkes i\u00e7in G\u00fcne\u015f Enerjisi\u2019<\/h1>\t\t<\/div>\n\t<\/div>\n\n\t<\/div>\t\t\t<\/div>\n\t\t<\/div>\n\t<\/div>\n\n\n<div class=\"wrapper   wrapper__spacing-bottom-large--40\" id=\"\">\n\t<div class=\"wrapper__anchor\" id=\"\"><\/div>\n\t\t\t<div class=\"wrapper__container wrapper__container-width-large--default wrapper__gutter-large--default wrapper__gutter-tablet--small\">\n\t\t\t<div class=\"wrapper__inner wrapper__width-large--12\">\n\t\t\t\t\n<div class=\"block-columns js-block-columns block-columns__gutter-large--default block-columns__vertical-spacing-large--default\">\n\t\n\n<div class=\"block-column block-column__width-large--6 block-column__width-tablet--12 \">\n\t\n<div class=\"wrapper   wrapper__spacing-bottom-large--40\" id=\"\">\n\t<div class=\"wrapper__anchor\" id=\"\"><\/div>\n\t\t\t<div class=\"card-simple block-card__card-simple\">\n\t\n\t\t\t\t\t<div class=\"card-simple__intro js-card-simple-intro\">\n\t\t\t\t<h2 class=\"heading heading__align--center heading__color--dove heading__size--small card-simple__heading\">\n\tName<\/h2><h2 class=\"heading heading__align--center heading__color--dove heading__size--small card-simple__subheading\">\n\t<\/h2><p class=\"paragraph paragraph__color--dusty paragraph__align--center paragraph__size--default card-simple__subparagraph\">\n\t<\/p>\t\t\t<\/div>\n\t\t\n\t\t\t\t\t<div class=\"card-simple__media js-card-simple-media\">\n\t\t\t\t<img src=\"\" class=\"image card-simple__image\" \/>\t\t\t<\/div>\n\t\t\n\t\t\t\t\t<div class=\"card-simple__outro card-simple__outro--has-button\">\n\t\t\t\t<div class=\"btn__wrap btn__align--center card-simple__btn\">\n\t\t\t<button class=\"btn btn__color--alto btn__size--default btn__size-width--default\" id=\"\" title=\"\" aria-label=\"\">\n\t\t\t\t\t<\/button>\n\n\t<\/div><p class=\"paragraph paragraph__color--dusty paragraph__align--center paragraph__size--default card-simple__paragraph\">\n\tWho<\/p>\t\t\t<\/div>\n\t\t\n\t\t\n\t<\/div>\t<\/div>\n\n<\/div>\n\n\n\n<div class=\"block-column block-column__width-large--6 block-column__width-tablet--12 \">\n\t\n<div class=\"wrapper   wrapper__spacing-bottom-large--40\" id=\"\">\n\t<div class=\"wrapper__anchor\" id=\"\"><\/div>\n\t\t\t<div class=\"card-simple block-card__card-simple\">\n\t\n\t\t\t\t\t<div class=\"card-simple__intro js-card-simple-intro\">\n\t\t\t\t<h2 class=\"heading heading__align--center heading__color--dove heading__size--small card-simple__heading\">\n\tName<\/h2><h2 class=\"heading heading__align--center heading__color--dove heading__size--small card-simple__subheading\">\n\t<\/h2><p class=\"paragraph paragraph__color--dusty paragraph__align--center paragraph__size--default card-simple__subparagraph\">\n\t<\/p>\t\t\t<\/div>\n\t\t\n\t\t\t\t\t<div class=\"card-simple__media js-card-simple-media\">\n\t\t\t\t<img src=\"\" class=\"image card-simple__image\" \/>\t\t\t<\/div>\n\t\t\n\t\t\t\t\t<div class=\"card-simple__outro card-simple__outro--has-button\">\n\t\t\t\t<div class=\"btn__wrap btn__align--center card-simple__btn\">\n\t\t\t<button class=\"btn btn__color--alto btn__size--default btn__size-width--default\" id=\"\" title=\"\" aria-label=\"\">\n\t\t\t\t\t<\/button>\n\n\t<\/div><p class=\"paragraph paragraph__color--dusty paragraph__align--center paragraph__size--default card-simple__paragraph\">\n\tWho<\/p>\t\t\t<\/div>\n\t\t\n\t\t\n\t<\/div>\t<\/div>\n\n<\/div>\n\n<\/div>\n\t\t\t<\/div>\n\t\t<\/div>\n\t<\/div>\n\n\n<div class=\"wrapper   wrapper__spacing-bottom-large--40\" id=\"\">\n\t<div class=\"wrapper__anchor\" id=\"\"><\/div>\n\t\t\t<div class=\"wrapper__container wrapper__container-width-large--default wrapper__gutter-large--default wrapper__gutter-tablet--small\">\n\t\t\t<div class=\"wrapper__inner wrapper__width-large--12\">\n\t\t\t\t\n<div class=\"block-columns js-block-columns block-columns__gutter-large--default block-columns__vertical-spacing-large--default\">\n\t\n\n<div class=\"block-column block-column__width-large--8 block-column__width-tablet--12 \">\n\t\n<div class=\"wrapper  wrapper__spacing-top-large--80 wrapper__spacing-bottom-large--40\" id=\"\">\n\t<div class=\"wrapper__anchor\" id=\"\"><\/div>\n\t\t\t<p class=\"paragraph paragraph__color--dove paragraph__align--left paragraph__size--big block-paragraph__paragraph\">\n\t\u201cSolplanet, \u2018Herkes i\u00e7in G\u00fcne\u015f Enerjisi\u2019 vizyonuyla T\u00fcrkiye\u2019deki 5. y\u0131l\u0131n\u0131 kutluyor.*<br>*Bu \u00f6zel webinar\u2019da ba\u015far\u0131 hikayelerimizi, yeniliklerimizi ve gelece\u011fe dair planlar\u0131m\u0131z\u0131 ke\u015ffedin.\u201d<\/p>\t<\/div>\n\n<\/div>\n\n\n\n<div class=\"block-column block-column__width-large--3 block-column__width-tablet--12 \">\n\t<\/div>\n\n<\/div>\n\t\t\t<\/div>\n\t\t<\/div>\n\t<\/div>\n","protected":false},"excerpt":{"rendered":"","protected":false},"author":22,"featured_media":0,"parent":0,"menu_order":0,"comment_status":"closed","ping_status":"closed","template":"","meta":[],"acf":[],"yoast_head":"<!-- This site is optimized with the Yoast SEO plugin v19.7.1 - https:\/\/yoast.com\/wordpress\/plugins\/seo\/ -->\n<title>Webinar | Solplanet<\/title>\n<meta name=\"description\" content=\"The power of the sun is the future of our planet. Solplanet makes solar for everybody. Easy-to-install, reliable and user-friendly inverters.\" \/>\n<meta name=\"robots\" content=\"index, follow, max-snippet:-1, max-image-preview:large, max-video-preview:-1\" \/>\n<link rel=\"canonical\" href=\"https:\/\/solplanet.net\/ua\/webinar\" \/>\n<meta property=\"og:locale\" content=\"en_US\" \/>\n<meta property=\"og:type\" content=\"article\" \/>\n<meta property=\"og:title\" content=\"Webinar | Solplanet\" \/>\n<meta property=\"og:description\" content=\"The power of the sun is the future of our planet. Solplanet makes solar for everybody. Easy-to-install, reliable and user-friendly inverters.\" \/>\n<meta property=\"og:url\" content=\"https:\/\/solplanet.net\/ua\/webinar\" \/>\n<meta property=\"og:site_name\" content=\"Solplanet\" \/>\n<meta name=\"twitter:card\" content=\"summary_large_image\" \/>\n<script type=\"application\/ld+json\" class=\"yoast-schema-graph\">{\"@context\":\"https:\/\/schema.org\",\"@graph\":[{\"@type\":\"WebPage\",\"@id\":\"https:\/\/solplanet.net\/ua\/webinar\",\"url\":\"https:\/\/solplanet.net\/ua\/webinar\",\"name\":\"Webinar | Solplanet\",\"isPartOf\":{\"@id\":\"https:\/\/solplanet.net\/ua#website\"},\"datePublished\":\"2025-08-01T09:09:05+00:00\",\"dateModified\":\"2025-08-01T09:09:05+00:00\",\"description\":\"The power of the sun is the future of our planet. Solplanet makes solar for everybody. Easy-to-install, reliable and user-friendly inverters.\",\"breadcrumb\":{\"@id\":\"https:\/\/solplanet.net\/ua\/webinar#breadcrumb\"},\"inLanguage\":\"ua-UK\",\"potentialAction\":[{\"@type\":\"ReadAction\",\"target\":[\"https:\/\/solplanet.net\/ua\/webinar\"]}]},{\"@type\":\"BreadcrumbList\",\"@id\":\"https:\/\/solplanet.net\/ua\/webinar#breadcrumb\",\"itemListElement\":[{\"@type\":\"ListItem\",\"position\":1,\"name\":\"Home\",\"item\":\"https:\/\/solplanet.net\/ua\"},{\"@type\":\"ListItem\",\"position\":2,\"name\":\"Webinar\"}]},{\"@type\":\"WebSite\",\"@id\":\"https:\/\/solplanet.net\/ua#website\",\"url\":\"https:\/\/solplanet.net\/ua\",\"name\":\"Solplanet\",\"description\":\"Solar for everybody\",\"publisher\":{\"@id\":\"https:\/\/solplanet.net\/ua#organization\"},\"potentialAction\":[{\"@type\":\"SearchAction\",\"target\":{\"@type\":\"EntryPoint\",\"urlTemplate\":\"https:\/\/solplanet.net\/ua?s={search_term_string}\"},\"query-input\":\"required name=search_term_string\"}],\"inLanguage\":\"ua-UK\"},{\"@type\":\"Organization\",\"@id\":\"https:\/\/solplanet.net\/ua#organization\",\"name\":\"Solplanet\",\"url\":\"https:\/\/solplanet.net\/ua\",\"sameAs\":[],\"logo\":{\"@type\":\"ImageObject\",\"inLanguage\":\"ua-UK\",\"@id\":\"https:\/\/solplanet.net\/ua#\/schema\/logo\/image\/\",\"url\":\"https:\/\/solplanet.net\/wp-content\/uploads\/2020\/11\/Solplanet-LinkedInIcon.jpg\",\"contentUrl\":\"https:\/\/solplanet.net\/wp-content\/uploads\/2020\/11\/Solplanet-LinkedInIcon.jpg\",\"width\":500,\"height\":500,\"caption\":\"Solplanet\"},\"image\":{\"@id\":\"https:\/\/solplanet.net\/ua#\/schema\/logo\/image\/\"}}]}<\/script>\n<!-- \/ Yoast SEO plugin. -->","yoast_head_json":{"title":"Webinar | Solplanet","description":"The power of the sun is the future of our planet. Solplanet makes solar for everybody. Easy-to-install, reliable and user-friendly inverters.","robots":{"index":"index","follow":"follow","max-snippet":"max-snippet:-1","max-image-preview":"max-image-preview:large","max-video-preview":"max-video-preview:-1"},"canonical":"https:\/\/solplanet.net\/ua\/webinar","og_locale":"en_US","og_type":"article","og_title":"Webinar | Solplanet","og_description":"The power of the sun is the future of our planet. Solplanet makes solar for everybody. Easy-to-install, reliable and user-friendly inverters.","og_url":"https:\/\/solplanet.net\/ua\/webinar","og_site_name":"Solplanet","twitter_card":"summary_large_image","schema":{"@context":"https:\/\/schema.org","@graph":[{"@type":"WebPage","@id":"https:\/\/solplanet.net\/ua\/webinar","url":"https:\/\/solplanet.net\/ua\/webinar","name":"Webinar | Solplanet","isPartOf":{"@id":"https:\/\/solplanet.net\/ua#website"},"datePublished":"2025-08-01T09:09:05+00:00","dateModified":"2025-08-01T09:09:05+00:00","description":"The power of the sun is the future of our planet. Solplanet makes solar for everybody. Easy-to-install, reliable and user-friendly inverters.","breadcrumb":{"@id":"https:\/\/solplanet.net\/ua\/webinar#breadcrumb"},"inLanguage":"ua-UK","potentialAction":[{"@type":"ReadAction","target":["https:\/\/solplanet.net\/ua\/webinar"]}]},{"@type":"BreadcrumbList","@id":"https:\/\/solplanet.net\/ua\/webinar#breadcrumb","itemListElement":[{"@type":"ListItem","position":1,"name":"Home","item":"https:\/\/solplanet.net\/ua"},{"@type":"ListItem","position":2,"name":"Webinar"}]},{"@type":"WebSite","@id":"https:\/\/solplanet.net\/ua#website","url":"https:\/\/solplanet.net\/ua","name":"Solplanet","description":"Solar for everybody","publisher":{"@id":"https:\/\/solplanet.net\/ua#organization"},"potentialAction":[{"@type":"SearchAction","target":{"@type":"EntryPoint","urlTemplate":"https:\/\/solplanet.net\/ua?s={search_term_string}"},"query-input":"required name=search_term_string"}],"inLanguage":"ua-UK"},{"@type":"Organization","@id":"https:\/\/solplanet.net\/ua#organization","name":"Solplanet","url":"https:\/\/solplanet.net\/ua","sameAs":[],"logo":{"@type":"ImageObject","inLanguage":"ua-UK","@id":"https:\/\/solplanet.net\/ua#\/schema\/logo\/image\/","url":"https:\/\/solplanet.net\/wp-content\/uploads\/2020\/11\/Solplanet-LinkedInIcon.jpg","contentUrl":"https:\/\/solplanet.net\/wp-content\/uploads\/2020\/11\/Solplanet-LinkedInIcon.jpg","width":500,"height":500,"caption":"Solplanet"},"image":{"@id":"https:\/\/solplanet.net\/ua#\/schema\/logo\/image\/"}}]}},"_links":{"self":[{"href":"https:\/\/solplanet.net\/ua\/wp-json\/wp\/v2\/pages\/208647"}],"collection":[{"href":"https:\/\/solplanet.net\/ua\/wp-json\/wp\/v2\/pages"}],"about":[{"href":"https:\/\/solplanet.net\/ua\/wp-json\/wp\/v2\/types\/page"}],"author":[{"embeddable":true,"href":"https:\/\/solplanet.net\/ua\/wp-json\/wp\/v2\/users\/22"}],"replies":[{"embeddable":true,"href":"https:\/\/solplanet.net\/ua\/wp-json\/wp\/v2\/comments?post=208647"}],"version-history":[{"count":0,"href":"https:\/\/solplanet.net\/ua\/wp-json\/wp\/v2\/pages\/208647\/revisions"}],"wp:attachment":[{"href":"https:\/\/solplanet.net\/ua\/wp-json\/wp\/v2\/media?parent=208647"}],"curies":[{"name":"wp","href":"https:\/\/api.w.org\/{rel}","templated":true}]}}