{"id":6379,"date":"2021-07-06T22:14:58","date_gmt":"2021-07-06T22:14:58","guid":{"rendered":"https:\/\/solplanet.net\/?page_id=6379"},"modified":"2021-08-02T17:41:32","modified_gmt":"2021-08-02T17:41:32","slug":"solplanet-picture-competition-tur","status":"publish","type":"page","link":"https:\/\/solplanet.net\/tr\/solplanet-picture-competition-tur","title":{"rendered":"Gezegenimizin gelece\u011fi i\u00e7in g\u00fcne\u015f enerjisi"},"content":{"rendered":"<div class=\"wrapper   wrapper__spacing-bottom-large--40\" id=\"\">\n\t<div class=\"wrapper__anchor\" id=\"\"><\/div>\n\t\t\t<div class=\"wrapper__container wrapper__container-width-large--default wrapper__gutter-large--default wrapper__gutter-tablet--small\">\n\t\t\t<div class=\"wrapper__inner wrapper__width-large--12\">\n\t\t\t\t<img src=\"\" class=\"image block-image__image\" \/>\t\t\t<\/div>\n\t\t<\/div>\n\t<\/div>\n\n\n<div class=\"wrapper   wrapper__spacing-bottom-large--40\" id=\"\">\n\t<div class=\"wrapper__anchor\" id=\"\"><\/div>\n\t\t\t<div class=\"wrapper__container wrapper__container-width-large--default wrapper__gutter-large--default wrapper__gutter-tablet--small\">\n\t\t\t<div class=\"wrapper__inner wrapper__width-large--12\">\n\t\t\t\t<img src=\"https:\/\/solplanet.net\/wp-content\/uploads\/2021\/07\/TUR-1.png\" class=\"image block-image__image\" \/>\t\t\t<\/div>\n\t\t<\/div>\n\t<\/div>\n\n\n<div class=\"wrapper   wrapper__spacing-bottom-large--40\" id=\"\">\n\t<div class=\"wrapper__anchor\" id=\"\"><\/div>\n\t\t\t<div class=\"wrapper__container wrapper__container-width-large--default wrapper__gutter-large--default wrapper__gutter-tablet--small\">\n\t\t\t<div class=\"wrapper__inner wrapper__width-large--12\">\n\t\t\t\t\n<div class=\"block-heading\">\n\t<h1 class=\"heading heading__align--left heading__color--dove heading__size--default block-heading__heading\">\n\t<br>Yar\u0131\u015fmam\u0131za kat\u0131ld\u0131\u011f\u0131n\u0131z i\u00e7in te\u015fekk\u00fcr ederiz.<\/h1>\t<\/div>\n\t\t\t<\/div>\n\t\t<\/div>\n\t<\/div>\n\n\n<div class=\"wrapper   wrapper__spacing-bottom-large--40\" id=\"\">\n\t<div class=\"wrapper__anchor\" id=\"\"><\/div>\n\t\t\t<div class=\"wrapper__container wrapper__container-width-large--default wrapper__gutter-large--default wrapper__gutter-tablet--small\">\n\t\t\t<div class=\"wrapper__inner wrapper__width-large--12\">\n\t\t\t\t<p class=\"paragraph paragraph__color--dusty paragraph__align--left paragraph__size--big block-paragraph__paragraph\">\n\t<br><br>\u0130ster b\u00fcy\u00fck \u00f6l\u00e7ekli bir operat\u00f6r, ister k\u00fc\u00e7\u00fck bir i\u015fletme veya ev sahibi olun, g\u00fcne\u015f enerjisi \u00fcretiminin herkes taraf\u0131ndan eri\u015filebilir olmas\u0131 gerekti\u011fine inan\u0131yoruz. Ger\u00e7ekler inkar edilemez ve her bilin\u00e7li hareketin \u00e7evremizin korunmas\u0131na katk\u0131da bulundu\u011fu bir d\u00f6n\u00fcm noktas\u0131nday\u0131z. Gezegenimizin gelece\u011fi i\u00e7in g\u00fcne\u015fin g\u00fcc\u00fcne inan\u0131yoruz. <br><br>Bir fotovoltaik sistem kurmak art\u0131k her zamankinden daha g\u00fcvenilir ve uygun maliyetli bir s\u00fcre\u00e7 ve temiz enerji \u00fcretiminde ve fosil yak\u0131tl\u0131 enerji \u00fcretiminin sona ermesinde ileriye do\u011fru at\u0131lm\u0131\u015f bir ad\u0131m.<br><\/p>\t\t\t<\/div>\n\t\t<\/div>\n\t<\/div>\n\n\n<div class=\"wrapper   wrapper__spacing-bottom-large--40\" id=\"\">\n\t<div class=\"wrapper__anchor\" id=\"\"><\/div>\n\t\t\t<div class=\"wrapper__container wrapper__container-width-large--default wrapper__gutter-large--default wrapper__gutter-tablet--small\">\n\t\t\t<div class=\"wrapper__inner wrapper__width-large--12\">\n\t\t\t\t<p class=\"paragraph paragraph__color--dusty paragraph__align--left paragraph__size--big block-paragraph__paragraph\">\n\t<strong>\u015eirketimiz g\u00fczel g\u00f6ky\u00fcz\u00fcn\u00fc kutluyor ve sizin de bunun bir par\u00e7as\u0131 olman\u0131z\u0131 istiyoruz.<\/strong><br><br><\/p>\t\t\t<\/div>\n\t\t<\/div>\n\t<\/div>\n\n\n<div class=\"wrapper   wrapper__spacing-bottom-large--40\" id=\"\">\n\t<div class=\"wrapper__anchor\" id=\"\"><\/div>\n\t\t\t<div class=\"wrapper__container wrapper__container-width-large--default wrapper__gutter-large--default wrapper__gutter-tablet--small\">\n\t\t\t<div class=\"wrapper__inner wrapper__width-large--12\">\n\t\t\t\t<p class=\"paragraph paragraph__color--dove paragraph__align--left paragraph__size--big block-paragraph__paragraph\">\n\tNerede olursan\u0131z olun bu muhte\u015fem g\u00f6ky\u00fcz\u00fcn\u00fcn foto\u011fraflar\u0131n\u0131 g\u00f6rmek isteriz. D\u00fcnyan\u0131n her yerinden g\u00fcne\u015f manzaralar\u0131n\u0131n foto\u011fraflar\u0131n\u0131 \u00e7ekin ve a\u015fa\u011f\u0131daki ad\u0131mlar\u0131 uygulayarak yar\u0131\u015fmam\u0131za kat\u0131l\u0131n:<br><br><\/p>\t\t\t<\/div>\n\t\t<\/div>\n\t<\/div>\n\n\n<div class=\"wrapper wrapper__bg-color--mercury  wrapper__spacing-bottom-large--40\" id=\"\">\n\t<div class=\"wrapper__anchor\" id=\"\"><\/div>\n\t\t\t<div class=\"wrapper__container wrapper__container-width-large--default wrapper__gutter-large--default wrapper__gutter-tablet--small\">\n\t\t\t<div class=\"wrapper__inner wrapper__width-large--12\">\n\t\t\t\t<p class=\"paragraph paragraph__color--shaft paragraph__align--left paragraph__size--big block-paragraph__paragraph\">\n\t<br>TIKLAYIN: G\u00f6ky\u00fcz\u00fcn\u00fcn ve g\u00fcne\u015fin g\u00fcc\u00fcn\u00fcn g\u00fczel bir resmini \u00e7ekin <br><br>TAG: #Solplanet ve Instagram&#8217;da yay\u0131nlay\u0131n <br><br>B\u0130Z\u0130 TAK\u0130P ED\u0130N: Instagram&#8217;da @solplanet_tech <br><br>KAYDOL: A\u015fa\u011f\u0131dan kaydolun ve resmen rekabettesiniz!<br><\/p>\t\t\t<\/div>\n\t\t<\/div>\n\t<\/div>\n\n\n<div class=\"wrapper   wrapper__spacing-bottom-large--40\" id=\"\">\n\t<div class=\"wrapper__anchor\" id=\"\"><\/div>\n\t\t\t<div class=\"wrapper__container wrapper__container-width-large--default wrapper__gutter-large--default wrapper__gutter-tablet--small\">\n\t\t\t<div class=\"wrapper__inner wrapper__width-large--12\">\n\t\t\t\t<p class=\"paragraph paragraph__color--dove paragraph__align--left paragraph__size--default block-paragraph__paragraph\">\n\t<br><br><\/p>\t\t\t<\/div>\n\t\t<\/div>\n\t<\/div>\n\n\n<div class=\"wrapper   wrapper__spacing-bottom-large--40\" id=\"\">\n\t<div class=\"wrapper__anchor\" id=\"\"><\/div>\n\t\t\t<div class=\"wrapper__container wrapper__container-width-large--default wrapper__gutter-large--default wrapper__gutter-tablet--small\">\n\t\t\t<div class=\"wrapper__inner wrapper__width-large--12\">\n\t\t\t\t<!--[if lte IE 8]> <script charset=\"utf-8\" type=\"text\/javascript\" src=\"\/\/js.hsforms.net\/forms\/v2-legacy.js\"><\/script> <![endif]--> <script charset=\"utf-8\" type=\"text\/javascript\" src=\"\/\/js.hsforms.net\/forms\/v2.js\"><\/script> <script>   hbspt.forms.create({ \tregion: \"na1\", \tportalId: \"8795524\", \tformId: \"7d041e82-01eb-499f-9604-8d122abff271\" }); <\/script>\t\t\t<\/div>\n\t\t<\/div>\n\t<\/div>\n","protected":false},"excerpt":{"rendered":"","protected":false},"author":5,"featured_media":0,"parent":0,"menu_order":0,"comment_status":"closed","ping_status":"closed","template":"","meta":[],"acf":[],"yoast_head":"<!-- This site is optimized with the Yoast SEO plugin v19.7.1 - https:\/\/yoast.com\/wordpress\/plugins\/seo\/ -->\n<title>Gezegenimizin gelece\u011fi i\u00e7in g\u00fcne\u015f enerjisi | Solplanet<\/title>\n<meta name=\"description\" content=\"G\u00fcne\u015f enerjisi temiz ve s\u00fcrd\u00fcr\u00fclebilir bir enerji kayna\u011f\u0131d\u0131r. G\u00fcne\u015f enerjisi herkes i\u00e7indir ve Solplanet olarak bunun ger\u00e7ekle\u015fmesi i\u00e7in \u00e7ok \u00e7al\u0131\u015f\u0131yoruz.\" \/>\n<meta name=\"robots\" content=\"index, follow, max-snippet:-1, max-image-preview:large, max-video-preview:-1\" \/>\n<link rel=\"canonical\" href=\"https:\/\/solplanet.net\/tr\/solplanet-picture-competition-tur\" \/>\n<meta property=\"og:locale\" content=\"tr_TR\" \/>\n<meta property=\"og:type\" content=\"article\" \/>\n<meta property=\"og:title\" content=\"Gezegenimizin gelece\u011fi i\u00e7in g\u00fcne\u015f enerjisi | Solplanet\" \/>\n<meta property=\"og:description\" content=\"G\u00fcne\u015f enerjisi temiz ve s\u00fcrd\u00fcr\u00fclebilir bir enerji kayna\u011f\u0131d\u0131r. G\u00fcne\u015f enerjisi herkes i\u00e7indir ve Solplanet olarak bunun ger\u00e7ekle\u015fmesi i\u00e7in \u00e7ok \u00e7al\u0131\u015f\u0131yoruz.\" \/>\n<meta property=\"og:url\" content=\"https:\/\/solplanet.net\/tr\/solplanet-picture-competition-tur\" \/>\n<meta property=\"og:site_name\" content=\"Solplanet\" \/>\n<meta property=\"article:modified_time\" content=\"2021-08-02T17:41:32+00:00\" \/>\n<meta name=\"twitter:card\" content=\"summary_large_image\" \/>\n<script type=\"application\/ld+json\" class=\"yoast-schema-graph\">{\"@context\":\"https:\/\/schema.org\",\"@graph\":[{\"@type\":\"WebPage\",\"@id\":\"https:\/\/solplanet.net\/tr\/solplanet-picture-competition-tur\",\"url\":\"https:\/\/solplanet.net\/tr\/solplanet-picture-competition-tur\",\"name\":\"Gezegenimizin gelece\u011fi i\u00e7in g\u00fcne\u015f enerjisi | Solplanet\",\"isPartOf\":{\"@id\":\"https:\/\/solplanet.net\/tr#website\"},\"datePublished\":\"2021-07-06T22:14:58+00:00\",\"dateModified\":\"2021-08-02T17:41:32+00:00\",\"description\":\"G\u00fcne\u015f enerjisi temiz ve s\u00fcrd\u00fcr\u00fclebilir bir enerji kayna\u011f\u0131d\u0131r. G\u00fcne\u015f enerjisi herkes i\u00e7indir ve Solplanet olarak bunun ger\u00e7ekle\u015fmesi i\u00e7in \u00e7ok \u00e7al\u0131\u015f\u0131yoruz.\",\"breadcrumb\":{\"@id\":\"https:\/\/solplanet.net\/tr\/solplanet-picture-competition-tur#breadcrumb\"},\"inLanguage\":\"tr-TR\",\"potentialAction\":[{\"@type\":\"ReadAction\",\"target\":[\"https:\/\/solplanet.net\/tr\/solplanet-picture-competition-tur\"]}]},{\"@type\":\"BreadcrumbList\",\"@id\":\"https:\/\/solplanet.net\/tr\/solplanet-picture-competition-tur#breadcrumb\",\"itemListElement\":[{\"@type\":\"ListItem\",\"position\":1,\"name\":\"Home\",\"item\":\"https:\/\/solplanet.net\/tr\"},{\"@type\":\"ListItem\",\"position\":2,\"name\":\"Gezegenimizin gelece\u011fi i\u00e7in g\u00fcne\u015f enerjisi\"}]},{\"@type\":\"WebSite\",\"@id\":\"https:\/\/solplanet.net\/tr#website\",\"url\":\"https:\/\/solplanet.net\/tr\",\"name\":\"Solplanet\",\"description\":\"Solar for everybody\",\"publisher\":{\"@id\":\"https:\/\/solplanet.net\/tr#organization\"},\"potentialAction\":[{\"@type\":\"SearchAction\",\"target\":{\"@type\":\"EntryPoint\",\"urlTemplate\":\"https:\/\/solplanet.net\/tr?s={search_term_string}\"},\"query-input\":\"required name=search_term_string\"}],\"inLanguage\":\"tr-TR\"},{\"@type\":\"Organization\",\"@id\":\"https:\/\/solplanet.net\/tr#organization\",\"name\":\"Solplanet\",\"url\":\"https:\/\/solplanet.net\/tr\",\"sameAs\":[],\"logo\":{\"@type\":\"ImageObject\",\"inLanguage\":\"tr-TR\",\"@id\":\"https:\/\/solplanet.net\/tr#\/schema\/logo\/image\/\",\"url\":\"https:\/\/solplanet.net\/wp-content\/uploads\/2020\/11\/Solplanet-LinkedInIcon.jpg\",\"contentUrl\":\"https:\/\/solplanet.net\/wp-content\/uploads\/2020\/11\/Solplanet-LinkedInIcon.jpg\",\"width\":500,\"height\":500,\"caption\":\"Solplanet\"},\"image\":{\"@id\":\"https:\/\/solplanet.net\/tr#\/schema\/logo\/image\/\"}}]}<\/script>\n<!-- \/ Yoast SEO plugin. -->","yoast_head_json":{"title":"Gezegenimizin gelece\u011fi i\u00e7in g\u00fcne\u015f enerjisi | Solplanet","description":"G\u00fcne\u015f enerjisi temiz ve s\u00fcrd\u00fcr\u00fclebilir bir enerji kayna\u011f\u0131d\u0131r. G\u00fcne\u015f enerjisi herkes i\u00e7indir ve Solplanet olarak bunun ger\u00e7ekle\u015fmesi i\u00e7in \u00e7ok \u00e7al\u0131\u015f\u0131yoruz.","robots":{"index":"index","follow":"follow","max-snippet":"max-snippet:-1","max-image-preview":"max-image-preview:large","max-video-preview":"max-video-preview:-1"},"canonical":"https:\/\/solplanet.net\/tr\/solplanet-picture-competition-tur","og_locale":"tr_TR","og_type":"article","og_title":"Gezegenimizin gelece\u011fi i\u00e7in g\u00fcne\u015f enerjisi | Solplanet","og_description":"G\u00fcne\u015f enerjisi temiz ve s\u00fcrd\u00fcr\u00fclebilir bir enerji kayna\u011f\u0131d\u0131r. G\u00fcne\u015f enerjisi herkes i\u00e7indir ve Solplanet olarak bunun ger\u00e7ekle\u015fmesi i\u00e7in \u00e7ok \u00e7al\u0131\u015f\u0131yoruz.","og_url":"https:\/\/solplanet.net\/tr\/solplanet-picture-competition-tur","og_site_name":"Solplanet","article_modified_time":"2021-08-02T17:41:32+00:00","twitter_card":"summary_large_image","schema":{"@context":"https:\/\/schema.org","@graph":[{"@type":"WebPage","@id":"https:\/\/solplanet.net\/tr\/solplanet-picture-competition-tur","url":"https:\/\/solplanet.net\/tr\/solplanet-picture-competition-tur","name":"Gezegenimizin gelece\u011fi i\u00e7in g\u00fcne\u015f enerjisi | Solplanet","isPartOf":{"@id":"https:\/\/solplanet.net\/tr#website"},"datePublished":"2021-07-06T22:14:58+00:00","dateModified":"2021-08-02T17:41:32+00:00","description":"G\u00fcne\u015f enerjisi temiz ve s\u00fcrd\u00fcr\u00fclebilir bir enerji kayna\u011f\u0131d\u0131r. G\u00fcne\u015f enerjisi herkes i\u00e7indir ve Solplanet olarak bunun ger\u00e7ekle\u015fmesi i\u00e7in \u00e7ok \u00e7al\u0131\u015f\u0131yoruz.","breadcrumb":{"@id":"https:\/\/solplanet.net\/tr\/solplanet-picture-competition-tur#breadcrumb"},"inLanguage":"tr-TR","potentialAction":[{"@type":"ReadAction","target":["https:\/\/solplanet.net\/tr\/solplanet-picture-competition-tur"]}]},{"@type":"BreadcrumbList","@id":"https:\/\/solplanet.net\/tr\/solplanet-picture-competition-tur#breadcrumb","itemListElement":[{"@type":"ListItem","position":1,"name":"Home","item":"https:\/\/solplanet.net\/tr"},{"@type":"ListItem","position":2,"name":"Gezegenimizin gelece\u011fi i\u00e7in g\u00fcne\u015f enerjisi"}]},{"@type":"WebSite","@id":"https:\/\/solplanet.net\/tr#website","url":"https:\/\/solplanet.net\/tr","name":"Solplanet","description":"Solar for everybody","publisher":{"@id":"https:\/\/solplanet.net\/tr#organization"},"potentialAction":[{"@type":"SearchAction","target":{"@type":"EntryPoint","urlTemplate":"https:\/\/solplanet.net\/tr?s={search_term_string}"},"query-input":"required name=search_term_string"}],"inLanguage":"tr-TR"},{"@type":"Organization","@id":"https:\/\/solplanet.net\/tr#organization","name":"Solplanet","url":"https:\/\/solplanet.net\/tr","sameAs":[],"logo":{"@type":"ImageObject","inLanguage":"tr-TR","@id":"https:\/\/solplanet.net\/tr#\/schema\/logo\/image\/","url":"https:\/\/solplanet.net\/wp-content\/uploads\/2020\/11\/Solplanet-LinkedInIcon.jpg","contentUrl":"https:\/\/solplanet.net\/wp-content\/uploads\/2020\/11\/Solplanet-LinkedInIcon.jpg","width":500,"height":500,"caption":"Solplanet"},"image":{"@id":"https:\/\/solplanet.net\/tr#\/schema\/logo\/image\/"}}]}},"_links":{"self":[{"href":"https:\/\/solplanet.net\/tr\/wp-json\/wp\/v2\/pages\/6379"}],"collection":[{"href":"https:\/\/solplanet.net\/tr\/wp-json\/wp\/v2\/pages"}],"about":[{"href":"https:\/\/solplanet.net\/tr\/wp-json\/wp\/v2\/types\/page"}],"author":[{"embeddable":true,"href":"https:\/\/solplanet.net\/tr\/wp-json\/wp\/v2\/users\/5"}],"replies":[{"embeddable":true,"href":"https:\/\/solplanet.net\/tr\/wp-json\/wp\/v2\/comments?post=6379"}],"version-history":[{"count":7,"href":"https:\/\/solplanet.net\/tr\/wp-json\/wp\/v2\/pages\/6379\/revisions"}],"predecessor-version":[{"id":7601,"href":"https:\/\/solplanet.net\/tr\/wp-json\/wp\/v2\/pages\/6379\/revisions\/7601"}],"wp:attachment":[{"href":"https:\/\/solplanet.net\/tr\/wp-json\/wp\/v2\/media?parent=6379"}],"curies":[{"name":"wp","href":"https:\/\/api.w.org\/{rel}","templated":true}]}}