{"id":3550,"date":"2020-09-16T16:33:11","date_gmt":"2020-09-16T16:33:11","guid":{"rendered":"https:\/\/solplanet.net\/?page_id=3550"},"modified":"2025-03-21T11:35:29","modified_gmt":"2025-03-21T11:35:29","slug":"yasal-kurallar","status":"publish","type":"page","link":"https:\/\/solplanet.net\/tr\/yasal-kurallar","title":{"rendered":"Yasal Kurallar"},"content":{"rendered":"<div class=\"wrapper   wrapper__spacing-bottom-large--40\" id=\"\">\n\t<div class=\"wrapper__anchor\" id=\"\"><\/div>\n\t\t\t<div class=\"wrapper__container wrapper__container-width-large--default wrapper__gutter-large--default wrapper__gutter-tablet--small\">\n\t\t\t<div class=\"wrapper__inner wrapper__width-large--12\">\n\t\t\t\t\n<div class=\"block-heading\">\n\t<h2 class=\"heading heading__align--left heading__color--shaft heading__size--default block-heading__heading\">\n\t<br>Yasal Kurallar<\/h2>\t<\/div>\n\t\t\t<\/div>\n\t\t<\/div>\n\t<\/div>\n\n\n<div class=\"wrapper   wrapper__spacing-bottom-large--40\" id=\"\">\n\t<div class=\"wrapper__anchor\" id=\"\"><\/div>\n\t\t\t<div class=\"wrapper__container wrapper__container-width-large--default wrapper__gutter-large--default wrapper__gutter-tablet--small\">\n\t\t\t<div class=\"wrapper__inner wrapper__width-large--12\">\n\t\t\t\t<p class=\"paragraph paragraph__color--dove paragraph__align--left paragraph__size--default block-paragraph__paragraph\">\n\t<br>AISWEI BV<br>Weerdestein 97 <br>Kantoornummer 135, <br>1083GG Amsterdam<br>Hollanda<br>info@solplanet.net<br>\u00a0<br>Kay\u0131t Yetkilisi<br>CoC numaras\u0131: 75780291<br>kay\u0131t numaras\u0131: 000043633056<br>Katma de\u011fer vergisi kimlik numaras\u0131: NL860394517B01<br><br>AISWEI web sitelerindeki t\u00fcm bilgiler telif hakk\u0131yla korunmaktad\u0131r. Materyalin \u00f6deme kar\u015f\u0131l\u0131\u011f\u0131nda kopyalanmas\u0131 veya i\u015flenmesi, de\u011fi\u015ftirilmesi ve\/veya iletilmesi i\u00e7in a\u00e7\u0131k yaz\u0131l\u0131 izin, \u00f6nceden AISWEI&#8217;den al\u0131nmal\u0131d\u0131r. Sa\u011flanan bilgiler, yaln\u0131zca ki\u015fisel bilgilerinize y\u00f6neliktir ve ba\u011flay\u0131c\u0131 garantiler veya teminatlar i\u00e7ermez. Hem teknik hem de ticari a\u00e7\u0131dan (fiyatlar dahil) haber verilmeksizin de\u011fi\u015fiklik yap\u0131labilir. Sadece somut taleplerin al\u0131nmas\u0131ndan sonra ba\u011flay\u0131c\u0131 taahh\u00fctlerde bulunaca\u011f\u0131z. Bu ba\u011flay\u0131c\u0131 olmayan \u015fartlar nedeniyle, bilgilerin do\u011frulu\u011funa ili\u015fkin herhangi bir sorumluluk kabul edilmemektedir.<br>\u00a0<br>Sorumluluk bildirimi<br><br>AISWEI web sitelerinde, bir k\u0131sm\u0131 AISWEI taraf\u0131ndan de\u011fil, \u00fc\u00e7\u00fcnc\u00fc \u015fah\u0131slar taraf\u0131ndan i\u015fletilen di\u011fer web sitelerine ba\u011flant\u0131lar da bulacaks\u0131n\u0131z. Bu ba\u011flant\u0131lar yaln\u0131zca daha fazla ayr\u0131nt\u0131 sa\u011flar. AISWEI bu web sitelerinin i\u00e7eriklerinden sorumlu de\u011fildir ve bunlardan sorumlu tutulamaz. Bu harici web siteleri de telif hakk\u0131yla korunan materyaller olabilir. AISWEI web sayfalar\u0131n\u0131n kullan\u0131m\u0131 kendi sorumlulu\u011funuzdad\u0131r. AISWEI BV, \u00fcr\u00fcn sorumlulu\u011fu yasas\u0131na g\u00f6re ya da kas\u0131t, a\u011f\u0131r ihmal, garantili \u00f6zelliklerin olmamas\u0131 veya temel s\u00f6zle\u015fme y\u00fck\u00fcml\u00fcl\u00fcklerinin ihlali nedeniyle sorumlu tutulmad\u0131k\u00e7a, bu web sitelerinin kullan\u0131m\u0131ndan kaynaklanan herhangi bir zarardan, \u00f6zellikle tesis kesintisinden, kar kayb\u0131ndan, bilgi ve veri kayb\u0131ndan veya eksiklikler nedeniyle ortaya \u00e7\u0131kan hasarlardan sorumlu tutulamaz. Bununla birlikte, temel s\u00f6zle\u015fme y\u00fck\u00fcml\u00fcl\u00fcklerinin ihlali nedeniyle tazminat \u00f6denmesi, hi\u00e7bir kas\u0131t veya a\u011f\u0131r ihmal s\u00f6z konusu olmad\u0131\u011f\u0131 s\u00fcrece, s\u00f6zle\u015fmenin niteli\u011fi i\u00e7in tipik olan \u00f6ng\u00f6r\u00fclebilir hasarla s\u0131n\u0131rl\u0131d\u0131r.<br><br>Telif hakk\u0131 \u00a9 2021 AISWEI BV<br><\/p>\t\t\t<\/div>\n\t\t<\/div>\n\t<\/div>\n","protected":false},"excerpt":{"rendered":"","protected":false},"author":5,"featured_media":0,"parent":0,"menu_order":0,"comment_status":"closed","ping_status":"closed","template":"","meta":[],"acf":[],"yoast_head":"<!-- This site is optimized with the Yoast SEO plugin v19.7.1 - https:\/\/yoast.com\/wordpress\/plugins\/seo\/ -->\n<title>Yasal Kurallar | Solplanet<\/title>\n<meta name=\"description\" content=\"The power of the sun is the future of our planet. Solplanet makes solar for everybody. Easy-to-install, reliable and user-friendly inverters.\" \/>\n<meta name=\"robots\" content=\"index, follow, max-snippet:-1, max-image-preview:large, max-video-preview:-1\" \/>\n<link rel=\"canonical\" href=\"https:\/\/solplanet.net\/tr\/yasal-kurallar\" \/>\n<meta property=\"og:locale\" content=\"tr_TR\" \/>\n<meta property=\"og:type\" content=\"article\" \/>\n<meta property=\"og:title\" content=\"Yasal Kurallar | Solplanet\" \/>\n<meta property=\"og:description\" content=\"The power of the sun is the future of our planet. Solplanet makes solar for everybody. Easy-to-install, reliable and user-friendly inverters.\" \/>\n<meta property=\"og:url\" content=\"https:\/\/solplanet.net\/tr\/yasal-kurallar\" \/>\n<meta property=\"og:site_name\" content=\"Solplanet\" \/>\n<meta property=\"article:modified_time\" content=\"2025-03-21T11:35:29+00:00\" \/>\n<meta name=\"twitter:card\" content=\"summary_large_image\" \/>\n<script type=\"application\/ld+json\" class=\"yoast-schema-graph\">{\"@context\":\"https:\/\/schema.org\",\"@graph\":[{\"@type\":\"WebPage\",\"@id\":\"https:\/\/solplanet.net\/tr\/yasal-kurallar\",\"url\":\"https:\/\/solplanet.net\/tr\/yasal-kurallar\",\"name\":\"Yasal Kurallar | Solplanet\",\"isPartOf\":{\"@id\":\"https:\/\/solplanet.net\/tr#website\"},\"datePublished\":\"2020-09-16T16:33:11+00:00\",\"dateModified\":\"2025-03-21T11:35:29+00:00\",\"description\":\"The power of the sun is the future of our planet. Solplanet makes solar for everybody. Easy-to-install, reliable and user-friendly inverters.\",\"breadcrumb\":{\"@id\":\"https:\/\/solplanet.net\/tr\/yasal-kurallar#breadcrumb\"},\"inLanguage\":\"tr-TR\",\"potentialAction\":[{\"@type\":\"ReadAction\",\"target\":[\"https:\/\/solplanet.net\/tr\/yasal-kurallar\"]}]},{\"@type\":\"BreadcrumbList\",\"@id\":\"https:\/\/solplanet.net\/tr\/yasal-kurallar#breadcrumb\",\"itemListElement\":[{\"@type\":\"ListItem\",\"position\":1,\"name\":\"Home\",\"item\":\"https:\/\/solplanet.net\/tr\"},{\"@type\":\"ListItem\",\"position\":2,\"name\":\"Yasal Kurallar\"}]},{\"@type\":\"WebSite\",\"@id\":\"https:\/\/solplanet.net\/tr#website\",\"url\":\"https:\/\/solplanet.net\/tr\",\"name\":\"Solplanet\",\"description\":\"Solar for everybody\",\"publisher\":{\"@id\":\"https:\/\/solplanet.net\/tr#organization\"},\"potentialAction\":[{\"@type\":\"SearchAction\",\"target\":{\"@type\":\"EntryPoint\",\"urlTemplate\":\"https:\/\/solplanet.net\/tr?s={search_term_string}\"},\"query-input\":\"required name=search_term_string\"}],\"inLanguage\":\"tr-TR\"},{\"@type\":\"Organization\",\"@id\":\"https:\/\/solplanet.net\/tr#organization\",\"name\":\"Solplanet\",\"url\":\"https:\/\/solplanet.net\/tr\",\"sameAs\":[],\"logo\":{\"@type\":\"ImageObject\",\"inLanguage\":\"tr-TR\",\"@id\":\"https:\/\/solplanet.net\/tr#\/schema\/logo\/image\/\",\"url\":\"https:\/\/solplanet.net\/wp-content\/uploads\/2020\/11\/Solplanet-LinkedInIcon.jpg\",\"contentUrl\":\"https:\/\/solplanet.net\/wp-content\/uploads\/2020\/11\/Solplanet-LinkedInIcon.jpg\",\"width\":500,\"height\":500,\"caption\":\"Solplanet\"},\"image\":{\"@id\":\"https:\/\/solplanet.net\/tr#\/schema\/logo\/image\/\"}}]}<\/script>\n<!-- \/ Yoast SEO plugin. -->","yoast_head_json":{"title":"Yasal Kurallar | Solplanet","description":"The power of the sun is the future of our planet. Solplanet makes solar for everybody. Easy-to-install, reliable and user-friendly inverters.","robots":{"index":"index","follow":"follow","max-snippet":"max-snippet:-1","max-image-preview":"max-image-preview:large","max-video-preview":"max-video-preview:-1"},"canonical":"https:\/\/solplanet.net\/tr\/yasal-kurallar","og_locale":"tr_TR","og_type":"article","og_title":"Yasal Kurallar | Solplanet","og_description":"The power of the sun is the future of our planet. Solplanet makes solar for everybody. Easy-to-install, reliable and user-friendly inverters.","og_url":"https:\/\/solplanet.net\/tr\/yasal-kurallar","og_site_name":"Solplanet","article_modified_time":"2025-03-21T11:35:29+00:00","twitter_card":"summary_large_image","schema":{"@context":"https:\/\/schema.org","@graph":[{"@type":"WebPage","@id":"https:\/\/solplanet.net\/tr\/yasal-kurallar","url":"https:\/\/solplanet.net\/tr\/yasal-kurallar","name":"Yasal Kurallar | Solplanet","isPartOf":{"@id":"https:\/\/solplanet.net\/tr#website"},"datePublished":"2020-09-16T16:33:11+00:00","dateModified":"2025-03-21T11:35:29+00:00","description":"The power of the sun is the future of our planet. Solplanet makes solar for everybody. Easy-to-install, reliable and user-friendly inverters.","breadcrumb":{"@id":"https:\/\/solplanet.net\/tr\/yasal-kurallar#breadcrumb"},"inLanguage":"tr-TR","potentialAction":[{"@type":"ReadAction","target":["https:\/\/solplanet.net\/tr\/yasal-kurallar"]}]},{"@type":"BreadcrumbList","@id":"https:\/\/solplanet.net\/tr\/yasal-kurallar#breadcrumb","itemListElement":[{"@type":"ListItem","position":1,"name":"Home","item":"https:\/\/solplanet.net\/tr"},{"@type":"ListItem","position":2,"name":"Yasal Kurallar"}]},{"@type":"WebSite","@id":"https:\/\/solplanet.net\/tr#website","url":"https:\/\/solplanet.net\/tr","name":"Solplanet","description":"Solar for everybody","publisher":{"@id":"https:\/\/solplanet.net\/tr#organization"},"potentialAction":[{"@type":"SearchAction","target":{"@type":"EntryPoint","urlTemplate":"https:\/\/solplanet.net\/tr?s={search_term_string}"},"query-input":"required name=search_term_string"}],"inLanguage":"tr-TR"},{"@type":"Organization","@id":"https:\/\/solplanet.net\/tr#organization","name":"Solplanet","url":"https:\/\/solplanet.net\/tr","sameAs":[],"logo":{"@type":"ImageObject","inLanguage":"tr-TR","@id":"https:\/\/solplanet.net\/tr#\/schema\/logo\/image\/","url":"https:\/\/solplanet.net\/wp-content\/uploads\/2020\/11\/Solplanet-LinkedInIcon.jpg","contentUrl":"https:\/\/solplanet.net\/wp-content\/uploads\/2020\/11\/Solplanet-LinkedInIcon.jpg","width":500,"height":500,"caption":"Solplanet"},"image":{"@id":"https:\/\/solplanet.net\/tr#\/schema\/logo\/image\/"}}]}},"_links":{"self":[{"href":"https:\/\/solplanet.net\/tr\/wp-json\/wp\/v2\/pages\/3550"}],"collection":[{"href":"https:\/\/solplanet.net\/tr\/wp-json\/wp\/v2\/pages"}],"about":[{"href":"https:\/\/solplanet.net\/tr\/wp-json\/wp\/v2\/types\/page"}],"author":[{"embeddable":true,"href":"https:\/\/solplanet.net\/tr\/wp-json\/wp\/v2\/users\/5"}],"replies":[{"embeddable":true,"href":"https:\/\/solplanet.net\/tr\/wp-json\/wp\/v2\/comments?post=3550"}],"version-history":[{"count":2,"href":"https:\/\/solplanet.net\/tr\/wp-json\/wp\/v2\/pages\/3550\/revisions"}],"predecessor-version":[{"id":173551,"href":"https:\/\/solplanet.net\/tr\/wp-json\/wp\/v2\/pages\/3550\/revisions\/173551"}],"wp:attachment":[{"href":"https:\/\/solplanet.net\/tr\/wp-json\/wp\/v2\/media?parent=3550"}],"curies":[{"name":"wp","href":"https:\/\/api.w.org\/{rel}","templated":true}]}}