{"id":236484,"date":"2026-02-11T10:41:41","date_gmt":"2026-02-11T10:41:41","guid":{"rendered":"https:\/\/solplanet.net\/contact-page-turkiye-beta-do-not-publish"},"modified":"2026-04-30T13:57:11","modified_gmt":"2026-04-30T13:57:11","slug":"contact-page-turkiye-beta-do-not-publish","status":"publish","type":"page","link":"https:\/\/solplanet.net\/tr\/contact-page-turkiye-beta-do-not-publish","title":{"rendered":"Contact Page T\u00fcrkiye [BETA DO NOT PUBLISH]"},"content":{"rendered":"<div class=\"block-carousel__item\"><div class=\"block-carousel__item-inner\"><div class=\"jumbotron block-jumbotron__jumbotron\">\n\n\t<div style=\"background-image:url(https:\/\/solplanet.net\/wp-content\/uploads\/2026\/02\/Solplanet-ContactHeader3.jpg)\" class=\"image-bg jumbotron__image-bg\"><\/div>\n\t<div class=\"jumbotron__mask jumbotron__mask-type--type1\"><\/div>\n\n\t<div class=\"\n\t\t\tjumbotron__content\n\t\t\tjumbotron__content--medium\n\t\t\tjumbotron__content--vertical-center\n\t\t\tjumbotron__content--horizontal-left\n\t\t\">\n\t\t<div class=\"jumbotron__content-wrap\">\n\t\t\t<h1 class=\"heading heading__align--left heading__color--white heading__size--big jumbotron__heading\">\n\tBize Ula\u015f\u0131n<\/h1><p class=\"paragraph paragraph__color--white paragraph__align--left paragraph__size--big jumbotron__paragraph\">\n\tBizimle ileti\u015fime ge\u00e7in, size yard\u0131mc\u0131 olmaktan memnuniyet duyar\u0131z!<\/p>\t\t<\/div>\n\t<\/div>\n\n\t<\/div><\/div><\/div>\n\n<div class=\"wrapper wrapper__bg-color--sand wrapper__spacing-top-large--50 wrapper__spacing-bottom-large--0\" id=\"\">\n\t<div class=\"wrapper__anchor\" id=\"\"><\/div>\n\t\t\t<div class=\"wrapper__container wrapper__container-width-large--default wrapper__gutter-large--default wrapper__gutter-tablet--small\">\n\t\t\t<div class=\"wrapper__inner wrapper__width-large--12\">\n\t\t\t\t\n<div class=\"block-columns js-block-columns block-columns__gutter-large--default block-columns__vertical-spacing-large--default\">\n\t\n\n<div class=\"block-column block-column__width-large--2 block-column__width-tablet--12 block-column__offset-large--3 \">\n\t\n<div class=\"wrapper   wrapper__spacing-bottom-large--40\" id=\"\">\n\t<div class=\"wrapper__anchor\" id=\"\"><\/div>\n\t\t\t<p class=\"paragraph paragraph__color--shaft paragraph__align--center paragraph__size--default block-paragraph__paragraph\">\n\t<a href=\"#form\">\u0130leti\u015fim Formu<\/a><\/p>\t<\/div>\n\n<\/div>\n\n\n\n<div class=\"block-column block-column__width-large--2 block-column__width-tablet--12 \">\n\t\n<div class=\"wrapper   wrapper__spacing-bottom-large--40\" id=\"\">\n\t<div class=\"wrapper__anchor\" id=\"\"><\/div>\n\t\t\t<p class=\"paragraph paragraph__color--shaft paragraph__align--center paragraph__size--default block-paragraph__paragraph\">\n\t<a href=\"#team\">Yerel Ekibimiz<\/a><\/p>\t<\/div>\n\n<\/div>\n\n\n\n<div class=\"block-column block-column__width-large--2 block-column__width-tablet--12 \">\n\t\n<div class=\"wrapper   wrapper__spacing-bottom-large--40\" id=\"\">\n\t<div class=\"wrapper__anchor\" id=\"\"><\/div>\n\t\t\t<p class=\"paragraph paragraph__color--shaft paragraph__align--center paragraph__size--default block-paragraph__paragraph\">\n\t<a href=\"#dist\">Distrib\u00fct\u00f6rlerimiz<\/a><\/p>\t<\/div>\n\n<\/div>\n\n<\/div>\n\t\t\t<\/div>\n\t\t<\/div>\n\t<\/div>\n\n\n<div class=\"wrapper  wrapper__spacing-top-large--50 wrapper__spacing-bottom-large--50\" id=\"#form\">\n\t<div class=\"wrapper__anchor\" id=\"\"><\/div>\n\t\t\t<div class=\"wrapper__container wrapper__container-width-large--small wrapper__gutter-large--default wrapper__gutter-tablet--small\">\n\t\t\t<div class=\"wrapper__inner wrapper__width-large--9 wrapper__offset-large--2\">\n\t\t\t\t<p class=\"paragraph paragraph__color--dove paragraph__align--left paragraph__size--medium block-paragraph__paragraph\">\n\tSolplanet olarak, distrib\u00fct\u00f6rlerimize, kurulumcular\u0131m\u0131za ve son m\u00fc\u015fterilerimize en iyi deneyimi sunmaya kararl\u0131y\u0131z. Yard\u0131ma ihtiyac\u0131n\u0131z varsa veya herhangi bir sorunuz varsa, l\u00fctfen a\u015fa\u011f\u0131daki formu kullanarak veya verilen ileti\u015fim bilgileri arac\u0131l\u0131\u011f\u0131yla bizimle ileti\u015fime ge\u00e7in.<\/p>\t\t\t<\/div>\n\t\t<\/div>\n\t<\/div>\n\n\n<div class=\"wrapper   wrapper__spacing-bottom-large--40\" id=\"form\">\n\t<div class=\"wrapper__anchor\" id=\"\"><\/div>\n\t\t\t<div class=\"wrapper__container wrapper__container-width-large--small wrapper__gutter-large--default wrapper__gutter-tablet--small\">\n\t\t\t<div class=\"wrapper__inner wrapper__width-large--11 wrapper__offset-large--1\">\n\t\t\t\t<script src=\"https:\/\/js.hsforms.net\/forms\/embed\/8795524.js\" defer><\/script> <div class=\"hs-form-frame\" data-region=\"na1\" data-form-id=\"18e00d9c-3ea0-4aa7-9698-bfc01e391272\" data-portal-id=\"8795524\"><\/div>\t\t\t<\/div>\n\t\t<\/div>\n\t<\/div>\n\n\n<div class=\"wrapper wrapper__bg-color--sand  wrapper__spacing-bottom-large---10\" id=\"team\">\n\t<div class=\"wrapper__anchor\" id=\"\"><\/div>\n\t\t\t<div class=\"wrapper__container wrapper__container-width-large--default wrapper__gutter-large--default wrapper__gutter-tablet--small\">\n\t\t\t<div class=\"wrapper__inner wrapper__width-large--12\">\n\t\t\t\t\n<div class=\"block-group\">\n\t\n<div class=\"wrapper  wrapper__spacing-top-large--30 wrapper__spacing-bottom-large---10\" id=\"\">\n\t<div class=\"wrapper__anchor\" id=\"\"><\/div>\n\t\t\t<p class=\"paragraph paragraph__color--shaft paragraph__align--center paragraph__size--medium block-paragraph__paragraph\">\n\t<\/p>\t<\/div>\n\n\n<div class=\"wrapper  wrapper__spacing-top-large--10 wrapper__spacing-bottom-large--40\" id=\"\">\n\t<div class=\"wrapper__anchor\" id=\"\"><\/div>\n\t\t\t\n<div class=\"block-heading\">\n\t<h2 class=\"heading heading__align--center heading__color--shaft heading__size--medium block-heading__heading\">\n\tSolplanet T\u00fcrkiye Ekibiyle \u0130leti\u015fime Ge\u00e7in<\/h2>\t<\/div>\n\t<\/div>\n\n\n<div class=\"wrapper   wrapper__spacing-bottom-large--40\" id=\"\">\n\t<div class=\"wrapper__anchor\" id=\"\"><\/div>\n\t\t\t\n<div class=\"block-columns js-block-columns block-columns__gutter-large--medium block-columns__vertical-spacing-large--default\">\n\t\n\n<div class=\"block-column block-column__width-large--4 block-column__width-tablet--12 block-column__offset-large--2 \">\n\t\n<div class=\"wrapper   wrapper__spacing-bottom-large--40\" id=\"\">\n\t<div class=\"wrapper__anchor\" id=\"\"><\/div>\n\t\t\t<div class=\"card-simple block-card__card-simple\">\n\t\n\t\t\t\t\t<div class=\"card-simple__intro js-card-simple-intro\">\n\t\t\t\t<h2 class=\"heading heading__align--center heading__color--sunsetToDodger heading__size--small card-simple__heading heading__color--is-gradient\">\n\tSat\u0131\u015f<\/h2><h2 class=\"heading heading__align--center heading__color--dove heading__size--tiny card-simple__subheading\">\n\t(General)<\/h2>\t\t\t<\/div>\n\t\t\n\t\t\t\t\t<div class=\"card-simple__media js-card-simple-media\">\n\t\t\t\t<img src=\"https:\/\/solplanet.net\/wp-content\/uploads\/2026\/02\/Mobile-Apps-Gray-e1771500423893.png\" class=\"image card-simple__image\" \/>\t\t\t<\/div>\n\t\t\n\t\t\t\t\t<div class=\"card-simple__outro\">\n\t\t\t\t<p class=\"paragraph paragraph__color--dusty paragraph__align--center paragraph__size--small card-simple__paragraph\">\n\tT. <a href=\"tel:+902322680002\">\u00a0+90 232 268 00 02<\/a><a href=\"https:\/\/solplanet.net\/T.%20+49175616160416%20E.%20service.de@solplanet.net\"><br><\/a>E. <a href=\"mailto:sales.tr@solplanet.net\">sales.tr@solplanet.net<\/a><\/p>\t\t\t<\/div>\n\t\t\n\t\t\n\t<\/div>\t<\/div>\n\n<\/div>\n\n\n\n<div class=\"block-column block-column__width-large--4 block-column__width-tablet--12 block-column__offset-large--0 \">\n\t\n<div class=\"wrapper   wrapper__spacing-bottom-large--40\" id=\"\">\n\t<div class=\"wrapper__anchor\" id=\"\"><\/div>\n\t\t\t<div class=\"card-simple block-card__card-simple\">\n\t\n\t\t\t\t\t<div class=\"card-simple__intro js-card-simple-intro\">\n\t\t\t\t<h2 class=\"heading heading__align--center heading__color--sunsetToDodger heading__size--small card-simple__heading heading__color--is-gradient\">\n\tServis<\/h2><h2 class=\"heading heading__align--center heading__color--dove heading__size--tiny card-simple__subheading\">\n\t(After-sales)<\/h2>\t\t\t<\/div>\n\t\t\n\t\t\t\t\t<div class=\"card-simple__media js-card-simple-media\">\n\t\t\t\t<img src=\"https:\/\/solplanet.net\/wp-content\/uploads\/2026\/02\/Installer-Area-Grey-e1771500475448.png\" class=\"image card-simple__image\" \/>\t\t\t<\/div>\n\t\t\n\t\t\t\t\t<div class=\"card-simple__outro\">\n\t\t\t\t<p class=\"paragraph paragraph__color--dusty paragraph__align--center paragraph__size--small card-simple__paragraph\">\n\tT. <a href=\"tel:+902322680002\">\u00a0+90 232 268 00 02<\/a><a href=\"https:\/\/solplanet.net\/T.%20+49175616160416%20E.%20service.de@solplanet.net\"><br><\/a>E. <a href=\"mailto:service.tr@solplanet.net\">service.tr@solplanet.net<\/a><\/p>\t\t\t<\/div>\n\t\t\n\t\t\n\t<\/div>\t<\/div>\n\n<\/div>\n\n<\/div>\n\t<\/div>\n\n<\/div>\n\t\t\t<\/div>\n\t\t<\/div>\n\t<\/div>\n\n\n<div class=\"wrapper   wrapper__spacing-bottom-large---10\" id=\"dist\">\n\t<div class=\"wrapper__anchor\" id=\"\"><\/div>\n\t\t\t<div class=\"wrapper__container\">\n\t\t\t<div class=\"wrapper__inner wrapper__width-large--12\">\n\t\t\t\t\n<div\n\tclass=\"block-carousel js-block-carousel swiper-container block-carousel__pagination-type-default\"\n\tdata-swiper-loop=\"1\"\n\tdata-show-items=\"1\"\n>\n\n\t<div class=\"swiper-wrapper\">\n\t\t\n<div class=\"block-carousel__item\"><div class=\"block-carousel__item-inner\"><div class=\"jumbotron block-jumbotron__jumbotron\">\n\n\t<div style=\"background-image:url(https:\/\/solplanet.net\/wp-content\/uploads\/2026\/02\/SolplanetDistributors-Header2.jpg)\" class=\"image-bg jumbotron__image-bg\"><\/div>\n\t<div class=\"jumbotron__mask jumbotron__mask-type--\"><\/div>\n\n\t<div class=\"\n\t\t\tjumbotron__content\n\t\t\tjumbotron__content--medium\n\t\t\tjumbotron__content--vertical-center\n\t\t\tjumbotron__content--horizontal-left\n\t\t\">\n\t\t<div class=\"jumbotron__content-wrap\">\n\t\t\t<p class=\"paragraph paragraph__color--white paragraph__align--left paragraph__size--default jumbotron__intro\">\n\tUla\u015f\u0131labilirlik ve destek<\/p><h1 class=\"heading heading__align--left heading__color--white heading__size--big jumbotron__heading\">\n\tYerel distrib\u00fct\u00f6r ekibinizi bulun<\/h1>\t\t<\/div>\n\t<\/div>\n\n\t<\/div><\/div><\/div>\n\t<\/div>\n\n\t<div class=\"carousel-navigation carousel-navigation__theme--default block-carousel__carousel-navigation\">\n\t<div class=\"carousel-navigation__item carousel-navigation__item--prev js-block-carousel-prev-arrow\">\n\t\t<svg class=\"carousel-navigation__icon\" width=\"22\" height=\"40\" xmlns=\"http:\/\/www.w3.org\/2000\/svg\"><g stroke=\"#FFF\" fill=\"none\" fill-rule=\"evenodd\" stroke-linecap=\"round\"><path d=\"M1 20L21 1M21 39L1 20\" \/><\/g><\/svg>\n\t<\/div>\n\t<div class=\"carousel-navigation__item carousel-navigation__item--next js-block-carousel-next-arrow\">\n\t\t<svg class=\"carousel-navigation__icon\" width=\"22\" height=\"40\" xmlns=\"http:\/\/www.w3.org\/2000\/svg\"><g stroke=\"#FFF\" fill=\"none\" fill-rule=\"evenodd\" stroke-linecap=\"round\"><path d=\"M21 20L1 1M1 39l20-19\" \/><\/g><\/svg>\n\t<\/div>\n<\/div><div class=\"carousel-pagination js-block-carousel-pagination carousel-pagination__theme--default block-carousel__carousel-pagination\"><\/div><\/div>\n\t\t\t<\/div>\n\t\t<\/div>\n\t<\/div>\n\n\n<div class=\"wrapper wrapper__bg-color--sand wrapper__spacing-top-large--0 wrapper__spacing-bottom-large--0  wrapper__divider-top-large wrapper__divider-bottom-large\" id=\"\">\n\t<div class=\"wrapper__anchor\" id=\"\"><\/div>\n\t\t\t\n<div class=\"block-cards-grid js-block-cards-grid\" data-items-per-line=4>\n\t\n<div class=\"card-simple block-card__card-simple\">\n\t\n\t\t\t\t\t<div class=\"card-simple__intro js-card-simple-intro\">\n\t\t\t\t<h4 class=\"heading heading__align--center heading__color--sunsetToDodger heading__size--small card-simple__heading heading__color--is-gradient\">\n\tDBA ENERGY<\/h4>\t\t\t<\/div>\n\t\t\n\t\t\t\t\t<div class=\"card-simple__media js-card-simple-media\">\n\t\t\t\t<img src=\"https:\/\/solplanet.net\/wp-content\/uploads\/2026\/04\/DBA-Solplanet-600.png\" class=\"image card-simple__image\" \/>\t\t\t<\/div>\n\t\t\n\t\t\t\t\t<div class=\"card-simple__outro\">\n\t\t\t\t<p class=\"paragraph paragraph__color--dusty paragraph__align--center paragraph__size--small card-simple__paragraph\">\n\tAnkara, T\u00fcrkiye<br>T. <a href=\"tel:+90 505 271 16 50\">+90 505 271 16 50<\/a><br>W. <a href=\"https:\/\/dbaenergy.com\/\" target=\"_blank\" rel=\"noreferrer noopener\">dbaenergy.com<\/a><br>E. <a href=\"mailto:ahmetuyaroglu@dbaenergy.com\">Ahmet Uyaro\u011flu<\/a><\/p>\t\t\t<\/div>\n\t\t\n\t\t\n\t<\/div>\n\n<div class=\"card-simple block-card__card-simple\">\n\t\n\t\t\t\t\t<div class=\"card-simple__intro js-card-simple-intro\">\n\t\t\t\t<h4 class=\"heading heading__align--center heading__color--sunsetToDodger heading__size--small card-simple__heading heading__color--is-gradient\">\n\tPV DEPO<\/h4>\t\t\t<\/div>\n\t\t\n\t\t\t\t\t<div class=\"card-simple__media js-card-simple-media\">\n\t\t\t\t<img src=\"https:\/\/solplanet.net\/wp-content\/uploads\/2026\/04\/pvdepo-Solplanet-600.png\" class=\"image card-simple__image\" \/>\t\t\t<\/div>\n\t\t\n\t\t\t\t\t<div class=\"card-simple__outro\">\n\t\t\t\t<p class=\"paragraph paragraph__color--dusty paragraph__align--center paragraph__size--small card-simple__paragraph\">\n\tAnkara, T\u00fcrkiye<br>T. <a href=\"tel:'+90 542 761 43 82\">+90 542 761 43 82<\/a><br>W. <a href=\"http:\/\/pvdepo.com.tr\">pvdep<\/a><a href=\"http:\/\/pvdepo.com.tr\" target=\"_blank\" rel=\"noreferrer noopener\">o<\/a><a href=\"http:\/\/pvdepo.com.tr\">.com.tr<\/a><br>E. <a href=\"mailto:suleyman.celik@pvdepo.com.tr\">S\u00fcleyman \u00c7elik<\/a><\/p>\t\t\t<\/div>\n\t\t\n\t\t\n\t<\/div>\n<\/div>\n\t<\/div>\n","protected":false},"excerpt":{"rendered":"","protected":false},"author":7,"featured_media":0,"parent":0,"menu_order":0,"comment_status":"closed","ping_status":"closed","template":"","meta":[],"acf":[],"yoast_head":"<!-- This site is optimized with the Yoast SEO plugin v19.7.1 - https:\/\/yoast.com\/wordpress\/plugins\/seo\/ -->\n<title>Contact Page T\u00fcrkiye [BETA DO NOT PUBLISH] | Solplanet<\/title>\n<meta name=\"description\" content=\"The power of the sun is the future of our planet. Solplanet makes solar for everybody. Easy-to-install, reliable and user-friendly inverters.\" \/>\n<meta name=\"robots\" content=\"noindex, nofollow\" \/>\n<meta property=\"og:locale\" content=\"tr_TR\" \/>\n<meta property=\"og:type\" content=\"article\" \/>\n<meta property=\"og:title\" content=\"Contact Page T\u00fcrkiye [BETA DO NOT PUBLISH] | Solplanet\" \/>\n<meta property=\"og:description\" content=\"The power of the sun is the future of our planet. Solplanet makes solar for everybody. Easy-to-install, reliable and user-friendly inverters.\" \/>\n<meta property=\"og:url\" content=\"https:\/\/solplanet.net\/tr\/contact-page-turkiye-beta-do-not-publish\" \/>\n<meta property=\"og:site_name\" content=\"Solplanet\" \/>\n<meta property=\"article:modified_time\" content=\"2026-04-30T13:57:11+00:00\" \/>\n<meta name=\"twitter:card\" content=\"summary_large_image\" \/>\n<script type=\"application\/ld+json\" class=\"yoast-schema-graph\">{\"@context\":\"https:\/\/schema.org\",\"@graph\":[{\"@type\":\"WebPage\",\"@id\":\"https:\/\/solplanet.net\/tr\/contact-page-turkiye-beta-do-not-publish\",\"url\":\"https:\/\/solplanet.net\/tr\/contact-page-turkiye-beta-do-not-publish\",\"name\":\"Contact Page T\u00fcrkiye [BETA DO NOT PUBLISH] | Solplanet\",\"isPartOf\":{\"@id\":\"https:\/\/solplanet.net\/tr#website\"},\"datePublished\":\"2026-02-11T10:41:41+00:00\",\"dateModified\":\"2026-04-30T13:57:11+00:00\",\"description\":\"The power of the sun is the future of our planet. Solplanet makes solar for everybody. Easy-to-install, reliable and user-friendly inverters.\",\"breadcrumb\":{\"@id\":\"https:\/\/solplanet.net\/tr\/contact-page-turkiye-beta-do-not-publish#breadcrumb\"},\"inLanguage\":\"tr-TR\",\"potentialAction\":[{\"@type\":\"ReadAction\",\"target\":[\"https:\/\/solplanet.net\/tr\/contact-page-turkiye-beta-do-not-publish\"]}]},{\"@type\":\"BreadcrumbList\",\"@id\":\"https:\/\/solplanet.net\/tr\/contact-page-turkiye-beta-do-not-publish#breadcrumb\",\"itemListElement\":[{\"@type\":\"ListItem\",\"position\":1,\"name\":\"Home\",\"item\":\"https:\/\/solplanet.net\/tr\"},{\"@type\":\"ListItem\",\"position\":2,\"name\":\"Contact Page T\u00fcrkiye [BETA DO NOT PUBLISH]\"}]},{\"@type\":\"WebSite\",\"@id\":\"https:\/\/solplanet.net\/tr#website\",\"url\":\"https:\/\/solplanet.net\/tr\",\"name\":\"Solplanet\",\"description\":\"Solar for everybody\",\"publisher\":{\"@id\":\"https:\/\/solplanet.net\/tr#organization\"},\"potentialAction\":[{\"@type\":\"SearchAction\",\"target\":{\"@type\":\"EntryPoint\",\"urlTemplate\":\"https:\/\/solplanet.net\/tr?s={search_term_string}\"},\"query-input\":\"required name=search_term_string\"}],\"inLanguage\":\"tr-TR\"},{\"@type\":\"Organization\",\"@id\":\"https:\/\/solplanet.net\/tr#organization\",\"name\":\"Solplanet\",\"url\":\"https:\/\/solplanet.net\/tr\",\"sameAs\":[],\"logo\":{\"@type\":\"ImageObject\",\"inLanguage\":\"tr-TR\",\"@id\":\"https:\/\/solplanet.net\/tr#\/schema\/logo\/image\/\",\"url\":\"https:\/\/solplanet.net\/wp-content\/uploads\/2020\/11\/Solplanet-LinkedInIcon.jpg\",\"contentUrl\":\"https:\/\/solplanet.net\/wp-content\/uploads\/2020\/11\/Solplanet-LinkedInIcon.jpg\",\"width\":500,\"height\":500,\"caption\":\"Solplanet\"},\"image\":{\"@id\":\"https:\/\/solplanet.net\/tr#\/schema\/logo\/image\/\"}}]}<\/script>\n<!-- \/ Yoast SEO plugin. -->","yoast_head_json":{"title":"Contact Page T\u00fcrkiye [BETA DO NOT PUBLISH] | Solplanet","description":"The power of the sun is the future of our planet. Solplanet makes solar for everybody. Easy-to-install, reliable and user-friendly inverters.","robots":{"index":"noindex","follow":"nofollow"},"og_locale":"tr_TR","og_type":"article","og_title":"Contact Page T\u00fcrkiye [BETA DO NOT PUBLISH] | Solplanet","og_description":"The power of the sun is the future of our planet. Solplanet makes solar for everybody. Easy-to-install, reliable and user-friendly inverters.","og_url":"https:\/\/solplanet.net\/tr\/contact-page-turkiye-beta-do-not-publish","og_site_name":"Solplanet","article_modified_time":"2026-04-30T13:57:11+00:00","twitter_card":"summary_large_image","schema":{"@context":"https:\/\/schema.org","@graph":[{"@type":"WebPage","@id":"https:\/\/solplanet.net\/tr\/contact-page-turkiye-beta-do-not-publish","url":"https:\/\/solplanet.net\/tr\/contact-page-turkiye-beta-do-not-publish","name":"Contact Page T\u00fcrkiye [BETA DO NOT PUBLISH] | Solplanet","isPartOf":{"@id":"https:\/\/solplanet.net\/tr#website"},"datePublished":"2026-02-11T10:41:41+00:00","dateModified":"2026-04-30T13:57:11+00:00","description":"The power of the sun is the future of our planet. Solplanet makes solar for everybody. Easy-to-install, reliable and user-friendly inverters.","breadcrumb":{"@id":"https:\/\/solplanet.net\/tr\/contact-page-turkiye-beta-do-not-publish#breadcrumb"},"inLanguage":"tr-TR","potentialAction":[{"@type":"ReadAction","target":["https:\/\/solplanet.net\/tr\/contact-page-turkiye-beta-do-not-publish"]}]},{"@type":"BreadcrumbList","@id":"https:\/\/solplanet.net\/tr\/contact-page-turkiye-beta-do-not-publish#breadcrumb","itemListElement":[{"@type":"ListItem","position":1,"name":"Home","item":"https:\/\/solplanet.net\/tr"},{"@type":"ListItem","position":2,"name":"Contact Page T\u00fcrkiye [BETA DO NOT PUBLISH]"}]},{"@type":"WebSite","@id":"https:\/\/solplanet.net\/tr#website","url":"https:\/\/solplanet.net\/tr","name":"Solplanet","description":"Solar for everybody","publisher":{"@id":"https:\/\/solplanet.net\/tr#organization"},"potentialAction":[{"@type":"SearchAction","target":{"@type":"EntryPoint","urlTemplate":"https:\/\/solplanet.net\/tr?s={search_term_string}"},"query-input":"required name=search_term_string"}],"inLanguage":"tr-TR"},{"@type":"Organization","@id":"https:\/\/solplanet.net\/tr#organization","name":"Solplanet","url":"https:\/\/solplanet.net\/tr","sameAs":[],"logo":{"@type":"ImageObject","inLanguage":"tr-TR","@id":"https:\/\/solplanet.net\/tr#\/schema\/logo\/image\/","url":"https:\/\/solplanet.net\/wp-content\/uploads\/2020\/11\/Solplanet-LinkedInIcon.jpg","contentUrl":"https:\/\/solplanet.net\/wp-content\/uploads\/2020\/11\/Solplanet-LinkedInIcon.jpg","width":500,"height":500,"caption":"Solplanet"},"image":{"@id":"https:\/\/solplanet.net\/tr#\/schema\/logo\/image\/"}}]}},"_links":{"self":[{"href":"https:\/\/solplanet.net\/tr\/wp-json\/wp\/v2\/pages\/236484"}],"collection":[{"href":"https:\/\/solplanet.net\/tr\/wp-json\/wp\/v2\/pages"}],"about":[{"href":"https:\/\/solplanet.net\/tr\/wp-json\/wp\/v2\/types\/page"}],"author":[{"embeddable":true,"href":"https:\/\/solplanet.net\/tr\/wp-json\/wp\/v2\/users\/7"}],"replies":[{"embeddable":true,"href":"https:\/\/solplanet.net\/tr\/wp-json\/wp\/v2\/comments?post=236484"}],"version-history":[{"count":2,"href":"https:\/\/solplanet.net\/tr\/wp-json\/wp\/v2\/pages\/236484\/revisions"}],"predecessor-version":[{"id":236910,"href":"https:\/\/solplanet.net\/tr\/wp-json\/wp\/v2\/pages\/236484\/revisions\/236910"}],"wp:attachment":[{"href":"https:\/\/solplanet.net\/tr\/wp-json\/wp\/v2\/media?parent=236484"}],"curies":[{"name":"wp","href":"https:\/\/api.w.org\/{rel}","templated":true}]}}