{"id":185568,"date":"2025-08-01T09:09:05","date_gmt":"2025-08-01T09:09:05","guid":{"rendered":"https:\/\/solplanet.net\/webinar"},"modified":"2025-08-12T11:43:17","modified_gmt":"2025-08-12T11:43:17","slug":"webinar","status":"publish","type":"page","link":"https:\/\/solplanet.net\/tr\/webinar","title":{"rendered":"Webinar"},"content":{"rendered":"<div class=\"wrapper   wrapper__spacing-bottom-large---10\" id=\"\">\n\t<div class=\"wrapper__anchor\" id=\"\"><\/div>\n\t\t\t<div class=\"wrapper__container\">\n\t\t\t<div class=\"wrapper__inner wrapper__width-large--12\">\n\t\t\t\t<div class=\"jumbotron block-jumbotron__jumbotron\">\n\n\t<div style=\"background-image:url(https:\/\/solplanet.net\/wp-content\/uploads\/2025\/08\/Untitled-design.jpg)\" class=\"image-bg jumbotron__image-bg\"><\/div>\n\t<div class=\"jumbotron__mask jumbotron__mask-type--\"><\/div>\n\n\t<div class=\"\n\t\t\tjumbotron__content\n\t\t\tjumbotron__content--medium\n\t\t\tjumbotron__content--vertical-center\n\t\t\tjumbotron__content--horizontal-left\n\t\t\">\n\t\t<div class=\"jumbotron__content-wrap\">\n\t\t\t<h1 class=\"heading heading__align--left heading__color--white heading__size--big jumbotron__heading\">\n\t              <\/h1>\t\t<\/div>\n\t<\/div>\n\n\t<\/div>\t\t\t<\/div>\n\t\t<\/div>\n\t<\/div>\n\n\n\n<div class=\"wp-container-3 wp-block-columns qwee\" id=\"qwee\">\n<div class=\"wp-container-1 wp-block-column\" style=\"flex-basis:60%\"><div class=\"wrapper  wrapper__spacing-top-large--100 wrapper__spacing-bottom-large--40\" id=\"\">\n\t<div class=\"wrapper__anchor\" id=\"\"><\/div>\n\t\t\t<div class=\"wrapper__container wrapper__container-width-large--default wrapper__gutter-large--default wrapper__gutter-tablet--small\">\n\t\t\t<div class=\"wrapper__inner wrapper__width-large--12\">\n\t\t\t\t\n<div class=\"block-heading\">\n\t<h1 class=\"heading heading__align--left heading__color--shaft heading__size--medium block-heading__heading\">\n\t<strong>G\u00fcne\u015f Enerjisi D\u00f6n\u00fc\u015f\u00fcm\u00fc: Solplanet\u2019in T\u00fcrkiye\u2019deki 5 Y\u0131ll\u0131k Yolculu\u011fu ve Ba\u015far\u0131 Hikayeleri\u00a0<\/strong>\u00a0<\/h1>\t<\/div>\n\t\t\t<\/div>\n\t\t<\/div>\n\t<\/div>\n\n\n<div class=\"wrapper  wrapper__spacing-top-large--0 wrapper__spacing-bottom-large---10\" id=\"\">\n\t<div class=\"wrapper__anchor\" id=\"\"><\/div>\n\t\t\t<p class=\"paragraph paragraph__color--dove paragraph__align--left paragraph__size--small block-paragraph__paragraph\">\n\tSon be\u015f y\u0131lda T\u00fcrkiye\u2019nin g\u00fcne\u015f enerjisi pazar\u0131 b\u00fcy\u00fck bir de\u011fi\u015fim ge\u00e7irdi. Bu de\u011fi\u015fim, kurulumcular, distrib\u00fct\u00f6rler ve EPC\u2019ler i\u00e7in f\u0131rsatlar\u0131n da d\u00f6n\u00fc\u015fmesi anlam\u0131na geliyor.<br>\u00a0<br>Solplanet olarak sahada ortaklar\u0131m\u0131zla birlikte \u00f6\u011freniyor, \u00fcr\u00fcn ve hizmetlerimizi geli\u015ftiriyor, g\u00fcne\u015f enerjisi i\u015flerinin ba\u015far\u0131ya ula\u015fmas\u0131n\u0131 sa\u011flayan fakt\u00f6rleri ilk elden g\u00f6r\u00fcyoruz.<br>\u00a0<br>30 dakikal\u0131k bu \u00fccretsiz webinarda edinecekleriniz:<br>\u00a0<br>\ud83d\udd39\u00a0T\u00fcrkiye\u2019de g\u00fcne\u015f enerjisi pazar\u0131n\u0131n nas\u0131l geli\u015fti\u011fine dair pratik bir bak\u0131\u015f ve bunun sonraki projeleriniz i\u00e7in anlam\u0131<br>\ud83d\udd39\u00a020 kW\u2019l\u0131k \u00e7at\u0131 kurulumlar\u0131ndan 350 kW\u2019l\u0131k d\u00f6n\u00fcm noktas\u0131 projelere kadar, y\u00fczlerce kurulumdan \u00e7\u0131kar\u0131lan dersler<br>\ud83d\udd39\u00a0Ger\u00e7ek ba\u015far\u0131 hikayeleri &#8211; yerel ortaklar\u0131m\u0131zdan \u00f6rneklerle, do\u011fru \u00e7\u00f6z\u00fcmlerin, performans\u0131 ve m\u00fc\u015fteri memnuniyetini nas\u0131l en \u00fcst d\u00fczeye \u00e7\u0131karabilece\u011fi<br>\u00a0<br>Konu\u015fmac\u0131lar:<br>\ud83d\udd38\u00a0H\u00fcseyin B\u00fcy\u00fckbekta\u015f \u2013 B\u00f6lge Direkt\u00f6r\u00fc, Solplanet<br>\ud83d\udd38\u00a0Elif Seda Ak\u00e7a \u2013 Moderat\u00f6r, Solarbaba<br>\u00a0<br>\ud83d\udcc5\u00a0Tarih: 19 A\u011fustos, 14:00\u00a0<br>\u00a0<br>E\u011fer hemen uygulayabilece\u011finiz i\u00e7g\u00f6r\u00fcler kazanmak, kurulumlar\u0131n\u0131z\u0131 daha verimli hale getirmek, daha fazla m\u00fc\u015fteri memnuniyeti sa\u011flamak ve t\u00fcm sorular\u0131n\u0131za yan\u0131t bulmak istiyorsan\u0131z bu 30 dakikal\u0131k interaktif oturuma kay\u0131t olun!<br><br><\/p>\t<\/div>\n<\/div>\n\n\n\n<div class=\"wp-container-2 wp-block-column\" style=\"flex-basis:40%\">\n<script src=\"https:\/\/js.hsforms.net\/forms\/embed\/8795524.js\" defer=\"\"><\/script>\n<div class=\"hs-form-frame\" data-region=\"na1\" data-form-id=\"08122112-680d-4e79-a172-35647ee93b0f\" data-portal-id=\"8795524\"><\/div>\n<\/div>\n<\/div>\n","protected":false},"excerpt":{"rendered":"","protected":false},"author":22,"featured_media":0,"parent":0,"menu_order":0,"comment_status":"closed","ping_status":"closed","template":"","meta":[],"acf":[],"yoast_head":"<!-- This site is optimized with the Yoast SEO plugin v19.7.1 - https:\/\/yoast.com\/wordpress\/plugins\/seo\/ -->\n<title>Webinar | Solplanet<\/title>\n<meta name=\"description\" content=\"The power of the sun is the future of our planet. Solplanet makes solar for everybody. Easy-to-install, reliable and user-friendly inverters.\" \/>\n<meta name=\"robots\" content=\"index, follow, max-snippet:-1, max-image-preview:large, max-video-preview:-1\" \/>\n<link rel=\"canonical\" href=\"https:\/\/solplanet.net\/tr\/webinar\" \/>\n<meta property=\"og:locale\" content=\"tr_TR\" \/>\n<meta property=\"og:type\" content=\"article\" \/>\n<meta property=\"og:title\" content=\"Webinar | Solplanet\" \/>\n<meta property=\"og:description\" content=\"The power of the sun is the future of our planet. Solplanet makes solar for everybody. Easy-to-install, reliable and user-friendly inverters.\" \/>\n<meta property=\"og:url\" content=\"https:\/\/solplanet.net\/tr\/webinar\" \/>\n<meta property=\"og:site_name\" content=\"Solplanet\" \/>\n<meta property=\"article:modified_time\" content=\"2025-08-12T11:43:17+00:00\" \/>\n<meta name=\"twitter:card\" content=\"summary_large_image\" \/>\n<script type=\"application\/ld+json\" class=\"yoast-schema-graph\">{\"@context\":\"https:\/\/schema.org\",\"@graph\":[{\"@type\":\"WebPage\",\"@id\":\"https:\/\/solplanet.net\/tr\/webinar\",\"url\":\"https:\/\/solplanet.net\/tr\/webinar\",\"name\":\"Webinar | Solplanet\",\"isPartOf\":{\"@id\":\"https:\/\/solplanet.net\/tr#website\"},\"datePublished\":\"2025-08-01T09:09:05+00:00\",\"dateModified\":\"2025-08-12T11:43:17+00:00\",\"description\":\"The power of the sun is the future of our planet. Solplanet makes solar for everybody. Easy-to-install, reliable and user-friendly inverters.\",\"breadcrumb\":{\"@id\":\"https:\/\/solplanet.net\/tr\/webinar#breadcrumb\"},\"inLanguage\":\"tr-TR\",\"potentialAction\":[{\"@type\":\"ReadAction\",\"target\":[\"https:\/\/solplanet.net\/tr\/webinar\"]}]},{\"@type\":\"BreadcrumbList\",\"@id\":\"https:\/\/solplanet.net\/tr\/webinar#breadcrumb\",\"itemListElement\":[{\"@type\":\"ListItem\",\"position\":1,\"name\":\"Home\",\"item\":\"https:\/\/solplanet.net\/tr\"},{\"@type\":\"ListItem\",\"position\":2,\"name\":\"Webinar\"}]},{\"@type\":\"WebSite\",\"@id\":\"https:\/\/solplanet.net\/tr#website\",\"url\":\"https:\/\/solplanet.net\/tr\",\"name\":\"Solplanet\",\"description\":\"Solar for everybody\",\"publisher\":{\"@id\":\"https:\/\/solplanet.net\/tr#organization\"},\"potentialAction\":[{\"@type\":\"SearchAction\",\"target\":{\"@type\":\"EntryPoint\",\"urlTemplate\":\"https:\/\/solplanet.net\/tr?s={search_term_string}\"},\"query-input\":\"required name=search_term_string\"}],\"inLanguage\":\"tr-TR\"},{\"@type\":\"Organization\",\"@id\":\"https:\/\/solplanet.net\/tr#organization\",\"name\":\"Solplanet\",\"url\":\"https:\/\/solplanet.net\/tr\",\"sameAs\":[],\"logo\":{\"@type\":\"ImageObject\",\"inLanguage\":\"tr-TR\",\"@id\":\"https:\/\/solplanet.net\/tr#\/schema\/logo\/image\/\",\"url\":\"https:\/\/solplanet.net\/wp-content\/uploads\/2020\/11\/Solplanet-LinkedInIcon.jpg\",\"contentUrl\":\"https:\/\/solplanet.net\/wp-content\/uploads\/2020\/11\/Solplanet-LinkedInIcon.jpg\",\"width\":500,\"height\":500,\"caption\":\"Solplanet\"},\"image\":{\"@id\":\"https:\/\/solplanet.net\/tr#\/schema\/logo\/image\/\"}}]}<\/script>\n<!-- \/ Yoast SEO plugin. -->","yoast_head_json":{"title":"Webinar | Solplanet","description":"The power of the sun is the future of our planet. Solplanet makes solar for everybody. Easy-to-install, reliable and user-friendly inverters.","robots":{"index":"index","follow":"follow","max-snippet":"max-snippet:-1","max-image-preview":"max-image-preview:large","max-video-preview":"max-video-preview:-1"},"canonical":"https:\/\/solplanet.net\/tr\/webinar","og_locale":"tr_TR","og_type":"article","og_title":"Webinar | Solplanet","og_description":"The power of the sun is the future of our planet. Solplanet makes solar for everybody. Easy-to-install, reliable and user-friendly inverters.","og_url":"https:\/\/solplanet.net\/tr\/webinar","og_site_name":"Solplanet","article_modified_time":"2025-08-12T11:43:17+00:00","twitter_card":"summary_large_image","schema":{"@context":"https:\/\/schema.org","@graph":[{"@type":"WebPage","@id":"https:\/\/solplanet.net\/tr\/webinar","url":"https:\/\/solplanet.net\/tr\/webinar","name":"Webinar | Solplanet","isPartOf":{"@id":"https:\/\/solplanet.net\/tr#website"},"datePublished":"2025-08-01T09:09:05+00:00","dateModified":"2025-08-12T11:43:17+00:00","description":"The power of the sun is the future of our planet. Solplanet makes solar for everybody. Easy-to-install, reliable and user-friendly inverters.","breadcrumb":{"@id":"https:\/\/solplanet.net\/tr\/webinar#breadcrumb"},"inLanguage":"tr-TR","potentialAction":[{"@type":"ReadAction","target":["https:\/\/solplanet.net\/tr\/webinar"]}]},{"@type":"BreadcrumbList","@id":"https:\/\/solplanet.net\/tr\/webinar#breadcrumb","itemListElement":[{"@type":"ListItem","position":1,"name":"Home","item":"https:\/\/solplanet.net\/tr"},{"@type":"ListItem","position":2,"name":"Webinar"}]},{"@type":"WebSite","@id":"https:\/\/solplanet.net\/tr#website","url":"https:\/\/solplanet.net\/tr","name":"Solplanet","description":"Solar for everybody","publisher":{"@id":"https:\/\/solplanet.net\/tr#organization"},"potentialAction":[{"@type":"SearchAction","target":{"@type":"EntryPoint","urlTemplate":"https:\/\/solplanet.net\/tr?s={search_term_string}"},"query-input":"required name=search_term_string"}],"inLanguage":"tr-TR"},{"@type":"Organization","@id":"https:\/\/solplanet.net\/tr#organization","name":"Solplanet","url":"https:\/\/solplanet.net\/tr","sameAs":[],"logo":{"@type":"ImageObject","inLanguage":"tr-TR","@id":"https:\/\/solplanet.net\/tr#\/schema\/logo\/image\/","url":"https:\/\/solplanet.net\/wp-content\/uploads\/2020\/11\/Solplanet-LinkedInIcon.jpg","contentUrl":"https:\/\/solplanet.net\/wp-content\/uploads\/2020\/11\/Solplanet-LinkedInIcon.jpg","width":500,"height":500,"caption":"Solplanet"},"image":{"@id":"https:\/\/solplanet.net\/tr#\/schema\/logo\/image\/"}}]}},"_links":{"self":[{"href":"https:\/\/solplanet.net\/tr\/wp-json\/wp\/v2\/pages\/185568"}],"collection":[{"href":"https:\/\/solplanet.net\/tr\/wp-json\/wp\/v2\/pages"}],"about":[{"href":"https:\/\/solplanet.net\/tr\/wp-json\/wp\/v2\/types\/page"}],"author":[{"embeddable":true,"href":"https:\/\/solplanet.net\/tr\/wp-json\/wp\/v2\/users\/22"}],"replies":[{"embeddable":true,"href":"https:\/\/solplanet.net\/tr\/wp-json\/wp\/v2\/comments?post=185568"}],"version-history":[{"count":9,"href":"https:\/\/solplanet.net\/tr\/wp-json\/wp\/v2\/pages\/185568\/revisions"}],"predecessor-version":[{"id":186128,"href":"https:\/\/solplanet.net\/tr\/wp-json\/wp\/v2\/pages\/185568\/revisions\/186128"}],"wp:attachment":[{"href":"https:\/\/solplanet.net\/tr\/wp-json\/wp\/v2\/media?parent=185568"}],"curies":[{"name":"wp","href":"https:\/\/api.w.org\/{rel}","templated":true}]}}