{"id":108968,"date":"2023-11-17T11:34:28","date_gmt":"2023-11-17T11:34:28","guid":{"rendered":"https:\/\/solplanet.net\/success-cases\/"},"modified":"2024-05-16T08:37:24","modified_gmt":"2024-05-16T08:37:24","slug":"success-cases","status":"publish","type":"page","link":"https:\/\/solplanet.net\/tr\/success-cases","title":{"rendered":"Referanslar"},"content":{"rendered":"<div class=\"wrapper   wrapper__spacing-bottom-large--0\" id=\"\">\n\t<div class=\"wrapper__anchor\" id=\"\"><\/div>\n\t\t\t<div class=\"wrapper__container\">\n\t\t\t<div class=\"wrapper__inner wrapper__width-large--12\">\n\t\t\t\t<div class=\"jumbotron block-jumbotron__jumbotron\">\n\n\t<div style=\"background-image:url(https:\/\/solplanet.vcdev.me\/wp-content\/uploads\/2023\/08\/2022-Solplanet-Borisovo_Bulgaria-2.jpg)\" class=\"image-bg jumbotron__image-bg\"><\/div>\n\t<div class=\"jumbotron__mask jumbotron__mask-type--type1\"><\/div>\n\n\t<div class=\"\n\t\t\tjumbotron__content\n\t\t\tjumbotron__content--default\n\t\t\tjumbotron__content--vertical-center\n\t\t\tjumbotron__content--horizontal-left\n\t\t\">\n\t\t<div class=\"jumbotron__content-wrap\">\n\t\t\t<p class=\"paragraph paragraph__color--white paragraph__align--left paragraph__size--big jumbotron__intro\">\n\tSolplanet Kurulum Referanslar\u0131<\/p><h1 class=\"heading heading__align--left heading__color--white heading__size--big jumbotron__heading\">\n\tEn \u0130yi Projelerimiz<\/h1><p class=\"paragraph paragraph__color--white paragraph__align--left paragraph__size--default jumbotron__paragraph\">\n\t7 k\u0131taya g\u00fc\u00e7 veriyoruz<\/p>\t\t<\/div>\n\t<\/div>\n\n\t<\/div>\t\t\t<\/div>\n\t\t<\/div>\n\t<\/div>\n\n\n<div class=\"wrapper  wrapper__spacing-top-large--80 wrapper__spacing-bottom-large--80\" id=\"\">\n\t<div class=\"wrapper__anchor\" id=\"\"><\/div>\n\t\t\t<div class=\"wrapper__container wrapper__container-width-large--small wrapper__gutter-large--default wrapper__gutter-tablet--small\">\n\t\t\t<div class=\"wrapper__inner wrapper__width-large--12\">\n\t\t\t\t\n<div class=\"block-group\">\n\t\n<div class=\"wrapper   wrapper__spacing-bottom-large--10\" id=\"\">\n\t<div class=\"wrapper__anchor\" id=\"\"><\/div>\n\t\t\t<p class=\"paragraph paragraph__color--dove paragraph__align--left paragraph__size--small block-paragraph__paragraph\">\n\tSolplanet referans projeleri<\/p>\t<\/div>\n\n\n<div class=\"wrapper   wrapper__spacing-bottom-large--40\" id=\"\">\n\t<div class=\"wrapper__anchor\" id=\"\"><\/div>\n\t\t\t<p class=\"paragraph paragraph__color--shaft paragraph__align--left paragraph__size--default block-paragraph__paragraph\">\n\tD\u00fcnyan\u0131n \u00f6nde gelen g\u00fcne\u015f enerjisi da\u011f\u0131t\u0131mc\u0131lar\u0131 ve kurulumcular\u0131yla olan ortakl\u0131klar\u0131m\u0131z arac\u0131l\u0131\u011f\u0131yla i\u015f de\u011feri yarat\u0131yor, g\u00fcne\u015f enerjisi teknolojisindeki yenilikleri destekliyor ve m\u00fc\u015fterilerimizin daha ye\u015fil ve daha s\u00fcrd\u00fcr\u00fclebilir bir gelecek i\u00e7in g\u00fcne\u015f g\u00fcc\u00fcnden yararlanmas\u0131na yard\u0131mc\u0131 oluyoruz. G\u00fcne\u015f enerjisi \u00fcr\u00fcnlerimiz hem ev sahipleri hem de ticari ve end\u00fcstriyel uygulamalar i\u00e7in tasarlanm\u0131\u015ft\u0131r ve kurulum amac\u0131 ne olursa olsun, minimum girdi ve g\u00f6zetim ile g\u00fcvenilir y\u00fcksek enerji verimi sa\u011flar. A\u015fa\u011f\u0131da en dikkate de\u011fer kurulumlar\u0131m\u0131z\u0131n bir koleksiyonunu g\u00f6r\u00fcnt\u00fcleyin ve belirli kurulum ayr\u0131nt\u0131lar\u0131n\u0131 g\u00f6r\u00fcnt\u00fclemek i\u00e7in t\u0131klay\u0131n.<br><\/p>\t<\/div>\n\n<\/div>\n\t\t\t<\/div>\n\t\t<\/div>\n\t<\/div>\n\n\n<div class=\"wrapper   wrapper__spacing-bottom-large--0  wrapper__divider-top-large wrapper__divider-bottom-large\" id=\"\">\n\t<div class=\"wrapper__anchor\" id=\"\"><\/div>\n\t\t\t<div class=\"wrapper__container wrapper__container-width-large--default wrapper__gutter-large--default wrapper__gutter-tablet--small\">\n\t\t\t<div class=\"wrapper__inner wrapper__width-large--12\">\n\t\t\t\t\n\t<div class=\"block-success-case-posts__anchor\" id=\"all\"><\/div>\n\n<div class=\"block-success-case-posts js-block-success-case-posts\" data-items-per-line=2>\n\n    <div class=\"button-group filter-button-group\" id=\"button-filter\" data-filter-group=\"type-fil\">\n\n    <\/div>\n\n    <div class=\"block-success-case-posts__wrapper\">\n\n\t\t                \n\t\t\t\t<div class=\"block-success-case-posts__item block-success-case-posts__item--successcases industrial-solutions t\u00fcrkiye \u00dc\u00e7-fazl\u0131-invert\u00f6rler grid-item bottom-class\">\n\t\t\t\t<div class=\"case-simple  uc-fazli-invertorler __case-simple case-simple--use-hover\">\n\t\n                    <div class=\"case-simple__media js-case-simple-media\">\n                <img src=\"https:\/\/solplanet.net\/wp-content\/uploads\/2024\/04\/image00005-1.jpeg\" class=\"image case-simple__image\" \/>            <\/div>\n        \n\t\t\t\t\t<div class=\"case-simple__intro js-case-simple-intro\">\n\t\t\t\t<h2 class=\"heading heading__align--left heading__color--shaft heading__size--medium case-simple__heading\">\n\t<img id=\"solplanet-location-case\" src=\"https:\/\/solplanet.net\/wp-content\/themes\/solplanet\/assets\/images\/locationcase.png\" \/> T\u00fcrkiye<\/h2><h3 class=\"heading heading__align--left heading__color--dove heading__size--medium case-simple__subheading\">\n\tSolplanet T\u00fcrkiye&#8217;den End\u00fcstriyel G\u00fcne\u015f \u00c7\u00f6z\u00fcmleri<\/h3><p class=\"paragraph paragraph__color--dusty paragraph__align--left paragraph__size--small case-simple__subparagraph\">\n\tEnd\u00fcstriyel \u00c7\u00f6z\u00fcmler<\/p><p class=\"paragraph paragraph__color--dusty paragraph__align--left paragraph__size--small case-simple__paragraph\">\n\tASW 80-110K LT Serisi<br \/><\/p>\t\t\t<\/div>\n\t\t\n\t\t\t\t\t<div class=\"btn btn__color--white-no-hover btn__size--big btn__size-width--default case-simple__link\">\n\t\t\t\tDetaylar\u0131 g\u00f6ster\t\t\t<\/div>\n\t\t\t<a class=\"case-simple__link-overlay\" href=\"https:\/\/solplanet.net\/tr\/successcases\/utility-scale-solutions-from-solplanet-turkiye\"><\/a>\n\t\t\t\n\t<\/div>\t\t\t\t<\/div>\n    \t                    \n\t\t\t\t<div class=\"block-success-case-posts__item block-success-case-posts__item--successcases residential-solutions t\u00fcrkiye \u00dc\u00e7-fazl\u0131-invert\u00f6rler grid-item bottom-class\">\n\t\t\t\t<div class=\"case-simple  uc-fazli-invertorler __case-simple case-simple--use-hover\">\n\t\n                    <div class=\"case-simple__media js-case-simple-media\">\n                <img src=\"https:\/\/solplanet.net\/wp-content\/uploads\/2023\/11\/3DE3-Success-case-02.jpg\" class=\"image case-simple__image\" \/>            <\/div>\n        \n\t\t\t\t\t<div class=\"case-simple__intro js-case-simple-intro\">\n\t\t\t\t<h2 class=\"heading heading__align--left heading__color--shaft heading__size--medium case-simple__heading\">\n\t<img id=\"solplanet-location-case\" src=\"https:\/\/solplanet.net\/wp-content\/themes\/solplanet\/assets\/images\/locationcase.png\" \/> T\u00fcrkiye<\/h2><h3 class=\"heading heading__align--left heading__color--dove heading__size--medium case-simple__subheading\">\n\tAntalya&#8217;da Mesken Tipi GES \u00c7\u00f6z\u00fcm\u00fc<\/h3><p class=\"paragraph paragraph__color--dusty paragraph__align--left paragraph__size--small case-simple__subparagraph\">\n\tKonut \u00c7\u00f6z\u00fcmleri<\/p><p class=\"paragraph paragraph__color--dusty paragraph__align--left paragraph__size--small case-simple__paragraph\">\n\tASW 40-50K LT-G2 Pro Serisi<br \/><\/p>\t\t\t<\/div>\n\t\t\n\t\t\t\t\t<div class=\"btn btn__color--white-no-hover btn__size--big btn__size-width--default case-simple__link\">\n\t\t\t\tDetaylar\u0131 g\u00f6ster\t\t\t<\/div>\n\t\t\t<a class=\"case-simple__link-overlay\" href=\"https:\/\/solplanet.net\/tr\/successcases\/antalyada-mesken-tipi-ges-cozumu\"><\/a>\n\t\t\t\n\t<\/div>\t\t\t\t<\/div>\n    \t                    \n\t\t\t\t<div class=\"block-success-case-posts__item block-success-case-posts__item--successcases industrial-solutions t\u00fcrkiye \u00dc\u00e7-fazl\u0131-invert\u00f6rler grid-item bottom-class\">\n\t\t\t\t<div class=\"case-simple  uc-fazli-invertorler __case-simple case-simple--use-hover\">\n\t\n                    <div class=\"case-simple__media js-case-simple-media\">\n                <img src=\"https:\/\/solplanet.net\/wp-content\/uploads\/2023\/11\/Indo-Tekstil-Success-case-03.jpg\" class=\"image case-simple__image\" \/>            <\/div>\n        \n\t\t\t\t\t<div class=\"case-simple__intro js-case-simple-intro\">\n\t\t\t\t<h2 class=\"heading heading__align--left heading__color--shaft heading__size--medium case-simple__heading\">\n\t<img id=\"solplanet-location-case\" src=\"https:\/\/solplanet.net\/wp-content\/themes\/solplanet\/assets\/images\/locationcase.png\" \/> T\u00fcrkiye<\/h2><h3 class=\"heading heading__align--left heading__color--dove heading__size--medium case-simple__subheading\">\n\tFabrika \u00c7at\u0131 \u00dcst\u00fc GES Kurulumu<\/h3><p class=\"paragraph paragraph__color--dusty paragraph__align--left paragraph__size--small case-simple__subparagraph\">\n\tEnd\u00fcstriyel \u00c7\u00f6z\u00fcmler<\/p><p class=\"paragraph paragraph__color--dusty paragraph__align--left paragraph__size--small case-simple__paragraph\">\n\tASW 80-110K LT Serisi<br \/><\/p>\t\t\t<\/div>\n\t\t\n\t\t\t\t\t<div class=\"btn btn__color--white-no-hover btn__size--big btn__size-width--default case-simple__link\">\n\t\t\t\tDetaylar\u0131 g\u00f6ster\t\t\t<\/div>\n\t\t\t<a class=\"case-simple__link-overlay\" href=\"https:\/\/solplanet.net\/tr\/successcases\/fabrika-ustu-gunes-enerjisi-kurulumu\"><\/a>\n\t\t\t\n\t<\/div>\t\t\t\t<\/div>\n    \t                    \n\t\t\t\t<div class=\"block-success-case-posts__item block-success-case-posts__item--successcases industrial-solutions t\u00fcrkiye \u00dc\u00e7-fazl\u0131-invert\u00f6rler grid-item bottom-class\">\n\t\t\t\t<div class=\"case-simple  uc-fazli-invertorler __case-simple case-simple--use-hover\">\n\t\n                    <div class=\"case-simple__media js-case-simple-media\">\n                <img src=\"https:\/\/solplanet.net\/wp-content\/uploads\/2023\/11\/Solplanet-Success-case-General-Solar_01.jpg\" class=\"image case-simple__image\" \/>            <\/div>\n        \n\t\t\t\t\t<div class=\"case-simple__intro js-case-simple-intro\">\n\t\t\t\t<h2 class=\"heading heading__align--left heading__color--shaft heading__size--medium case-simple__heading\">\n\t<img id=\"solplanet-location-case\" src=\"https:\/\/solplanet.net\/wp-content\/themes\/solplanet\/assets\/images\/locationcase.png\" \/> T\u00fcrkiye<\/h2><h3 class=\"heading heading__align--left heading__color--dove heading__size--medium case-simple__subheading\">\n\tEn G\u00fc\u00e7l\u00fc End\u00fcstriyel Kurulumumuz<\/h3><p class=\"paragraph paragraph__color--dusty paragraph__align--left paragraph__size--small case-simple__subparagraph\">\n\tEnd\u00fcstriyel \u00c7\u00f6z\u00fcmler<\/p><p class=\"paragraph paragraph__color--dusty paragraph__align--left paragraph__size--small case-simple__paragraph\">\n\tASW 80-110K LT Serisi<br \/><\/p>\t\t\t<\/div>\n\t\t\n\t\t\t\t\t<div class=\"btn btn__color--white-no-hover btn__size--big btn__size-width--default case-simple__link\">\n\t\t\t\tDetaylar\u0131 g\u00f6ster\t\t\t<\/div>\n\t\t\t<a class=\"case-simple__link-overlay\" href=\"https:\/\/solplanet.net\/tr\/successcases\/en-guclu-endustriyel-kurulumumuz\"><\/a>\n\t\t\t\n\t<\/div>\t\t\t\t<\/div>\n    \t                    \n\t\t\t\t<div class=\"block-success-case-posts__item block-success-case-posts__item--successcases industrial-solutions t\u00fcrkiye \u00dc\u00e7-fazl\u0131-invert\u00f6rler grid-item bottom-class\">\n\t\t\t\t<div class=\"case-simple  uc-fazli-invertorler __case-simple case-simple--use-hover\">\n\t\n                    <div class=\"case-simple__media js-case-simple-media\">\n                <img src=\"https:\/\/solplanet.net\/wp-content\/uploads\/2023\/11\/2023-Solplanet-Bursa-1-1.jpg\" class=\"image case-simple__image\" \/>            <\/div>\n        \n\t\t\t\t\t<div class=\"case-simple__intro js-case-simple-intro\">\n\t\t\t\t<h2 class=\"heading heading__align--left heading__color--shaft heading__size--medium case-simple__heading\">\n\t<img id=\"solplanet-location-case\" src=\"https:\/\/solplanet.net\/wp-content\/themes\/solplanet\/assets\/images\/locationcase.png\" \/> T\u00fcrkiye<\/h2><h3 class=\"heading heading__align--left heading__color--dove heading__size--medium case-simple__subheading\">\n\tEnd\u00fcstriyel \u00c7at\u0131 Tipi Kurulum T\u00fcrkiye<\/h3><p class=\"paragraph paragraph__color--dusty paragraph__align--left paragraph__size--small case-simple__subparagraph\">\n\tEnd\u00fcstriyel \u00c7\u00f6z\u00fcmler<\/p><p class=\"paragraph paragraph__color--dusty paragraph__align--left paragraph__size--small case-simple__paragraph\">\n\tASW 80-110K LT Serisi<br \/><\/p>\t\t\t<\/div>\n\t\t\n\t\t\t\t\t<div class=\"btn btn__color--white-no-hover btn__size--big btn__size-width--default case-simple__link\">\n\t\t\t\tDetaylar\u0131 g\u00f6ster\t\t\t<\/div>\n\t\t\t<a class=\"case-simple__link-overlay\" href=\"https:\/\/solplanet.net\/tr\/successcases\/endustriyel-cati-tipi-kurulum-turkiye\"><\/a>\n\t\t\t\n\t<\/div>\t\t\t\t<\/div>\n    \t    \n\t\t\t\t\t\t<\/div>\n    <div style=\"display: none\" class=\"somebutton\">\n\n      <div class=\"filter-by-span\"><span>Taraf\u0131ndan filtre<\/span><\/div><div class=\"filter-by-select-coc\"><select class=\"select-cocation select-succ js-example-basic-single js-states form-control\"> <option><\/option> <option data-filter=\".t\u00fcrkiye\">T\u00fcrkiye<\/option><\/select><\/div><div class=\"filter-by-select-type\"><select class=\"select-type select-succ js-example-placeholder-single js-states form-control\"> <option><\/option> <option data-filter=\".industrial-solutions\">Industrial Solutions<\/option> <option data-filter=\".residential-solutions\">Residential Solutions<\/option><\/select><\/div><div class=\"filter-by-select-type2\"><select class=\"select-type2 select-succ  js-example-basic-single js-states form-control\"> <option><\/option> <option data-filter=\".\u00dc\u00e7-fazl\u0131-invert\u00f6rler\">\u00dc\u00e7 fazl\u0131 invert\u00f6rler<\/option><\/select><\/div><div class=\"filter-by-button\"><button data-filter=\"*\" class=\"btn btn__color--alto btn__size--default btn__size-width--default \">Hepsini temizle<\/button><\/div>    <\/div>\n\n\t<\/div>\n\t\t\t<\/div>\n\t\t<\/div>\n\t<\/div>\n\n\n<div class=\"wrapper   wrapper__spacing-bottom-large--0  wrapper__divider-top-large wrapper__divider-bottom-large\" id=\"\">\n\t<div class=\"wrapper__anchor\" id=\"\"><\/div>\n\t\t\t<div class=\"wrapper__container wrapper__container-width-large--default wrapper__gutter-large--default wrapper__gutter-tablet--small\">\n\t\t\t<div class=\"wrapper__inner wrapper__width-large--12\">\n\t\t\t\t\n<div class=\"block-cards-grid js-block-cards-grid\" data-items-per-line=3>\n\t\n<div class=\"card-simple block-card__card-simple\">\n\t\n\t\t\t\t\t<div class=\"card-simple__intro js-card-simple-intro\">\n\t\t\t\t<h2 class=\"heading heading__align--center heading__color--dove heading__size--small card-simple__subheading\">\n\t Service &amp; Support<\/h2>\t\t\t<\/div>\n\t\t\n\t\t\t\t\t<div class=\"card-simple__media js-card-simple-media\">\n\t\t\t\t<img src=\"https:\/\/solplanet.vcdev.me\/wp-content\/uploads\/2023\/05\/Service-and-Support-Icon-Dark-Gray.png\" class=\"image card-simple__image\" \/>\t\t\t<\/div>\n\t\t\n\t\t\t\t\t<div class=\"card-simple__outro card-simple__outro--has-button\">\n\t\t\t\t<div class=\"btn__wrap btn__align--center card-simple__btn\">\n\t\t\t<a href=\"\/contact-us\/\" class=\"btn btn__color--alto btn__size--default btn__size-width--default \" id=\"\" title=\"Contact Us\" aria-label=\"\">\n\t\t\tContact Us\t\t<\/a>\n\t<\/div><p class=\"paragraph paragraph__color--dusty paragraph__align--center paragraph__size--small card-simple__paragraph\">\n\tOur skilled technical engineers offer on-site debugging, repairs, and maintenance for all Solplanet products<\/p>\t\t\t<\/div>\n\t\t\n\t\t\n\t<\/div>\n\n<div class=\"card-simple block-card__card-simple\">\n\t\n\t\t\t\t\t<div class=\"card-simple__intro js-card-simple-intro\">\n\t\t\t\t<h2 class=\"heading heading__align--center heading__color--dove heading__size--small card-simple__subheading\">\n\tFrequently Asked Questions<\/h2>\t\t\t<\/div>\n\t\t\n\t\t\t\t\t<div class=\"card-simple__media js-card-simple-media\">\n\t\t\t\t<img src=\"https:\/\/solplanet.vcdev.me\/wp-content\/uploads\/2023\/05\/FAQ-Icon-Dark-Gray.png\" class=\"image card-simple__image\" \/>\t\t\t<\/div>\n\t\t\n\t\t\t\t\t<div class=\"card-simple__outro card-simple__outro--has-button\">\n\t\t\t\t<div class=\"btn__wrap btn__align--center card-simple__btn\">\n\t\t\t<a href=\"\/questions-answers\/\" class=\"btn btn__color--alto btn__size--default btn__size-width--default \" id=\"\" title=\"Visit FAQs\" aria-label=\"\">\n\t\t\tVisit FAQs\t\t<\/a>\n\t<\/div><p class=\"paragraph paragraph__color--dusty paragraph__align--center paragraph__size--small card-simple__paragraph\">\n\tFind answers to the most common questions we get about all Solplanet products<\/p>\t\t\t<\/div>\n\t\t\n\t\t\n\t<\/div>\n\n<div class=\"card-simple block-card__card-simple\">\n\t\n\t\t\t\t\t<div class=\"card-simple__intro js-card-simple-intro\">\n\t\t\t\t<h2 class=\"heading heading__align--center heading__color--dove heading__size--small card-simple__subheading\">\n\tInstaller Area<\/h2>\t\t\t<\/div>\n\t\t\n\t\t\t\t\t<div class=\"card-simple__media js-card-simple-media\">\n\t\t\t\t<img src=\"https:\/\/solplanet.vcdev.me\/wp-content\/uploads\/2023\/05\/Group-20.png\" class=\"image card-simple__image\" \/>\t\t\t<\/div>\n\t\t\n\t\t\t\t\t<div class=\"card-simple__outro card-simple__outro--has-button\">\n\t\t\t\t<div class=\"btn__wrap btn__align--center card-simple__btn\">\n\t\t\t<a href=\"\/installer-area\" class=\"btn btn__color--alto btn__size--default btn__size-width--default \" id=\"\" title=\" Visit Installer Area\" aria-label=\"\">\n\t\t\t Visit Installer Area\t\t<\/a>\n\t<\/div><p class=\"paragraph paragraph__color--dusty paragraph__align--center paragraph__size--small card-simple__paragraph\">\n\tQuick access to our installer area for everything from installation guides to warranty information<\/p>\t\t\t<\/div>\n\t\t\n\t\t\n\t<\/div>\n<\/div>\n\t\t\t<\/div>\n\t\t<\/div>\n\t<\/div>\n","protected":false},"excerpt":{"rendered":"","protected":false},"author":7,"featured_media":0,"parent":0,"menu_order":0,"comment_status":"closed","ping_status":"closed","template":"","meta":[],"acf":[],"yoast_head":"<!-- This site is optimized with the Yoast SEO plugin v19.7.1 - https:\/\/yoast.com\/wordpress\/plugins\/seo\/ -->\n<title>Referanslar | Solplanet<\/title>\n<meta name=\"description\" content=\"The power of the sun is the future of our planet. Solplanet makes solar for everybody. Easy-to-install, reliable and user-friendly inverters.\" \/>\n<meta name=\"robots\" content=\"index, follow, max-snippet:-1, max-image-preview:large, max-video-preview:-1\" \/>\n<link rel=\"canonical\" href=\"https:\/\/solplanet.net\/tr\/success-cases\" \/>\n<meta property=\"og:locale\" content=\"tr_TR\" \/>\n<meta property=\"og:type\" content=\"article\" \/>\n<meta property=\"og:title\" content=\"Referanslar | Solplanet\" \/>\n<meta property=\"og:description\" content=\"The power of the sun is the future of our planet. Solplanet makes solar for everybody. Easy-to-install, reliable and user-friendly inverters.\" \/>\n<meta property=\"og:url\" content=\"https:\/\/solplanet.net\/tr\/success-cases\" \/>\n<meta property=\"og:site_name\" content=\"Solplanet\" \/>\n<meta property=\"article:modified_time\" content=\"2024-05-16T08:37:24+00:00\" \/>\n<meta name=\"twitter:card\" content=\"summary_large_image\" \/>\n<script type=\"application\/ld+json\" class=\"yoast-schema-graph\">{\"@context\":\"https:\/\/schema.org\",\"@graph\":[{\"@type\":\"WebPage\",\"@id\":\"https:\/\/solplanet.net\/tr\/success-cases\",\"url\":\"https:\/\/solplanet.net\/tr\/success-cases\",\"name\":\"Referanslar | Solplanet\",\"isPartOf\":{\"@id\":\"https:\/\/solplanet.net\/tr#website\"},\"datePublished\":\"2023-11-17T11:34:28+00:00\",\"dateModified\":\"2024-05-16T08:37:24+00:00\",\"description\":\"The power of the sun is the future of our planet. Solplanet makes solar for everybody. Easy-to-install, reliable and user-friendly inverters.\",\"breadcrumb\":{\"@id\":\"https:\/\/solplanet.net\/tr\/success-cases#breadcrumb\"},\"inLanguage\":\"tr-TR\",\"potentialAction\":[{\"@type\":\"ReadAction\",\"target\":[\"https:\/\/solplanet.net\/tr\/success-cases\"]}]},{\"@type\":\"BreadcrumbList\",\"@id\":\"https:\/\/solplanet.net\/tr\/success-cases#breadcrumb\",\"itemListElement\":[{\"@type\":\"ListItem\",\"position\":1,\"name\":\"Home\",\"item\":\"https:\/\/solplanet.net\/tr\"},{\"@type\":\"ListItem\",\"position\":2,\"name\":\"Referanslar\"}]},{\"@type\":\"WebSite\",\"@id\":\"https:\/\/solplanet.net\/tr#website\",\"url\":\"https:\/\/solplanet.net\/tr\",\"name\":\"Solplanet\",\"description\":\"Solar for everybody\",\"publisher\":{\"@id\":\"https:\/\/solplanet.net\/tr#organization\"},\"potentialAction\":[{\"@type\":\"SearchAction\",\"target\":{\"@type\":\"EntryPoint\",\"urlTemplate\":\"https:\/\/solplanet.net\/tr?s={search_term_string}\"},\"query-input\":\"required name=search_term_string\"}],\"inLanguage\":\"tr-TR\"},{\"@type\":\"Organization\",\"@id\":\"https:\/\/solplanet.net\/tr#organization\",\"name\":\"Solplanet\",\"url\":\"https:\/\/solplanet.net\/tr\",\"sameAs\":[],\"logo\":{\"@type\":\"ImageObject\",\"inLanguage\":\"tr-TR\",\"@id\":\"https:\/\/solplanet.net\/tr#\/schema\/logo\/image\/\",\"url\":\"https:\/\/solplanet.net\/wp-content\/uploads\/2020\/11\/Solplanet-LinkedInIcon.jpg\",\"contentUrl\":\"https:\/\/solplanet.net\/wp-content\/uploads\/2020\/11\/Solplanet-LinkedInIcon.jpg\",\"width\":500,\"height\":500,\"caption\":\"Solplanet\"},\"image\":{\"@id\":\"https:\/\/solplanet.net\/tr#\/schema\/logo\/image\/\"}}]}<\/script>\n<!-- \/ Yoast SEO plugin. -->","yoast_head_json":{"title":"Referanslar | Solplanet","description":"The power of the sun is the future of our planet. Solplanet makes solar for everybody. Easy-to-install, reliable and user-friendly inverters.","robots":{"index":"index","follow":"follow","max-snippet":"max-snippet:-1","max-image-preview":"max-image-preview:large","max-video-preview":"max-video-preview:-1"},"canonical":"https:\/\/solplanet.net\/tr\/success-cases","og_locale":"tr_TR","og_type":"article","og_title":"Referanslar | Solplanet","og_description":"The power of the sun is the future of our planet. Solplanet makes solar for everybody. Easy-to-install, reliable and user-friendly inverters.","og_url":"https:\/\/solplanet.net\/tr\/success-cases","og_site_name":"Solplanet","article_modified_time":"2024-05-16T08:37:24+00:00","twitter_card":"summary_large_image","schema":{"@context":"https:\/\/schema.org","@graph":[{"@type":"WebPage","@id":"https:\/\/solplanet.net\/tr\/success-cases","url":"https:\/\/solplanet.net\/tr\/success-cases","name":"Referanslar | Solplanet","isPartOf":{"@id":"https:\/\/solplanet.net\/tr#website"},"datePublished":"2023-11-17T11:34:28+00:00","dateModified":"2024-05-16T08:37:24+00:00","description":"The power of the sun is the future of our planet. Solplanet makes solar for everybody. Easy-to-install, reliable and user-friendly inverters.","breadcrumb":{"@id":"https:\/\/solplanet.net\/tr\/success-cases#breadcrumb"},"inLanguage":"tr-TR","potentialAction":[{"@type":"ReadAction","target":["https:\/\/solplanet.net\/tr\/success-cases"]}]},{"@type":"BreadcrumbList","@id":"https:\/\/solplanet.net\/tr\/success-cases#breadcrumb","itemListElement":[{"@type":"ListItem","position":1,"name":"Home","item":"https:\/\/solplanet.net\/tr"},{"@type":"ListItem","position":2,"name":"Referanslar"}]},{"@type":"WebSite","@id":"https:\/\/solplanet.net\/tr#website","url":"https:\/\/solplanet.net\/tr","name":"Solplanet","description":"Solar for everybody","publisher":{"@id":"https:\/\/solplanet.net\/tr#organization"},"potentialAction":[{"@type":"SearchAction","target":{"@type":"EntryPoint","urlTemplate":"https:\/\/solplanet.net\/tr?s={search_term_string}"},"query-input":"required name=search_term_string"}],"inLanguage":"tr-TR"},{"@type":"Organization","@id":"https:\/\/solplanet.net\/tr#organization","name":"Solplanet","url":"https:\/\/solplanet.net\/tr","sameAs":[],"logo":{"@type":"ImageObject","inLanguage":"tr-TR","@id":"https:\/\/solplanet.net\/tr#\/schema\/logo\/image\/","url":"https:\/\/solplanet.net\/wp-content\/uploads\/2020\/11\/Solplanet-LinkedInIcon.jpg","contentUrl":"https:\/\/solplanet.net\/wp-content\/uploads\/2020\/11\/Solplanet-LinkedInIcon.jpg","width":500,"height":500,"caption":"Solplanet"},"image":{"@id":"https:\/\/solplanet.net\/tr#\/schema\/logo\/image\/"}}]}},"_links":{"self":[{"href":"https:\/\/solplanet.net\/tr\/wp-json\/wp\/v2\/pages\/108968"}],"collection":[{"href":"https:\/\/solplanet.net\/tr\/wp-json\/wp\/v2\/pages"}],"about":[{"href":"https:\/\/solplanet.net\/tr\/wp-json\/wp\/v2\/types\/page"}],"author":[{"embeddable":true,"href":"https:\/\/solplanet.net\/tr\/wp-json\/wp\/v2\/users\/7"}],"replies":[{"embeddable":true,"href":"https:\/\/solplanet.net\/tr\/wp-json\/wp\/v2\/comments?post=108968"}],"version-history":[{"count":8,"href":"https:\/\/solplanet.net\/tr\/wp-json\/wp\/v2\/pages\/108968\/revisions"}],"predecessor-version":[{"id":126544,"href":"https:\/\/solplanet.net\/tr\/wp-json\/wp\/v2\/pages\/108968\/revisions\/126544"}],"wp:attachment":[{"href":"https:\/\/solplanet.net\/tr\/wp-json\/wp\/v2\/media?parent=108968"}],"curies":[{"name":"wp","href":"https:\/\/api.w.org\/{rel}","templated":true}]}}