{"id":44346,"date":"2020-09-15T11:54:07","date_gmt":"2020-09-15T11:54:07","guid":{"rendered":"https:\/\/solplanet.net\/about-us\/"},"modified":"2024-01-09T09:34:16","modified_gmt":"2024-01-09T09:34:16","slug":"about-us","status":"publish","type":"page","link":"https:\/\/solplanet.net\/ro\/about-us","title":{"rendered":"About Us"},"content":{"rendered":"<div class=\"wrapper   wrapper__spacing-bottom-large--0\" id=\"\">\n\t<div class=\"wrapper__anchor\" id=\"\"><\/div>\n\t\t\t<div class=\"wrapper__container\">\n\t\t\t<div class=\"wrapper__inner wrapper__width-large--12\">\n\t\t\t\t\n<div\n\tclass=\"block-carousel js-block-carousel swiper-container block-carousel__pagination-type-default\"\n\tdata-swiper-loop=\"1\"\n\tdata-show-items=\"1\"\n>\n\n\t<div class=\"swiper-wrapper\">\n\t\t\n<div class=\"block-carousel__item\"><div class=\"block-carousel__item-inner\"><div class=\"jumbotron block-jumbotron__jumbotron\">\n\n\t<div style=\"background-image:url(https:\/\/solplanet.net\/wp-content\/uploads\/2020\/09\/jumbotron3.jpg)\" class=\"image-bg jumbotron__image-bg\"><\/div>\n\t<div class=\"jumbotron__mask jumbotron__mask-type--type4\"><\/div>\n\n\t<div class=\"\n\t\t\tjumbotron__content\n\t\t\tjumbotron__content--default\n\t\t\tjumbotron__content--vertical-center\n\t\t\tjumbotron__content--horizontal-left\n\t\t\">\n\t\t<div class=\"jumbotron__content-wrap\">\n\t\t\t<h1 class=\"heading heading__align--left heading__color--white heading__size--big jumbotron__heading\">\n\tPuterea solar\u0103 reprezint\u0103 viitorul planetei noastre<\/h1><p class=\"paragraph paragraph__color--white paragraph__align--left paragraph__size--big jumbotron__paragraph\">\n\tV\u0103 pute\u021bi baza pe Solplanet<\/p>\t\t<\/div>\n\t<\/div>\n\n\t<\/div><\/div><\/div>\n\n<div class=\"block-carousel__item\"><div class=\"block-carousel__item-inner\"><div class=\"jumbotron block-jumbotron__jumbotron\">\n\n\t<div style=\"background-image:url(https:\/\/solplanet.net\/wp-content\/uploads\/2022\/05\/Solplanet-EV-Charger-1.jpg)\" class=\"image-bg jumbotron__image-bg\"><\/div>\n\t<div class=\"jumbotron__mask jumbotron__mask-type--type2\"><\/div>\n\n\t<div class=\"\n\t\t\tjumbotron__content\n\t\t\tjumbotron__content--default\n\t\t\tjumbotron__content--vertical-center\n\t\t\tjumbotron__content--horizontal-left\n\t\t\">\n\t\t<div class=\"jumbotron__content-wrap\">\n\t\t\t<p class=\"paragraph paragraph__color--white paragraph__align--left paragraph__size--default jumbotron__intro\">\n\tSOL APOLLO Series &#8211; Smart EV Chargers<\/p><h1 class=\"heading heading__align--left heading__color--white heading__size--big jumbotron__heading\">\n\tDriving towards <br>a green future<\/h1><p class=\"paragraph paragraph__color--white paragraph__align--left paragraph__size--big jumbotron__paragraph\">\n\tFully charged and ready!<\/p><div class=\"btn__wrap btn__align--left jumbotron__btn\">\n\t\t\t<a href=\"\/ro\/products\/#ev-charger\" class=\"btn btn__color--white btn__size--default btn__size-width--default     gtm_aboutus \" id=\"\" title=\"Learn More\" aria-label=\"\" target=\"_blank\" rel=\"noopener noreferrer\">\n\t\t\tLearn More\t\t<\/a>\n\t<\/div>\t\t<\/div>\n\t<\/div>\n\n\t<\/div><\/div><\/div>\n\t<\/div>\n\n\t<div class=\"carousel-navigation carousel-navigation__theme--default block-carousel__carousel-navigation\">\n\t<div class=\"carousel-navigation__item carousel-navigation__item--prev js-block-carousel-prev-arrow\">\n\t\t<svg class=\"carousel-navigation__icon\" width=\"22\" height=\"40\" xmlns=\"http:\/\/www.w3.org\/2000\/svg\"><g stroke=\"#FFF\" fill=\"none\" fill-rule=\"evenodd\" stroke-linecap=\"round\"><path d=\"M1 20L21 1M21 39L1 20\" \/><\/g><\/svg>\n\t<\/div>\n\t<div class=\"carousel-navigation__item carousel-navigation__item--next js-block-carousel-next-arrow\">\n\t\t<svg class=\"carousel-navigation__icon\" width=\"22\" height=\"40\" xmlns=\"http:\/\/www.w3.org\/2000\/svg\"><g stroke=\"#FFF\" fill=\"none\" fill-rule=\"evenodd\" stroke-linecap=\"round\"><path d=\"M21 20L1 1M1 39l20-19\" \/><\/g><\/svg>\n\t<\/div>\n<\/div><div class=\"carousel-pagination js-block-carousel-pagination carousel-pagination__theme--default block-carousel__carousel-pagination\"><\/div><\/div>\n\t\t\t<\/div>\n\t\t<\/div>\n\t<\/div>\n\n\n<div class=\"wrapper  wrapper__spacing-top-large--120 wrapper__spacing-top-tablet--80 wrapper__spacing-bottom-large--110 wrapper__spacing-bottom-tablet--80\" id=\"\">\n\t<div class=\"wrapper__anchor\" id=\"\"><\/div>\n\t\t\t<div class=\"wrapper__container wrapper__container-width-large--small wrapper__gutter-large--default wrapper__gutter-tablet--small\">\n\t\t\t<div class=\"wrapper__inner wrapper__width-large--12\">\n\t\t\t\t\n<div class=\"block-group\">\n\t\n<div class=\"wrapper   wrapper__spacing-bottom-large--20\" id=\"\">\n\t<div class=\"wrapper__anchor\" id=\"\"><\/div>\n\t\t\t<p class=\"paragraph paragraph__color--dove paragraph__align--left paragraph__size--small block-paragraph__paragraph\">\n\tDESPRE NOI<\/p>\t<\/div>\n\n\n<div class=\"wrapper   wrapper__spacing-bottom-large--20\" id=\"\">\n\t<div class=\"wrapper__anchor\" id=\"\"><\/div>\n\t\t\t\n<div class=\"block-heading\">\n\t<h2 class=\"heading heading__align--left heading__color--shaft heading__size--default block-heading__heading\">\n\tV\u0103 pute\u021bi baza pe Solplanet<\/h2>\t<\/div>\n\t<\/div>\n\n\n<div class=\"wrapper   wrapper__spacing-bottom-large--0 wrapper__spacing-bottom-tablet--0\" id=\"\">\n\t<div class=\"wrapper__anchor\" id=\"\"><\/div>\n\t\t\t<p class=\"paragraph paragraph__color--dove paragraph__align--left paragraph__size--default block-paragraph__paragraph\">\n\t\u00cen cadrul Solplanet, ne ghid\u0103m dup\u0103 o idee simp\u0103: energie solar\u0103 pentru toat\u0103 lumea. Ne str\u0103duim s\u0103 cre\u0103m cea mai bun\u0103 experien\u021b\u0103 posibil\u0103 pentru distribuitori, instalatori \u0219i utilizatori finali. Din acest motiv, produsele noastre sunt u\u0219or de instalat, fiabile \u0219i intuitiv\u0103.<br><br>Invertoarele fotovoltaice Solplanet sunt fabricate \u00een conformitate cu standardele interna\u021bionale de \u00eenalt\u0103 calitate. Capacitatea noastr\u0103 anual\u0103 de produc\u021bie dep\u0103\u0219e\u0219te 3 GW. A\u0219adar, sunt \u0219anse s\u0103 v\u0103 putem satisface cererea.<br><br>Solplanet este o marc\u0103 a societ\u0103\u021bii AISWEI, care produce invertoare \u00eenc\u0103 din 2009. AISWEI, cunoscut\u0103 anterior \u0219i ca filiala chinez\u0103 a SMA, a fabricat cu succes produse de \u00eenalt\u0103 calitate \u0219i fiabile pentru m\u0103rci renumite precum SMA \u0219i Zeversolar.<br><br>\u00cen prezent, AISWEI este o societate independent\u0103 de cercetare, dezvoltare \u0219i produc\u021bie. O restructurare recent\u0103 a capitalurilor proprii plaseaz\u0103 AISWEI pe o pozi\u021bie financiar\u0103 deosebit de solid\u0103 \u00een cadrul industriei.<\/p>\t<\/div>\n\n<\/div>\n\t\t\t<\/div>\n\t\t<\/div>\n\t<\/div>\n\n\n<div class=\"wrapper   wrapper__spacing-bottom-large--0  wrapper__divider-top-large\" id=\"\">\n\t<div class=\"wrapper__anchor\" id=\"\"><\/div>\n\t\t\t<div class=\"wrapper__container  wrapper__gutter-large--none\">\n\t\t\t<div class=\"wrapper__inner wrapper__width-large--12\">\n\t\t\t\t\n<div class=\"block-card-list block-card-list__media-position--left\">\n\n\t\t\t<div class=\"block-card-list__media\">\n\t\t\t<div class=\"block-card-list__media-inner\">\n\t\t\t\t<div style=\"background-image:url(https:\/\/solplanet.net\/wp-content\/uploads\/2020\/11\/julentto-photography-Yr1SCCRJXIY-unsplash-HI.jpg)\" class=\"image-bg block-card-list__image-bg\"><\/div>\t\t\t<\/div>\n\t\t<\/div>\n\t\n\t<div class=\"block-card-list__content\">\n\t\t<div class=\"block-card-list__content-inner\">\n\t\t\t\n<div class=\"wrapper   wrapper__spacing-bottom-large--40\" id=\"\">\n\t<div class=\"wrapper__anchor\" id=\"\"><\/div>\n\t\t\t\n<div class=\"block-heading\">\n\t<h2 class=\"heading heading__align--left heading__color--sunsetToDodger heading__size--default block-heading__heading heading__color--is-gradient\">\n\tViitorul este energie solar\u0103 pentru toat\u0103 lumea<\/h2>\t<\/div>\n\t<\/div>\n\n\n<div class=\"wrapper   wrapper__spacing-bottom-large--200 wrapper__spacing-bottom-mobile--50\" id=\"\">\n\t<div class=\"wrapper__anchor\" id=\"\"><\/div>\n\t\t\t<p class=\"paragraph paragraph__color--dove paragraph__align--left paragraph__size--default block-paragraph__paragraph\">\n\tEnergia solar\u0103 este o surs\u0103 de energie curat\u0103 \u0219i durabil\u0103. Energia solar\u0103 este pentru toat\u0103 lumea, iar la Solplanet muncim din greu pentru a face acest lucru posibil.<\/p>\t<\/div>\n\n\t\t<\/div>\n\t<\/div>\n<\/div>\n\n\n\t\t\t<\/div>\n\t\t<\/div>\n\t<\/div>\n\n\n<div class=\"wrapper   wrapper__spacing-bottom-large--0\" id=\"\">\n\t<div class=\"wrapper__anchor\" id=\"\"><\/div>\n\t\t\t<div class=\"wrapper__container\">\n\t\t\t<div class=\"wrapper__inner wrapper__width-large--12\">\n\t\t\t\t<div class=\"jumbotron block-jumbotron__jumbotron\">\n\n\t<div style=\"background-image:url(https:\/\/solplanet.net\/wp-content\/uploads\/2022\/09\/Untitled_1.33_r2.jpg)\" class=\"image-bg jumbotron__image-bg\"><\/div>\n\t<div class=\"jumbotron__mask jumbotron__mask-type--type1\"><\/div>\n\n\t<div class=\"\n\t\t\tjumbotron__content\n\t\t\tjumbotron__content--default\n\t\t\tjumbotron__content--vertical-center\n\t\t\tjumbotron__content--horizontal-center\n\t\t\">\n\t\t<div class=\"jumbotron__content-wrap\">\n\t\t\t<h1 class=\"heading heading__align--left heading__color--white heading__size--default jumbotron__heading\">\n\tIntroducere companiei Solplanet<\/h1><button class=\"video-button jumbotron__video-button\" role=\"button\" data-micromodal-trigger=\"block-jumbotron-177523917769d00009938b3\" aria-label=\"Ruleaz\u0103 video\">\n\t<svg class='video-button__icon' width='106' height='106' xmlns='http:\/\/www.w3.org\/2000\/svg'><g stroke='#FFF' fill='none' fill-rule='evenodd'><circle cx='53' cy='53' r='52' \/><path d='M78.764 53L40 72.382V33.618L78.764 53z' \/><\/g><\/svg><\/button>\t\t<\/div>\n\t<\/div>\n\n\t<div id=\"block-jumbotron-177523917769d00009938b3\" class=\"modal js-modal\" aria-hidden=\"true\">\n\n\t<div class=\"modal__overlay\" data-micromodal-close>\n\n\t\t<div class=\"modal__dialog\" role=\"dialog\" aria-label=\"\">\n\n\t\t\t<header class=\"modal__header\">\n\t\t\t\t<div class=\"btn__wrap btn__align--left modal__btn\">\n\t\t\t<a href=\"#\" class=\"btn btn__color--alto btn__size--big btn__size-width--default \" id=\"\" title=\"\u00cenchide\" aria-label=\"Modal apropiat\" data-micromodal-close=\"true\">\n\t\t\t\u00cenchide\t\t<\/a>\n\t<\/div>\t\t\t<\/header>\n\n\t\t\t<section class=\"modal__content\" id=\"block-jumbotron-177523917769d00009938b3-content\">\n\t\t\t\t<div class=\"video-iframe video-iframe__video-ratio--default jumbotron__video-iframe\">\n\t<iframe class=\"video-iframe__iframe\" src=\"https:\/\/www.youtube-nocookie.com\/embed\/pgpssnNFEyQ?enablejsapi=1\" frameBorder=\"0\" allow=\"autoplay; fullscreen\" allowFullScreen><\/iframe>\n<\/div>\t\t\t<\/section>\n\n\t\t<\/div>\n\t<\/div>\n<\/div><\/div>\t\t\t<\/div>\n\t\t<\/div>\n\t<\/div>\n\n\n<div class=\"wrapper   wrapper__spacing-bottom-large--0  wrapper__divider-top-large wrapper__divider-bottom-large\" id=\"\">\n\t<div class=\"wrapper__anchor\" id=\"\"><\/div>\n\t\t\t<div class=\"wrapper__container  wrapper__gutter-large--none\">\n\t\t\t<div class=\"wrapper__inner wrapper__width-large--12\">\n\t\t\t\t\n<div class=\"block-card-list block-card-list__media-position--right\">\n\n\t\t\t<div class=\"block-card-list__media\">\n\t\t\t<div class=\"block-card-list__media-inner\">\n\t\t\t\t<div style=\"background-image:url(https:\/\/solplanet.net\/wp-content\/uploads\/2020\/11\/installer-less-res-2-e1607089348684.png)\" class=\"image-bg block-card-list__image-bg\"><\/div>\t\t\t<\/div>\n\t\t<\/div>\n\t\n\t<div class=\"block-card-list__content\">\n\t\t<div class=\"block-card-list__content-inner\">\n\t\t\t\n<div class=\"wrapper   wrapper__spacing-bottom-large--40\" id=\"\">\n\t<div class=\"wrapper__anchor\" id=\"\"><\/div>\n\t\t\t\n<div class=\"block-heading\">\n\t<h2 class=\"heading heading__align--left heading__color--shaft heading__size--default block-heading__heading\">\n\tSolplanet <br>faciliteaz\u0103 lucrurile<\/h2>\t<\/div>\n\t<\/div>\n\n\n<div class=\"wrapper   wrapper__spacing-bottom-large--200 wrapper__spacing-bottom-tablet--40\" id=\"\">\n\t<div class=\"wrapper__anchor\" id=\"\"><\/div>\n\t\t\t<p class=\"paragraph paragraph__color--dove paragraph__align--left paragraph__size--default block-paragraph__paragraph\">\n\tProdusele Solplanet sunt u\u0219or de instalat, fiabile \u0219i intuitiv\u0103. Continu\u0103m s\u0103 depunem eforturi pentru ca produsele \u0219i aplica\u021biile noastre s\u0103 fie mai rapide \u0219i mai u\u0219or de instalat, oferind performan\u021be fiabile pe termen lung \u0219i f\u0103c\u00e2ndu-le s\u0103 fie intuitive pentru ca clientul s\u0103 aib\u0103 parte de cea mai bun\u0103 experien\u021b\u0103. \u00cen cadrul Solplanet facilit\u0103m lucrurile<\/p>\t<\/div>\n\n\t\t<\/div>\n\t<\/div>\n<\/div>\n\n\n\t\t\t<\/div>\n\t\t<\/div>\n\t<\/div>\n\n\n<div class=\"wrapper  wrapper__spacing-top-large--110 wrapper__spacing-bottom-large--40\" id=\"\">\n\t<div class=\"wrapper__anchor\" id=\"news\"><\/div>\n\t\t\t<div class=\"wrapper__container wrapper__container-width-large--small wrapper__gutter-large--default wrapper__gutter-tablet--small\">\n\t\t\t<div class=\"wrapper__inner wrapper__width-large--10 wrapper__width-tablet--12 wrapper__offset-large--1 wrapper__offset-tablet--0\">\n\t\t\t\t\n<div class=\"block-group\">\n\t\n<div class=\"wrapper   wrapper__spacing-bottom-large--40\" id=\"\">\n\t<div class=\"wrapper__anchor\" id=\"\"><\/div>\n\t\t\t\n<div class=\"block-heading\">\n\t<h2 class=\"heading heading__align--center heading__color--sunsetToDodger heading__size--default block-heading__heading heading__color--is-gradient\">\n\t\u0218tiri<\/h2>\t<\/div>\n\t<\/div>\n\n\n<div class=\"wrapper   wrapper__spacing-bottom-large--40\" id=\"\">\n\t<div class=\"wrapper__anchor\" id=\"\"><\/div>\n\t\t\t\n\n<div class=\"block-featured-categories-posts js-block-featured-categories-posts block-featured-categories-posts__hide-dividers\" data-items-per-line=\"1\">\n\n\t<div class=\"block-featured-categories-posts__wrapper\">\n\n\t\t\n\t<\/div>\n\n\t<\/div>\n\t<\/div>\n\n\n<div class=\"wrapper   wrapper__spacing-bottom-large--40\" id=\"\">\n\t<div class=\"wrapper__anchor\" id=\"\"><\/div>\n\t\t\t<div class=\"btn__wrap btn__align--left block-button__btn\">\n\t\t\t<a href=\"\/ro\/news\/\" class=\"btn btn__color--alto btn__size--default btn__size-width--default     gtm_visitarchive \" id=\"\" title=\"Vizualiza\u021bi arhiva noastr\u0103 de \u0219tiri\" aria-label=\"\">\n\t\t\tVizualiza\u021bi arhiva noastr\u0103 de \u0219tiri\t\t<\/a>\n\t<\/div>\t<\/div>\n\n<\/div>\n\t\t\t<\/div>\n\t\t<\/div>\n\t<\/div>\n\n\n<div class=\"wrapper   wrapper__spacing-bottom-large--0  wrapper__divider-top-large\" id=\"\">\n\t<div class=\"wrapper__anchor\" id=\"\"><\/div>\n\t\t\t<div class=\"wrapper__container wrapper__container-width-large--default\">\n\t\t\t<div class=\"wrapper__inner wrapper__width-large--12\">\n\t\t\t\t\n<div class=\"block-cards-grid js-block-cards-grid\" data-items-per-line=3>\n\t\n<div class=\"card-simple block-card__card-simple\">\n\t\n\t\t\t\t\t<div class=\"card-simple__intro js-card-simple-intro\">\n\t\t\t\t<h2 class=\"heading heading__align--center heading__color--dove heading__size--small card-simple__heading\">\n\tProduse<\/h2>\t\t\t<\/div>\n\t\t\n\t\t\t\t\t<div class=\"card-simple__media js-card-simple-media\">\n\t\t\t\t<img src=\"https:\/\/solplanet.net\/wp-content\/uploads\/2020\/09\/Inverter-products.svg\" class=\"image card-simple__image\" \/>\t\t\t<\/div>\n\t\t\n\t\t\t\t\t<div class=\"card-simple__outro card-simple__outro--has-button\">\n\t\t\t\t<div class=\"btn__wrap btn__align--center card-simple__btn\">\n\t\t\t<a href=\"\/ro\/products\/\" class=\"btn btn__color--alto btn__size--default btn__size-width--default     gtm_discover_our_products \" id=\"\" title=\"Descoperi\u021bi produsele noastre\" aria-label=\"\">\n\t\t\tDescoperi\u021bi produsele noastre\t\t<\/a>\n\t<\/div><p class=\"paragraph paragraph__color--dusty paragraph__align--center paragraph__size--small card-simple__paragraph\">\n\tProduse pe care v\u0103 pute\u021bi baza: U\u0219or de instalat, fiabile \u0219i intuitive<\/p>\t\t\t<\/div>\n\t\t\n\t\t\n\t<\/div>\n\n<div class=\"card-simple block-card__card-simple\">\n\t\n\t\t\t\t\t<div class=\"card-simple__intro js-card-simple-intro\">\n\t\t\t\t<h2 class=\"heading heading__align--center heading__color--dove heading__size--small card-simple__heading\">\n\tBro\u0219ur\u0103 de produse<\/h2>\t\t\t<\/div>\n\t\t\n\t\t\t\t\t<div class=\"card-simple__media js-card-simple-media\">\n\t\t\t\t<img src=\"https:\/\/solplanet.net\/wp-content\/uploads\/2020\/11\/downloads-more-hight-white-background-3.png\" class=\"image card-simple__image\" \/>\t\t\t<\/div>\n\t\t\n\t\t\t\t\t<div class=\"card-simple__outro card-simple__outro--has-button\">\n\t\t\t\t<div class=\"btn__wrap btn__align--center card-simple__btn\">\n\t\t\t<a href=\"https:\/\/solplanet.net\/wp-content\/uploads\/2020\/10\/20201026-Solplanet-Brochure.pdf\" class=\"btn btn__color--alto btn__size--default btn__size-width--default     gtm_download_our_brochure \" id=\"\" title=\"Desc\u0103rca\u021bi bro\u0219ura noastr\u0103\" aria-label=\"\" target=\"_blank\" rel=\"noopener noreferrer\">\n\t\t\tDesc\u0103rca\u021bi bro\u0219ura noastr\u0103\t\t<\/a>\n\t<\/div><p class=\"paragraph paragraph__color--dusty paragraph__align--center paragraph__size--small card-simple__paragraph\">\n\tToate informa\u021biile de care ave\u021bi nevoie despre Solplanet \u0219i produsele noastre \u00eentr-un singur document<\/p>\t\t\t<\/div>\n\t\t\n\t\t\n\t<\/div>\n\n<div class=\"card-simple block-card__card-simple\">\n\t\n\t\t\t\t\t<div class=\"card-simple__intro js-card-simple-intro\">\n\t\t\t\t<h2 class=\"heading heading__align--center heading__color--dove heading__size--small card-simple__heading\">\n\tZon\u0103 instalatori<\/h2>\t\t\t<\/div>\n\t\t\n\t\t\t\t\t<div class=\"card-simple__media js-card-simple-media\">\n\t\t\t\t<img src=\"https:\/\/solplanet.net\/wp-content\/uploads\/2020\/09\/Professional-Area-Icon-Dark-Gray-Copy.svg\" class=\"image card-simple__image\" \/>\t\t\t<\/div>\n\t\t\n\t\t\t\t\t<div class=\"card-simple__outro card-simple__outro--has-button\">\n\t\t\t\t<div class=\"btn__wrap btn__align--center card-simple__btn\">\n\t\t\t<a href=\"\/ro\/installer-area\/\" class=\"btn btn__color--alto btn__size--default btn__size-width--default     gtm_visit_installer_area \" id=\"\" title=\"Accesa\u021bi zona instalatorilor\" aria-label=\"\">\n\t\t\tAccesa\u021bi zona instalatorilor\t\t<\/a>\n\t<\/div><p class=\"paragraph paragraph__color--dusty paragraph__align--center paragraph__size--small card-simple__paragraph\">\n\tAcces rapid \u0219i u\u0219or la toate<br>informa\u021biile de care ave\u021bi nevoie<\/p>\t\t\t<\/div>\n\t\t\n\t\t\n\t<\/div>\n<\/div>\n\t\t\t<\/div>\n\t\t<\/div>\n\t<\/div>\n\n\n<p><!-- \/wp:solplanet\/carousel --><\/p>","protected":false},"excerpt":{"rendered":"","protected":false},"author":5,"featured_media":0,"parent":0,"menu_order":0,"comment_status":"closed","ping_status":"closed","template":"","meta":[],"acf":[],"yoast_head":"<!-- This site is optimized with the Yoast SEO plugin v19.7.1 - https:\/\/yoast.com\/wordpress\/plugins\/seo\/ -->\n<title>About Us | Solplanet<\/title>\n<meta name=\"description\" content=\"The power of the sun is the future of our planet. Solplanet makes solar for everybody. Easy-to-install, reliable and user-friendly inverters.\" \/>\n<meta name=\"robots\" content=\"index, follow, max-snippet:-1, max-image-preview:large, max-video-preview:-1\" \/>\n<link rel=\"canonical\" href=\"https:\/\/solplanet.net\/ro\/about-us\" \/>\n<meta property=\"og:locale\" content=\"ro_RO\" \/>\n<meta property=\"og:type\" content=\"article\" \/>\n<meta property=\"og:title\" content=\"About Us | Solplanet\" \/>\n<meta property=\"og:description\" content=\"The power of the sun is the future of our planet. Solplanet makes solar for everybody. Easy-to-install, reliable and user-friendly inverters.\" \/>\n<meta property=\"og:url\" content=\"https:\/\/solplanet.net\/ro\/about-us\" \/>\n<meta property=\"og:site_name\" content=\"Solplanet\" \/>\n<meta property=\"article:modified_time\" content=\"2024-01-09T09:34:16+00:00\" \/>\n<meta name=\"twitter:card\" content=\"summary_large_image\" \/>\n<script type=\"application\/ld+json\" class=\"yoast-schema-graph\">{\"@context\":\"https:\/\/schema.org\",\"@graph\":[{\"@type\":\"WebPage\",\"@id\":\"https:\/\/solplanet.net\/ro\/about-us\",\"url\":\"https:\/\/solplanet.net\/ro\/about-us\",\"name\":\"About Us | Solplanet\",\"isPartOf\":{\"@id\":\"https:\/\/solplanet.net\/ro#website\"},\"datePublished\":\"2020-09-15T11:54:07+00:00\",\"dateModified\":\"2024-01-09T09:34:16+00:00\",\"description\":\"The power of the sun is the future of our planet. Solplanet makes solar for everybody. Easy-to-install, reliable and user-friendly inverters.\",\"breadcrumb\":{\"@id\":\"https:\/\/solplanet.net\/ro\/about-us#breadcrumb\"},\"inLanguage\":\"ro-RO\",\"potentialAction\":[{\"@type\":\"ReadAction\",\"target\":[\"https:\/\/solplanet.net\/ro\/about-us\"]}]},{\"@type\":\"BreadcrumbList\",\"@id\":\"https:\/\/solplanet.net\/ro\/about-us#breadcrumb\",\"itemListElement\":[{\"@type\":\"ListItem\",\"position\":1,\"name\":\"Home\",\"item\":\"https:\/\/solplanet.net\/ro\"},{\"@type\":\"ListItem\",\"position\":2,\"name\":\"About Us\"}]},{\"@type\":\"WebSite\",\"@id\":\"https:\/\/solplanet.net\/ro#website\",\"url\":\"https:\/\/solplanet.net\/ro\",\"name\":\"Solplanet\",\"description\":\"Solar for everybody\",\"publisher\":{\"@id\":\"https:\/\/solplanet.net\/ro#organization\"},\"potentialAction\":[{\"@type\":\"SearchAction\",\"target\":{\"@type\":\"EntryPoint\",\"urlTemplate\":\"https:\/\/solplanet.net\/ro?s={search_term_string}\"},\"query-input\":\"required name=search_term_string\"}],\"inLanguage\":\"ro-RO\"},{\"@type\":\"Organization\",\"@id\":\"https:\/\/solplanet.net\/ro#organization\",\"name\":\"Solplanet\",\"url\":\"https:\/\/solplanet.net\/ro\",\"sameAs\":[],\"logo\":{\"@type\":\"ImageObject\",\"inLanguage\":\"ro-RO\",\"@id\":\"https:\/\/solplanet.net\/ro#\/schema\/logo\/image\/\",\"url\":\"https:\/\/solplanet.net\/wp-content\/uploads\/2020\/11\/Solplanet-LinkedInIcon.jpg\",\"contentUrl\":\"https:\/\/solplanet.net\/wp-content\/uploads\/2020\/11\/Solplanet-LinkedInIcon.jpg\",\"width\":500,\"height\":500,\"caption\":\"Solplanet\"},\"image\":{\"@id\":\"https:\/\/solplanet.net\/ro#\/schema\/logo\/image\/\"}}]}<\/script>\n<!-- \/ Yoast SEO plugin. -->","yoast_head_json":{"title":"About Us | Solplanet","description":"The power of the sun is the future of our planet. Solplanet makes solar for everybody. Easy-to-install, reliable and user-friendly inverters.","robots":{"index":"index","follow":"follow","max-snippet":"max-snippet:-1","max-image-preview":"max-image-preview:large","max-video-preview":"max-video-preview:-1"},"canonical":"https:\/\/solplanet.net\/ro\/about-us","og_locale":"ro_RO","og_type":"article","og_title":"About Us | Solplanet","og_description":"The power of the sun is the future of our planet. Solplanet makes solar for everybody. Easy-to-install, reliable and user-friendly inverters.","og_url":"https:\/\/solplanet.net\/ro\/about-us","og_site_name":"Solplanet","article_modified_time":"2024-01-09T09:34:16+00:00","twitter_card":"summary_large_image","schema":{"@context":"https:\/\/schema.org","@graph":[{"@type":"WebPage","@id":"https:\/\/solplanet.net\/ro\/about-us","url":"https:\/\/solplanet.net\/ro\/about-us","name":"About Us | Solplanet","isPartOf":{"@id":"https:\/\/solplanet.net\/ro#website"},"datePublished":"2020-09-15T11:54:07+00:00","dateModified":"2024-01-09T09:34:16+00:00","description":"The power of the sun is the future of our planet. Solplanet makes solar for everybody. Easy-to-install, reliable and user-friendly inverters.","breadcrumb":{"@id":"https:\/\/solplanet.net\/ro\/about-us#breadcrumb"},"inLanguage":"ro-RO","potentialAction":[{"@type":"ReadAction","target":["https:\/\/solplanet.net\/ro\/about-us"]}]},{"@type":"BreadcrumbList","@id":"https:\/\/solplanet.net\/ro\/about-us#breadcrumb","itemListElement":[{"@type":"ListItem","position":1,"name":"Home","item":"https:\/\/solplanet.net\/ro"},{"@type":"ListItem","position":2,"name":"About Us"}]},{"@type":"WebSite","@id":"https:\/\/solplanet.net\/ro#website","url":"https:\/\/solplanet.net\/ro","name":"Solplanet","description":"Solar for everybody","publisher":{"@id":"https:\/\/solplanet.net\/ro#organization"},"potentialAction":[{"@type":"SearchAction","target":{"@type":"EntryPoint","urlTemplate":"https:\/\/solplanet.net\/ro?s={search_term_string}"},"query-input":"required name=search_term_string"}],"inLanguage":"ro-RO"},{"@type":"Organization","@id":"https:\/\/solplanet.net\/ro#organization","name":"Solplanet","url":"https:\/\/solplanet.net\/ro","sameAs":[],"logo":{"@type":"ImageObject","inLanguage":"ro-RO","@id":"https:\/\/solplanet.net\/ro#\/schema\/logo\/image\/","url":"https:\/\/solplanet.net\/wp-content\/uploads\/2020\/11\/Solplanet-LinkedInIcon.jpg","contentUrl":"https:\/\/solplanet.net\/wp-content\/uploads\/2020\/11\/Solplanet-LinkedInIcon.jpg","width":500,"height":500,"caption":"Solplanet"},"image":{"@id":"https:\/\/solplanet.net\/ro#\/schema\/logo\/image\/"}}]}},"_links":{"self":[{"href":"https:\/\/solplanet.net\/ro\/wp-json\/wp\/v2\/pages\/44346"}],"collection":[{"href":"https:\/\/solplanet.net\/ro\/wp-json\/wp\/v2\/pages"}],"about":[{"href":"https:\/\/solplanet.net\/ro\/wp-json\/wp\/v2\/types\/page"}],"author":[{"embeddable":true,"href":"https:\/\/solplanet.net\/ro\/wp-json\/wp\/v2\/users\/5"}],"replies":[{"embeddable":true,"href":"https:\/\/solplanet.net\/ro\/wp-json\/wp\/v2\/comments?post=44346"}],"version-history":[{"count":5,"href":"https:\/\/solplanet.net\/ro\/wp-json\/wp\/v2\/pages\/44346\/revisions"}],"predecessor-version":[{"id":99319,"href":"https:\/\/solplanet.net\/ro\/wp-json\/wp\/v2\/pages\/44346\/revisions\/99319"}],"wp:attachment":[{"href":"https:\/\/solplanet.net\/ro\/wp-json\/wp\/v2\/media?parent=44346"}],"curies":[{"name":"wp","href":"https:\/\/api.w.org\/{rel}","templated":true}]}}