{"id":232751,"date":"2026-02-11T10:41:41","date_gmt":"2026-02-11T10:41:41","guid":{"rendered":"https:\/\/solplanet.net\/contact-page-romania-beta-do-not-publish"},"modified":"2026-04-30T13:44:51","modified_gmt":"2026-04-30T13:44:51","slug":"contact-page-romania-beta-do-not-publish","status":"publish","type":"page","link":"https:\/\/solplanet.net\/ro\/contact-page-romania-beta-do-not-publish","title":{"rendered":"Contact Page ROMANIA [BETA DO NOT PUBLISH]"},"content":{"rendered":"<div class=\"block-carousel__item\"><div class=\"block-carousel__item-inner\"><div class=\"jumbotron block-jumbotron__jumbotron\">\n\n\t<div style=\"background-image:url(https:\/\/solplanet.net\/wp-content\/uploads\/2026\/02\/Solplanet-ContactHeader3.jpg)\" class=\"image-bg jumbotron__image-bg\"><\/div>\n\t<div class=\"jumbotron__mask jumbotron__mask-type--type1\"><\/div>\n\n\t<div class=\"\n\t\t\tjumbotron__content\n\t\t\tjumbotron__content--medium\n\t\t\tjumbotron__content--vertical-center\n\t\t\tjumbotron__content--horizontal-left\n\t\t\">\n\t\t<div class=\"jumbotron__content-wrap\">\n\t\t\t<h1 class=\"heading heading__align--left heading__color--white heading__size--big jumbotron__heading\">\n\tContact<\/h1><p class=\"paragraph paragraph__color--white paragraph__align--left paragraph__size--big jumbotron__paragraph\">\n\tContacteaza-ne, suntem bucurosi sa va ajutam !<\/p>\t\t<\/div>\n\t<\/div>\n\n\t<\/div><\/div><\/div>\n\n<div class=\"wrapper wrapper__bg-color--sand wrapper__spacing-top-large--50 wrapper__spacing-bottom-large--0\" id=\"\">\n\t<div class=\"wrapper__anchor\" id=\"\"><\/div>\n\t\t\t<div class=\"wrapper__container wrapper__container-width-large--default wrapper__gutter-large--default wrapper__gutter-tablet--small\">\n\t\t\t<div class=\"wrapper__inner wrapper__width-large--12\">\n\t\t\t\t\n<div class=\"block-columns js-block-columns block-columns__gutter-large--default block-columns__vertical-spacing-large--default\">\n\t\n\n<div class=\"block-column block-column__width-large--2 block-column__width-tablet--12 block-column__offset-large--3 \">\n\t\n<div class=\"wrapper   wrapper__spacing-bottom-large--40\" id=\"\">\n\t<div class=\"wrapper__anchor\" id=\"\"><\/div>\n\t\t\t<p class=\"paragraph paragraph__color--shaft paragraph__align--center paragraph__size--default block-paragraph__paragraph\">\n\t<a href=\"#form\">Formular contact<\/a><\/p>\t<\/div>\n\n<\/div>\n\n\n\n<div class=\"block-column block-column__width-large--2 block-column__width-tablet--12 \">\n\t\n<div class=\"wrapper   wrapper__spacing-bottom-large--40\" id=\"\">\n\t<div class=\"wrapper__anchor\" id=\"\"><\/div>\n\t\t\t<p class=\"paragraph paragraph__color--shaft paragraph__align--center paragraph__size--default block-paragraph__paragraph\">\n\t<a href=\"#team\">Echipa locala<\/a><\/p>\t<\/div>\n\n<\/div>\n\n\n\n<div class=\"block-column block-column__width-large--2 block-column__width-tablet--12 \">\n\t\n<div class=\"wrapper   wrapper__spacing-bottom-large--40\" id=\"\">\n\t<div class=\"wrapper__anchor\" id=\"\"><\/div>\n\t\t\t<p class=\"paragraph paragraph__color--shaft paragraph__align--center paragraph__size--default block-paragraph__paragraph\">\n\t<a href=\"#dist\">Distribuitori<\/a><\/p>\t<\/div>\n\n<\/div>\n\n<\/div>\n\t\t\t<\/div>\n\t\t<\/div>\n\t<\/div>\n\n\n<div class=\"wrapper  wrapper__spacing-top-large--50 wrapper__spacing-bottom-large--50\" id=\"#form\">\n\t<div class=\"wrapper__anchor\" id=\"\"><\/div>\n\t\t\t<div class=\"wrapper__container wrapper__container-width-large--small wrapper__gutter-large--default wrapper__gutter-tablet--small\">\n\t\t\t<div class=\"wrapper__inner wrapper__width-large--9 wrapper__offset-large--2\">\n\t\t\t\t<p class=\"paragraph paragraph__color--dove paragraph__align--left paragraph__size--medium block-paragraph__paragraph\">\n\tLa Solplanet, suntem dedica\u021bi s\u0103 oferim distribuitorilor, instalatorilor \u0219i clien\u021bilor no\u0219tri finali o experien\u021b\u0103 de prim\u0103 clas\u0103. Dac\u0103 ave\u021bi nevoie de ajutor sau ave\u021bi orice \u00eentreb\u0103ri, v\u0103 rug\u0103m s\u0103 nu ezita\u021bi s\u0103 ne contacta\u021bi folosind formularul de mai jos sau prin datele de contact furnizate.<\/p>\t\t\t<\/div>\n\t\t<\/div>\n\t<\/div>\n\n\n<div class=\"wrapper   wrapper__spacing-bottom-large--40\" id=\"form\">\n\t<div class=\"wrapper__anchor\" id=\"\"><\/div>\n\t\t\t<div class=\"wrapper__container wrapper__container-width-large--small wrapper__gutter-large--default wrapper__gutter-tablet--small\">\n\t\t\t<div class=\"wrapper__inner wrapper__width-large--11 wrapper__offset-large--1\">\n\t\t\t\t<script src=\"https:\/\/js.hsforms.net\/forms\/embed\/8795524.js\" defer><\/script> <div class=\"hs-form-frame\" data-region=\"na1\" data-form-id=\"18e00d9c-3ea0-4aa7-9698-bfc01e391272\" data-portal-id=\"8795524\"><\/div>\t\t\t<\/div>\n\t\t<\/div>\n\t<\/div>\n\n\n<div class=\"wrapper wrapper__bg-color--sand  wrapper__spacing-bottom-large---10\" id=\"team\">\n\t<div class=\"wrapper__anchor\" id=\"\"><\/div>\n\t\t\t<div class=\"wrapper__container wrapper__container-width-large--default wrapper__gutter-large--default wrapper__gutter-tablet--small\">\n\t\t\t<div class=\"wrapper__inner wrapper__width-large--12\">\n\t\t\t\t\n<div class=\"block-group\">\n\t\n<div class=\"wrapper  wrapper__spacing-top-large--30 wrapper__spacing-bottom-large---10\" id=\"\">\n\t<div class=\"wrapper__anchor\" id=\"\"><\/div>\n\t\t\t<p class=\"paragraph paragraph__color--shaft paragraph__align--center paragraph__size--medium block-paragraph__paragraph\">\n\t<\/p>\t<\/div>\n\n\n<div class=\"wrapper  wrapper__spacing-top-large--10 wrapper__spacing-bottom-large--40\" id=\"\">\n\t<div class=\"wrapper__anchor\" id=\"\"><\/div>\n\t\t\t\n<div class=\"block-heading\">\n\t<h2 class=\"heading heading__align--center heading__color--shaft heading__size--medium block-heading__heading\">\n\tContacteaza echipa Solplanet Romania<\/h2>\t<\/div>\n\t<\/div>\n\n\n<div class=\"wrapper   wrapper__spacing-bottom-large--40\" id=\"\">\n\t<div class=\"wrapper__anchor\" id=\"\"><\/div>\n\t\t\t\n<div class=\"block-columns js-block-columns block-columns__gutter-large--medium block-columns__vertical-spacing-large--default\">\n\t\n\n<div class=\"block-column block-column__width-large--4 block-column__width-tablet--12 block-column__offset-large--0 \">\n\t\n<div class=\"wrapper   wrapper__spacing-bottom-large--40\" id=\"\">\n\t<div class=\"wrapper__anchor\" id=\"\"><\/div>\n\t\t\t<div class=\"card-simple block-card__card-simple\">\n\t\n\t\t\t\t\t<div class=\"card-simple__intro js-card-simple-intro\">\n\t\t\t\t<h2 class=\"heading heading__align--center heading__color--sunsetToDodger heading__size--small card-simple__heading heading__color--is-gradient\">\n\tSuport<\/h2><h2 class=\"heading heading__align--center heading__color--dove heading__size--tiny card-simple__subheading\">\n\t(Pre-sales)<\/h2>\t\t\t<\/div>\n\t\t\n\t\t\t\t\t<div class=\"card-simple__media js-card-simple-media\">\n\t\t\t\t<img src=\"https:\/\/solplanet.net\/wp-content\/uploads\/2026\/02\/Support-Gray-e1771500395583.png\" class=\"image card-simple__image\" \/>\t\t\t<\/div>\n\t\t\n\t\t\t\t\t<div class=\"card-simple__outro\">\n\t\t\t\t<p class=\"paragraph paragraph__color--dusty paragraph__align--center paragraph__size--small card-simple__paragraph\">\n\tT.  <a href=\"tel:+40 738495382\">+40 738495382<\/a><a href=\"https:\/\/solplanet.net\/T.%20+4915159184325%20E.%20sales.de@solplanet.net\"><br><\/a>E. <a href=\"mailto:service.ro@solplanet.net\" target=\"_blank\" rel=\"noreferrer noopener\">service.ro@solplanet.net\u00a0<\/a><\/p>\t\t\t<\/div>\n\t\t\n\t\t\n\t<\/div>\t<\/div>\n\n<\/div>\n\n\n\n<div class=\"block-column block-column__width-large--4 block-column__width-tablet--12 block-column__offset-large--0 \">\n\t\n<div class=\"wrapper   wrapper__spacing-bottom-large--40\" id=\"\">\n\t<div class=\"wrapper__anchor\" id=\"\"><\/div>\n\t\t\t<div class=\"card-simple block-card__card-simple\">\n\t\n\t\t\t\t\t<div class=\"card-simple__intro js-card-simple-intro\">\n\t\t\t\t<h2 class=\"heading heading__align--center heading__color--sunsetToDodger heading__size--small card-simple__heading heading__color--is-gradient\">\n\tVanzari<\/h2><h2 class=\"heading heading__align--center heading__color--dove heading__size--tiny card-simple__subheading\">\n\t(General)<\/h2>\t\t\t<\/div>\n\t\t\n\t\t\t\t\t<div class=\"card-simple__media js-card-simple-media\">\n\t\t\t\t<img src=\"https:\/\/solplanet.net\/wp-content\/uploads\/2026\/02\/Mobile-Apps-Gray-e1771500423893.png\" class=\"image card-simple__image\" \/>\t\t\t<\/div>\n\t\t\n\t\t\t\t\t<div class=\"card-simple__outro\">\n\t\t\t\t<p class=\"paragraph paragraph__color--dusty paragraph__align--center paragraph__size--small card-simple__paragraph\">\n\tT. <a href=\"tel:+40 724 193 899\">+40 724 193 899<\/a><a href=\"https:\/\/solplanet.net\/T.%20+49175616160416%20E.%20service.de@solplanet.net\"><br><\/a>E. <a href=\"mailto:sales.ro@solplanet.net\" target=\"_blank\" rel=\"noreferrer noopener\">sales.ro@solplanet.net<\/a><\/p>\t\t\t<\/div>\n\t\t\n\t\t\n\t<\/div>\t<\/div>\n\n<\/div>\n\n\n\n<div class=\"block-column block-column__width-large--4 block-column__width-tablet--12 block-column__offset-large--0 \">\n\t\n<div class=\"wrapper   wrapper__spacing-bottom-large--40\" id=\"\">\n\t<div class=\"wrapper__anchor\" id=\"\"><\/div>\n\t\t\t<div class=\"card-simple block-card__card-simple\">\n\t\n\t\t\t\t\t<div class=\"card-simple__intro js-card-simple-intro\">\n\t\t\t\t<h2 class=\"heading heading__align--center heading__color--sunsetToDodger heading__size--small card-simple__heading heading__color--is-gradient\">\n\tService<\/h2><h2 class=\"heading heading__align--center heading__color--dove heading__size--tiny card-simple__subheading\">\n\t(After-sales)<\/h2>\t\t\t<\/div>\n\t\t\n\t\t\t\t\t<div class=\"card-simple__media js-card-simple-media\">\n\t\t\t\t<img src=\"https:\/\/solplanet.net\/wp-content\/uploads\/2026\/02\/Installer-Area-Grey-e1771500475448.png\" class=\"image card-simple__image\" \/>\t\t\t<\/div>\n\t\t\n\t\t\t\t\t<div class=\"card-simple__outro\">\n\t\t\t\t<p class=\"paragraph paragraph__color--dusty paragraph__align--center paragraph__size--small card-simple__paragraph\">\n\tT.  <a href=\"tel:+40 738495382\">+40 738495382<\/a><a href=\"https:\/\/solplanet.net\/T.%20+4915159184325%20E.%20sales.de@solplanet.net\"><br><\/a>E. <a href=\"mailto:service.ro@solplanet.net\" target=\"_blank\" rel=\"noreferrer noopener\">service.ro@solplanet.net\u00a0<\/a><a href=\"mailto:service.de@solplanet.net\">t<\/a><\/p>\t\t\t<\/div>\n\t\t\n\t\t\n\t<\/div>\t<\/div>\n\n<\/div>\n\n<\/div>\n\t<\/div>\n\n<\/div>\n\t\t\t<\/div>\n\t\t<\/div>\n\t<\/div>\n\n\n<div class=\"wrapper   wrapper__spacing-bottom-large---10\" id=\"dist\">\n\t<div class=\"wrapper__anchor\" id=\"\"><\/div>\n\t\t\t<div class=\"wrapper__container\">\n\t\t\t<div class=\"wrapper__inner wrapper__width-large--12\">\n\t\t\t\t\n<div\n\tclass=\"block-carousel js-block-carousel swiper-container block-carousel__pagination-type-default\"\n\tdata-swiper-loop=\"1\"\n\tdata-show-items=\"1\"\n>\n\n\t<div class=\"swiper-wrapper\">\n\t\t\n<div class=\"block-carousel__item\"><div class=\"block-carousel__item-inner\"><div class=\"jumbotron block-jumbotron__jumbotron\">\n\n\t<div style=\"background-image:url(https:\/\/solplanet.net\/wp-content\/uploads\/2026\/02\/SolplanetDistributors-Header2.jpg)\" class=\"image-bg jumbotron__image-bg\"><\/div>\n\t<div class=\"jumbotron__mask jumbotron__mask-type--\"><\/div>\n\n\t<div class=\"\n\t\t\tjumbotron__content\n\t\t\tjumbotron__content--medium\n\t\t\tjumbotron__content--vertical-center\n\t\t\tjumbotron__content--horizontal-left\n\t\t\">\n\t\t<div class=\"jumbotron__content-wrap\">\n\t\t\t<p class=\"paragraph paragraph__color--white paragraph__align--left paragraph__size--default jumbotron__intro\">\n\tDisponibilitate si suport<\/p><h1 class=\"heading heading__align--left heading__color--white heading__size--big jumbotron__heading\">\n\tIdentifica distribuitorii locali<\/h1>\t\t<\/div>\n\t<\/div>\n\n\t<\/div><\/div><\/div>\n\t<\/div>\n\n\t<div class=\"carousel-navigation carousel-navigation__theme--default block-carousel__carousel-navigation\">\n\t<div class=\"carousel-navigation__item carousel-navigation__item--prev js-block-carousel-prev-arrow\">\n\t\t<svg class=\"carousel-navigation__icon\" width=\"22\" height=\"40\" xmlns=\"http:\/\/www.w3.org\/2000\/svg\"><g stroke=\"#FFF\" fill=\"none\" fill-rule=\"evenodd\" stroke-linecap=\"round\"><path d=\"M1 20L21 1M21 39L1 20\" \/><\/g><\/svg>\n\t<\/div>\n\t<div class=\"carousel-navigation__item carousel-navigation__item--next js-block-carousel-next-arrow\">\n\t\t<svg class=\"carousel-navigation__icon\" width=\"22\" height=\"40\" xmlns=\"http:\/\/www.w3.org\/2000\/svg\"><g stroke=\"#FFF\" fill=\"none\" fill-rule=\"evenodd\" stroke-linecap=\"round\"><path d=\"M21 20L1 1M1 39l20-19\" \/><\/g><\/svg>\n\t<\/div>\n<\/div><div class=\"carousel-pagination js-block-carousel-pagination carousel-pagination__theme--default block-carousel__carousel-pagination\"><\/div><\/div>\n\t\t\t<\/div>\n\t\t<\/div>\n\t<\/div>\n\n\n<div class=\"wrapper wrapper__bg-color--sand wrapper__spacing-top-large--0 wrapper__spacing-bottom-large--0  wrapper__divider-top-large wrapper__divider-bottom-large\" id=\"\">\n\t<div class=\"wrapper__anchor\" id=\"\"><\/div>\n\t\t\t\n<div class=\"block-cards-grid js-block-cards-grid\" data-items-per-line=4>\n\t\n<div class=\"card-simple block-card__card-simple\">\n\t\n\t\t\t\t\t<div class=\"card-simple__intro js-card-simple-intro\">\n\t\t\t\t<h4 class=\"heading heading__align--center heading__color--sunsetToDodger heading__size--small card-simple__heading heading__color--is-gradient\">\n\tManitu Solar RO Srl.<\/h4>\t\t\t<\/div>\n\t\t\n\t\t\t\t\t<div class=\"card-simple__media js-card-simple-media\">\n\t\t\t\t<img src=\"https:\/\/solplanet.net\/wp-content\/uploads\/2026\/03\/manitu_solar-Solplanet-600.png\" class=\"image card-simple__image\" \/>\t\t\t<\/div>\n\t\t\n\t\t\t\t\t<div class=\"card-simple__outro\">\n\t\t\t\t<p class=\"paragraph paragraph__color--dusty paragraph__align--center paragraph__size--small card-simple__paragraph\">\n\tCluj, Romania <br>T. <a href=\"tel:+40 364 736 301\">+40 3<\/a><a href=\"tel:+40 364 736 301\" target=\"_blank\" rel=\"noreferrer noopener\">6<\/a><a href=\"tel:+40 364 736 301\">4 736 301<\/a><br>W. <a href=\"https:\/\/manitusolar.ro\/\" target=\"_blank\" rel=\"noreferrer noopener\">manitusolar.ro<\/a><br>E. <a href=\"mailto:contact@manitusolar.ro\" target=\"_blank\" rel=\"noreferrer noopener\">contact@manitusolar.ro<\/a><\/p>\t\t\t<\/div>\n\t\t\n\t\t\n\t<\/div>\n\n<div class=\"card-simple block-card__card-simple\">\n\t\n\t\t\t\t\t<div class=\"card-simple__intro js-card-simple-intro\">\n\t\t\t\t<h4 class=\"heading heading__align--center heading__color--sunsetToDodger heading__size--small card-simple__heading heading__color--is-gradient\">\n\tMIK Green Ltd.<\/h4>\t\t\t<\/div>\n\t\t\n\t\t\t\t\t<div class=\"card-simple__media js-card-simple-media\">\n\t\t\t\t<img src=\"https:\/\/solplanet.net\/wp-content\/uploads\/2026\/03\/MIK_GREEN_Solplanet-600.png\" class=\"image card-simple__image\" \/>\t\t\t<\/div>\n\t\t\n\t\t\t\t\t<div class=\"card-simple__outro\">\n\t\t\t\t<p class=\"paragraph paragraph__color--dusty paragraph__align--center paragraph__size--small card-simple__paragraph\">\n\tBucharest, Romania <br>T. <a href=\"tel:+40 750 47 22 55\">+40 750 47 22 55<\/a><br>W. <a href=\"https:\/\/mikgreen.eu\/en\/our-partners\/\" target=\"_blank\" rel=\"noreferrer noopener\">mikgreen.eu<br><\/a>E. <a href=\"mailto:romania@mikgreen.eu\" target=\"_blank\" rel=\"noreferrer noopener\">romania@mikgreen.eu<\/a><\/p>\t\t\t<\/div>\n\t\t\n\t\t\n\t<\/div>\n\n<div class=\"card-simple block-card__card-simple\">\n\t\n\t\t\t\t\t<div class=\"card-simple__intro js-card-simple-intro\">\n\t\t\t\t<h4 class=\"heading heading__align--center heading__color--sunsetToDodger heading__size--small card-simple__heading heading__color--is-gradient\">\n\tNetwork One Distribution<\/h4>\t\t\t<\/div>\n\t\t\n\t\t\t\t\t<div class=\"card-simple__media js-card-simple-media\">\n\t\t\t\t<img src=\"https:\/\/solplanet.net\/wp-content\/uploads\/2026\/03\/NOD-Solplanet-600.png\" class=\"image card-simple__image\" \/>\t\t\t<\/div>\n\t\t\n\t\t\t\t\t<div class=\"card-simple__outro\">\n\t\t\t\t<p class=\"paragraph paragraph__color--dusty paragraph__align--center paragraph__size--small card-simple__paragraph\">\n\tBucharest, Romania <br>T. <a href=\"tel:+40 21 211 18 56\">+40 21 211 18 56<\/a><br>W. <a href=\"https:\/\/mikgreen.eu\/en\/our-partners\/\" target=\"_blank\" rel=\"noreferrer noopener\">n<\/a><a href=\"https:\/\/nod.ro\/contact\/\" target=\"_blank\" rel=\"noreferrer noopener\">od.ro\/contact<\/a><br>E. <a href=\"mailto:office@nod.ro\" target=\"_blank\" rel=\"noreferrer noopener\">office@nod.ro<\/a><\/p>\t\t\t<\/div>\n\t\t\n\t\t\n\t<\/div>\n\n<div class=\"card-simple block-card__card-simple\">\n\t\n\t\t\t\t\t<div class=\"card-simple__intro js-card-simple-intro\">\n\t\t\t\t<h4 class=\"heading heading__align--center heading__color--sunsetToDodger heading__size--small card-simple__heading heading__color--is-gradient\">\n\tSolarDistribution \u2013 Attractive Adv SRL<\/h4>\t\t\t<\/div>\n\t\t\n\t\t\t\t\t<div class=\"card-simple__media js-card-simple-media\">\n\t\t\t\t<img src=\"https:\/\/solplanet.net\/wp-content\/uploads\/2026\/03\/Solar-Distrubutio-600-TEMP.png\" class=\"image card-simple__image\" \/>\t\t\t<\/div>\n\t\t\n\t\t\t\t\t<div class=\"card-simple__outro\">\n\t\t\t\t<p class=\"paragraph paragraph__color--dusty paragraph__align--center paragraph__size--small card-simple__paragraph\">\n\tBucharest, Romania <br>T. <a href=\"tel:+40 750 461 001\">+40 750 461 001<\/a><br>W. <a href=\"https:\/\/solardistribution.ro\/\" target=\"_blank\" rel=\"noreferrer noopener\">solardistribution.ro<\/a><br>E. <a href=\"mailto:vreau@solardistribution.ro\" target=\"_blank\" rel=\"noreferrer noopener\">vreau@solardistribution.ro<\/a><\/p>\t\t\t<\/div>\n\t\t\n\t\t\n\t<\/div>\n\n<div class=\"card-simple block-card__card-simple\">\n\t\n\t\t\t\t\t<div class=\"card-simple__intro js-card-simple-intro\">\n\t\t\t\t<h4 class=\"heading heading__align--center heading__color--sunsetToDodger heading__size--small card-simple__heading heading__color--is-gradient\">\n\tSuntek Energy<\/h4>\t\t\t<\/div>\n\t\t\n\t\t\t\t\t<div class=\"card-simple__media js-card-simple-media\">\n\t\t\t\t<img src=\"https:\/\/solplanet.net\/wp-content\/uploads\/2026\/03\/Suntek-Solplanet-600.png\" class=\"image card-simple__image\" \/>\t\t\t<\/div>\n\t\t\n\t\t\t\t\t<div class=\"card-simple__outro\">\n\t\t\t\t<p class=\"paragraph paragraph__color--dusty paragraph__align--center paragraph__size--small card-simple__paragraph\">\n\tAlba Iulia, Romania <br>T.<a href=\"tel:+40749933130\">+40 749933130<\/a><br>W. <a href=\"https:\/\/suntek-energy.ro\/\" target=\"_blank\" rel=\"noreferrer noopener\">suntek-energy.ro<\/a><br>E. <a href=\"mailto:office@suntek-energy.ro\" target=\"_blank\" rel=\"noreferrer noopener\">office@suntek-energy.ro<\/a><\/p>\t\t\t<\/div>\n\t\t\n\t\t\n\t<\/div>\n\n<div class=\"card-simple block-card__card-simple\">\n\t\n\t\t\t\t\t<div class=\"card-simple__intro js-card-simple-intro\">\n\t\t\t\t<h4 class=\"heading heading__align--center heading__color--sunsetToDodger heading__size--small card-simple__heading heading__color--is-gradient\">\n\tGreenWatt International\u00a0<\/h4>\t\t\t<\/div>\n\t\t\n\t\t\t\t\t<div class=\"card-simple__media js-card-simple-media\">\n\t\t\t\t<img src=\"https:\/\/solplanet.net\/wp-content\/uploads\/2026\/03\/GreenWatt.Int-Solplanet-600.png\" class=\"image card-simple__image\" \/>\t\t\t<\/div>\n\t\t\n\t\t\t\t\t<div class=\"card-simple__outro\">\n\t\t\t\t<p class=\"paragraph paragraph__color--dusty paragraph__align--center paragraph__size--small card-simple__paragraph\">\n\tChi\u0219in\u0103u, Moldova <br>T. <a href=\"http:\/\/+373 69 034 526\" target=\"_blank\" rel=\"noreferrer noopener sponsored nofollow\">+37 3 69 034 526<\/a><br>W. <a href=\"https:\/\/www.greenwattint.com\/\" target=\"_blank\" rel=\"noreferrer noopener\">greenwattint.com<\/a><br>E. <a href=\"mailto:info@greenwattint.com\" target=\"_blank\" rel=\"noreferrer noopener\">info@greenwattint.com<\/a><\/p>\t\t\t<\/div>\n\t\t\n\t\t\n\t<\/div>\n<\/div>\n\t<\/div>\n","protected":false},"excerpt":{"rendered":"","protected":false},"author":7,"featured_media":0,"parent":0,"menu_order":0,"comment_status":"closed","ping_status":"closed","template":"","meta":[],"acf":[],"yoast_head":"<!-- This site is optimized with the Yoast SEO plugin v19.7.1 - https:\/\/yoast.com\/wordpress\/plugins\/seo\/ -->\n<title>Contact Page ROMANIA [BETA DO NOT PUBLISH] | Solplanet<\/title>\n<meta name=\"description\" content=\"The power of the sun is the future of our planet. Solplanet makes solar for everybody. Easy-to-install, reliable and user-friendly inverters.\" \/>\n<meta name=\"robots\" content=\"noindex, nofollow\" \/>\n<meta property=\"og:locale\" content=\"ro_RO\" \/>\n<meta property=\"og:type\" content=\"article\" \/>\n<meta property=\"og:title\" content=\"Contact Page ROMANIA [BETA DO NOT PUBLISH] | Solplanet\" \/>\n<meta property=\"og:description\" content=\"The power of the sun is the future of our planet. Solplanet makes solar for everybody. Easy-to-install, reliable and user-friendly inverters.\" \/>\n<meta property=\"og:url\" content=\"https:\/\/solplanet.net\/ro\/contact-page-romania-beta-do-not-publish\" \/>\n<meta property=\"og:site_name\" content=\"Solplanet\" \/>\n<meta property=\"article:modified_time\" content=\"2026-04-30T13:44:51+00:00\" \/>\n<meta name=\"twitter:card\" content=\"summary_large_image\" \/>\n<script type=\"application\/ld+json\" class=\"yoast-schema-graph\">{\"@context\":\"https:\/\/schema.org\",\"@graph\":[{\"@type\":\"WebPage\",\"@id\":\"https:\/\/solplanet.net\/ro\/contact-page-romania-beta-do-not-publish\",\"url\":\"https:\/\/solplanet.net\/ro\/contact-page-romania-beta-do-not-publish\",\"name\":\"Contact Page ROMANIA [BETA DO NOT PUBLISH] | Solplanet\",\"isPartOf\":{\"@id\":\"https:\/\/solplanet.net\/ro#website\"},\"datePublished\":\"2026-02-11T10:41:41+00:00\",\"dateModified\":\"2026-04-30T13:44:51+00:00\",\"description\":\"The power of the sun is the future of our planet. Solplanet makes solar for everybody. Easy-to-install, reliable and user-friendly inverters.\",\"breadcrumb\":{\"@id\":\"https:\/\/solplanet.net\/ro\/contact-page-romania-beta-do-not-publish#breadcrumb\"},\"inLanguage\":\"ro-RO\",\"potentialAction\":[{\"@type\":\"ReadAction\",\"target\":[\"https:\/\/solplanet.net\/ro\/contact-page-romania-beta-do-not-publish\"]}]},{\"@type\":\"BreadcrumbList\",\"@id\":\"https:\/\/solplanet.net\/ro\/contact-page-romania-beta-do-not-publish#breadcrumb\",\"itemListElement\":[{\"@type\":\"ListItem\",\"position\":1,\"name\":\"Home\",\"item\":\"https:\/\/solplanet.net\/ro\"},{\"@type\":\"ListItem\",\"position\":2,\"name\":\"Contact Page ROMANIA [BETA DO NOT PUBLISH]\"}]},{\"@type\":\"WebSite\",\"@id\":\"https:\/\/solplanet.net\/ro#website\",\"url\":\"https:\/\/solplanet.net\/ro\",\"name\":\"Solplanet\",\"description\":\"Solar for everybody\",\"publisher\":{\"@id\":\"https:\/\/solplanet.net\/ro#organization\"},\"potentialAction\":[{\"@type\":\"SearchAction\",\"target\":{\"@type\":\"EntryPoint\",\"urlTemplate\":\"https:\/\/solplanet.net\/ro?s={search_term_string}\"},\"query-input\":\"required name=search_term_string\"}],\"inLanguage\":\"ro-RO\"},{\"@type\":\"Organization\",\"@id\":\"https:\/\/solplanet.net\/ro#organization\",\"name\":\"Solplanet\",\"url\":\"https:\/\/solplanet.net\/ro\",\"sameAs\":[],\"logo\":{\"@type\":\"ImageObject\",\"inLanguage\":\"ro-RO\",\"@id\":\"https:\/\/solplanet.net\/ro#\/schema\/logo\/image\/\",\"url\":\"https:\/\/solplanet.net\/wp-content\/uploads\/2020\/11\/Solplanet-LinkedInIcon.jpg\",\"contentUrl\":\"https:\/\/solplanet.net\/wp-content\/uploads\/2020\/11\/Solplanet-LinkedInIcon.jpg\",\"width\":500,\"height\":500,\"caption\":\"Solplanet\"},\"image\":{\"@id\":\"https:\/\/solplanet.net\/ro#\/schema\/logo\/image\/\"}}]}<\/script>\n<!-- \/ Yoast SEO plugin. -->","yoast_head_json":{"title":"Contact Page ROMANIA [BETA DO NOT PUBLISH] | Solplanet","description":"The power of the sun is the future of our planet. Solplanet makes solar for everybody. Easy-to-install, reliable and user-friendly inverters.","robots":{"index":"noindex","follow":"nofollow"},"og_locale":"ro_RO","og_type":"article","og_title":"Contact Page ROMANIA [BETA DO NOT PUBLISH] | Solplanet","og_description":"The power of the sun is the future of our planet. Solplanet makes solar for everybody. Easy-to-install, reliable and user-friendly inverters.","og_url":"https:\/\/solplanet.net\/ro\/contact-page-romania-beta-do-not-publish","og_site_name":"Solplanet","article_modified_time":"2026-04-30T13:44:51+00:00","twitter_card":"summary_large_image","schema":{"@context":"https:\/\/schema.org","@graph":[{"@type":"WebPage","@id":"https:\/\/solplanet.net\/ro\/contact-page-romania-beta-do-not-publish","url":"https:\/\/solplanet.net\/ro\/contact-page-romania-beta-do-not-publish","name":"Contact Page ROMANIA [BETA DO NOT PUBLISH] | Solplanet","isPartOf":{"@id":"https:\/\/solplanet.net\/ro#website"},"datePublished":"2026-02-11T10:41:41+00:00","dateModified":"2026-04-30T13:44:51+00:00","description":"The power of the sun is the future of our planet. Solplanet makes solar for everybody. Easy-to-install, reliable and user-friendly inverters.","breadcrumb":{"@id":"https:\/\/solplanet.net\/ro\/contact-page-romania-beta-do-not-publish#breadcrumb"},"inLanguage":"ro-RO","potentialAction":[{"@type":"ReadAction","target":["https:\/\/solplanet.net\/ro\/contact-page-romania-beta-do-not-publish"]}]},{"@type":"BreadcrumbList","@id":"https:\/\/solplanet.net\/ro\/contact-page-romania-beta-do-not-publish#breadcrumb","itemListElement":[{"@type":"ListItem","position":1,"name":"Home","item":"https:\/\/solplanet.net\/ro"},{"@type":"ListItem","position":2,"name":"Contact Page ROMANIA [BETA DO NOT PUBLISH]"}]},{"@type":"WebSite","@id":"https:\/\/solplanet.net\/ro#website","url":"https:\/\/solplanet.net\/ro","name":"Solplanet","description":"Solar for everybody","publisher":{"@id":"https:\/\/solplanet.net\/ro#organization"},"potentialAction":[{"@type":"SearchAction","target":{"@type":"EntryPoint","urlTemplate":"https:\/\/solplanet.net\/ro?s={search_term_string}"},"query-input":"required name=search_term_string"}],"inLanguage":"ro-RO"},{"@type":"Organization","@id":"https:\/\/solplanet.net\/ro#organization","name":"Solplanet","url":"https:\/\/solplanet.net\/ro","sameAs":[],"logo":{"@type":"ImageObject","inLanguage":"ro-RO","@id":"https:\/\/solplanet.net\/ro#\/schema\/logo\/image\/","url":"https:\/\/solplanet.net\/wp-content\/uploads\/2020\/11\/Solplanet-LinkedInIcon.jpg","contentUrl":"https:\/\/solplanet.net\/wp-content\/uploads\/2020\/11\/Solplanet-LinkedInIcon.jpg","width":500,"height":500,"caption":"Solplanet"},"image":{"@id":"https:\/\/solplanet.net\/ro#\/schema\/logo\/image\/"}}]}},"_links":{"self":[{"href":"https:\/\/solplanet.net\/ro\/wp-json\/wp\/v2\/pages\/232751"}],"collection":[{"href":"https:\/\/solplanet.net\/ro\/wp-json\/wp\/v2\/pages"}],"about":[{"href":"https:\/\/solplanet.net\/ro\/wp-json\/wp\/v2\/types\/page"}],"author":[{"embeddable":true,"href":"https:\/\/solplanet.net\/ro\/wp-json\/wp\/v2\/users\/7"}],"replies":[{"embeddable":true,"href":"https:\/\/solplanet.net\/ro\/wp-json\/wp\/v2\/comments?post=232751"}],"version-history":[{"count":7,"href":"https:\/\/solplanet.net\/ro\/wp-json\/wp\/v2\/pages\/232751\/revisions"}],"predecessor-version":[{"id":236904,"href":"https:\/\/solplanet.net\/ro\/wp-json\/wp\/v2\/pages\/232751\/revisions\/236904"}],"wp:attachment":[{"href":"https:\/\/solplanet.net\/ro\/wp-json\/wp\/v2\/media?parent=232751"}],"curies":[{"name":"wp","href":"https:\/\/api.w.org\/{rel}","templated":true}]}}