{"id":64605,"date":"2020-09-16T16:33:11","date_gmt":"2020-09-16T16:33:11","guid":{"rendered":"https:\/\/solplanet.net\/imprint\/"},"modified":"2025-03-21T11:32:27","modified_gmt":"2025-03-21T11:32:27","slug":"impressao","status":"publish","type":"page","link":"https:\/\/solplanet.net\/pt-pt\/impressao","title":{"rendered":"Imprint"},"content":{"rendered":"<div class=\"wrapper   wrapper__spacing-bottom-large--40\" id=\"\">\n\t<div class=\"wrapper__anchor\" id=\"\"><\/div>\n\t\t\t<div class=\"wrapper__container wrapper__container-width-large--default wrapper__gutter-large--default wrapper__gutter-tablet--small\">\n\t\t\t<div class=\"wrapper__inner wrapper__width-large--12\">\n\t\t\t\t\n<div class=\"block-heading\">\n\t<h2 class=\"heading heading__align--left heading__color--shaft heading__size--default block-heading__heading\">\n\t<br>Imprint<\/h2>\t<\/div>\n\t\t\t<\/div>\n\t\t<\/div>\n\t<\/div>\n\n\n<div class=\"wrapper   wrapper__spacing-bottom-large--40\" id=\"\">\n\t<div class=\"wrapper__anchor\" id=\"\"><\/div>\n\t\t\t<div class=\"wrapper__container wrapper__container-width-large--default wrapper__gutter-large--default wrapper__gutter-tablet--small\">\n\t\t\t<div class=\"wrapper__inner wrapper__width-large--12\">\n\t\t\t\t<p class=\"paragraph paragraph__color--dove paragraph__align--left paragraph__size--default block-paragraph__paragraph\">\n\t<br>AISWEI BV<br>Weerdestein 97 <br>Kantoornummer 135, <br>1083GG Amesterd\u00e3o<br>Pa\u00edses Baixos<br>info@solplanet.net<br><br>Autoridade de Registo<br>N\u00famero de CoC: 75780291<br>N\u00famero de registo: 000043633056<br>NIF: NL860394517B01<br>\u00a0<br>Todas as informa\u00e7\u00f5es contidas nos sites da AISWEI est\u00e3o protegidas por direitos de autor. Para copiar ou processar, alterar e\/ou reenviar o material mediante pagamento, deve obter previamente uma autoriza\u00e7\u00e3o expressa por escrito da AISWEI. As informa\u00e7\u00f5es fornecidas destinam-se apenas \u00e0 sua informa\u00e7\u00e3o pessoal e n\u00e3o incluem garantias vinculativas. Est\u00e1 sujeito a altera\u00e7\u00f5es sem aviso pr\u00e9vio, tanto em termos t\u00e9cnicos como comerciais (incluindo pre\u00e7os). Apenas assumiremos compromissos vinculativos ap\u00f3s a rece\u00e7\u00e3o de pedidos de informa\u00e7\u00e3o concretos. Devido a estas condi\u00e7\u00f5es n\u00e3o vinculativas, est\u00e1 exclu\u00edda qualquer responsabilidade pela corre\u00e7\u00e3o das informa\u00e7\u00f5es.<br>\u00a0<br>Aviso de responsabilidade<br>Nos sites da AISWEI, encontrar\u00e1 tamb\u00e9m liga\u00e7\u00f5es para outros sites, parte dos quais n\u00e3o \u00e9 operada pela AISWEI, mas sim por terceiros. Estas liga\u00e7\u00f5es apenas fornecem mais detalhes. A AISWEI n\u00e3o \u00e9 respons\u00e1vel pelos conte\u00fados desses sites e n\u00e3o pode ser responsabilizada pelos mesmos. Estes sites externos podem tamb\u00e9m conter material protegido por direitos de autor. A utiliza\u00e7\u00e3o das p\u00e1ginas Web da AISWEI \u00e9 da responsabilidade do utilizador. A AISWEI BV n\u00e3o se responsabiliza por qualquer dano resultante da utiliza\u00e7\u00e3o destes sites, nomeadamente a interrup\u00e7\u00e3o da instala\u00e7\u00e3o, a perda de lucros, a perda de informa\u00e7\u00f5es e de dados ou danos consequentes devido a defici\u00eancias, a menos que a AISWEI BV seja responsabilizada de acordo com a lei sobre a responsabilidade pelo produto ou em caso de dolo, neglig\u00eancia grave, falta de caracter\u00edsticas garantidas ou devido \u00e0 viola\u00e7\u00e3o de obriga\u00e7\u00f5es contratuais essenciais. A indemniza\u00e7\u00e3o por danos resultantes da viola\u00e7\u00e3o de obriga\u00e7\u00f5es contratuais essenciais est\u00e1, no entanto, limitada aos danos previs\u00edveis t\u00edpicos da natureza do contrato, desde que n\u00e3o haja dolo ou neglig\u00eancia grave.<br>\u00a0<br>Copyright \u00a9 2020 AISWEI BV<\/p>\t\t\t<\/div>\n\t\t<\/div>\n\t<\/div>\n","protected":false},"excerpt":{"rendered":"","protected":false},"author":5,"featured_media":0,"parent":0,"menu_order":0,"comment_status":"closed","ping_status":"closed","template":"","meta":[],"acf":[],"yoast_head":"<!-- This site is optimized with the Yoast SEO plugin v19.7.1 - https:\/\/yoast.com\/wordpress\/plugins\/seo\/ -->\n<title>Imprint | Solplanet<\/title>\n<meta name=\"description\" content=\"The power of the sun is the future of our planet. Solplanet makes solar for everybody. Easy-to-install, reliable and user-friendly inverters.\" \/>\n<meta name=\"robots\" content=\"index, follow, max-snippet:-1, max-image-preview:large, max-video-preview:-1\" \/>\n<link rel=\"canonical\" href=\"https:\/\/solplanet.net\/pt-pt\/impressao\" \/>\n<meta property=\"og:locale\" content=\"pt_PT\" \/>\n<meta property=\"og:type\" content=\"article\" \/>\n<meta property=\"og:title\" content=\"Imprint | Solplanet\" \/>\n<meta property=\"og:description\" content=\"The power of the sun is the future of our planet. Solplanet makes solar for everybody. Easy-to-install, reliable and user-friendly inverters.\" \/>\n<meta property=\"og:url\" content=\"https:\/\/solplanet.net\/pt-pt\/impressao\" \/>\n<meta property=\"og:site_name\" content=\"Solplanet\" \/>\n<meta property=\"article:modified_time\" content=\"2025-03-21T11:32:27+00:00\" \/>\n<meta name=\"twitter:card\" content=\"summary_large_image\" \/>\n<script type=\"application\/ld+json\" class=\"yoast-schema-graph\">{\"@context\":\"https:\/\/schema.org\",\"@graph\":[{\"@type\":\"WebPage\",\"@id\":\"https:\/\/solplanet.net\/pt-pt\/impressao\",\"url\":\"https:\/\/solplanet.net\/pt-pt\/impressao\",\"name\":\"Imprint | Solplanet\",\"isPartOf\":{\"@id\":\"https:\/\/solplanet.net\/pt-pt#website\"},\"datePublished\":\"2020-09-16T16:33:11+00:00\",\"dateModified\":\"2025-03-21T11:32:27+00:00\",\"description\":\"The power of the sun is the future of our planet. Solplanet makes solar for everybody. Easy-to-install, reliable and user-friendly inverters.\",\"breadcrumb\":{\"@id\":\"https:\/\/solplanet.net\/pt-pt\/impressao#breadcrumb\"},\"inLanguage\":\"pt-PT\",\"potentialAction\":[{\"@type\":\"ReadAction\",\"target\":[\"https:\/\/solplanet.net\/pt-pt\/impressao\"]}]},{\"@type\":\"BreadcrumbList\",\"@id\":\"https:\/\/solplanet.net\/pt-pt\/impressao#breadcrumb\",\"itemListElement\":[{\"@type\":\"ListItem\",\"position\":1,\"name\":\"Home\",\"item\":\"https:\/\/solplanet.net\/pt-pt\"},{\"@type\":\"ListItem\",\"position\":2,\"name\":\"Imprint\"}]},{\"@type\":\"WebSite\",\"@id\":\"https:\/\/solplanet.net\/pt-pt#website\",\"url\":\"https:\/\/solplanet.net\/pt-pt\",\"name\":\"Solplanet\",\"description\":\"Solar for everybody\",\"publisher\":{\"@id\":\"https:\/\/solplanet.net\/pt-pt#organization\"},\"potentialAction\":[{\"@type\":\"SearchAction\",\"target\":{\"@type\":\"EntryPoint\",\"urlTemplate\":\"https:\/\/solplanet.net\/pt-pt?s={search_term_string}\"},\"query-input\":\"required name=search_term_string\"}],\"inLanguage\":\"pt-PT\"},{\"@type\":\"Organization\",\"@id\":\"https:\/\/solplanet.net\/pt-pt#organization\",\"name\":\"Solplanet\",\"url\":\"https:\/\/solplanet.net\/pt-pt\",\"sameAs\":[],\"logo\":{\"@type\":\"ImageObject\",\"inLanguage\":\"pt-PT\",\"@id\":\"https:\/\/solplanet.net\/pt-pt#\/schema\/logo\/image\/\",\"url\":\"https:\/\/solplanet.net\/wp-content\/uploads\/2020\/11\/Solplanet-LinkedInIcon.jpg\",\"contentUrl\":\"https:\/\/solplanet.net\/wp-content\/uploads\/2020\/11\/Solplanet-LinkedInIcon.jpg\",\"width\":500,\"height\":500,\"caption\":\"Solplanet\"},\"image\":{\"@id\":\"https:\/\/solplanet.net\/pt-pt#\/schema\/logo\/image\/\"}}]}<\/script>\n<!-- \/ Yoast SEO plugin. -->","yoast_head_json":{"title":"Imprint | Solplanet","description":"The power of the sun is the future of our planet. Solplanet makes solar for everybody. Easy-to-install, reliable and user-friendly inverters.","robots":{"index":"index","follow":"follow","max-snippet":"max-snippet:-1","max-image-preview":"max-image-preview:large","max-video-preview":"max-video-preview:-1"},"canonical":"https:\/\/solplanet.net\/pt-pt\/impressao","og_locale":"pt_PT","og_type":"article","og_title":"Imprint | Solplanet","og_description":"The power of the sun is the future of our planet. Solplanet makes solar for everybody. Easy-to-install, reliable and user-friendly inverters.","og_url":"https:\/\/solplanet.net\/pt-pt\/impressao","og_site_name":"Solplanet","article_modified_time":"2025-03-21T11:32:27+00:00","twitter_card":"summary_large_image","schema":{"@context":"https:\/\/schema.org","@graph":[{"@type":"WebPage","@id":"https:\/\/solplanet.net\/pt-pt\/impressao","url":"https:\/\/solplanet.net\/pt-pt\/impressao","name":"Imprint | Solplanet","isPartOf":{"@id":"https:\/\/solplanet.net\/pt-pt#website"},"datePublished":"2020-09-16T16:33:11+00:00","dateModified":"2025-03-21T11:32:27+00:00","description":"The power of the sun is the future of our planet. Solplanet makes solar for everybody. Easy-to-install, reliable and user-friendly inverters.","breadcrumb":{"@id":"https:\/\/solplanet.net\/pt-pt\/impressao#breadcrumb"},"inLanguage":"pt-PT","potentialAction":[{"@type":"ReadAction","target":["https:\/\/solplanet.net\/pt-pt\/impressao"]}]},{"@type":"BreadcrumbList","@id":"https:\/\/solplanet.net\/pt-pt\/impressao#breadcrumb","itemListElement":[{"@type":"ListItem","position":1,"name":"Home","item":"https:\/\/solplanet.net\/pt-pt"},{"@type":"ListItem","position":2,"name":"Imprint"}]},{"@type":"WebSite","@id":"https:\/\/solplanet.net\/pt-pt#website","url":"https:\/\/solplanet.net\/pt-pt","name":"Solplanet","description":"Solar for everybody","publisher":{"@id":"https:\/\/solplanet.net\/pt-pt#organization"},"potentialAction":[{"@type":"SearchAction","target":{"@type":"EntryPoint","urlTemplate":"https:\/\/solplanet.net\/pt-pt?s={search_term_string}"},"query-input":"required name=search_term_string"}],"inLanguage":"pt-PT"},{"@type":"Organization","@id":"https:\/\/solplanet.net\/pt-pt#organization","name":"Solplanet","url":"https:\/\/solplanet.net\/pt-pt","sameAs":[],"logo":{"@type":"ImageObject","inLanguage":"pt-PT","@id":"https:\/\/solplanet.net\/pt-pt#\/schema\/logo\/image\/","url":"https:\/\/solplanet.net\/wp-content\/uploads\/2020\/11\/Solplanet-LinkedInIcon.jpg","contentUrl":"https:\/\/solplanet.net\/wp-content\/uploads\/2020\/11\/Solplanet-LinkedInIcon.jpg","width":500,"height":500,"caption":"Solplanet"},"image":{"@id":"https:\/\/solplanet.net\/pt-pt#\/schema\/logo\/image\/"}}]}},"_links":{"self":[{"href":"https:\/\/solplanet.net\/pt-pt\/wp-json\/wp\/v2\/pages\/64605"}],"collection":[{"href":"https:\/\/solplanet.net\/pt-pt\/wp-json\/wp\/v2\/pages"}],"about":[{"href":"https:\/\/solplanet.net\/pt-pt\/wp-json\/wp\/v2\/types\/page"}],"author":[{"embeddable":true,"href":"https:\/\/solplanet.net\/pt-pt\/wp-json\/wp\/v2\/users\/5"}],"replies":[{"embeddable":true,"href":"https:\/\/solplanet.net\/pt-pt\/wp-json\/wp\/v2\/comments?post=64605"}],"version-history":[{"count":3,"href":"https:\/\/solplanet.net\/pt-pt\/wp-json\/wp\/v2\/pages\/64605\/revisions"}],"predecessor-version":[{"id":173546,"href":"https:\/\/solplanet.net\/pt-pt\/wp-json\/wp\/v2\/pages\/64605\/revisions\/173546"}],"wp:attachment":[{"href":"https:\/\/solplanet.net\/pt-pt\/wp-json\/wp\/v2\/media?parent=64605"}],"curies":[{"name":"wp","href":"https:\/\/api.w.org\/{rel}","templated":true}]}}