{"id":64599,"date":"2020-10-02T19:31:33","date_gmt":"2020-10-02T19:31:33","guid":{"rendered":"https:\/\/solplanet.net\/contact-us\/"},"modified":"2025-02-25T07:32:27","modified_gmt":"2025-02-25T07:32:27","slug":"contacte-nos","status":"publish","type":"page","link":"https:\/\/solplanet.net\/pt-pt\/contacte-nos","title":{"rendered":"Contact Us"},"content":{"rendered":"<div class=\"wrapper   wrapper__spacing-bottom-large---10\" id=\"\">\n\t<div class=\"wrapper__anchor\" id=\"\"><\/div>\n\t\t\t<div class=\"wrapper__container\">\n\t\t\t<div class=\"wrapper__inner wrapper__width-large--12\">\n\t\t\t\t<div class=\"jumbotron block-jumbotron__jumbotron\">\n\n\t<div style=\"background-image:url(https:\/\/solplanet.net\/wp-content\/uploads\/2020\/11\/pexels-andrea-piacquadio-3768998-HI.jpg)\" class=\"image-bg jumbotron__image-bg\"><\/div>\n\t<div class=\"jumbotron__mask jumbotron__mask-type--type4\"><\/div>\n\n\t<div class=\"\n\t\t\tjumbotron__content\n\t\t\tjumbotron__content--medium\n\t\t\tjumbotron__content--vertical-center\n\t\t\tjumbotron__content--horizontal-left\n\t\t\">\n\t\t<div class=\"jumbotron__content-wrap\">\n\t\t\t<h1 class=\"heading heading__align--left heading__color--white heading__size--big jumbotron__heading\">\n\tContate-nos<br>diretamente<\/h1>\t\t<\/div>\n\t<\/div>\n\n\t<\/div>\t\t\t<\/div>\n\t\t<\/div>\n\t<\/div>\n\n\n<div class=\"wrapper  wrapper__spacing-top-large--140 wrapper__spacing-top-tablet--80 wrapper__spacing-bottom-large---10 wrapper__spacing-bottom-tablet--80\" id=\"\">\n\t<div class=\"wrapper__anchor\" id=\"\"><\/div>\n\t\t\t<div class=\"wrapper__container wrapper__container-width-large--small wrapper__gutter-large--default wrapper__gutter-tablet--small\">\n\t\t\t<div class=\"wrapper__inner wrapper__width-large--12\">\n\t\t\t\t\n<div class=\"block-group\">\n\t\n<div class=\"wrapper   wrapper__spacing-bottom-large--20\" id=\"\">\n\t<div class=\"wrapper__anchor\" id=\"\"><\/div>\n\t\t\t\n<div class=\"block-heading\">\n\t<h2 class=\"heading heading__align--left heading__color--sunsetToDodger heading__size--default block-heading__heading heading__color--is-gradient\">\n\tContacte a sua equipa local por regi\u00e3o<\/h2>\t<\/div>\n\t<\/div>\n\n\n<div class=\"wrapper   wrapper__spacing-bottom-large--90 wrapper__spacing-bottom-tablet--40\" id=\"\">\n\t<div class=\"wrapper__anchor\" id=\"\"><\/div>\n\t\t\t<p class=\"paragraph paragraph__color--dove paragraph__align--left paragraph__size--default block-paragraph__paragraph\">\n\tEm caso de necessidade urgente de assist\u00eancia local, contacte a nossa equipa de assist\u00eancia no seu pa\u00eds, na lista abaixo<\/p>\t<\/div>\n\n<\/div>\n\t\t\t<\/div>\n\t\t<\/div>\n\t<\/div>\n\n\n<div class=\"wrapper   wrapper__spacing-bottom-large--40\" id=\"\">\n\t<div class=\"wrapper__anchor\" id=\"\"><\/div>\n\t\t\t<div class=\"wrapper__container wrapper__container-width-large--default wrapper__gutter-large--default wrapper__gutter-tablet--small\">\n\t\t\t<div class=\"wrapper__inner wrapper__width-large--12\">\n\t\t\t\t\n<div class=\"block-heading\">\n\t<h2 class=\"heading heading__align--center heading__color--sunsetToDodger heading__size--default block-heading__heading heading__color--is-gradient\">\n\tEMEA <\/h2>\t<\/div>\n\t\t\t<\/div>\n\t\t<\/div>\n\t<\/div>\n\n\n<div class=\"wrapper  wrapper__spacing-top-large--40 wrapper__spacing-top-tablet--80 wrapper__spacing-bottom-large--10 wrapper__spacing-bottom-tablet--80\" id=\"\">\n\t<div class=\"wrapper__anchor\" id=\"\"><\/div>\n\t\t\t<div class=\"wrapper__container wrapper__container-width-large--small wrapper__gutter-large--default wrapper__gutter-tablet--small\">\n\t\t\t<div class=\"wrapper__inner wrapper__width-large--12 wrapper__offset-large---1\">\n\t\t\t\t\n<div class=\"block-group\">\n\t\n<div class=\"wrapper  wrapper__spacing-top-large---10 wrapper__spacing-bottom-large--40\" id=\"\">\n\t<div class=\"wrapper__anchor\" id=\"\"><\/div>\n\t\t\t\n<div class=\"block-heading\">\n\t<h2 class=\"heading heading__align--left  heading__size--small block-heading__heading\">\n\tPortugal\uff1a<\/h2>\t<\/div>\n\t<\/div>\n\n\n\n<div class=\"block-column block-column__width-large--6 block-column__width-tablet--12 \">\n\t<\/div>\n\n\n<div class=\"wrapper   wrapper__spacing-bottom-large--40   wrapper__divider-bottom-large\" id=\"\">\n\t<div class=\"wrapper__anchor\" id=\"\"><\/div>\n\t\t\t<p class=\"paragraph paragraph__color--dove paragraph__align--left paragraph__size--default block-paragraph__paragraph\">\n\tVendas:<br>T: +34 676 633 900<br>E. <a href=\"mailto:Sales.es@solplanet.net\">Sales.pt@solplanet.net<\/a><br><br>Service:<br>T. +351 961764029<br><br>Marketing E. <br><a href=\"mailto:Marketing.iberia@solplanet.net\">Marketing.iberia@solplanet.net<\/a><\/p>\t<\/div>\n\n\n<div class=\"wp-block-image\">\n<figure class=\"alignleft size-full\"><img loading=\"lazy\" width=\"32\" height=\"32\" src=\"https:\/\/solplanet.net\/wp-content\/uploads\/2025\/01\/Whatsapp-icon-vector-05-2.png\" alt=\"\" class=\"wp-image-165288\" \/><\/figure><\/div>\n\n\n<p class=\"link-whatsapp\"><a href=\"https:\/\/wa.me\/351961794029\">WhatsApp<\/a><\/p>\n\n\n\n<div class=\"block-column block-column__width-large--5 block-column__width-tablet--12 block-column__offset-large--6 \">\n\t<\/div>\n\n<\/div>\n\t\t\t<\/div>\n\t\t<\/div>\n\t<\/div>\n\n\n<div class=\"wrapper wrapper__bg-color--gallery wrapper__spacing-top-large--120 wrapper__spacing-bottom-large--120\" id=\"subb\">\n\t<div class=\"wrapper__anchor\" id=\"subform\"><\/div>\n\t\t\t<div class=\"wrapper__container wrapper__container-width-large--small wrapper__gutter-large--default wrapper__gutter-tablet--small\">\n\t\t\t<div class=\"wrapper__inner wrapper__width-large--12\">\n\t\t\t\t\n<div class=\"block-group\">\n\t\n<div class=\"wrapper   wrapper__spacing-bottom-large--30\" id=\"\">\n\t<div class=\"wrapper__anchor\" id=\"\"><\/div>\n\t\t\t\n<div class=\"block-heading\">\n\t<h2 class=\"heading heading__align--center heading__color--sunsetToDodger heading__size--default block-heading__heading heading__color--is-gradient\">\n\tSubscribe to Solplanet News!<\/h2>\t<\/div>\n\t<\/div>\n\n\n<div class=\"wrapper   wrapper__spacing-bottom-large--30\" id=\"\">\n\t<div class=\"wrapper__anchor\" id=\"\"><\/div>\n\t\t\t<p class=\"paragraph paragraph__color--dove paragraph__align--center paragraph__size--medium block-paragraph__paragraph\">\n\tSubscribe now and be among the first to receive updates on our latest products and innovations, <br>exciting industry events, and captivating articles related to the PV industry. Join our community of<br> solar enthusiasts who are always ahead of the curve.<\/p>\t<\/div>\n\n\n<div class=\"wrapper   wrapper__spacing-bottom-large--40\" id=\"\">\n\t<div class=\"wrapper__anchor\" id=\"\"><\/div>\n\t\t\t\n<div class=\"block-group\">\n\t\n\n<p><\/p>\n\n\n<div class=\"wrapper   wrapper__spacing-bottom-large--40\" id=\"block-subs\">\n\t<div class=\"wrapper__anchor\" id=\"\"><\/div>\n\t\t\t<iframe src=\"https:\/\/info.solplanet.net\/l\/1026703\/2023-08-14\/c64c\" id=\"https:\/\/solplanet.net\/pt-pt\/wp-json\/wp\/v2\/pages\/64599\" class=\"iframeId\" frameborder=\"0\"><\/iframe>\t<\/div>\n\n<\/div>\n\t<\/div>\n\n<\/div>\n\t\t\t<\/div>\n\t\t<\/div>\n\t<\/div>\n","protected":false},"excerpt":{"rendered":"","protected":false},"author":5,"featured_media":0,"parent":0,"menu_order":0,"comment_status":"closed","ping_status":"closed","template":"","meta":[],"acf":[],"yoast_head":"<!-- This site is optimized with the Yoast SEO plugin v19.7.1 - https:\/\/yoast.com\/wordpress\/plugins\/seo\/ -->\n<title>Contact Us | Solplanet<\/title>\n<meta name=\"description\" content=\"The power of the sun is the future of our planet. Solplanet makes solar for everybody. Easy-to-install, reliable and user-friendly inverters.\" \/>\n<meta name=\"robots\" content=\"index, follow, max-snippet:-1, max-image-preview:large, max-video-preview:-1\" \/>\n<link rel=\"canonical\" href=\"https:\/\/solplanet.net\/pt-pt\/contacte-nos\" \/>\n<meta property=\"og:locale\" content=\"pt_PT\" \/>\n<meta property=\"og:type\" content=\"article\" \/>\n<meta property=\"og:title\" content=\"Contact Us | Solplanet\" \/>\n<meta property=\"og:description\" content=\"The power of the sun is the future of our planet. Solplanet makes solar for everybody. Easy-to-install, reliable and user-friendly inverters.\" \/>\n<meta property=\"og:url\" content=\"https:\/\/solplanet.net\/pt-pt\/contacte-nos\" \/>\n<meta property=\"og:site_name\" content=\"Solplanet\" \/>\n<meta property=\"article:modified_time\" content=\"2025-02-25T07:32:27+00:00\" \/>\n<meta property=\"og:image\" content=\"https:\/\/solplanet.net\/wp-content\/uploads\/2025\/01\/Whatsapp-icon-vector-05-2.png\" \/>\n<meta name=\"twitter:card\" content=\"summary_large_image\" \/>\n<meta name=\"twitter:label1\" content=\"Est. reading time\" \/>\n\t<meta name=\"twitter:data1\" content=\"1 minute\" \/>\n<script type=\"application\/ld+json\" class=\"yoast-schema-graph\">{\"@context\":\"https:\/\/schema.org\",\"@graph\":[{\"@type\":\"WebPage\",\"@id\":\"https:\/\/solplanet.net\/pt-pt\/contacte-nos\",\"url\":\"https:\/\/solplanet.net\/pt-pt\/contacte-nos\",\"name\":\"Contact Us | Solplanet\",\"isPartOf\":{\"@id\":\"https:\/\/solplanet.net\/pt-pt#website\"},\"datePublished\":\"2020-10-02T19:31:33+00:00\",\"dateModified\":\"2025-02-25T07:32:27+00:00\",\"description\":\"The power of the sun is the future of our planet. Solplanet makes solar for everybody. Easy-to-install, reliable and user-friendly inverters.\",\"breadcrumb\":{\"@id\":\"https:\/\/solplanet.net\/pt-pt\/contacte-nos#breadcrumb\"},\"inLanguage\":\"pt-PT\",\"potentialAction\":[{\"@type\":\"ReadAction\",\"target\":[\"https:\/\/solplanet.net\/pt-pt\/contacte-nos\"]}]},{\"@type\":\"BreadcrumbList\",\"@id\":\"https:\/\/solplanet.net\/pt-pt\/contacte-nos#breadcrumb\",\"itemListElement\":[{\"@type\":\"ListItem\",\"position\":1,\"name\":\"Home\",\"item\":\"https:\/\/solplanet.net\/pt-pt\"},{\"@type\":\"ListItem\",\"position\":2,\"name\":\"Contact Us\"}]},{\"@type\":\"WebSite\",\"@id\":\"https:\/\/solplanet.net\/pt-pt#website\",\"url\":\"https:\/\/solplanet.net\/pt-pt\",\"name\":\"Solplanet\",\"description\":\"Solar for everybody\",\"publisher\":{\"@id\":\"https:\/\/solplanet.net\/pt-pt#organization\"},\"potentialAction\":[{\"@type\":\"SearchAction\",\"target\":{\"@type\":\"EntryPoint\",\"urlTemplate\":\"https:\/\/solplanet.net\/pt-pt?s={search_term_string}\"},\"query-input\":\"required name=search_term_string\"}],\"inLanguage\":\"pt-PT\"},{\"@type\":\"Organization\",\"@id\":\"https:\/\/solplanet.net\/pt-pt#organization\",\"name\":\"Solplanet\",\"url\":\"https:\/\/solplanet.net\/pt-pt\",\"sameAs\":[],\"logo\":{\"@type\":\"ImageObject\",\"inLanguage\":\"pt-PT\",\"@id\":\"https:\/\/solplanet.net\/pt-pt#\/schema\/logo\/image\/\",\"url\":\"https:\/\/solplanet.net\/wp-content\/uploads\/2020\/11\/Solplanet-LinkedInIcon.jpg\",\"contentUrl\":\"https:\/\/solplanet.net\/wp-content\/uploads\/2020\/11\/Solplanet-LinkedInIcon.jpg\",\"width\":500,\"height\":500,\"caption\":\"Solplanet\"},\"image\":{\"@id\":\"https:\/\/solplanet.net\/pt-pt#\/schema\/logo\/image\/\"}}]}<\/script>\n<!-- \/ Yoast SEO plugin. -->","yoast_head_json":{"title":"Contact Us | Solplanet","description":"The power of the sun is the future of our planet. Solplanet makes solar for everybody. Easy-to-install, reliable and user-friendly inverters.","robots":{"index":"index","follow":"follow","max-snippet":"max-snippet:-1","max-image-preview":"max-image-preview:large","max-video-preview":"max-video-preview:-1"},"canonical":"https:\/\/solplanet.net\/pt-pt\/contacte-nos","og_locale":"pt_PT","og_type":"article","og_title":"Contact Us | Solplanet","og_description":"The power of the sun is the future of our planet. Solplanet makes solar for everybody. Easy-to-install, reliable and user-friendly inverters.","og_url":"https:\/\/solplanet.net\/pt-pt\/contacte-nos","og_site_name":"Solplanet","article_modified_time":"2025-02-25T07:32:27+00:00","og_image":[{"url":"https:\/\/solplanet.net\/wp-content\/uploads\/2025\/01\/Whatsapp-icon-vector-05-2.png"}],"twitter_card":"summary_large_image","twitter_misc":{"Est. reading time":"1 minute"},"schema":{"@context":"https:\/\/schema.org","@graph":[{"@type":"WebPage","@id":"https:\/\/solplanet.net\/pt-pt\/contacte-nos","url":"https:\/\/solplanet.net\/pt-pt\/contacte-nos","name":"Contact Us | Solplanet","isPartOf":{"@id":"https:\/\/solplanet.net\/pt-pt#website"},"datePublished":"2020-10-02T19:31:33+00:00","dateModified":"2025-02-25T07:32:27+00:00","description":"The power of the sun is the future of our planet. Solplanet makes solar for everybody. Easy-to-install, reliable and user-friendly inverters.","breadcrumb":{"@id":"https:\/\/solplanet.net\/pt-pt\/contacte-nos#breadcrumb"},"inLanguage":"pt-PT","potentialAction":[{"@type":"ReadAction","target":["https:\/\/solplanet.net\/pt-pt\/contacte-nos"]}]},{"@type":"BreadcrumbList","@id":"https:\/\/solplanet.net\/pt-pt\/contacte-nos#breadcrumb","itemListElement":[{"@type":"ListItem","position":1,"name":"Home","item":"https:\/\/solplanet.net\/pt-pt"},{"@type":"ListItem","position":2,"name":"Contact Us"}]},{"@type":"WebSite","@id":"https:\/\/solplanet.net\/pt-pt#website","url":"https:\/\/solplanet.net\/pt-pt","name":"Solplanet","description":"Solar for everybody","publisher":{"@id":"https:\/\/solplanet.net\/pt-pt#organization"},"potentialAction":[{"@type":"SearchAction","target":{"@type":"EntryPoint","urlTemplate":"https:\/\/solplanet.net\/pt-pt?s={search_term_string}"},"query-input":"required name=search_term_string"}],"inLanguage":"pt-PT"},{"@type":"Organization","@id":"https:\/\/solplanet.net\/pt-pt#organization","name":"Solplanet","url":"https:\/\/solplanet.net\/pt-pt","sameAs":[],"logo":{"@type":"ImageObject","inLanguage":"pt-PT","@id":"https:\/\/solplanet.net\/pt-pt#\/schema\/logo\/image\/","url":"https:\/\/solplanet.net\/wp-content\/uploads\/2020\/11\/Solplanet-LinkedInIcon.jpg","contentUrl":"https:\/\/solplanet.net\/wp-content\/uploads\/2020\/11\/Solplanet-LinkedInIcon.jpg","width":500,"height":500,"caption":"Solplanet"},"image":{"@id":"https:\/\/solplanet.net\/pt-pt#\/schema\/logo\/image\/"}}]}},"_links":{"self":[{"href":"https:\/\/solplanet.net\/pt-pt\/wp-json\/wp\/v2\/pages\/64599"}],"collection":[{"href":"https:\/\/solplanet.net\/pt-pt\/wp-json\/wp\/v2\/pages"}],"about":[{"href":"https:\/\/solplanet.net\/pt-pt\/wp-json\/wp\/v2\/types\/page"}],"author":[{"embeddable":true,"href":"https:\/\/solplanet.net\/pt-pt\/wp-json\/wp\/v2\/users\/5"}],"replies":[{"embeddable":true,"href":"https:\/\/solplanet.net\/pt-pt\/wp-json\/wp\/v2\/comments?post=64599"}],"version-history":[{"count":10,"href":"https:\/\/solplanet.net\/pt-pt\/wp-json\/wp\/v2\/pages\/64599\/revisions"}],"predecessor-version":[{"id":168628,"href":"https:\/\/solplanet.net\/pt-pt\/wp-json\/wp\/v2\/pages\/64599\/revisions\/168628"}],"wp:attachment":[{"href":"https:\/\/solplanet.net\/pt-pt\/wp-json\/wp\/v2\/media?parent=64599"}],"curies":[{"name":"wp","href":"https:\/\/api.w.org\/{rel}","templated":true}]}}