{"id":64553,"date":"2023-02-20T17:04:45","date_gmt":"2023-02-20T17:04:45","guid":{"rendered":"https:\/\/solplanet.net\/media-centre\/"},"modified":"2023-11-01T14:12:33","modified_gmt":"2023-11-01T14:12:33","slug":"media-centre","status":"publish","type":"page","link":"https:\/\/solplanet.net\/pt-pt\/media-centre","title":{"rendered":"Media Centre"},"content":{"rendered":"<div class=\"wrapper   wrapper__spacing-bottom-large--40\" id=\"\">\n\t<div class=\"wrapper__anchor\" id=\"\"><\/div>\n\t\t\t<div class=\"wrapper__container\">\n\t\t\t<div class=\"wrapper__inner wrapper__width-large--12\">\n\t\t\t\t<div class=\"jumbotron block-jumbotron__jumbotron\">\n\n\t<div style=\"background-image:url(https:\/\/solplanet.net\/wp-content\/uploads\/2023\/02\/20230213-Solplanet-Media-Jumbotron-BG.png)\" class=\"image-bg jumbotron__image-bg\"><\/div>\n\t<div class=\"jumbotron__mask jumbotron__mask-type--type4\"><\/div>\n\n\t<div class=\"\n\t\t\tjumbotron__content\n\t\t\tjumbotron__content--medium\n\t\t\tjumbotron__content--vertical-center\n\t\t\tjumbotron__content--horizontal-left\n\t\t\">\n\t\t<div class=\"jumbotron__content-wrap\">\n\t\t\t<p class=\"paragraph paragraph__color--white paragraph__align--left paragraph__size--default jumbotron__intro\">\n\tStay connected<\/p><h1 class=\"heading heading__align--left heading__color--white heading__size--big jumbotron__heading\">\n\tMedia Centre<\/h1>\t\t<\/div>\n\t<\/div>\n\n\t<\/div>\t\t\t<\/div>\n\t\t<\/div>\n\t<\/div>\n\n\n<div class=\"wrapper   wrapper__spacing-bottom-large--40\" id=\"\">\n\t<div class=\"wrapper__anchor\" id=\"\"><\/div>\n\t\t\t<div class=\"wrapper__container wrapper__container-width-large--default wrapper__gutter-large--default wrapper__gutter-tablet--small\">\n\t\t\t<div class=\"wrapper__inner wrapper__width-large--12\">\n\t\t\t\t\n<div class=\"block-columns js-block-columns block-columns__gutter-large--big block-columns__vertical-spacing-large--none\">\n\t\n\n<div class=\"block-column block-column__width-large--5 block-column__width-tablet--12 block-column__offset-large--0 \">\n\t\n<div class=\"wrapper   wrapper__spacing-bottom-large--40\" id=\"\">\n\t<div class=\"wrapper__anchor\" id=\"\"><\/div>\n\t\t\t\n<div class=\"block-heading\">\n\t<h2 class=\"heading heading__align--left heading__color--sunsetToDodger heading__size--default block-heading__heading heading__color--is-gradient\">\n\tGet in touch with us!<\/h2>\t<\/div>\n\t<\/div>\n\n\n<div class=\"wrapper   wrapper__spacing-bottom-large--40\" id=\"\">\n\t<div class=\"wrapper__anchor\" id=\"\"><\/div>\n\t\t\t<div class=\"btn__wrap btn__align--left block-button__btn\">\n\t\t\t<a href=\"mailto:ruiying.zhang@solplanet.net\" class=\"btn btn__color--alto btn__size--default btn__size-width--default \" id=\"\" title=\"Press inquiries\" aria-label=\"\">\n\t\t\tPress inquiries\t\t<\/a>\n\t<\/div>\t<\/div>\n\n<\/div>\n\n\n\n<div class=\"block-column block-column__width-large--5 block-column__width-tablet--12 block-column__offset-large--1 \">\n\t\n<div class=\"wrapper   wrapper__spacing-bottom-large--40\" id=\"\">\n\t<div class=\"wrapper__anchor\" id=\"\"><\/div>\n\t\t\t\n<div class=\"block-heading\">\n\t<h4 class=\"heading heading__align--left heading__color--shaft heading__size--medium block-heading__heading\">\n\tSolplanet is a brand of AISWEI, who has been manufacturing inverters since 2009.<\/h4>\t<\/div>\n\t<\/div>\n\n\n<div class=\"wrapper   wrapper__spacing-bottom-large--0\" id=\"\">\n\t<div class=\"wrapper__anchor\" id=\"\"><\/div>\n\t\t\t<p class=\"paragraph paragraph__color--dove paragraph__align--left paragraph__size--small block-paragraph__paragraph\">\n\tAt Solplanet, we are driven by a simple idea: solar for everybody. We strive to create the best possible experience for distributors, installers and end users. That\u2019s why our products are easy-to-install, reliable and user-friendly. Solplanet photovoltaic inverters are manufactured in compliance with international high-quality standards. Our annual production capacity exceeds 10 GW. So, chances are we can meet your demand.<\/p>\t<\/div>\n\n<\/div>\n\n<\/div>\n\t\t\t<\/div>\n\t\t<\/div>\n\t<\/div>\n\n\n<div class=\"wrapper wrapper__bg-color--sand  wrapper__spacing-bottom-large--40\" id=\"\">\n\t<div class=\"wrapper__anchor\" id=\"\"><\/div>\n\t\t\t<div class=\"wrapper__container wrapper__container-width-large--small wrapper__gutter-large--default wrapper__gutter-tablet--small\">\n\t\t\t<div class=\"wrapper__inner wrapper__width-large--12 wrapper__offset-large--0\">\n\t\t\t\t\n<div class=\"block-group\">\n\t\n<div class=\"wrapper  wrapper__spacing-top-large--60 wrapper__spacing-bottom-large--40\" id=\"\">\n\t<div class=\"wrapper__anchor\" id=\"\"><\/div>\n\t\t\t\n<div class=\"block-heading\">\n\t<h2 class=\"heading heading__align--center heading__color--shaft heading__size--default block-heading__heading\">\n\tNewsletter archive<\/h2>\t<\/div>\n\t<\/div>\n\n\n<div class=\"wrapper   wrapper__spacing-bottom-large--40  wrapper__divider-top-large wrapper__divider-bottom-large\" id=\"\">\n\t<div class=\"wrapper__anchor\" id=\"\"><\/div>\n\t\t\t\n<div class=\"block-cards-grid js-block-cards-grid\" data-items-per-line=\"3\">\n\t\n<div class=\"card-simple block-card__card-simple\">\n\t\n\t\t\t\t\t<div class=\"card-simple__intro js-card-simple-intro\">\n\t\t\t\t<h2 class=\"heading heading__align--center heading__color--dove heading__size--small card-simple__heading\">\n\tSolplanet News<\/h2><h2 class=\"heading heading__align--center heading__color--dove heading__size--small card-simple__subheading\">\n\tAugust 2023<\/h2>\t\t\t<\/div>\n\t\t\n\t\t\t\t\t<div class=\"card-simple__media js-card-simple-media\">\n\t\t\t\t<img src=\"https:\/\/solplanet.net\/wp-content\/uploads\/2023\/08\/20230731-Newsletter-August.jpg\" class=\"image card-simple__image\" \/>\t\t\t<\/div>\n\t\t\n\t\t\t\t\t<div class=\"card-simple__outro card-simple__outro--has-button\">\n\t\t\t\t<div class=\"btn__wrap btn__align--center card-simple__btn\">\n\t\t\t<a href=\"https:\/\/solplanet.net\/wp-content\/uploads\/2023\/08\/Solplanet-News-August2023.pdf\" class=\"btn btn__color--alto btn__size--default btn__size-width--default \" id=\"\" title=\"Download PDF\" aria-label=\"\" target=\"_blank\" rel=\"noopener noreferrer\">\n\t\t\tDownload PDF\t\t<\/a>\n\t<\/div>\t\t\t<\/div>\n\t\t\n\t\t\n\t<\/div>\n\n<div class=\"card-simple block-card__card-simple\">\n\t\n\t\t\t\t\t<div class=\"card-simple__intro js-card-simple-intro\">\n\t\t\t\t<h2 class=\"heading heading__align--center heading__color--dove heading__size--small card-simple__heading\">\n\tSolplanet News<\/h2><h2 class=\"heading heading__align--center heading__color--dove heading__size--small card-simple__subheading\">\n\tJuly 2023<\/h2>\t\t\t<\/div>\n\t\t\n\t\t\t\t\t<div class=\"card-simple__media js-card-simple-media\">\n\t\t\t\t<img src=\"https:\/\/solplanet.net\/wp-content\/uploads\/2023\/07\/20230628-Newsletter-July_COVER.jpg\" class=\"image card-simple__image\" \/>\t\t\t<\/div>\n\t\t\n\t\t\t\t\t<div class=\"card-simple__outro card-simple__outro--has-button\">\n\t\t\t\t<div class=\"btn__wrap btn__align--center card-simple__btn\">\n\t\t\t<a href=\"https:\/\/solplanet.net\/wp-content\/uploads\/2023\/07\/Solplanet-News-Newsletter-July-A5.pdf\" class=\"btn btn__color--alto btn__size--default btn__size-width--default \" id=\"\" title=\"Download PDF\" aria-label=\"\" target=\"_blank\" rel=\"noopener noreferrer\">\n\t\t\tDownload PDF\t\t<\/a>\n\t<\/div>\t\t\t<\/div>\n\t\t\n\t\t\n\t<\/div>\n\n<div class=\"card-simple block-card__card-simple\">\n\t\n\t\t\t\t\t<div class=\"card-simple__intro js-card-simple-intro\">\n\t\t\t\t<h2 class=\"heading heading__align--center heading__color--dove heading__size--small card-simple__heading\">\n\tSolplanet News<\/h2><h2 class=\"heading heading__align--center heading__color--dove heading__size--small card-simple__subheading\">\n\tJune 2023<\/h2>\t\t\t<\/div>\n\t\t\n\t\t\t\t\t<div class=\"card-simple__media js-card-simple-media\">\n\t\t\t\t<img src=\"https:\/\/solplanet.net\/wp-content\/uploads\/2023\/07\/20230530-Solplanet-Company-News-A5_June.jpg\" class=\"image card-simple__image\" \/>\t\t\t<\/div>\n\t\t\n\t\t\t\t\t<div class=\"card-simple__outro card-simple__outro--has-button\">\n\t\t\t\t<div class=\"btn__wrap btn__align--center card-simple__btn\">\n\t\t\t<a href=\"https:\/\/solplanet.net\/wp-content\/uploads\/2023\/07\/Solplanet-Company-News-A5_June.pdf\" class=\"btn btn__color--alto btn__size--default btn__size-width--default \" id=\"\" title=\"Download PDF\" aria-label=\"\" target=\"_blank\" rel=\"noopener noreferrer\">\n\t\t\tDownload PDF\t\t<\/a>\n\t<\/div>\t\t\t<\/div>\n\t\t\n\t\t\n\t<\/div>\n\n<div class=\"card-simple block-card__card-simple\">\n\t\n\t\t\t\t\t<div class=\"card-simple__intro js-card-simple-intro\">\n\t\t\t\t<h2 class=\"heading heading__align--center heading__color--dove heading__size--small card-simple__heading\">\n\tSolplanet News<\/h2><h2 class=\"heading heading__align--center heading__color--dove heading__size--small card-simple__subheading\">\n\tMay 2023<\/h2>\t\t\t<\/div>\n\t\t\n\t\t\t\t\t<div class=\"card-simple__media js-card-simple-media\">\n\t\t\t\t<img src=\"https:\/\/solplanet.net\/wp-content\/uploads\/2023\/05\/20230302-Solplanet-Company-News-A5_May_Cover.jpg\" class=\"image card-simple__image\" \/>\t\t\t<\/div>\n\t\t\n\t\t\t\t\t<div class=\"card-simple__outro card-simple__outro--has-button\">\n\t\t\t\t<div class=\"btn__wrap btn__align--center card-simple__btn\">\n\t\t\t<a href=\"https:\/\/solplanet.net\/wp-content\/uploads\/2023\/05\/20230508-Solplanet-Company-News-A5_May.pdf\" class=\"btn btn__color--alto btn__size--default btn__size-width--default \" id=\"\" title=\"Download PDF\" aria-label=\"\" target=\"_blank\" rel=\"noopener noreferrer\">\n\t\t\tDownload PDF\t\t<\/a>\n\t<\/div>\t\t\t<\/div>\n\t\t\n\t\t\n\t<\/div>\n\n<div class=\"card-simple block-card__card-simple\">\n\t\n\t\t\t\t\t<div class=\"card-simple__intro js-card-simple-intro\">\n\t\t\t\t<h2 class=\"heading heading__align--center heading__color--dove heading__size--small card-simple__heading\">\n\tSolplanet News<\/h2><h2 class=\"heading heading__align--center heading__color--dove heading__size--small card-simple__subheading\">\n\tApril 2023<\/h2>\t\t\t<\/div>\n\t\t\n\t\t\t\t\t<div class=\"card-simple__media js-card-simple-media\">\n\t\t\t\t<img src=\"https:\/\/solplanet.net\/wp-content\/uploads\/2023\/04\/20230220-Solplanet-Company-News-A5_PruebasCover3.jpg\" class=\"image card-simple__image\" \/>\t\t\t<\/div>\n\t\t\n\t\t\t\t\t<div class=\"card-simple__outro card-simple__outro--has-button\">\n\t\t\t\t<div class=\"btn__wrap btn__align--center card-simple__btn\">\n\t\t\t<a href=\"https:\/\/solplanet.net\/wp-content\/uploads\/2023\/04\/20230302-Solplanet-Company-News-A5_April.pdf\" class=\"btn btn__color--alto btn__size--default btn__size-width--default \" id=\"\" title=\"Download PDF\" aria-label=\"\" target=\"_blank\" rel=\"noopener noreferrer\">\n\t\t\tDownload PDF\t\t<\/a>\n\t<\/div>\t\t\t<\/div>\n\t\t\n\t\t\n\t<\/div>\n\n<div class=\"card-simple block-card__card-simple\">\n\t\n\t\t\t\t\t<div class=\"card-simple__intro js-card-simple-intro\">\n\t\t\t\t<h2 class=\"heading heading__align--center heading__color--dove heading__size--small card-simple__heading\">\n\tSolplanet News<\/h2><h2 class=\"heading heading__align--center heading__color--dove heading__size--small card-simple__subheading\">\n\tMarch 2023<\/h2>\t\t\t<\/div>\n\t\t\n\t\t\t\t\t<div class=\"card-simple__media js-card-simple-media\">\n\t\t\t\t<img src=\"https:\/\/solplanet.net\/wp-content\/uploads\/2023\/04\/20230220-Solplanet-Company-News-A5_PruebasCover2.jpg\" class=\"image card-simple__image\" \/>\t\t\t<\/div>\n\t\t\n\t\t\t\t\t<div class=\"card-simple__outro card-simple__outro--has-button\">\n\t\t\t\t<div class=\"btn__wrap btn__align--center card-simple__btn\">\n\t\t\t<a href=\"https:\/\/solplanet.net\/wp-content\/uploads\/2023\/04\/20230125-Solplanet-Company-News-A5_March.pdf\" class=\"btn btn__color--alto btn__size--default btn__size-width--default \" id=\"\" title=\"Download PDF\" aria-label=\"\" target=\"_blank\" rel=\"noopener noreferrer\">\n\t\t\tDownload PDF\t\t<\/a>\n\t<\/div>\t\t\t<\/div>\n\t\t\n\t\t\n\t<\/div>\n\n<div class=\"card-simple block-card__card-simple\">\n\t\n\t\t\t\t\t<div class=\"card-simple__intro js-card-simple-intro\">\n\t\t\t\t<h2 class=\"heading heading__align--center heading__color--dove heading__size--small card-simple__heading\">\n\tSolplanet News<\/h2><h2 class=\"heading heading__align--center heading__color--dove heading__size--small card-simple__subheading\">\n\tFebruary 2023<\/h2>\t\t\t<\/div>\n\t\t\n\t\t\t\t\t<div class=\"card-simple__media js-card-simple-media\">\n\t\t\t\t<img src=\"https:\/\/solplanet.net\/wp-content\/uploads\/2023\/04\/20230220-Solplanet-Company-News-A5_PruebasCover.jpg\" class=\"image card-simple__image\" \/>\t\t\t<\/div>\n\t\t\n\t\t\t\t\t<div class=\"card-simple__outro card-simple__outro--has-button\">\n\t\t\t\t<div class=\"btn__wrap btn__align--center card-simple__btn\">\n\t\t\t<a href=\"https:\/\/solplanet.net\/wp-content\/uploads\/2023\/04\/20230404-Solplanet-Company-News-A5_February.pdf\" class=\"btn btn__color--alto btn__size--default btn__size-width--default \" id=\"\" title=\"Download PDF\" aria-label=\"\" target=\"_blank\" rel=\"noopener noreferrer\">\n\t\t\tDownload PDF\t\t<\/a>\n\t<\/div>\t\t\t<\/div>\n\t\t\n\t\t\n\t<\/div>\n\n<div class=\"card-simple block-card__card-simple\">\n\t\n\t\t\t\t\t<div class=\"card-simple__intro js-card-simple-intro\">\n\t\t\t\t<h2 class=\"heading heading__align--center heading__color--dove heading__size--small card-simple__heading\">\n\tSolplanet News<\/h2><h2 class=\"heading heading__align--center heading__color--dove heading__size--small card-simple__subheading\">\n\tJanuary 2023<\/h2>\t\t\t<\/div>\n\t\t\n\t\t\t\t\t<div class=\"card-simple__media js-card-simple-media\">\n\t\t\t\t<img src=\"https:\/\/solplanet.net\/wp-content\/uploads\/2023\/05\/20230220-Solplanet-Company-News-A5_January_Cover.jpg\" class=\"image card-simple__image\" \/>\t\t\t<\/div>\n\t\t\n\t\t\t\t\t<div class=\"card-simple__outro card-simple__outro--has-button\">\n\t\t\t\t<div class=\"btn__wrap btn__align--center card-simple__btn\">\n\t\t\t<a href=\"https:\/\/solplanet.net\/wp-content\/uploads\/2023\/05\/20230427-Solplanet-Company-News-A5_January_Interior.pdf\" class=\"btn btn__color--alto btn__size--default btn__size-width--default \" id=\"\" title=\"Download PDF\" aria-label=\"\" target=\"_blank\" rel=\"noopener noreferrer\">\n\t\t\tDownload PDF\t\t<\/a>\n\t<\/div>\t\t\t<\/div>\n\t\t\n\t\t\n\t<\/div>\n<\/div>\n\t<\/div>\n\n<\/div>\n\t\t\t<\/div>\n\t\t<\/div>\n\t<\/div>\n\n\n<div class=\"wrapper wrapper__bg-color--gallery wrapper__spacing-top-large--120 wrapper__spacing-bottom-large--120\" id=\"subb\">\n\t<div class=\"wrapper__anchor\" id=\"subform\"><\/div>\n\t\t\t<div class=\"wrapper__container wrapper__container-width-large--small wrapper__gutter-large--default wrapper__gutter-tablet--small\">\n\t\t\t<div class=\"wrapper__inner wrapper__width-large--12\">\n\t\t\t\t\n<div class=\"block-group\">\n\t\n<div class=\"wrapper   wrapper__spacing-bottom-large--30\" id=\"\">\n\t<div class=\"wrapper__anchor\" id=\"\"><\/div>\n\t\t\t\n<div class=\"block-heading\">\n\t<h2 class=\"heading heading__align--center heading__color--sunsetToDodger heading__size--default block-heading__heading heading__color--is-gradient\">\n\tSubscreve a Solplanet News!<\/h2>\t<\/div>\n\t<\/div>\n\n\n<div class=\"wrapper   wrapper__spacing-bottom-large--40\" id=\"\">\n\t<div class=\"wrapper__anchor\" id=\"\"><\/div>\n\t\t\t<p class=\"paragraph paragraph__color--dove paragraph__align--center paragraph__size--default block-paragraph__paragraph\">\n\tSubscreva agora e seja um dos primeiros a receber actualiza\u00e7\u00f5es sobre os nossos produtos, inova\u00e7\u00f5es mais recentes, os eventos mais entusuasmantes da ind\u00fastria e artigos cativantes relacionados com a ind\u00fastria fotovoltaica. Junte-se \u00e0 nossa comunidade de entusiastas da energia solar que est\u00e3o sempre \u00e0 frente da curva<\/p>\t<\/div>\n\n\n<div class=\"wrapper   wrapper__spacing-bottom-large--40\" id=\"block-subs\">\n\t<div class=\"wrapper__anchor\" id=\"\"><\/div>\n\t\t\t<iframe src=\"https:\/\/info.solplanet.net\/l\/1026703\/2023-11-01\/l8l4\" id=\"https:\/\/solplanet.net\/pt-pt\/wp-json\/wp\/v2\/pages\/64553\" class=\"iframeId iframeIdbg\" frameborder=\"0\"><\/iframe>\t<\/div>\n\n<\/div>\n\t\t\t<\/div>\n\t\t<\/div>\n\t<\/div>\n","protected":false},"excerpt":{"rendered":"","protected":false},"author":7,"featured_media":0,"parent":0,"menu_order":0,"comment_status":"closed","ping_status":"closed","template":"","meta":[],"acf":[],"yoast_head":"<!-- This site is optimized with the Yoast SEO plugin v19.7.1 - https:\/\/yoast.com\/wordpress\/plugins\/seo\/ -->\n<title>Media Centre | Solplanet<\/title>\n<meta name=\"description\" content=\"The power of the sun is the future of our planet. Solplanet makes solar for everybody. Easy-to-install, reliable and user-friendly inverters.\" \/>\n<meta name=\"robots\" content=\"index, follow, max-snippet:-1, max-image-preview:large, max-video-preview:-1\" \/>\n<link rel=\"canonical\" href=\"https:\/\/solplanet.net\/pt-pt\/media-centre\" \/>\n<meta property=\"og:locale\" content=\"pt_PT\" \/>\n<meta property=\"og:type\" content=\"article\" \/>\n<meta property=\"og:title\" content=\"Media Centre | Solplanet\" \/>\n<meta property=\"og:description\" content=\"The power of the sun is the future of our planet. Solplanet makes solar for everybody. Easy-to-install, reliable and user-friendly inverters.\" \/>\n<meta property=\"og:url\" content=\"https:\/\/solplanet.net\/pt-pt\/media-centre\" \/>\n<meta property=\"og:site_name\" content=\"Solplanet\" \/>\n<meta property=\"article:modified_time\" content=\"2023-11-01T14:12:33+00:00\" \/>\n<meta name=\"twitter:card\" content=\"summary_large_image\" \/>\n<script type=\"application\/ld+json\" class=\"yoast-schema-graph\">{\"@context\":\"https:\/\/schema.org\",\"@graph\":[{\"@type\":\"WebPage\",\"@id\":\"https:\/\/solplanet.net\/pt-pt\/media-centre\",\"url\":\"https:\/\/solplanet.net\/pt-pt\/media-centre\",\"name\":\"Media Centre | Solplanet\",\"isPartOf\":{\"@id\":\"https:\/\/solplanet.net\/pt-pt#website\"},\"datePublished\":\"2023-02-20T17:04:45+00:00\",\"dateModified\":\"2023-11-01T14:12:33+00:00\",\"description\":\"The power of the sun is the future of our planet. Solplanet makes solar for everybody. Easy-to-install, reliable and user-friendly inverters.\",\"breadcrumb\":{\"@id\":\"https:\/\/solplanet.net\/pt-pt\/media-centre#breadcrumb\"},\"inLanguage\":\"pt-PT\",\"potentialAction\":[{\"@type\":\"ReadAction\",\"target\":[\"https:\/\/solplanet.net\/pt-pt\/media-centre\"]}]},{\"@type\":\"BreadcrumbList\",\"@id\":\"https:\/\/solplanet.net\/pt-pt\/media-centre#breadcrumb\",\"itemListElement\":[{\"@type\":\"ListItem\",\"position\":1,\"name\":\"Home\",\"item\":\"https:\/\/solplanet.net\/pt-pt\"},{\"@type\":\"ListItem\",\"position\":2,\"name\":\"Media Centre\"}]},{\"@type\":\"WebSite\",\"@id\":\"https:\/\/solplanet.net\/pt-pt#website\",\"url\":\"https:\/\/solplanet.net\/pt-pt\",\"name\":\"Solplanet\",\"description\":\"Solar for everybody\",\"publisher\":{\"@id\":\"https:\/\/solplanet.net\/pt-pt#organization\"},\"potentialAction\":[{\"@type\":\"SearchAction\",\"target\":{\"@type\":\"EntryPoint\",\"urlTemplate\":\"https:\/\/solplanet.net\/pt-pt?s={search_term_string}\"},\"query-input\":\"required name=search_term_string\"}],\"inLanguage\":\"pt-PT\"},{\"@type\":\"Organization\",\"@id\":\"https:\/\/solplanet.net\/pt-pt#organization\",\"name\":\"Solplanet\",\"url\":\"https:\/\/solplanet.net\/pt-pt\",\"sameAs\":[],\"logo\":{\"@type\":\"ImageObject\",\"inLanguage\":\"pt-PT\",\"@id\":\"https:\/\/solplanet.net\/pt-pt#\/schema\/logo\/image\/\",\"url\":\"https:\/\/solplanet.net\/wp-content\/uploads\/2020\/11\/Solplanet-LinkedInIcon.jpg\",\"contentUrl\":\"https:\/\/solplanet.net\/wp-content\/uploads\/2020\/11\/Solplanet-LinkedInIcon.jpg\",\"width\":500,\"height\":500,\"caption\":\"Solplanet\"},\"image\":{\"@id\":\"https:\/\/solplanet.net\/pt-pt#\/schema\/logo\/image\/\"}}]}<\/script>\n<!-- \/ Yoast SEO plugin. -->","yoast_head_json":{"title":"Media Centre | Solplanet","description":"The power of the sun is the future of our planet. Solplanet makes solar for everybody. Easy-to-install, reliable and user-friendly inverters.","robots":{"index":"index","follow":"follow","max-snippet":"max-snippet:-1","max-image-preview":"max-image-preview:large","max-video-preview":"max-video-preview:-1"},"canonical":"https:\/\/solplanet.net\/pt-pt\/media-centre","og_locale":"pt_PT","og_type":"article","og_title":"Media Centre | Solplanet","og_description":"The power of the sun is the future of our planet. Solplanet makes solar for everybody. Easy-to-install, reliable and user-friendly inverters.","og_url":"https:\/\/solplanet.net\/pt-pt\/media-centre","og_site_name":"Solplanet","article_modified_time":"2023-11-01T14:12:33+00:00","twitter_card":"summary_large_image","schema":{"@context":"https:\/\/schema.org","@graph":[{"@type":"WebPage","@id":"https:\/\/solplanet.net\/pt-pt\/media-centre","url":"https:\/\/solplanet.net\/pt-pt\/media-centre","name":"Media Centre | Solplanet","isPartOf":{"@id":"https:\/\/solplanet.net\/pt-pt#website"},"datePublished":"2023-02-20T17:04:45+00:00","dateModified":"2023-11-01T14:12:33+00:00","description":"The power of the sun is the future of our planet. Solplanet makes solar for everybody. Easy-to-install, reliable and user-friendly inverters.","breadcrumb":{"@id":"https:\/\/solplanet.net\/pt-pt\/media-centre#breadcrumb"},"inLanguage":"pt-PT","potentialAction":[{"@type":"ReadAction","target":["https:\/\/solplanet.net\/pt-pt\/media-centre"]}]},{"@type":"BreadcrumbList","@id":"https:\/\/solplanet.net\/pt-pt\/media-centre#breadcrumb","itemListElement":[{"@type":"ListItem","position":1,"name":"Home","item":"https:\/\/solplanet.net\/pt-pt"},{"@type":"ListItem","position":2,"name":"Media Centre"}]},{"@type":"WebSite","@id":"https:\/\/solplanet.net\/pt-pt#website","url":"https:\/\/solplanet.net\/pt-pt","name":"Solplanet","description":"Solar for everybody","publisher":{"@id":"https:\/\/solplanet.net\/pt-pt#organization"},"potentialAction":[{"@type":"SearchAction","target":{"@type":"EntryPoint","urlTemplate":"https:\/\/solplanet.net\/pt-pt?s={search_term_string}"},"query-input":"required name=search_term_string"}],"inLanguage":"pt-PT"},{"@type":"Organization","@id":"https:\/\/solplanet.net\/pt-pt#organization","name":"Solplanet","url":"https:\/\/solplanet.net\/pt-pt","sameAs":[],"logo":{"@type":"ImageObject","inLanguage":"pt-PT","@id":"https:\/\/solplanet.net\/pt-pt#\/schema\/logo\/image\/","url":"https:\/\/solplanet.net\/wp-content\/uploads\/2020\/11\/Solplanet-LinkedInIcon.jpg","contentUrl":"https:\/\/solplanet.net\/wp-content\/uploads\/2020\/11\/Solplanet-LinkedInIcon.jpg","width":500,"height":500,"caption":"Solplanet"},"image":{"@id":"https:\/\/solplanet.net\/pt-pt#\/schema\/logo\/image\/"}}]}},"_links":{"self":[{"href":"https:\/\/solplanet.net\/pt-pt\/wp-json\/wp\/v2\/pages\/64553"}],"collection":[{"href":"https:\/\/solplanet.net\/pt-pt\/wp-json\/wp\/v2\/pages"}],"about":[{"href":"https:\/\/solplanet.net\/pt-pt\/wp-json\/wp\/v2\/types\/page"}],"author":[{"embeddable":true,"href":"https:\/\/solplanet.net\/pt-pt\/wp-json\/wp\/v2\/users\/7"}],"replies":[{"embeddable":true,"href":"https:\/\/solplanet.net\/pt-pt\/wp-json\/wp\/v2\/comments?post=64553"}],"version-history":[{"count":2,"href":"https:\/\/solplanet.net\/pt-pt\/wp-json\/wp\/v2\/pages\/64553\/revisions"}],"predecessor-version":[{"id":80812,"href":"https:\/\/solplanet.net\/pt-pt\/wp-json\/wp\/v2\/pages\/64553\/revisions\/80812"}],"wp:attachment":[{"href":"https:\/\/solplanet.net\/pt-pt\/wp-json\/wp\/v2\/media?parent=64553"}],"curies":[{"name":"wp","href":"https:\/\/api.w.org\/{rel}","templated":true}]}}