{"id":8784,"date":"2020-10-02T19:31:33","date_gmt":"2020-10-02T19:31:33","guid":{"rendered":"https:\/\/solplanet.net\/?page_id=8784"},"modified":"2023-07-25T10:39:56","modified_gmt":"2023-07-25T10:39:56","slug":"contate-nos","status":"publish","type":"page","link":"https:\/\/solplanet.net\/pt-br\/contate-nos","title":{"rendered":"Contate Nos"},"content":{"rendered":"<div class=\"wrapper   wrapper__spacing-bottom-large--40\" id=\"\">\n\t<div class=\"wrapper__anchor\" id=\"\"><\/div>\n\t\t\t<div class=\"wrapper__container\">\n\t\t\t<div class=\"wrapper__inner wrapper__width-large--12\">\n\t\t\t\t<div class=\"jumbotron block-jumbotron__jumbotron\">\n\n\t<div style=\"background-image:url(https:\/\/solplanet.net\/wp-content\/uploads\/2020\/11\/eddy-billard-4_SfTecQE9M-unsplash-HI.jpg)\" class=\"image-bg jumbotron__image-bg\"><\/div>\n\t<div class=\"jumbotron__mask jumbotron__mask-type--type1\"><\/div>\n\n\t<div class=\"\n\t\t\tjumbotron__content\n\t\t\tjumbotron__content--default\n\t\t\tjumbotron__content--vertical-center\n\t\t\tjumbotron__content--horizontal-left\n\t\t\">\n\t\t<div class=\"jumbotron__content-wrap\">\n\t\t\t<h1 class=\"heading heading__align--left heading__color--white heading__size--big jumbotron__heading\">\n\tContate-Nos diretamente<\/h1>\t\t<\/div>\n\t<\/div>\n\n\t<\/div>\t\t\t<\/div>\n\t\t<\/div>\n\t<\/div>\n\n\n<div class=\"wrapper wrapper__bg-color--gallery wrapper__spacing-top-large--60 wrapper__spacing-top-tablet--80 wrapper__spacing-bottom-large--60 wrapper__spacing-bottom-tablet--80   wrapper__divider-bottom-large\" id=\"\">\n\t<div class=\"wrapper__anchor\" id=\"\"><\/div>\n\t\t\t<div class=\"wrapper__container wrapper__container-width-large--small wrapper__gutter-large--default wrapper__gutter-tablet--small\">\n\t\t\t<div class=\"wrapper__inner wrapper__width-large--12\">\n\t\t\t\t\n<div class=\"block-group\">\n\t\n<div class=\"wrapper   wrapper__spacing-bottom-large--20\" id=\"\">\n\t<div class=\"wrapper__anchor\" id=\"\"><\/div>\n\t\t\t\n<div class=\"block-heading\">\n\t<h2 class=\"heading heading__align--left heading__color--shaft heading__size--default block-heading__heading\">\n\tContato global<\/h2>\t<\/div>\n\t<\/div>\n\n\n<div class=\"wrapper   wrapper__spacing-bottom-large--110 wrapper__spacing-bottom-tablet--40\" id=\"\">\n\t<div class=\"wrapper__anchor\" id=\"\"><\/div>\n\t\t\t<p class=\"paragraph paragraph__color--dove paragraph__align--left paragraph__size--default block-paragraph__paragraph\">\n\tSe voc\u00ea tiver solicita\u00e7\u00f5es de informa\u00e7\u00f5es gerais ou quiser se tornar um distribuidor Solplanet, entre em contato conosco diretamente.<\/p>\t<\/div>\n\n\n<div class=\"wrapper   wrapper__spacing-bottom-large--0\" id=\"\">\n\t<div class=\"wrapper__anchor\" id=\"\"><\/div>\n\t\t\t\n<div class=\"block-columns js-block-columns block-columns__gutter-large--default block-columns__vertical-spacing-large--default\">\n\t\n\n<div class=\"block-column block-column__width-large--6 block-column__width-tablet--12 \">\n\t\n<div class=\"wrapper   wrapper__spacing-bottom-large--40\" id=\"\">\n\t<div class=\"wrapper__anchor\" id=\"\"><\/div>\n\t\t\t<p class=\"paragraph paragraph__color--dove paragraph__align--left paragraph__size--big block-paragraph__paragraph\">\n\tinfo@solplanet.net<\/p>\t<\/div>\n\n<\/div>\n\n\n\n<div class=\"block-column block-column__width-large--6 block-column__width-tablet--12 \">\n\t\n<div class=\"wrapper   wrapper__spacing-bottom-large--40\" id=\"\">\n\t<div class=\"wrapper__anchor\" id=\"\"><\/div>\n\t\t\t<p class=\"paragraph paragraph__color--dove paragraph__align--left paragraph__size--big block-paragraph__paragraph\">\n\tsales@solplanet.net<\/p>\t<\/div>\n\n<\/div>\n\n<\/div>\n\t<\/div>\n\n<\/div>\n\t\t\t<\/div>\n\t\t<\/div>\n\t<\/div>\n\n\n<div class=\"wrapper  wrapper__spacing-top-large--140 wrapper__spacing-top-tablet--80 wrapper__spacing-bottom-large---10 wrapper__spacing-bottom-tablet--80\" id=\"\">\n\t<div class=\"wrapper__anchor\" id=\"\"><\/div>\n\t\t\t<div class=\"wrapper__container wrapper__container-width-large--small wrapper__gutter-large--default wrapper__gutter-tablet--small\">\n\t\t\t<div class=\"wrapper__inner wrapper__width-large--12\">\n\t\t\t\t\n<div class=\"block-group\">\n\t\n<div class=\"wrapper   wrapper__spacing-bottom-large--20\" id=\"\">\n\t<div class=\"wrapper__anchor\" id=\"\"><\/div>\n\t\t\t\n<div class=\"block-heading\">\n\t<h2 class=\"heading heading__align--left heading__color--sunsetToDodger heading__size--default block-heading__heading heading__color--is-gradient\">\n\tContate sua equipe local<\/h2>\t<\/div>\n\t<\/div>\n\n\n<div class=\"wrapper   wrapper__spacing-bottom-large--90 wrapper__spacing-bottom-tablet--40\" id=\"\">\n\t<div class=\"wrapper__anchor\" id=\"\"><\/div>\n\t\t\t<p class=\"paragraph paragraph__color--dove paragraph__align--left paragraph__size--default block-paragraph__paragraph\">\n\tSe voc\u00ea tiver uma necessidade urgente de servi\u00e7o local, entre em contato com a equipe t\u00e9cnica mais pr\u00f3xima de voc\u00ea, na lista abaixo<\/p>\t<\/div>\n\n\n<div class=\"wrapper   wrapper__spacing-bottom-large--40\" id=\"\">\n\t<div class=\"wrapper__anchor\" id=\"\"><\/div>\n\t\t\t\n<div class=\"block-heading\">\n\t<h2 class=\"heading heading__align--left heading__color--shaft heading__size--small block-heading__heading\">\n\tBrasil<\/h2>\t<\/div>\n\t<\/div>\n\n\n<div class=\"wrapper   wrapper__spacing-bottom-large--0   wrapper__divider-bottom-large\" id=\"\">\n\t<div class=\"wrapper__anchor\" id=\"\"><\/div>\n\t\t\t\n<div class=\"block-columns js-block-columns block-columns__gutter-large--default block-columns__vertical-spacing-large--default\">\n\t\n\n<div class=\"block-column block-column__width-large--6 block-column__width-tablet--12 \">\n\t\n<div class=\"wrapper   wrapper__spacing-bottom-large--40\" id=\"\">\n\t<div class=\"wrapper__anchor\" id=\"\"><\/div>\n\t\t\t<p class=\"paragraph paragraph__color--dove paragraph__align--left paragraph__size--default block-paragraph__paragraph\">\n\t<br><a href=\"+55 0800 606 6016\n\nservice.br@solplanet.net\">E. sales.br@solplanet.net<\/a><br><a href=\"+55 0800 606 6016\n\nservice.br@solplanet.net\">T. +55 51 99800 8500<\/a><br><a href=\"+55 0800 606 6016\n\nservice.br@solplanet.net\"><br>E. service.br@solplanet.net<br>T. +55 0800 606 6016<\/a><\/p>\t<\/div>\n\n<\/div>\n\n\n\n<div class=\"block-column block-column__width-large--6 block-column__width-tablet--12 \">\n\t\n<div class=\"wrapper   wrapper__spacing-bottom-large--40\" id=\"\">\n\t<div class=\"wrapper__anchor\" id=\"\"><\/div>\n\t\t\t<p class=\"paragraph paragraph__color--dove paragraph__align--left paragraph__size--default block-paragraph__paragraph\">\n\t<br><br><br>Segunda a sexta: das 9 \u00e1s 19h<\/p>\t<\/div>\n\n<\/div>\n\n<\/div>\n\t<\/div>\n\n\n<div class=\"wrapper  wrapper__spacing-top-large--40 wrapper__spacing-bottom-large--40\" id=\"\">\n\t<div class=\"wrapper__anchor\" id=\"\"><\/div>\n\t\t\t\n<div class=\"block-heading\">\n\t<h2 class=\"heading heading__align--left heading__color--shaft heading__size--small block-heading__heading\">\n\tPa\u00edses Baixos<\/h2>\t<\/div>\n\t<\/div>\n\n\n<div class=\"wrapper   wrapper__spacing-bottom-large--0   wrapper__divider-bottom-large\" id=\"\">\n\t<div class=\"wrapper__anchor\" id=\"\"><\/div>\n\t\t\t\n<div class=\"block-columns js-block-columns block-columns__gutter-large--default block-columns__vertical-spacing-large--default\">\n\t\n\n<div class=\"block-column block-column__width-large--6 block-column__width-tablet--12 \">\n\t\n<div class=\"wrapper   wrapper__spacing-bottom-large--40\" id=\"\">\n\t<div class=\"wrapper__anchor\" id=\"\"><\/div>\n\t\t\t<p class=\"paragraph paragraph__color--dove paragraph__align--left paragraph__size--default block-paragraph__paragraph\">\n\t<br>E. sales.nl@solplanet.net<br>T. +31 20 240 25 57<br><br>E. service.eu@solplanet.net<br>T. +31 20 800 48 44<\/p>\t<\/div>\n\n<\/div>\n\n\n\n<div class=\"block-column block-column__width-large--6 block-column__width-tablet--12 \">\n\t\n<div class=\"wrapper   wrapper__spacing-bottom-large--40\" id=\"\">\n\t<div class=\"wrapper__anchor\" id=\"\"><\/div>\n\t\t\t<p class=\"paragraph paragraph__color--dove paragraph__align--left paragraph__size--default block-paragraph__paragraph\">\n\t<br><br><br><br>Segunda a sexta: das 9 \u00e1s 17h<br><\/p>\t<\/div>\n\n<\/div>\n\n<\/div>\n\t<\/div>\n\n\n<div class=\"wrapper  wrapper__spacing-top-large--40 wrapper__spacing-bottom-large--40\" id=\"\">\n\t<div class=\"wrapper__anchor\" id=\"\"><\/div>\n\t\t\t\n<div class=\"block-heading\">\n\t<h2 class=\"heading heading__align--left heading__color--shaft heading__size--small block-heading__heading\">\n\tPol\u00f4nia<\/h2>\t<\/div>\n\t<\/div>\n\n\n<div class=\"wrapper   wrapper__spacing-bottom-large--0   wrapper__divider-bottom-large\" id=\"\">\n\t<div class=\"wrapper__anchor\" id=\"\"><\/div>\n\t\t\t\n<div class=\"block-columns js-block-columns block-columns__gutter-large--default block-columns__vertical-spacing-large--default\">\n\t\n\n<div class=\"block-column block-column__width-large--6 block-column__width-tablet--12 \">\n\t\n<div class=\"wrapper   wrapper__spacing-bottom-large--40\" id=\"\">\n\t<div class=\"wrapper__anchor\" id=\"\"><\/div>\n\t\t\t<p class=\"paragraph paragraph__color--dove paragraph__align--left paragraph__size--default block-paragraph__paragraph\">\n\t<br>E. sales.pl@solplanet.net<br>T. +48 60 072 17 91<br><br>E. service.pl@solplanet.net<br>T. +48 13 492 61 09<\/p>\t<\/div>\n\n<\/div>\n\n\n\n<div class=\"block-column block-column__width-large--6 block-column__width-tablet--12 \">\n\t\n<div class=\"wrapper   wrapper__spacing-bottom-large--40\" id=\"\">\n\t<div class=\"wrapper__anchor\" id=\"\"><\/div>\n\t\t\t<p class=\"paragraph paragraph__color--dove paragraph__align--left paragraph__size--default block-paragraph__paragraph\">\n\t<br><br><br>Segunda a sexta: das 9 \u00e1s 17h<br><\/p>\t<\/div>\n\n<\/div>\n\n<\/div>\n\t<\/div>\n\n\n<div class=\"wrapper  wrapper__spacing-top-large--40 wrapper__spacing-bottom-large--40\" id=\"\">\n\t<div class=\"wrapper__anchor\" id=\"\"><\/div>\n\t\t\t\n<div class=\"block-heading\">\n\t<h2 class=\"heading heading__align--left heading__color--shaft heading__size--small block-heading__heading\">\n\tTurquia<\/h2>\t<\/div>\n\t<\/div>\n\n\n<div class=\"wrapper   wrapper__spacing-bottom-large--0   wrapper__divider-bottom-large\" id=\"\">\n\t<div class=\"wrapper__anchor\" id=\"\"><\/div>\n\t\t\t\n<div class=\"block-columns js-block-columns block-columns__gutter-large--default block-columns__vertical-spacing-large--default\">\n\t\n\n<div class=\"block-column block-column__width-large--6 block-column__width-tablet--12 \">\n\t\n<div class=\"wrapper  wrapper__spacing-top-large---1 wrapper__spacing-bottom-large--40\" id=\"\">\n\t<div class=\"wrapper__anchor\" id=\"\"><\/div>\n\t\t\t<p class=\"paragraph paragraph__color--dove paragraph__align--left paragraph__size--default block-paragraph__paragraph\">\n\t<br>E. sales.tr@solplanet.net<br>T. +90 554 631 10 89<br><br>E. servis-solplanet@pvdepo.com.tr<br>T. +90 850 346 00 24<br><br><\/p>\t<\/div>\n\n<\/div>\n\n\n\n<div class=\"block-column block-column__width-large--6 block-column__width-tablet--12 block-column__offset-large---1 \">\n\t\n<div class=\"wrapper   wrapper__spacing-bottom-large--40\" id=\"\">\n\t<div class=\"wrapper__anchor\" id=\"\"><\/div>\n\t\t\t<p class=\"paragraph paragraph__color--dove paragraph__align--left paragraph__size--default block-paragraph__paragraph\">\n\t<\/p>\t<\/div>\n\n<\/div>\n\n<\/div>\n\t<\/div>\n\n<\/div>\n\t\t\t<\/div>\n\t\t<\/div>\n\t<\/div>\n\n\n<div class=\"wrapper  wrapper__spacing-top-large--40 wrapper__spacing-top-tablet--80 wrapper__spacing-bottom-large--110 wrapper__spacing-bottom-tablet--80\" id=\"\">\n\t<div class=\"wrapper__anchor\" id=\"\"><\/div>\n\t\t\t<div class=\"wrapper__container wrapper__container-width-large--small wrapper__gutter-large--default wrapper__gutter-tablet--small\">\n\t\t\t<div class=\"wrapper__inner wrapper__width-large--12 wrapper__offset-large---1\">\n\t\t\t\t\n<div class=\"block-group\">\n\t\n<div class=\"wrapper  wrapper__spacing-top-large---10 wrapper__spacing-bottom-large--40\" id=\"\">\n\t<div class=\"wrapper__anchor\" id=\"\"><\/div>\n\t\t\t\n<div class=\"block-heading\">\n\t<h2 class=\"heading heading__align--left heading__color--shaft heading__size--small block-heading__heading\">\n\tAustr\u00e1lia<\/h2>\t<\/div>\n\t<\/div>\n\n\n<div class=\"wrapper   wrapper__spacing-bottom-large--0   wrapper__divider-bottom-large\" id=\"\">\n\t<div class=\"wrapper__anchor\" id=\"\"><\/div>\n\t\t\t\n<div class=\"block-columns js-block-columns block-columns__gutter-large--default block-columns__vertical-spacing-large--default\">\n\t\n\n<div class=\"block-column block-column__width-large--6 block-column__width-tablet--12 \">\n\t\n<div class=\"wrapper  wrapper__spacing-top-large---10 wrapper__spacing-bottom-large--40\" id=\"\">\n\t<div class=\"wrapper__anchor\" id=\"\"><\/div>\n\t\t\t<p class=\"paragraph paragraph__color--dove paragraph__align--left paragraph__size--default block-paragraph__paragraph\">\n\t<br>E. sales.br@solplanet.net<br>T.<br>E. service.br@solplanet.net<br>T. +55 519 9800 8500<\/p>\t<\/div>\n\n<\/div>\n\n\n\n<div class=\"block-column block-column__width-large--6 block-column__width-tablet--12 \">\n\t\n<div class=\"wrapper  wrapper__spacing-top-large---10 wrapper__spacing-bottom-large--40\" id=\"\">\n\t<div class=\"wrapper__anchor\" id=\"\"><\/div>\n\t\t\t<p class=\"paragraph paragraph__color--dove paragraph__align--left paragraph__size--default block-paragraph__paragraph\">\n\t<br><br><br><br>Segunda a sexta: das 9 \u00e1s 19h<br><\/p>\t<\/div>\n\n<\/div>\n\n<\/div>\n\t<\/div>\n\n\n<div class=\"wrapper  wrapper__spacing-top-large---10 wrapper__spacing-bottom-large--40\" id=\"\">\n\t<div class=\"wrapper__anchor\" id=\"\"><\/div>\n\t\t\t\n<div class=\"block-heading\">\n\t<h2 class=\"heading heading__align--left heading__color--shaft heading__size--small block-heading__heading\">\n\tGrande China<\/h2>\t<\/div>\n\t<\/div>\n\n\n<div class=\"wrapper   wrapper__spacing-bottom-large--0   wrapper__divider-bottom-large\" id=\"\">\n\t<div class=\"wrapper__anchor\" id=\"\"><\/div>\n\t\t\t\n<div class=\"block-columns js-block-columns block-columns__gutter-large--default block-columns__vertical-spacing-large--default\">\n\t\n\n<div class=\"block-column block-column__width-large--6 block-column__width-tablet--12 \">\n\t\n<div class=\"wrapper  wrapper__spacing-top-large---10 wrapper__spacing-bottom-large--40\" id=\"\">\n\t<div class=\"wrapper__anchor\" id=\"\"><\/div>\n\t\t\t<p class=\"paragraph paragraph__color--dove paragraph__align--left paragraph__size--default block-paragraph__paragraph\">\n\t<br>Vendas:<br>T. +86 400 801 9996<br>E. <a href=\"mailto:sales.china@aiswei-tech.com\" target=\"_blank\" rel=\"noreferrer noopener\">sales.china@aiswei-tech.com<\/a><br><br>Suporte<br>T. +86 400 801 9996<br>E. <a href=\"http:\/\/mailto\">service.china@kai-liuaiswei-tech-com <\/a><br><br>Relac\u00f5es de investimento<br>T: +86 21-80401355<\/p>\t<\/div>\n\n<\/div>\n\n\n\n<div class=\"block-column block-column__width-large--6 block-column__width-tablet--12 \">\n\t\n<div class=\"wrapper  wrapper__spacing-top-large---10 wrapper__spacing-bottom-large--40\" id=\"\">\n\t<div class=\"wrapper__anchor\" id=\"\"><\/div>\n\t\t\t<p class=\"paragraph paragraph__color--dove paragraph__align--left paragraph__size--default block-paragraph__paragraph\">\n\t<br><br><br><br>Segunda a sexta: das 9 \u00e1s 19h<br><\/p>\t<\/div>\n\n<\/div>\n\n<\/div>\n\t<\/div>\n\n\n\n<div class=\"block-column block-column__width-large--6 block-column__width-tablet--12 \">\n\t<\/div>\n\n\n\n<div class=\"block-column block-column__width-large--5 block-column__width-tablet--12 block-column__offset-large--6 \">\n\t<\/div>\n\n\n\n<div class=\"block-column block-column__width-large--4 block-column__width-tablet--12 block-column__offset-large---1 \">\n\t<\/div>\n\n<\/div>\n\t\t\t<\/div>\n\t\t<\/div>\n\t<\/div>\n","protected":false},"excerpt":{"rendered":"","protected":false},"author":5,"featured_media":0,"parent":0,"menu_order":0,"comment_status":"closed","ping_status":"closed","template":"","meta":[],"acf":[],"yoast_head":"<!-- This site is optimized with the Yoast SEO plugin v19.7.1 - https:\/\/yoast.com\/wordpress\/plugins\/seo\/ -->\n<title>Contate Nos | Solplanet<\/title>\n<meta name=\"description\" content=\"The power of the sun is the future of our planet. Solplanet makes solar for everybody. Easy-to-install, reliable and user-friendly inverters.\" \/>\n<meta name=\"robots\" content=\"index, follow, max-snippet:-1, max-image-preview:large, max-video-preview:-1\" \/>\n<link rel=\"canonical\" href=\"https:\/\/solplanet.net\/pt-br\/contate-nos\" \/>\n<meta property=\"og:locale\" content=\"pt_BR\" \/>\n<meta property=\"og:type\" content=\"article\" \/>\n<meta property=\"og:title\" content=\"Contate Nos | Solplanet\" \/>\n<meta property=\"og:description\" content=\"The power of the sun is the future of our planet. Solplanet makes solar for everybody. Easy-to-install, reliable and user-friendly inverters.\" \/>\n<meta property=\"og:url\" content=\"https:\/\/solplanet.net\/pt-br\/contate-nos\" \/>\n<meta property=\"og:site_name\" content=\"Solplanet\" \/>\n<meta property=\"article:modified_time\" content=\"2023-07-25T10:39:56+00:00\" \/>\n<meta name=\"twitter:card\" content=\"summary_large_image\" \/>\n<script type=\"application\/ld+json\" class=\"yoast-schema-graph\">{\"@context\":\"https:\/\/schema.org\",\"@graph\":[{\"@type\":\"WebPage\",\"@id\":\"https:\/\/solplanet.net\/pt-br\/contate-nos\",\"url\":\"https:\/\/solplanet.net\/pt-br\/contate-nos\",\"name\":\"Contate Nos | Solplanet\",\"isPartOf\":{\"@id\":\"https:\/\/solplanet.net\/pt-br#website\"},\"datePublished\":\"2020-10-02T19:31:33+00:00\",\"dateModified\":\"2023-07-25T10:39:56+00:00\",\"description\":\"The power of the sun is the future of our planet. Solplanet makes solar for everybody. Easy-to-install, reliable and user-friendly inverters.\",\"breadcrumb\":{\"@id\":\"https:\/\/solplanet.net\/pt-br\/contate-nos#breadcrumb\"},\"inLanguage\":\"pt-BR\",\"potentialAction\":[{\"@type\":\"ReadAction\",\"target\":[\"https:\/\/solplanet.net\/pt-br\/contate-nos\"]}]},{\"@type\":\"BreadcrumbList\",\"@id\":\"https:\/\/solplanet.net\/pt-br\/contate-nos#breadcrumb\",\"itemListElement\":[{\"@type\":\"ListItem\",\"position\":1,\"name\":\"Home\",\"item\":\"https:\/\/solplanet.net\/pt-br\"},{\"@type\":\"ListItem\",\"position\":2,\"name\":\"Contate Nos\"}]},{\"@type\":\"WebSite\",\"@id\":\"https:\/\/solplanet.net\/pt-br#website\",\"url\":\"https:\/\/solplanet.net\/pt-br\",\"name\":\"Solplanet\",\"description\":\"Solar for everybody\",\"publisher\":{\"@id\":\"https:\/\/solplanet.net\/pt-br#organization\"},\"potentialAction\":[{\"@type\":\"SearchAction\",\"target\":{\"@type\":\"EntryPoint\",\"urlTemplate\":\"https:\/\/solplanet.net\/pt-br?s={search_term_string}\"},\"query-input\":\"required name=search_term_string\"}],\"inLanguage\":\"pt-BR\"},{\"@type\":\"Organization\",\"@id\":\"https:\/\/solplanet.net\/pt-br#organization\",\"name\":\"Solplanet\",\"url\":\"https:\/\/solplanet.net\/pt-br\",\"sameAs\":[],\"logo\":{\"@type\":\"ImageObject\",\"inLanguage\":\"pt-BR\",\"@id\":\"https:\/\/solplanet.net\/pt-br#\/schema\/logo\/image\/\",\"url\":\"https:\/\/solplanet.net\/wp-content\/uploads\/2020\/11\/Solplanet-LinkedInIcon.jpg\",\"contentUrl\":\"https:\/\/solplanet.net\/wp-content\/uploads\/2020\/11\/Solplanet-LinkedInIcon.jpg\",\"width\":500,\"height\":500,\"caption\":\"Solplanet\"},\"image\":{\"@id\":\"https:\/\/solplanet.net\/pt-br#\/schema\/logo\/image\/\"}}]}<\/script>\n<!-- \/ Yoast SEO plugin. -->","yoast_head_json":{"title":"Contate Nos | Solplanet","description":"The power of the sun is the future of our planet. Solplanet makes solar for everybody. Easy-to-install, reliable and user-friendly inverters.","robots":{"index":"index","follow":"follow","max-snippet":"max-snippet:-1","max-image-preview":"max-image-preview:large","max-video-preview":"max-video-preview:-1"},"canonical":"https:\/\/solplanet.net\/pt-br\/contate-nos","og_locale":"pt_BR","og_type":"article","og_title":"Contate Nos | Solplanet","og_description":"The power of the sun is the future of our planet. Solplanet makes solar for everybody. Easy-to-install, reliable and user-friendly inverters.","og_url":"https:\/\/solplanet.net\/pt-br\/contate-nos","og_site_name":"Solplanet","article_modified_time":"2023-07-25T10:39:56+00:00","twitter_card":"summary_large_image","schema":{"@context":"https:\/\/schema.org","@graph":[{"@type":"WebPage","@id":"https:\/\/solplanet.net\/pt-br\/contate-nos","url":"https:\/\/solplanet.net\/pt-br\/contate-nos","name":"Contate Nos | Solplanet","isPartOf":{"@id":"https:\/\/solplanet.net\/pt-br#website"},"datePublished":"2020-10-02T19:31:33+00:00","dateModified":"2023-07-25T10:39:56+00:00","description":"The power of the sun is the future of our planet. Solplanet makes solar for everybody. Easy-to-install, reliable and user-friendly inverters.","breadcrumb":{"@id":"https:\/\/solplanet.net\/pt-br\/contate-nos#breadcrumb"},"inLanguage":"pt-BR","potentialAction":[{"@type":"ReadAction","target":["https:\/\/solplanet.net\/pt-br\/contate-nos"]}]},{"@type":"BreadcrumbList","@id":"https:\/\/solplanet.net\/pt-br\/contate-nos#breadcrumb","itemListElement":[{"@type":"ListItem","position":1,"name":"Home","item":"https:\/\/solplanet.net\/pt-br"},{"@type":"ListItem","position":2,"name":"Contate Nos"}]},{"@type":"WebSite","@id":"https:\/\/solplanet.net\/pt-br#website","url":"https:\/\/solplanet.net\/pt-br","name":"Solplanet","description":"Solar for everybody","publisher":{"@id":"https:\/\/solplanet.net\/pt-br#organization"},"potentialAction":[{"@type":"SearchAction","target":{"@type":"EntryPoint","urlTemplate":"https:\/\/solplanet.net\/pt-br?s={search_term_string}"},"query-input":"required name=search_term_string"}],"inLanguage":"pt-BR"},{"@type":"Organization","@id":"https:\/\/solplanet.net\/pt-br#organization","name":"Solplanet","url":"https:\/\/solplanet.net\/pt-br","sameAs":[],"logo":{"@type":"ImageObject","inLanguage":"pt-BR","@id":"https:\/\/solplanet.net\/pt-br#\/schema\/logo\/image\/","url":"https:\/\/solplanet.net\/wp-content\/uploads\/2020\/11\/Solplanet-LinkedInIcon.jpg","contentUrl":"https:\/\/solplanet.net\/wp-content\/uploads\/2020\/11\/Solplanet-LinkedInIcon.jpg","width":500,"height":500,"caption":"Solplanet"},"image":{"@id":"https:\/\/solplanet.net\/pt-br#\/schema\/logo\/image\/"}}]}},"_links":{"self":[{"href":"https:\/\/solplanet.net\/pt-br\/wp-json\/wp\/v2\/pages\/8784"}],"collection":[{"href":"https:\/\/solplanet.net\/pt-br\/wp-json\/wp\/v2\/pages"}],"about":[{"href":"https:\/\/solplanet.net\/pt-br\/wp-json\/wp\/v2\/types\/page"}],"author":[{"embeddable":true,"href":"https:\/\/solplanet.net\/pt-br\/wp-json\/wp\/v2\/users\/5"}],"replies":[{"embeddable":true,"href":"https:\/\/solplanet.net\/pt-br\/wp-json\/wp\/v2\/comments?post=8784"}],"version-history":[{"count":3,"href":"https:\/\/solplanet.net\/pt-br\/wp-json\/wp\/v2\/pages\/8784\/revisions"}],"predecessor-version":[{"id":58409,"href":"https:\/\/solplanet.net\/pt-br\/wp-json\/wp\/v2\/pages\/8784\/revisions\/58409"}],"wp:attachment":[{"href":"https:\/\/solplanet.net\/pt-br\/wp-json\/wp\/v2\/media?parent=8784"}],"curies":[{"name":"wp","href":"https:\/\/api.w.org\/{rel}","templated":true}]}}