{"id":8782,"date":"2020-09-16T16:33:11","date_gmt":"2020-09-16T16:33:11","guid":{"rendered":"https:\/\/solplanet.net\/?page_id=8782"},"modified":"2025-03-21T11:33:34","modified_gmt":"2025-03-21T11:33:34","slug":"imprint","status":"publish","type":"page","link":"https:\/\/solplanet.net\/pt-br\/imprint","title":{"rendered":"Imprint"},"content":{"rendered":"<div class=\"wrapper   wrapper__spacing-bottom-large--40\" id=\"\">\n\t<div class=\"wrapper__anchor\" id=\"\"><\/div>\n\t\t\t<div class=\"wrapper__container wrapper__container-width-large--default wrapper__gutter-large--default wrapper__gutter-tablet--small\">\n\t\t\t<div class=\"wrapper__inner wrapper__width-large--12\">\n\t\t\t\t\n<div class=\"block-heading\">\n\t<h2 class=\"heading heading__align--left heading__color--shaft heading__size--default block-heading__heading\">\n\t<br>Imprint<\/h2>\t<\/div>\n\t\t\t<\/div>\n\t\t<\/div>\n\t<\/div>\n\n\n<div class=\"wrapper   wrapper__spacing-bottom-large--40\" id=\"\">\n\t<div class=\"wrapper__anchor\" id=\"\"><\/div>\n\t\t\t<div class=\"wrapper__container wrapper__container-width-large--default wrapper__gutter-large--default wrapper__gutter-tablet--small\">\n\t\t\t<div class=\"wrapper__inner wrapper__width-large--12\">\n\t\t\t\t<p class=\"paragraph paragraph__color--dove paragraph__align--left paragraph__size--default block-paragraph__paragraph\">\n\t<br>AISWEI BV<br>Weerdestein 97 <br>Kantoornummer 135, <br>1083GG Amsterdam<br>the Netherlands<br>info@solplanet.net<br> <br>Autoridade de Registro<br>N\u00famero CoC: 75780291<br>n\u00famero de registro: 000043633056<br>N\u00famero de identifica\u00e7\u00e3o do imposto sobre valor agregado: NL860394517B01<br> <br>Todas as informa\u00e7\u00f5es nos sites AISWEI s\u00e3o protegidas por direitos autorais. A permiss\u00e3o expressa por escrito para copiar ou processar, alterar e \/ ou encaminhar o material contra pagamento deve ser obtida da AISWEI com anteced\u00eancia. As informa\u00e7\u00f5es fornecidas destinam-se apenas a seus dados pessoais e n\u00e3o incluem garantias. Est\u00e1 sujeito a altera\u00e7\u00f5es sem aviso pr\u00e9vio, tanto em termos t\u00e9cnicos como comerciais (incluindo pre\u00e7os). S\u00f3 assumiremos compromissos vinculantes ap\u00f3s o recebimento de consultas concretas. Devido a estes termos n\u00e3o vinculativos, qualquer responsabilidade pela exatid\u00e3o das informa\u00e7\u00f5es est\u00e1 exclu\u00edda.<br> <br>Aviso de responsabilidade<br>Nos sites da AISWEI, voc\u00ea tamb\u00e9m encontrar\u00e1 links para outros sites, parte dos quais n\u00e3o \u00e9 operado pela AISWEI, mas sim por terceiros. Esses links fornecem apenas mais detalhes. A AISWEI n\u00e3o \u00e9 respons\u00e1vel pelo conte\u00fado desses sites e n\u00e3o pode ser responsabilizada por eles. Esses sites externos tamb\u00e9m podem ser materiais protegidos por direitos autorais. O uso das p\u00e1ginas da web da AISWEI \u00e9 de sua responsabilidade. A AISWEI BV n\u00e3o se responsabiliza por quaisquer danos resultantes do uso desses sites, especialmente interrup\u00e7\u00e3o da planta, lucros cessantes, perda de informa\u00e7\u00f5es e dados ou danos consequentes devido a defici\u00eancias, a menos que a AISWEI BV seja responsabilizada de acordo com a lei sobre o produto responsabilidade ou em caso de dolo, neglig\u00eancia grosseira, falta de caracter\u00edsticas garantidas ou por viola\u00e7\u00e3o de obriga\u00e7\u00f5es contratuais essenciais. A indeniza\u00e7\u00e3o por danos devido \u00e0 viola\u00e7\u00e3o de obriga\u00e7\u00f5es contratuais essenciais \u00e9, no entanto, limitada a danos previs\u00edveis t\u00edpicos para a natureza do contrato, desde que nenhuma inten\u00e7\u00e3o ou neglig\u00eancia grave tenha sido envolvida.<br> <br>Copyright \u00a9 2020 AISWEI BV<\/p>\t\t\t<\/div>\n\t\t<\/div>\n\t<\/div>\n","protected":false},"excerpt":{"rendered":"","protected":false},"author":5,"featured_media":0,"parent":0,"menu_order":0,"comment_status":"closed","ping_status":"closed","template":"","meta":[],"acf":[],"yoast_head":"<!-- This site is optimized with the Yoast SEO plugin v19.7.1 - https:\/\/yoast.com\/wordpress\/plugins\/seo\/ -->\n<title>Imprint | Solplanet<\/title>\n<meta name=\"description\" content=\"The power of the sun is the future of our planet. Solplanet makes solar for everybody. Easy-to-install, reliable and user-friendly inverters.\" \/>\n<meta name=\"robots\" content=\"index, follow, max-snippet:-1, max-image-preview:large, max-video-preview:-1\" \/>\n<link rel=\"canonical\" href=\"https:\/\/solplanet.net\/pt-br\/imprint\" \/>\n<meta property=\"og:locale\" content=\"pt_BR\" \/>\n<meta property=\"og:type\" content=\"article\" \/>\n<meta property=\"og:title\" content=\"Imprint | Solplanet\" \/>\n<meta property=\"og:description\" content=\"The power of the sun is the future of our planet. Solplanet makes solar for everybody. Easy-to-install, reliable and user-friendly inverters.\" \/>\n<meta property=\"og:url\" content=\"https:\/\/solplanet.net\/pt-br\/imprint\" \/>\n<meta property=\"og:site_name\" content=\"Solplanet\" \/>\n<meta property=\"article:modified_time\" content=\"2025-03-21T11:33:34+00:00\" \/>\n<meta name=\"twitter:card\" content=\"summary_large_image\" \/>\n<script type=\"application\/ld+json\" class=\"yoast-schema-graph\">{\"@context\":\"https:\/\/schema.org\",\"@graph\":[{\"@type\":\"WebPage\",\"@id\":\"https:\/\/solplanet.net\/pt-br\/imprint\",\"url\":\"https:\/\/solplanet.net\/pt-br\/imprint\",\"name\":\"Imprint | Solplanet\",\"isPartOf\":{\"@id\":\"https:\/\/solplanet.net\/pt-br#website\"},\"datePublished\":\"2020-09-16T16:33:11+00:00\",\"dateModified\":\"2025-03-21T11:33:34+00:00\",\"description\":\"The power of the sun is the future of our planet. Solplanet makes solar for everybody. Easy-to-install, reliable and user-friendly inverters.\",\"breadcrumb\":{\"@id\":\"https:\/\/solplanet.net\/pt-br\/imprint#breadcrumb\"},\"inLanguage\":\"pt-BR\",\"potentialAction\":[{\"@type\":\"ReadAction\",\"target\":[\"https:\/\/solplanet.net\/pt-br\/imprint\"]}]},{\"@type\":\"BreadcrumbList\",\"@id\":\"https:\/\/solplanet.net\/pt-br\/imprint#breadcrumb\",\"itemListElement\":[{\"@type\":\"ListItem\",\"position\":1,\"name\":\"Home\",\"item\":\"https:\/\/solplanet.net\/pt-br\"},{\"@type\":\"ListItem\",\"position\":2,\"name\":\"Imprint\"}]},{\"@type\":\"WebSite\",\"@id\":\"https:\/\/solplanet.net\/pt-br#website\",\"url\":\"https:\/\/solplanet.net\/pt-br\",\"name\":\"Solplanet\",\"description\":\"Solar for everybody\",\"publisher\":{\"@id\":\"https:\/\/solplanet.net\/pt-br#organization\"},\"potentialAction\":[{\"@type\":\"SearchAction\",\"target\":{\"@type\":\"EntryPoint\",\"urlTemplate\":\"https:\/\/solplanet.net\/pt-br?s={search_term_string}\"},\"query-input\":\"required name=search_term_string\"}],\"inLanguage\":\"pt-BR\"},{\"@type\":\"Organization\",\"@id\":\"https:\/\/solplanet.net\/pt-br#organization\",\"name\":\"Solplanet\",\"url\":\"https:\/\/solplanet.net\/pt-br\",\"sameAs\":[],\"logo\":{\"@type\":\"ImageObject\",\"inLanguage\":\"pt-BR\",\"@id\":\"https:\/\/solplanet.net\/pt-br#\/schema\/logo\/image\/\",\"url\":\"https:\/\/solplanet.net\/wp-content\/uploads\/2020\/11\/Solplanet-LinkedInIcon.jpg\",\"contentUrl\":\"https:\/\/solplanet.net\/wp-content\/uploads\/2020\/11\/Solplanet-LinkedInIcon.jpg\",\"width\":500,\"height\":500,\"caption\":\"Solplanet\"},\"image\":{\"@id\":\"https:\/\/solplanet.net\/pt-br#\/schema\/logo\/image\/\"}}]}<\/script>\n<!-- \/ Yoast SEO plugin. -->","yoast_head_json":{"title":"Imprint | Solplanet","description":"The power of the sun is the future of our planet. Solplanet makes solar for everybody. Easy-to-install, reliable and user-friendly inverters.","robots":{"index":"index","follow":"follow","max-snippet":"max-snippet:-1","max-image-preview":"max-image-preview:large","max-video-preview":"max-video-preview:-1"},"canonical":"https:\/\/solplanet.net\/pt-br\/imprint","og_locale":"pt_BR","og_type":"article","og_title":"Imprint | Solplanet","og_description":"The power of the sun is the future of our planet. Solplanet makes solar for everybody. Easy-to-install, reliable and user-friendly inverters.","og_url":"https:\/\/solplanet.net\/pt-br\/imprint","og_site_name":"Solplanet","article_modified_time":"2025-03-21T11:33:34+00:00","twitter_card":"summary_large_image","schema":{"@context":"https:\/\/schema.org","@graph":[{"@type":"WebPage","@id":"https:\/\/solplanet.net\/pt-br\/imprint","url":"https:\/\/solplanet.net\/pt-br\/imprint","name":"Imprint | Solplanet","isPartOf":{"@id":"https:\/\/solplanet.net\/pt-br#website"},"datePublished":"2020-09-16T16:33:11+00:00","dateModified":"2025-03-21T11:33:34+00:00","description":"The power of the sun is the future of our planet. Solplanet makes solar for everybody. Easy-to-install, reliable and user-friendly inverters.","breadcrumb":{"@id":"https:\/\/solplanet.net\/pt-br\/imprint#breadcrumb"},"inLanguage":"pt-BR","potentialAction":[{"@type":"ReadAction","target":["https:\/\/solplanet.net\/pt-br\/imprint"]}]},{"@type":"BreadcrumbList","@id":"https:\/\/solplanet.net\/pt-br\/imprint#breadcrumb","itemListElement":[{"@type":"ListItem","position":1,"name":"Home","item":"https:\/\/solplanet.net\/pt-br"},{"@type":"ListItem","position":2,"name":"Imprint"}]},{"@type":"WebSite","@id":"https:\/\/solplanet.net\/pt-br#website","url":"https:\/\/solplanet.net\/pt-br","name":"Solplanet","description":"Solar for everybody","publisher":{"@id":"https:\/\/solplanet.net\/pt-br#organization"},"potentialAction":[{"@type":"SearchAction","target":{"@type":"EntryPoint","urlTemplate":"https:\/\/solplanet.net\/pt-br?s={search_term_string}"},"query-input":"required name=search_term_string"}],"inLanguage":"pt-BR"},{"@type":"Organization","@id":"https:\/\/solplanet.net\/pt-br#organization","name":"Solplanet","url":"https:\/\/solplanet.net\/pt-br","sameAs":[],"logo":{"@type":"ImageObject","inLanguage":"pt-BR","@id":"https:\/\/solplanet.net\/pt-br#\/schema\/logo\/image\/","url":"https:\/\/solplanet.net\/wp-content\/uploads\/2020\/11\/Solplanet-LinkedInIcon.jpg","contentUrl":"https:\/\/solplanet.net\/wp-content\/uploads\/2020\/11\/Solplanet-LinkedInIcon.jpg","width":500,"height":500,"caption":"Solplanet"},"image":{"@id":"https:\/\/solplanet.net\/pt-br#\/schema\/logo\/image\/"}}]}},"_links":{"self":[{"href":"https:\/\/solplanet.net\/pt-br\/wp-json\/wp\/v2\/pages\/8782"}],"collection":[{"href":"https:\/\/solplanet.net\/pt-br\/wp-json\/wp\/v2\/pages"}],"about":[{"href":"https:\/\/solplanet.net\/pt-br\/wp-json\/wp\/v2\/types\/page"}],"author":[{"embeddable":true,"href":"https:\/\/solplanet.net\/pt-br\/wp-json\/wp\/v2\/users\/5"}],"replies":[{"embeddable":true,"href":"https:\/\/solplanet.net\/pt-br\/wp-json\/wp\/v2\/comments?post=8782"}],"version-history":[{"count":2,"href":"https:\/\/solplanet.net\/pt-br\/wp-json\/wp\/v2\/pages\/8782\/revisions"}],"predecessor-version":[{"id":173548,"href":"https:\/\/solplanet.net\/pt-br\/wp-json\/wp\/v2\/pages\/8782\/revisions\/173548"}],"wp:attachment":[{"href":"https:\/\/solplanet.net\/pt-br\/wp-json\/wp\/v2\/media?parent=8782"}],"curies":[{"name":"wp","href":"https:\/\/api.w.org\/{rel}","templated":true}]}}