{"id":68948,"date":"2023-09-14T13:49:52","date_gmt":"2023-09-14T13:49:52","guid":{"rendered":"https:\/\/solplanet.net\/?page_id=68948"},"modified":"2023-11-23T10:34:08","modified_gmt":"2023-11-23T10:34:08","slug":"asw80-110kw-wiedza","status":"publish","type":"page","link":"https:\/\/solplanet.net\/pl\/asw80-110kw-wiedza","title":{"rendered":"ASW80-110kW-wiedza"},"content":{"rendered":"<div class=\"wrapper   wrapper__spacing-bottom-large--0\" id=\"\">\n\t<div class=\"wrapper__anchor\" id=\"\"><\/div>\n\t\t\t<div class=\"wrapper__container\">\n\t\t\t<div class=\"wrapper__inner wrapper__width-large--12\">\n\t\t\t\t<div class=\"jumbotron block-jumbotron__jumbotron\">\n\n\t<div style=\"background-image:url(https:\/\/solplanet.net\/wp-content\/uploads\/2023\/09\/Solplanet-Hero-image-AquariusPromotion2.jpg)\" class=\"image-bg jumbotron__image-bg\"><\/div>\n\t<div class=\"jumbotron__mask jumbotron__mask-type--\"><\/div>\n\n\t<div class=\"\n\t\t\tjumbotron__content\n\t\t\tjumbotron__content--default\n\t\t\tjumbotron__content--vertical-center\n\t\t\tjumbotron__content--horizontal-left\n\t\t\">\n\t\t<div class=\"jumbotron__content-wrap\">\n\t\t\t<p class=\"paragraph paragraph__color--white paragraph__align--left paragraph__size--default jumbotron__intro\">\n\tFalowniki ASW 80-110K LT<\/p><h1 class=\"heading heading__align--left heading__color--white heading__size--big jumbotron__heading\">\n\tWybierz moc, wydajno\u015b\u0107,<br>pewno\u015b\u0107!<\/h1>\t\t<\/div>\n\t<\/div>\n\n\t<\/div>\t\t\t<\/div>\n\t\t<\/div>\n\t<\/div>\n\n\n<div class=\"wrapper   wrapper__spacing-bottom-large--40\" id=\"\">\n\t<div class=\"wrapper__anchor\" id=\"\"><\/div>\n\t\t\t<div class=\"wrapper__container wrapper__container-width-large--small wrapper__gutter-large--default wrapper__gutter-tablet--small\">\n\t\t\t<div class=\"wrapper__inner wrapper__width-large--12\">\n\t\t\t\t\n<div class=\"block-group\">\n\t\n<div class=\"wrapper  wrapper__spacing-top-large--110 wrapper__spacing-bottom-large--40\" id=\"\">\n\t<div class=\"wrapper__anchor\" id=\"\"><\/div>\n\t\t\t\n<div class=\"block-heading\">\n\t<h2 class=\"heading heading__align--center heading__color--sunsetToDodger heading__size--default block-heading__heading heading__color--is-gradient\">\n\t<strong>Seria Solplanet ASW 80-110K LT to pot\u0119\u017cna moc <\/strong><strong>i wyj\u0105tkowa funkcjonalno\u015b\u0107<\/strong><\/h2>\t<\/div>\n\t<\/div>\n\n\n<div class=\"wrapper   wrapper__spacing-bottom-large--40\" id=\"\">\n\t<div class=\"wrapper__anchor\" id=\"\"><\/div>\n\t\t\t\n<div class=\"block-card-list block-card-list__media-position--left\">\n\n\t\t\t<div class=\"block-card-list__media block-card-list__media-bg block-card-list__media-bg--mercury\">\n\t\t\t<div class=\"block-card-list__media-inner block-card-list__media-inner--bg\">\n\t\t\t\t<img src=\"https:\/\/solplanet.net\/wp-content\/uploads\/2023\/09\/202300914-Aquarius-Cardlist-img-1.jpg\" class=\"image block-card-list__image\" \/>\t\t\t<\/div>\n\t\t<\/div>\n\t\n\t<div class=\"block-card-list__content\">\n\t\t<div class=\"block-card-list__content-inner\">\n\t\t\t\n<div class=\"wrapper   wrapper__spacing-bottom-large--40\" id=\"\">\n\t<div class=\"wrapper__anchor\" id=\"\"><\/div>\n\t\t\t\n<div class=\"block-heading\">\n\t<h2 class=\"heading heading__align--left heading__color--sunsetToDodger heading__size--medium block-heading__heading heading__color--is-gradient\">\n\tFalowniki Solplanet z serii ASW 80-110K LT oferuj\u0105:<\/h2>\t<\/div>\n\t<\/div>\n\n\n\n<ul class=\"has-dusty-color has-text-color\" style=\"font-size:17px\"><li>Moc do 110 kW,<\/li><li>Przewymiarowanie DC 150% oraz AC 110%,<\/li><li>Pr\u0105d wej\u015bciowy 16 A na string,<\/li><li>Unikalna konstrukcja 10 MPPT,<\/li><li>Funkcja optymalizacji zacienienia ShadeSol,<\/li><li>Ochrona przeciwprzepi\u0119ciowa typu II DC i AC,<\/li><li>Klasa szczelno\u015bci IP66 na ka\u017cde warunki pogodowe,<\/li><li>Wyposa\u017cony w opracowany przez Solplanet system<br>Ai-Logger, oferuje predefiniowane tryby zarz\u0105dzania energi\u0105 podnosz\u0105c efektywno\u015b\u0107 produkcji fotowoltaicznej.<\/li><\/ul>\n\n\t\t<\/div>\n\t<\/div>\n<\/div>\n\n\n\t<\/div>\n\n<\/div>\n\t\t\t<\/div>\n\t\t<\/div>\n\t<\/div>\n\n\n<div class=\"wrapper wrapper__bg-color--gallery wrapper__spacing-top-large--80 wrapper__spacing-bottom-large--60\" id=\"\">\n\t<div class=\"wrapper__anchor\" id=\"faq\"><\/div>\n\t\t\t<div class=\"wrapper__container wrapper__container-width-large--default wrapper__gutter-large--default wrapper__gutter-tablet--small\">\n\t\t\t<div class=\"wrapper__inner wrapper__width-large--12\">\n\t\t\t\t\n<div class=\"block-heading\">\n\t<h2 class=\"heading heading__align--center heading__color--sunsetToDodger heading__size--default block-heading__heading heading__color--is-gradient\">\n\t<strong>Postaw na sprawdzone <\/strong><br><strong>rozwi\u0105zania<\/strong><\/h2>\t<\/div>\n\t\t\t<\/div>\n\t\t<\/div>\n\t<\/div>\n\n\n<div class=\"wrapper wrapper__bg-color--gallery  wrapper__spacing-bottom-large--40\" id=\"\">\n\t<div class=\"wrapper__anchor\" id=\"\"><\/div>\n\t\t\t<div class=\"wrapper__container wrapper__container-width-large--default wrapper__gutter-large--default wrapper__gutter-tablet--small\">\n\t\t\t<div class=\"wrapper__inner wrapper__width-large--6 wrapper__offset-large--3\">\n\t\t\t\t<p class=\"paragraph paragraph__color--dove paragraph__align--left paragraph__size--default block-paragraph__paragraph\">\n\t<br>Na falowniki z serii ASW 80-110K LT otrzymasz 10-letni\u0105 gwarancj\u0119. Wybieraj\u0105c je, masz pewno\u015b\u0107, \u017ce pos\u0142u\u017c\u0105 Ci przez d\u0142ugi czas.<br>Poznaj nowoczesne instalacje Solplanet w:<br><br>\u2022 Wodzieradach w Polsce, kt\u00f3ra zasila zak\u0142ad produkuj\u0105cy pellet drzewny \u2013 \u0142\u0105czna moc instalacji to 80,96 kWp;<br><br>\u2022 gminie Kayseri w Turcji, gdzie w elektrowni fotowoltaicznej dzia\u0142aj\u0105cej przy oczyszczalni \u015bciek\u00f3w zastosowano 13 tys. modu\u0142\u00f3w oraz 51 falownik\u00f3w Solplanet, ka\u017cdy o mocy 100 kW \u2013 daje to \u0142\u0105czn\u0105 moc 6,55 MWp, umo\u017cliwiaj\u0105c wyprodukowanie 11 GWh energii rocznie.<\/p>\t\t\t<\/div>\n\t\t<\/div>\n\t<\/div>\n\n\n<div class=\"wrapper   wrapper__spacing-bottom-large--40\" id=\"\">\n\t<div class=\"wrapper__anchor\" id=\"\"><\/div>\n\t\t\t<div class=\"wrapper__container\">\n\t\t\t<div class=\"wrapper__inner wrapper__width-large--12\">\n\t\t\t\t<div class=\"jumbotron block-jumbotron__jumbotron\">\n\n\t<div style=\"background-image:url(https:\/\/solplanet.net\/wp-content\/uploads\/2023\/09\/Video-Still-long.jpg)\" class=\"image-bg jumbotron__image-bg\"><\/div>\n\t<div class=\"jumbotron__mask jumbotron__mask-type--\"><\/div>\n\n\t<div class=\"\n\t\t\tjumbotron__content\n\t\t\tjumbotron__content--default\n\t\t\tjumbotron__content--vertical-center\n\t\t\tjumbotron__content--horizontal-center\n\t\t\">\n\t\t<div class=\"jumbotron__content-wrap\">\n\t\t\t<button class=\"video-button jumbotron__video-button\" role=\"button\" data-micromodal-trigger=\"block-jumbotron-177524750969d0209568c16\" aria-label=\"Odtw\u00f3rz wideo\">\n\t<svg class='video-button__icon' width='106' height='106' xmlns='http:\/\/www.w3.org\/2000\/svg'><g stroke='#FFF' fill='none' fill-rule='evenodd'><circle cx='53' cy='53' r='52' \/><path d='M78.764 53L40 72.382V33.618L78.764 53z' \/><\/g><\/svg><\/button>\t\t<\/div>\n\t<\/div>\n\n\t<div id=\"block-jumbotron-177524750969d0209568c16\" class=\"modal js-modal\" aria-hidden=\"true\">\n\n\t<div class=\"modal__overlay\" data-micromodal-close>\n\n\t\t<div class=\"modal__dialog\" role=\"dialog\" aria-label=\"\">\n\n\t\t\t<header class=\"modal__header\">\n\t\t\t\t<div class=\"btn__wrap btn__align--left modal__btn\">\n\t\t\t<a href=\"#\" class=\"btn btn__color--alto btn__size--big btn__size-width--default \" id=\"\" title=\"Zamknij\" aria-label=\"Zamknij tryb\" data-micromodal-close=\"true\">\n\t\t\tZamknij\t\t<\/a>\n\t<\/div>\t\t\t<\/header>\n\n\t\t\t<section class=\"modal__content\" id=\"block-jumbotron-177524750969d0209568c16-content\">\n\t\t\t\t<div class=\"video-iframe video-iframe__video-ratio--default jumbotron__video-iframe\">\n\t<iframe class=\"video-iframe__iframe\" src=\"https:\/\/www.youtube-nocookie.com\/embed\/iCDbmLW6pno?enablejsapi=1\" frameBorder=\"0\" allow=\"autoplay; fullscreen\" allowFullScreen><\/iframe>\n<\/div>\t\t\t<\/section>\n\n\t\t<\/div>\n\t<\/div>\n<\/div><\/div>\t\t\t<\/div>\n\t\t<\/div>\n\t<\/div>\n\n\n<div class=\"wrapper  wrapper__spacing-top-large--80 wrapper__spacing-bottom-large--40\" id=\"\">\n\t<div class=\"wrapper__anchor\" id=\"\"><\/div>\n\t\t\t<div class=\"wrapper__container wrapper__container-width-large--default wrapper__gutter-large--default wrapper__gutter-tablet--small\">\n\t\t\t<div class=\"wrapper__inner wrapper__width-large--8 wrapper__offset-large--2\">\n\t\t\t\t\n<div class=\"block-columns js-block-columns block-columns__gutter-large--default block-columns__vertical-spacing-large--default\">\n\t\n\n<div class=\"block-column block-column__width-large--12 block-column__width-tablet--12 \">\n\t\n<div class=\"wrapper   wrapper__spacing-bottom-large--40\" id=\"\">\n\t<div class=\"wrapper__anchor\" id=\"\"><\/div>\n\t\t\t\n<div class=\"block-heading\">\n\t<h2 class=\"heading heading__align--left heading__color--sunsetToDodger heading__size--default block-heading__heading heading__color--is-gradient\">\n\t<strong>Zostaw nam kontakt do siebi<\/strong>e<\/h2>\t<\/div>\n\t<\/div>\n\n\n<div class=\"wrapper   wrapper__spacing-bottom-large--40\" id=\"\">\n\t<div class=\"wrapper__anchor\" id=\"\"><\/div>\n\t\t\t<p class=\"paragraph paragraph__color--dove paragraph__align--left paragraph__size--default block-paragraph__paragraph\">\n\tWype\u0142nij formularz, a nasz specjalista udzieli Ci wszelkich informacji na temat falownik\u00f3w Solplanet ASW 80-110K LT oraz pomo\u017ce wykorzysta\u0107 je do realizacji Twoich cel\u00f3w biznesowych.<\/p>\t<\/div>\n\n\n<div class=\"wrapper   wrapper__spacing-bottom-large--40\" id=\"\">\n\t<div class=\"wrapper__anchor\" id=\"\"><\/div>\n\t\t\t<iframe src=\"https:\/\/info.solplanet.net\/l\/1026703\/2023-09-15\/fh44\" id=\"https:\/\/solplanet.net\/pl\/wp-json\/wp\/v2\/pages\/68948\" class=\"iframeId iframeIdpl\" frameborder=\"0\"><\/iframe>\t<\/div>\n\n<\/div>\n\n<\/div>\n\t\t\t<\/div>\n\t\t<\/div>\n\t<\/div>\n\n\n<div class=\"wrapper wrapper__bg-color--gallery wrapper__spacing-top-large--80 wrapper__spacing-bottom-large--40\" id=\"\">\n\t<div class=\"wrapper__anchor\" id=\"\"><\/div>\n\t\t\t<div class=\"wrapper__container wrapper__container-width-large--default wrapper__gutter-large--default wrapper__gutter-tablet--small\">\n\t\t\t<div class=\"wrapper__inner wrapper__width-large--8 wrapper__offset-large--2\">\n\t\t\t\t\n<div class=\"block-columns js-block-columns block-columns__gutter-large--default block-columns__vertical-spacing-large--default\">\n\t\n\n<div class=\"block-column block-column__width-large--12 block-column__width-tablet--12 \">\n\t\n<div class=\"wrapper   wrapper__spacing-bottom-large--40\" id=\"\">\n\t<div class=\"wrapper__anchor\" id=\"\"><\/div>\n\t\t\t\n<div class=\"block-heading\">\n\t<h2 class=\"heading heading__align--left heading__color--sunsetToDodger heading__size--default block-heading__heading heading__color--is-gradient\">\n\t<strong>Zarejestruj falowniki z serii ASW 80-110K LT i do\u0142\u0105cz do SolCash<\/strong><\/h2>\t<\/div>\n\t<\/div>\n\n\n<div class=\"wrapper   wrapper__spacing-bottom-large--40\" id=\"\">\n\t<div class=\"wrapper__anchor\" id=\"\"><\/div>\n\t\t\t<p class=\"paragraph paragraph__color--dove paragraph__align--left paragraph__size--default block-paragraph__paragraph\">\n\tWype\u0142nij poni\u017cszy formularz i do\u0142\u0105cz do programu SolCash. W formularzu opr\u00f3cz danych adresowych nale\u017cy poda\u0107 numery seryjne zakupionych falownik\u00f3w z serii ASW 80-110K LT oraz nazw\u0119 Dystrybutora, u kt\u00f3rego zakup mia\u0142 miejsce. Dane te s\u0105 potrzebne do weryfikacji Twojego zg\u0142oszenia. Wkr\u00f3tce skontaktujemy si\u0119 z Tob\u0105 mailowo celem przekazania nagrody.<\/p>\t<\/div>\n\n\n<div class=\"wrapper   wrapper__spacing-bottom-large--40\" id=\"\">\n\t<div class=\"wrapper__anchor\" id=\"\"><\/div>\n\t\t\t<iframe src=\"https:\/\/info.solplanet.net\/l\/1026703\/2023-10-23\/k31q\" id=\"https:\/\/solplanet.net\/pl\/wp-json\/wp\/v2\/pages\/68948\" class=\"iframeId iframeIdpl3\" frameborder=\"0\"><\/iframe>\t<\/div>\n\n<\/div>\n\n<\/div>\n\t\t\t<\/div>\n\t\t<\/div>\n\t<\/div>\n","protected":false},"excerpt":{"rendered":"","protected":false},"author":7,"featured_media":0,"parent":0,"menu_order":0,"comment_status":"closed","ping_status":"closed","template":"","meta":[],"acf":[],"yoast_head":"<!-- This site is optimized with the Yoast SEO plugin v19.7.1 - https:\/\/yoast.com\/wordpress\/plugins\/seo\/ -->\n<title>ASW80-110kW-wiedza | Solplanet<\/title>\n<meta name=\"description\" content=\"The power of the sun is the future of our planet. Solplanet makes solar for everybody. Easy-to-install, reliable and user-friendly inverters.\" \/>\n<meta name=\"robots\" content=\"noindex, nofollow\" \/>\n<meta property=\"og:locale\" content=\"pl_PL\" \/>\n<meta property=\"og:type\" content=\"article\" \/>\n<meta property=\"og:title\" content=\"ASW80-110kW-wiedza | Solplanet\" \/>\n<meta property=\"og:description\" content=\"The power of the sun is the future of our planet. Solplanet makes solar for everybody. Easy-to-install, reliable and user-friendly inverters.\" \/>\n<meta property=\"og:url\" content=\"https:\/\/solplanet.net\/pl\/asw80-110kw-wiedza\" \/>\n<meta property=\"og:site_name\" content=\"Solplanet\" \/>\n<meta property=\"article:modified_time\" content=\"2023-11-23T10:34:08+00:00\" \/>\n<meta name=\"twitter:card\" content=\"summary_large_image\" \/>\n<meta name=\"twitter:label1\" content=\"Est. reading time\" \/>\n\t<meta name=\"twitter:data1\" content=\"1 minute\" \/>\n<script type=\"application\/ld+json\" class=\"yoast-schema-graph\">{\"@context\":\"https:\/\/schema.org\",\"@graph\":[{\"@type\":\"WebPage\",\"@id\":\"https:\/\/solplanet.net\/pl\/asw80-110kw-wiedza\",\"url\":\"https:\/\/solplanet.net\/pl\/asw80-110kw-wiedza\",\"name\":\"ASW80-110kW-wiedza | Solplanet\",\"isPartOf\":{\"@id\":\"https:\/\/solplanet.net\/pl#website\"},\"datePublished\":\"2023-09-14T13:49:52+00:00\",\"dateModified\":\"2023-11-23T10:34:08+00:00\",\"description\":\"The power of the sun is the future of our planet. Solplanet makes solar for everybody. Easy-to-install, reliable and user-friendly inverters.\",\"breadcrumb\":{\"@id\":\"https:\/\/solplanet.net\/pl\/asw80-110kw-wiedza#breadcrumb\"},\"inLanguage\":\"pl-PL\",\"potentialAction\":[{\"@type\":\"ReadAction\",\"target\":[\"https:\/\/solplanet.net\/pl\/asw80-110kw-wiedza\"]}]},{\"@type\":\"BreadcrumbList\",\"@id\":\"https:\/\/solplanet.net\/pl\/asw80-110kw-wiedza#breadcrumb\",\"itemListElement\":[{\"@type\":\"ListItem\",\"position\":1,\"name\":\"Home\",\"item\":\"https:\/\/solplanet.net\/pl\"},{\"@type\":\"ListItem\",\"position\":2,\"name\":\"ASW80-110kW-wiedza\"}]},{\"@type\":\"WebSite\",\"@id\":\"https:\/\/solplanet.net\/pl#website\",\"url\":\"https:\/\/solplanet.net\/pl\",\"name\":\"Solplanet\",\"description\":\"Solar for everybody\",\"publisher\":{\"@id\":\"https:\/\/solplanet.net\/pl#organization\"},\"potentialAction\":[{\"@type\":\"SearchAction\",\"target\":{\"@type\":\"EntryPoint\",\"urlTemplate\":\"https:\/\/solplanet.net\/pl?s={search_term_string}\"},\"query-input\":\"required name=search_term_string\"}],\"inLanguage\":\"pl-PL\"},{\"@type\":\"Organization\",\"@id\":\"https:\/\/solplanet.net\/pl#organization\",\"name\":\"Solplanet\",\"url\":\"https:\/\/solplanet.net\/pl\",\"sameAs\":[],\"logo\":{\"@type\":\"ImageObject\",\"inLanguage\":\"pl-PL\",\"@id\":\"https:\/\/solplanet.net\/pl#\/schema\/logo\/image\/\",\"url\":\"https:\/\/solplanet.net\/wp-content\/uploads\/2020\/11\/Solplanet-LinkedInIcon.jpg\",\"contentUrl\":\"https:\/\/solplanet.net\/wp-content\/uploads\/2020\/11\/Solplanet-LinkedInIcon.jpg\",\"width\":500,\"height\":500,\"caption\":\"Solplanet\"},\"image\":{\"@id\":\"https:\/\/solplanet.net\/pl#\/schema\/logo\/image\/\"}}]}<\/script>\n<!-- \/ Yoast SEO plugin. -->","yoast_head_json":{"title":"ASW80-110kW-wiedza | Solplanet","description":"The power of the sun is the future of our planet. Solplanet makes solar for everybody. Easy-to-install, reliable and user-friendly inverters.","robots":{"index":"noindex","follow":"nofollow"},"og_locale":"pl_PL","og_type":"article","og_title":"ASW80-110kW-wiedza | Solplanet","og_description":"The power of the sun is the future of our planet. Solplanet makes solar for everybody. Easy-to-install, reliable and user-friendly inverters.","og_url":"https:\/\/solplanet.net\/pl\/asw80-110kw-wiedza","og_site_name":"Solplanet","article_modified_time":"2023-11-23T10:34:08+00:00","twitter_card":"summary_large_image","twitter_misc":{"Est. reading time":"1 minute"},"schema":{"@context":"https:\/\/schema.org","@graph":[{"@type":"WebPage","@id":"https:\/\/solplanet.net\/pl\/asw80-110kw-wiedza","url":"https:\/\/solplanet.net\/pl\/asw80-110kw-wiedza","name":"ASW80-110kW-wiedza | Solplanet","isPartOf":{"@id":"https:\/\/solplanet.net\/pl#website"},"datePublished":"2023-09-14T13:49:52+00:00","dateModified":"2023-11-23T10:34:08+00:00","description":"The power of the sun is the future of our planet. Solplanet makes solar for everybody. Easy-to-install, reliable and user-friendly inverters.","breadcrumb":{"@id":"https:\/\/solplanet.net\/pl\/asw80-110kw-wiedza#breadcrumb"},"inLanguage":"pl-PL","potentialAction":[{"@type":"ReadAction","target":["https:\/\/solplanet.net\/pl\/asw80-110kw-wiedza"]}]},{"@type":"BreadcrumbList","@id":"https:\/\/solplanet.net\/pl\/asw80-110kw-wiedza#breadcrumb","itemListElement":[{"@type":"ListItem","position":1,"name":"Home","item":"https:\/\/solplanet.net\/pl"},{"@type":"ListItem","position":2,"name":"ASW80-110kW-wiedza"}]},{"@type":"WebSite","@id":"https:\/\/solplanet.net\/pl#website","url":"https:\/\/solplanet.net\/pl","name":"Solplanet","description":"Solar for everybody","publisher":{"@id":"https:\/\/solplanet.net\/pl#organization"},"potentialAction":[{"@type":"SearchAction","target":{"@type":"EntryPoint","urlTemplate":"https:\/\/solplanet.net\/pl?s={search_term_string}"},"query-input":"required name=search_term_string"}],"inLanguage":"pl-PL"},{"@type":"Organization","@id":"https:\/\/solplanet.net\/pl#organization","name":"Solplanet","url":"https:\/\/solplanet.net\/pl","sameAs":[],"logo":{"@type":"ImageObject","inLanguage":"pl-PL","@id":"https:\/\/solplanet.net\/pl#\/schema\/logo\/image\/","url":"https:\/\/solplanet.net\/wp-content\/uploads\/2020\/11\/Solplanet-LinkedInIcon.jpg","contentUrl":"https:\/\/solplanet.net\/wp-content\/uploads\/2020\/11\/Solplanet-LinkedInIcon.jpg","width":500,"height":500,"caption":"Solplanet"},"image":{"@id":"https:\/\/solplanet.net\/pl#\/schema\/logo\/image\/"}}]}},"_links":{"self":[{"href":"https:\/\/solplanet.net\/pl\/wp-json\/wp\/v2\/pages\/68948"}],"collection":[{"href":"https:\/\/solplanet.net\/pl\/wp-json\/wp\/v2\/pages"}],"about":[{"href":"https:\/\/solplanet.net\/pl\/wp-json\/wp\/v2\/types\/page"}],"author":[{"embeddable":true,"href":"https:\/\/solplanet.net\/pl\/wp-json\/wp\/v2\/users\/7"}],"replies":[{"embeddable":true,"href":"https:\/\/solplanet.net\/pl\/wp-json\/wp\/v2\/comments?post=68948"}],"version-history":[{"count":9,"href":"https:\/\/solplanet.net\/pl\/wp-json\/wp\/v2\/pages\/68948\/revisions"}],"predecessor-version":[{"id":84444,"href":"https:\/\/solplanet.net\/pl\/wp-json\/wp\/v2\/pages\/68948\/revisions\/84444"}],"wp:attachment":[{"href":"https:\/\/solplanet.net\/pl\/wp-json\/wp\/v2\/media?parent=68948"}],"curies":[{"name":"wp","href":"https:\/\/api.w.org\/{rel}","templated":true}]}}