{"id":6375,"date":"2021-07-06T21:57:58","date_gmt":"2021-07-06T21:57:58","guid":{"rendered":"https:\/\/solplanet.net\/?page_id=6375"},"modified":"2021-07-27T12:31:57","modified_gmt":"2021-07-27T12:31:57","slug":"solplanet-picture-competition-pl","status":"publish","type":"page","link":"https:\/\/solplanet.net\/pl\/solplanet-picture-competition-pl","title":{"rendered":"Energia s\u0142oneczna przysz\u0142o\u015bci\u0105 naszej planety"},"content":{"rendered":"<div class=\"wrapper   wrapper__spacing-bottom-large--40\" id=\"\">\n\t<div class=\"wrapper__anchor\" id=\"\"><\/div>\n\t\t\t<div class=\"wrapper__container wrapper__container-width-large--default wrapper__gutter-large--default wrapper__gutter-tablet--small\">\n\t\t\t<div class=\"wrapper__inner wrapper__width-large--12\">\n\t\t\t\t\n<div class=\"block-heading\">\n\t<h2 class=\"heading heading__align--center heading__color--shaft heading__size--default block-heading__heading\">\n\t<br>Udost\u0119pnij zdj\u0119cie natury i wygraj instalacj\u0119<br><\/h2>\t<\/div>\n\t\t\t<\/div>\n\t\t<\/div>\n\t<\/div>\n\n\n<div class=\"wrapper   wrapper__spacing-bottom-large--40\" id=\"\">\n\t<div class=\"wrapper__anchor\" id=\"\"><\/div>\n\t\t\t<div class=\"wrapper__container wrapper__container-width-large--default wrapper__gutter-large--default wrapper__gutter-tablet--small\">\n\t\t\t<div class=\"wrapper__inner wrapper__width-large--12\">\n\t\t\t\t<img src=\"https:\/\/solplanet.net\/wp-content\/uploads\/2021\/07\/PL.png\" class=\"image block-image__image\" \/>\t\t\t<\/div>\n\t\t<\/div>\n\t<\/div>\n\n\n<div class=\"wrapper   wrapper__spacing-bottom-large--40\" id=\"\">\n\t<div class=\"wrapper__anchor\" id=\"\"><\/div>\n\t\t\t<div class=\"wrapper__container wrapper__container-width-large--default wrapper__gutter-large--default wrapper__gutter-tablet--small\">\n\t\t\t<div class=\"wrapper__inner wrapper__width-large--12\">\n\t\t\t\t\n<div class=\"block-heading\">\n\t<h2 class=\"heading heading__align--center heading__color--shaft heading__size--default block-heading__heading\">\n\t<br>Dzi\u0119kujemy za udzia\u0142 w naszym konkursie!<br><\/h2>\t<\/div>\n\t\t\t<\/div>\n\t\t<\/div>\n\t<\/div>\n\n\n<div class=\"wrapper   wrapper__spacing-bottom-large--40\" id=\"\">\n\t<div class=\"wrapper__anchor\" id=\"\"><\/div>\n\t\t\t<div class=\"wrapper__container wrapper__container-width-large--default wrapper__gutter-large--default wrapper__gutter-tablet--small\">\n\t\t\t<div class=\"wrapper__inner wrapper__width-large--12\">\n\t\t\t\t<p class=\"paragraph paragraph__color--dove paragraph__align--center paragraph__size--default block-paragraph__paragraph\">\n\tW Solplanet przy\u015bwieca nam jeden prosty cel: energia s\u0142oneczna dla ka\u017cdego. Dok\u0142adamy wszelkich stara\u0144, aby zapewni\u0107 mo\u017cliwie jak najwy\u017cszy komfort u\u017cytkowania dystrybutorom, instalatorom i u\u017cytkownikom ko\u0144cowym.<br><br>Je\u015bli tak jak my wierzysz, \u017ce  energia s\u0142oneczna jest przysz\u0142o\u015bci\u0105 energii odnawialnej &#8211; Zarejestruj si\u0119 ju\u017c teraz!<br><br>Wygraj kompletn\u0105 instalacj\u0119 fotowoltaiczn\u0105!<br><br><\/p>\t\t\t<\/div>\n\t\t<\/div>\n\t<\/div>\n\n\n<div class=\"wrapper   wrapper__spacing-bottom-large--40\" id=\"\">\n\t<div class=\"wrapper__anchor\" id=\"\"><\/div>\n\t\t\t<div class=\"wrapper__container wrapper__container-width-large--default wrapper__gutter-large--default wrapper__gutter-tablet--small\">\n\t\t\t<div class=\"wrapper__inner wrapper__width-large--12\">\n\t\t\t\t<!--[if lte IE 8]> <script charset=\"utf-8\" type=\"text\/javascript\" src=\"\/\/js.hsforms.net\/forms\/v2-legacy.js\"><\/script> <![endif]--> <script charset=\"utf-8\" type=\"text\/javascript\" src=\"\/\/js.hsforms.net\/forms\/v2.js\"><\/script> <script>   hbspt.forms.create({ \tregion: \"na1\", \tportalId: \"8795524\", \tformId: \"cb5ffa8b-bc95-4fd8-946a-6678cc4b6967\" }); <\/script>\t\t\t<\/div>\n\t\t<\/div>\n\t<\/div>\n","protected":false},"excerpt":{"rendered":"","protected":false},"author":5,"featured_media":0,"parent":0,"menu_order":0,"comment_status":"closed","ping_status":"closed","template":"","meta":[],"acf":[],"yoast_head":"<!-- This site is optimized with the Yoast SEO plugin v19.7.1 - https:\/\/yoast.com\/wordpress\/plugins\/seo\/ -->\n<title>Energia s\u0142oneczna przysz\u0142o\u015bci\u0105 naszej planety | Solplanet<\/title>\n<meta name=\"description\" content=\"Energia s\u0142oneczna jest dla ka\u017cdego, a w Solplanet dok\u0142adamy wszelkich stara\u0144, aby to umo\u017cliwi\u0107. Mo\u017cesz polega\u0107 na Solplanet\" \/>\n<meta name=\"robots\" content=\"index, follow, max-snippet:-1, max-image-preview:large, max-video-preview:-1\" \/>\n<link rel=\"canonical\" href=\"https:\/\/solplanet.net\/pl\/solplanet-picture-competition-pl\" \/>\n<meta property=\"og:locale\" content=\"pl_PL\" \/>\n<meta property=\"og:type\" content=\"article\" \/>\n<meta property=\"og:title\" content=\"Energia s\u0142oneczna przysz\u0142o\u015bci\u0105 naszej planety | Solplanet\" \/>\n<meta property=\"og:description\" content=\"Energia s\u0142oneczna jest dla ka\u017cdego, a w Solplanet dok\u0142adamy wszelkich stara\u0144, aby to umo\u017cliwi\u0107. Mo\u017cesz polega\u0107 na Solplanet\" \/>\n<meta property=\"og:url\" content=\"https:\/\/solplanet.net\/pl\/solplanet-picture-competition-pl\" \/>\n<meta property=\"og:site_name\" content=\"Solplanet\" \/>\n<meta property=\"article:modified_time\" content=\"2021-07-27T12:31:57+00:00\" \/>\n<meta name=\"twitter:card\" content=\"summary_large_image\" \/>\n<script type=\"application\/ld+json\" class=\"yoast-schema-graph\">{\"@context\":\"https:\/\/schema.org\",\"@graph\":[{\"@type\":\"WebPage\",\"@id\":\"https:\/\/solplanet.net\/pl\/solplanet-picture-competition-pl\",\"url\":\"https:\/\/solplanet.net\/pl\/solplanet-picture-competition-pl\",\"name\":\"Energia s\u0142oneczna przysz\u0142o\u015bci\u0105 naszej planety | Solplanet\",\"isPartOf\":{\"@id\":\"https:\/\/solplanet.net\/pl#website\"},\"datePublished\":\"2021-07-06T21:57:58+00:00\",\"dateModified\":\"2021-07-27T12:31:57+00:00\",\"description\":\"Energia s\u0142oneczna jest dla ka\u017cdego, a w Solplanet dok\u0142adamy wszelkich stara\u0144, aby to umo\u017cliwi\u0107. Mo\u017cesz polega\u0107 na Solplanet\",\"breadcrumb\":{\"@id\":\"https:\/\/solplanet.net\/pl\/solplanet-picture-competition-pl#breadcrumb\"},\"inLanguage\":\"pl-PL\",\"potentialAction\":[{\"@type\":\"ReadAction\",\"target\":[\"https:\/\/solplanet.net\/pl\/solplanet-picture-competition-pl\"]}]},{\"@type\":\"BreadcrumbList\",\"@id\":\"https:\/\/solplanet.net\/pl\/solplanet-picture-competition-pl#breadcrumb\",\"itemListElement\":[{\"@type\":\"ListItem\",\"position\":1,\"name\":\"Home\",\"item\":\"https:\/\/solplanet.net\/pl\"},{\"@type\":\"ListItem\",\"position\":2,\"name\":\"Energia s\u0142oneczna przysz\u0142o\u015bci\u0105 naszej planety\"}]},{\"@type\":\"WebSite\",\"@id\":\"https:\/\/solplanet.net\/pl#website\",\"url\":\"https:\/\/solplanet.net\/pl\",\"name\":\"Solplanet\",\"description\":\"Solar for everybody\",\"publisher\":{\"@id\":\"https:\/\/solplanet.net\/pl#organization\"},\"potentialAction\":[{\"@type\":\"SearchAction\",\"target\":{\"@type\":\"EntryPoint\",\"urlTemplate\":\"https:\/\/solplanet.net\/pl?s={search_term_string}\"},\"query-input\":\"required name=search_term_string\"}],\"inLanguage\":\"pl-PL\"},{\"@type\":\"Organization\",\"@id\":\"https:\/\/solplanet.net\/pl#organization\",\"name\":\"Solplanet\",\"url\":\"https:\/\/solplanet.net\/pl\",\"sameAs\":[],\"logo\":{\"@type\":\"ImageObject\",\"inLanguage\":\"pl-PL\",\"@id\":\"https:\/\/solplanet.net\/pl#\/schema\/logo\/image\/\",\"url\":\"https:\/\/solplanet.net\/wp-content\/uploads\/2020\/11\/Solplanet-LinkedInIcon.jpg\",\"contentUrl\":\"https:\/\/solplanet.net\/wp-content\/uploads\/2020\/11\/Solplanet-LinkedInIcon.jpg\",\"width\":500,\"height\":500,\"caption\":\"Solplanet\"},\"image\":{\"@id\":\"https:\/\/solplanet.net\/pl#\/schema\/logo\/image\/\"}}]}<\/script>\n<!-- \/ Yoast SEO plugin. -->","yoast_head_json":{"title":"Energia s\u0142oneczna przysz\u0142o\u015bci\u0105 naszej planety | Solplanet","description":"Energia s\u0142oneczna jest dla ka\u017cdego, a w Solplanet dok\u0142adamy wszelkich stara\u0144, aby to umo\u017cliwi\u0107. Mo\u017cesz polega\u0107 na Solplanet","robots":{"index":"index","follow":"follow","max-snippet":"max-snippet:-1","max-image-preview":"max-image-preview:large","max-video-preview":"max-video-preview:-1"},"canonical":"https:\/\/solplanet.net\/pl\/solplanet-picture-competition-pl","og_locale":"pl_PL","og_type":"article","og_title":"Energia s\u0142oneczna przysz\u0142o\u015bci\u0105 naszej planety | Solplanet","og_description":"Energia s\u0142oneczna jest dla ka\u017cdego, a w Solplanet dok\u0142adamy wszelkich stara\u0144, aby to umo\u017cliwi\u0107. Mo\u017cesz polega\u0107 na Solplanet","og_url":"https:\/\/solplanet.net\/pl\/solplanet-picture-competition-pl","og_site_name":"Solplanet","article_modified_time":"2021-07-27T12:31:57+00:00","twitter_card":"summary_large_image","schema":{"@context":"https:\/\/schema.org","@graph":[{"@type":"WebPage","@id":"https:\/\/solplanet.net\/pl\/solplanet-picture-competition-pl","url":"https:\/\/solplanet.net\/pl\/solplanet-picture-competition-pl","name":"Energia s\u0142oneczna przysz\u0142o\u015bci\u0105 naszej planety | Solplanet","isPartOf":{"@id":"https:\/\/solplanet.net\/pl#website"},"datePublished":"2021-07-06T21:57:58+00:00","dateModified":"2021-07-27T12:31:57+00:00","description":"Energia s\u0142oneczna jest dla ka\u017cdego, a w Solplanet dok\u0142adamy wszelkich stara\u0144, aby to umo\u017cliwi\u0107. Mo\u017cesz polega\u0107 na Solplanet","breadcrumb":{"@id":"https:\/\/solplanet.net\/pl\/solplanet-picture-competition-pl#breadcrumb"},"inLanguage":"pl-PL","potentialAction":[{"@type":"ReadAction","target":["https:\/\/solplanet.net\/pl\/solplanet-picture-competition-pl"]}]},{"@type":"BreadcrumbList","@id":"https:\/\/solplanet.net\/pl\/solplanet-picture-competition-pl#breadcrumb","itemListElement":[{"@type":"ListItem","position":1,"name":"Home","item":"https:\/\/solplanet.net\/pl"},{"@type":"ListItem","position":2,"name":"Energia s\u0142oneczna przysz\u0142o\u015bci\u0105 naszej planety"}]},{"@type":"WebSite","@id":"https:\/\/solplanet.net\/pl#website","url":"https:\/\/solplanet.net\/pl","name":"Solplanet","description":"Solar for everybody","publisher":{"@id":"https:\/\/solplanet.net\/pl#organization"},"potentialAction":[{"@type":"SearchAction","target":{"@type":"EntryPoint","urlTemplate":"https:\/\/solplanet.net\/pl?s={search_term_string}"},"query-input":"required name=search_term_string"}],"inLanguage":"pl-PL"},{"@type":"Organization","@id":"https:\/\/solplanet.net\/pl#organization","name":"Solplanet","url":"https:\/\/solplanet.net\/pl","sameAs":[],"logo":{"@type":"ImageObject","inLanguage":"pl-PL","@id":"https:\/\/solplanet.net\/pl#\/schema\/logo\/image\/","url":"https:\/\/solplanet.net\/wp-content\/uploads\/2020\/11\/Solplanet-LinkedInIcon.jpg","contentUrl":"https:\/\/solplanet.net\/wp-content\/uploads\/2020\/11\/Solplanet-LinkedInIcon.jpg","width":500,"height":500,"caption":"Solplanet"},"image":{"@id":"https:\/\/solplanet.net\/pl#\/schema\/logo\/image\/"}}]}},"_links":{"self":[{"href":"https:\/\/solplanet.net\/pl\/wp-json\/wp\/v2\/pages\/6375"}],"collection":[{"href":"https:\/\/solplanet.net\/pl\/wp-json\/wp\/v2\/pages"}],"about":[{"href":"https:\/\/solplanet.net\/pl\/wp-json\/wp\/v2\/types\/page"}],"author":[{"embeddable":true,"href":"https:\/\/solplanet.net\/pl\/wp-json\/wp\/v2\/users\/5"}],"replies":[{"embeddable":true,"href":"https:\/\/solplanet.net\/pl\/wp-json\/wp\/v2\/comments?post=6375"}],"version-history":[{"count":6,"href":"https:\/\/solplanet.net\/pl\/wp-json\/wp\/v2\/pages\/6375\/revisions"}],"predecessor-version":[{"id":6451,"href":"https:\/\/solplanet.net\/pl\/wp-json\/wp\/v2\/pages\/6375\/revisions\/6451"}],"wp:attachment":[{"href":"https:\/\/solplanet.net\/pl\/wp-json\/wp\/v2\/media?parent=6375"}],"curies":[{"name":"wp","href":"https:\/\/api.w.org\/{rel}","templated":true}]}}