{"id":4552,"date":"2020-09-15T11:54:07","date_gmt":"2020-09-15T11:54:07","guid":{"rendered":"https:\/\/solplanet.net\/?page_id=4552"},"modified":"2024-03-15T16:04:47","modified_gmt":"2024-03-15T16:04:47","slug":"o-nas","status":"publish","type":"page","link":"https:\/\/solplanet.net\/pl\/o-nas","title":{"rendered":"O nas"},"content":{"rendered":"<div class=\"wrapper   wrapper__spacing-bottom-large--0\" id=\"\">\n\t<div class=\"wrapper__anchor\" id=\"\"><\/div>\n\t\t\t<div class=\"wrapper__container\">\n\t\t\t<div class=\"wrapper__inner wrapper__width-large--12\">\n\t\t\t\t\n<div\n\tclass=\"block-carousel js-block-carousel swiper-container block-carousel__pagination-type-default\"\n\tdata-swiper-loop=\"1\"\n\tdata-show-items=\"1\"\n>\n\n\t<div class=\"swiper-wrapper\">\n\t\t\n<div class=\"block-carousel__item\"><div class=\"block-carousel__item-inner\"><div class=\"jumbotron block-jumbotron__jumbotron\">\n\n\t<div style=\"background-image:url(https:\/\/solplanet.net\/wp-content\/uploads\/2020\/09\/jumbotron3.jpg)\" class=\"image-bg jumbotron__image-bg\"><\/div>\n\t<div class=\"jumbotron__mask jumbotron__mask-type--type4\"><\/div>\n\n\t<div class=\"\n\t\t\tjumbotron__content\n\t\t\tjumbotron__content--default\n\t\t\tjumbotron__content--vertical-center\n\t\t\tjumbotron__content--horizontal-left\n\t\t\">\n\t\t<div class=\"jumbotron__content-wrap\">\n\t\t\t<h1 class=\"heading heading__align--left heading__color--white heading__size--big jumbotron__heading\">\n\tEnergia s\u0142oneczna przysz\u0142o\u015bci\u0105 naszej planety<\/h1><p class=\"paragraph paragraph__color--white paragraph__align--left paragraph__size--big jumbotron__paragraph\">\n\tMo\u017cesz polega\u0107 na Solplanet<\/p>\t\t<\/div>\n\t<\/div>\n\n\t<\/div><\/div><\/div>\n\n<div class=\"block-carousel__item\"><div class=\"block-carousel__item-inner\"><div class=\"jumbotron block-jumbotron__jumbotron\">\n\n\t<div style=\"background-image:url(https:\/\/solplanet.net\/wp-content\/uploads\/2022\/05\/Solplanet-EV-Charger-1.jpg)\" class=\"image-bg jumbotron__image-bg\"><\/div>\n\t<div class=\"jumbotron__mask jumbotron__mask-type--type2\"><\/div>\n\n\t<div class=\"\n\t\t\tjumbotron__content\n\t\t\tjumbotron__content--default\n\t\t\tjumbotron__content--vertical-center\n\t\t\tjumbotron__content--horizontal-left\n\t\t\">\n\t\t<div class=\"jumbotron__content-wrap\">\n\t\t\t<p class=\"paragraph paragraph__color--white paragraph__align--left paragraph__size--default jumbotron__intro\">\n\tSeria SOL APOLLO<\/p><h1 class=\"heading heading__align--left heading__color--white heading__size--big jumbotron__heading\">\n\tW kierunku zielonej przysz\u0142o\u015bci<\/h1><div class=\"btn__wrap btn__align--left jumbotron__btn\">\n\t\t\t<a href=\"https:\/\/solplanet.net\/pl\/products\/sol-apollo\" class=\"btn btn__color--white btn__size--default btn__size-width--default     gtm_aboutus \" id=\"\" title=\"Wi\u0119cej informacji\" aria-label=\"\" target=\"_blank\" rel=\"noopener noreferrer\">\n\t\t\tWi\u0119cej informacji\t\t<\/a>\n\t<\/div>\t\t<\/div>\n\t<\/div>\n\n\t<\/div><\/div><\/div>\n\t<\/div>\n\n\t<div class=\"carousel-navigation carousel-navigation__theme--default block-carousel__carousel-navigation\">\n\t<div class=\"carousel-navigation__item carousel-navigation__item--prev js-block-carousel-prev-arrow\">\n\t\t<svg class=\"carousel-navigation__icon\" width=\"22\" height=\"40\" xmlns=\"http:\/\/www.w3.org\/2000\/svg\"><g stroke=\"#FFF\" fill=\"none\" fill-rule=\"evenodd\" stroke-linecap=\"round\"><path d=\"M1 20L21 1M21 39L1 20\" \/><\/g><\/svg>\n\t<\/div>\n\t<div class=\"carousel-navigation__item carousel-navigation__item--next js-block-carousel-next-arrow\">\n\t\t<svg class=\"carousel-navigation__icon\" width=\"22\" height=\"40\" xmlns=\"http:\/\/www.w3.org\/2000\/svg\"><g stroke=\"#FFF\" fill=\"none\" fill-rule=\"evenodd\" stroke-linecap=\"round\"><path d=\"M21 20L1 1M1 39l20-19\" \/><\/g><\/svg>\n\t<\/div>\n<\/div><div class=\"carousel-pagination js-block-carousel-pagination carousel-pagination__theme--default block-carousel__carousel-pagination\"><\/div><\/div>\n\t\t\t<\/div>\n\t\t<\/div>\n\t<\/div>\n\n\n<div class=\"wrapper  wrapper__spacing-top-large--120 wrapper__spacing-top-tablet--80 wrapper__spacing-bottom-large--110 wrapper__spacing-bottom-tablet--80\" id=\"\">\n\t<div class=\"wrapper__anchor\" id=\"\"><\/div>\n\t\t\t<div class=\"wrapper__container wrapper__container-width-large--small wrapper__gutter-large--default wrapper__gutter-tablet--small\">\n\t\t\t<div class=\"wrapper__inner wrapper__width-large--12\">\n\t\t\t\t\n<div class=\"block-group\">\n\t\n<div class=\"wrapper   wrapper__spacing-bottom-large--20\" id=\"\">\n\t<div class=\"wrapper__anchor\" id=\"\"><\/div>\n\t\t\t<p class=\"paragraph paragraph__color--dove paragraph__align--left paragraph__size--small block-paragraph__paragraph\">\n\tO NAS<\/p>\t<\/div>\n\n\n<div class=\"wrapper   wrapper__spacing-bottom-large--20\" id=\"\">\n\t<div class=\"wrapper__anchor\" id=\"\"><\/div>\n\t\t\t\n<div class=\"block-heading\">\n\t<h2 class=\"heading heading__align--left heading__color--shaft heading__size--default block-heading__heading\">\n\tMo\u017cesz polega\u0107 na Solplanet<\/h2>\t<\/div>\n\t<\/div>\n\n\n<div class=\"wrapper   wrapper__spacing-bottom-large--0 wrapper__spacing-bottom-tablet--0\" id=\"\">\n\t<div class=\"wrapper__anchor\" id=\"\"><\/div>\n\t\t\t<p class=\"paragraph paragraph__color--dove paragraph__align--left paragraph__size--default block-paragraph__paragraph\">\n\tW Solplanet przy\u015bwieca nam jeden prosty cel: energia s\u0142oneczna dla ka\u017cdego. Dok\u0142adamy wszelkich stara\u0144, aby zapewni\u0107 mo\u017cliwie jak najwy\u017cszy komfort u\u017cytkowania dystrybutorom, instalatorom i u\u017cytkownikom ko\u0144cowym. Dlatego w\u0142a\u015bnie nasze produkty s\u0105 \u0142atwe w monta\u017cu, niezawodne i przyjazne w obs\u0142udze.<br><br>Falowniki fotowoltaiczne Solplanet s\u0105 produkowane zgodnie z mi\u0119dzynarodowymi standardami jako\u015bci. Dlatego wierzymy, \u017ce jeste\u015bmy w stanie zaspokoi\u0107 potrzeby naszych klient\u00f3w.<br><br>Solplanet to marka firmy AISWEI, kt\u00f3ra produkuje falowniki od 2009 roku. Firma AISWEI, wcze\u015bniej oddzia\u0142 sp\u00f3\u0142ki SMA, wytwarza z powodzeniem wysokiej jako\u015bci i niezawodne produkty dla renomowanych marek, takich jak SMA i Zeversolar.<br><br>Obecnie AISWEI jest niezale\u017cnym przedsi\u0119biorstwem, kt\u00f3re zajmuje si\u0119 pracami badawczo-rozwojowymi i produkcj\u0105. Niedawna restrukturyzacja kapita\u0142owa zapewni\u0142a firmie AISWEI niezwykle siln\u0105 pozycj\u0119 finansow\u0105 w bran\u017cy.<br><\/p>\t<\/div>\n\n<\/div>\n\t\t\t<\/div>\n\t\t<\/div>\n\t<\/div>\n\n\n<div class=\"wrapper   wrapper__spacing-bottom-large--0  wrapper__divider-top-large\" id=\"\">\n\t<div class=\"wrapper__anchor\" id=\"\"><\/div>\n\t\t\t<div class=\"wrapper__container  wrapper__gutter-large--none\">\n\t\t\t<div class=\"wrapper__inner wrapper__width-large--12\">\n\t\t\t\t\n<div class=\"block-card-list block-card-list__media-position--left\">\n\n\t\t\t<div class=\"block-card-list__media\">\n\t\t\t<div class=\"block-card-list__media-inner\">\n\t\t\t\t<div style=\"background-image:url(https:\/\/solplanet.net\/wp-content\/uploads\/2020\/11\/julentto-photography-Yr1SCCRJXIY-unsplash-HI.jpg)\" class=\"image-bg block-card-list__image-bg\"><\/div>\t\t\t<\/div>\n\t\t<\/div>\n\t\n\t<div class=\"block-card-list__content\">\n\t\t<div class=\"block-card-list__content-inner\">\n\t\t\t\n<div class=\"wrapper   wrapper__spacing-bottom-large--40\" id=\"\">\n\t<div class=\"wrapper__anchor\" id=\"\"><\/div>\n\t\t\t\n<div class=\"block-heading\">\n\t<h2 class=\"heading heading__align--left heading__color--sunsetToDodger heading__size--default block-heading__heading heading__color--is-gradient\">\n\tSolar for Everybody<\/h2>\t<\/div>\n\t<\/div>\n\n\n<div class=\"wrapper   wrapper__spacing-bottom-large--200 wrapper__spacing-bottom-mobile--50\" id=\"\">\n\t<div class=\"wrapper__anchor\" id=\"\"><\/div>\n\t\t\t<p class=\"paragraph paragraph__color--dove paragraph__align--left paragraph__size--default block-paragraph__paragraph\">\n\tEnergia s\u0142oneczna jest czystym i zr\u00f3wnowa\u017conym \u017ar\u00f3d\u0142em energii. Energia s\u0142oneczna jest dla ka\u017cdego, a w Solplanet dok\u0142adamy wszelkich stara\u0144, aby to umo\u017cliwi\u0107.<\/p>\t<\/div>\n\n\t\t<\/div>\n\t<\/div>\n<\/div>\n\n\n\t\t\t<\/div>\n\t\t<\/div>\n\t<\/div>\n\n\n<div class=\"wrapper   wrapper__spacing-bottom-large--0\" id=\"\">\n\t<div class=\"wrapper__anchor\" id=\"\"><\/div>\n\t\t\t<div class=\"wrapper__container\">\n\t\t\t<div class=\"wrapper__inner wrapper__width-large--12\">\n\t\t\t\t<div class=\"jumbotron block-jumbotron__jumbotron\">\n\n\t<div style=\"background-image:url(https:\/\/solplanet.net\/wp-content\/uploads\/2022\/09\/Untitled_1.33_r2.jpg)\" class=\"image-bg jumbotron__image-bg\"><\/div>\n\t<div class=\"jumbotron__mask jumbotron__mask-type--type1\"><\/div>\n\n\t<div class=\"\n\t\t\tjumbotron__content\n\t\t\tjumbotron__content--default\n\t\t\tjumbotron__content--vertical-center\n\t\t\tjumbotron__content--horizontal-center\n\t\t\">\n\t\t<div class=\"jumbotron__content-wrap\">\n\t\t\t<h1 class=\"heading heading__align--left heading__color--white heading__size--default jumbotron__heading\">\n\tSolplanet Company Introduction<\/h1><button class=\"video-button jumbotron__video-button\" role=\"button\" data-micromodal-trigger=\"block-jumbotron-177523883469cffeb25abf7\" aria-label=\"Odtw\u00f3rz wideo\">\n\t<svg class='video-button__icon' width='106' height='106' xmlns='http:\/\/www.w3.org\/2000\/svg'><g stroke='#FFF' fill='none' fill-rule='evenodd'><circle cx='53' cy='53' r='52' \/><path d='M78.764 53L40 72.382V33.618L78.764 53z' \/><\/g><\/svg><\/button>\t\t<\/div>\n\t<\/div>\n\n\t<div id=\"block-jumbotron-177523883469cffeb25abf7\" class=\"modal js-modal\" aria-hidden=\"true\">\n\n\t<div class=\"modal__overlay\" data-micromodal-close>\n\n\t\t<div class=\"modal__dialog\" role=\"dialog\" aria-label=\"\">\n\n\t\t\t<header class=\"modal__header\">\n\t\t\t\t<div class=\"btn__wrap btn__align--left modal__btn\">\n\t\t\t<a href=\"#\" class=\"btn btn__color--alto btn__size--big btn__size-width--default \" id=\"\" title=\"Zamknij\" aria-label=\"Zamknij tryb\" data-micromodal-close=\"true\">\n\t\t\tZamknij\t\t<\/a>\n\t<\/div>\t\t\t<\/header>\n\n\t\t\t<section class=\"modal__content\" id=\"block-jumbotron-177523883469cffeb25abf7-content\">\n\t\t\t\t<div class=\"video-iframe video-iframe__video-ratio--default jumbotron__video-iframe\">\n\t<iframe class=\"video-iframe__iframe\" src=\"https:\/\/www.youtube-nocookie.com\/embed\/pgpssnNFEyQ?enablejsapi=1\" frameBorder=\"0\" allow=\"autoplay; fullscreen\" allowFullScreen><\/iframe>\n<\/div>\t\t\t<\/section>\n\n\t\t<\/div>\n\t<\/div>\n<\/div><\/div>\t\t\t<\/div>\n\t\t<\/div>\n\t<\/div>\n\n\n<div class=\"wrapper   wrapper__spacing-bottom-large--0  wrapper__divider-top-large wrapper__divider-bottom-large\" id=\"\">\n\t<div class=\"wrapper__anchor\" id=\"\"><\/div>\n\t\t\t<div class=\"wrapper__container  wrapper__gutter-large--none\">\n\t\t\t<div class=\"wrapper__inner wrapper__width-large--12\">\n\t\t\t\t\n<div class=\"block-card-list block-card-list__media-position--right\">\n\n\t\t\t<div class=\"block-card-list__media\">\n\t\t\t<div class=\"block-card-list__media-inner\">\n\t\t\t\t<div style=\"background-image:url(https:\/\/solplanet.net\/wp-content\/uploads\/2020\/11\/installer-less-res-2-e1607089348684.png)\" class=\"image-bg block-card-list__image-bg\"><\/div>\t\t\t<\/div>\n\t\t<\/div>\n\t\n\t<div class=\"block-card-list__content\">\n\t\t<div class=\"block-card-list__content-inner\">\n\t\t\t\n<div class=\"wrapper   wrapper__spacing-bottom-large--40\" id=\"\">\n\t<div class=\"wrapper__anchor\" id=\"\"><\/div>\n\t\t\t\n<div class=\"block-heading\">\n\t<h2 class=\"heading heading__align--left heading__color--shaft heading__size--default block-heading__heading\">\n\tSolplanet u\u0142atwia \u017cycie<\/h2>\t<\/div>\n\t<\/div>\n\n\n<div class=\"wrapper   wrapper__spacing-bottom-large--200 wrapper__spacing-bottom-tablet--40\" id=\"\">\n\t<div class=\"wrapper__anchor\" id=\"\"><\/div>\n\t\t\t<p class=\"paragraph paragraph__color--dove paragraph__align--left paragraph__size--default block-paragraph__paragraph\">\n\tProdukty Solplanet s\u0105 \u0142atwe w monta\u017cu, niezawodne i przyjazne w obs\u0142udze. Nieustannie pracujemy nad skracaniem czasu i upraszczaniem monta\u017cu naszych produkt\u00f3w i aplikacji, oferuj\u0105c niezawodn\u0105 i d\u0142ugofalow\u0105 wydajno\u015b\u0107 oraz przyjazno\u015b\u0107 w obs\u0142udze z my\u015bl\u0105 o optymalizacji do\u015bwiadcze\u0144 u\u017cytkownik\u00f3w. W Solplanet u\u0142atwiamy \u017cycie.<\/p>\t<\/div>\n\n\t\t<\/div>\n\t<\/div>\n<\/div>\n\n\n\t\t\t<\/div>\n\t\t<\/div>\n\t<\/div>\n\n\n<div class=\"wrapper  wrapper__spacing-top-large--110 wrapper__spacing-bottom-large--40\" id=\"\">\n\t<div class=\"wrapper__anchor\" id=\"news\"><\/div>\n\t\t\t<div class=\"wrapper__container wrapper__container-width-large--small wrapper__gutter-large--default wrapper__gutter-tablet--small\">\n\t\t\t<div class=\"wrapper__inner wrapper__width-large--10 wrapper__width-tablet--12 wrapper__offset-large--1 wrapper__offset-tablet--0\">\n\t\t\t\t\n<div class=\"block-group\">\n\t\n<div class=\"wrapper   wrapper__spacing-bottom-large--40\" id=\"\">\n\t<div class=\"wrapper__anchor\" id=\"\"><\/div>\n\t\t\t\n<div class=\"block-heading\">\n\t<h2 class=\"heading heading__align--center heading__color--sunsetToDodger heading__size--default block-heading__heading heading__color--is-gradient\">\n\tAktualno\u015bci<\/h2>\t<\/div>\n\t<\/div>\n\n\n<div class=\"wrapper   wrapper__spacing-bottom-large--40\" id=\"\">\n\t<div class=\"wrapper__anchor\" id=\"\"><\/div>\n\t\t\t\n\n<div class=\"block-featured-categories-posts js-block-featured-categories-posts block-featured-categories-posts__hide-dividers\" data-items-per-line=\"1\">\n\n\t<div class=\"block-featured-categories-posts__wrapper\">\n\n\t\t\t\t\t\t<div class=\"block-featured-categories-posts__item block-featured-categories-posts__item--post\">\n\t\t\t\t<div class=\"card-simplest block-featured-categories-posts__card-simplest\">\n\t\t\t<a href=\"https:\/\/solplanet.net\/pl\/solplanet-wlaczylo-sie-w-tegoroczna-akcje-wielkiej-orkiestry-swiatecznej-pomocy\" class=\"card-simplest__link\">\n\t\t\t<p class=\"paragraph paragraph__color--dove paragraph__align--left paragraph__size--default card-simplest__intro\">\n\t2024-05-21<\/p><h2 class=\"heading heading__align--left heading__color--dove heading__size--medium card-simplest__heading\">\n\tSolplanet w\u0142\u0105czy\u0142o si\u0119 w tegoroczn\u0105 akcj\u0119 Wielkiej Orkiestry \u015awi\u0105tecznej Pomocy.<\/h2><p class=\"paragraph paragraph__color--dove paragraph__align--left paragraph__size--default card-simplest__paragraph\">\n\t<\/p>\t\t\t<\/a>\n\t<\/div>\t\t\t\t<\/div>\n\t\t\t\n\t\t\t\t\t\n\t<\/div>\n\n\t<\/div>\n\t<\/div>\n\n\n<div class=\"wrapper   wrapper__spacing-bottom-large--40\" id=\"\">\n\t<div class=\"wrapper__anchor\" id=\"\"><\/div>\n\t\t\t<div class=\"btn__wrap btn__align--left block-button__btn\">\n\t\t\t<a href=\"\/pl\/news\/\" class=\"btn btn__color--alto btn__size--default btn__size-width--default     gtm_visitarchive \" id=\"\" title=\"Zajrzyj do naszego archiwum aktualno\u015bci\" aria-label=\"\">\n\t\t\tZajrzyj do naszego archiwum aktualno\u015bci\t\t<\/a>\n\t<\/div>\t<\/div>\n\n<\/div>\n\t\t\t<\/div>\n\t\t<\/div>\n\t<\/div>\n\n\n<div class=\"wrapper   wrapper__spacing-bottom-large--0  wrapper__divider-top-large\" id=\"\">\n\t<div class=\"wrapper__anchor\" id=\"\"><\/div>\n\t\t\t<div class=\"wrapper__container wrapper__container-width-large--default\">\n\t\t\t<div class=\"wrapper__inner wrapper__width-large--12\">\n\t\t\t\t\n<div class=\"block-cards-grid js-block-cards-grid\" data-items-per-line=3>\n\t\n<div class=\"card-simple block-card__card-simple\">\n\t\n\t\t\t\t\t<div class=\"card-simple__intro js-card-simple-intro\">\n\t\t\t\t<h2 class=\"heading heading__align--center heading__color--dove heading__size--small card-simple__heading\">\n\tProdukty<\/h2>\t\t\t<\/div>\n\t\t\n\t\t\t\t\t<div class=\"card-simple__media js-card-simple-media\">\n\t\t\t\t<img src=\"https:\/\/solplanet.net\/wp-content\/uploads\/2020\/09\/Inverter-products.svg\" class=\"image card-simple__image\" \/>\t\t\t<\/div>\n\t\t\n\t\t\t\t\t<div class=\"card-simple__outro card-simple__outro--has-button\">\n\t\t\t\t<div class=\"btn__wrap btn__align--center card-simple__btn\">\n\t\t\t<a href=\"\/pl\/products\/\" class=\"btn btn__color--alto btn__size--default btn__size-width--default     gtm_discover_our_products \" id=\"\" title=\"Poznaj nasze produkty\" aria-label=\"\">\n\t\t\tPoznaj nasze produkty\t\t<\/a>\n\t<\/div><p class=\"paragraph paragraph__color--dusty paragraph__align--center paragraph__size--small card-simple__paragraph\">\n\tProdukty, na kt\u00f3rych mo\u017cesz polega\u0107: \u0141atwe w monta\u017cu, niezawodne i przyjazne w obs\u0142udze<\/p>\t\t\t<\/div>\n\t\t\n\t\t\n\t<\/div>\n\n<div class=\"card-simple block-card__card-simple\">\n\t\n\t\t\t\t\t<div class=\"card-simple__intro js-card-simple-intro\">\n\t\t\t\t<h2 class=\"heading heading__align--center heading__color--dove heading__size--small card-simple__heading\">\n\tKatalog produkt\u00f3w<\/h2>\t\t\t<\/div>\n\t\t\n\t\t\t\t\t<div class=\"card-simple__media js-card-simple-media\">\n\t\t\t\t<img src=\"https:\/\/solplanet.net\/wp-content\/uploads\/2020\/11\/downloads-more-hight-white-background-3.png\" class=\"image card-simple__image\" \/>\t\t\t<\/div>\n\t\t\n\t\t\t\t\t<div class=\"card-simple__outro card-simple__outro--has-button\">\n\t\t\t\t<div class=\"btn__wrap btn__align--center card-simple__btn\">\n\t\t\t<a href=\"https:\/\/solplanet.net\/wp-content\/uploads\/2020\/11\/Solplanet_katalog_0324_pl_www.pdf\" class=\"btn btn__color--alto btn__size--default btn__size-width--default     gtm_download_our_brochure \" id=\"\" title=\"Pobierz nasz katalog\" aria-label=\"\" target=\"_blank\" rel=\"noopener noreferrer\">\n\t\t\tPobierz nasz katalog\t\t<\/a>\n\t<\/div><p class=\"paragraph paragraph__color--dusty paragraph__align--center paragraph__size--small card-simple__paragraph\">\n\tWszystkie informacje na temat Solplanet i naszych produkt\u00f3w w jednym dokumencie<\/p>\t\t\t<\/div>\n\t\t\n\t\t\n\t<\/div>\n\n<div class=\"card-simple block-card__card-simple\">\n\t\n\t\t\t\t\t<div class=\"card-simple__intro js-card-simple-intro\">\n\t\t\t\t<h2 class=\"heading heading__align--center heading__color--dove heading__size--small card-simple__heading\">\n\tFotowoltaika<\/h2>\t\t\t<\/div>\n\t\t\n\t\t\t\t\t<div class=\"card-simple__media js-card-simple-media\">\n\t\t\t\t<img src=\"https:\/\/solplanet.net\/wp-content\/uploads\/2020\/09\/Professional-Area-Icon-Dark-Gray-Copy.svg\" class=\"image card-simple__image\" \/>\t\t\t<\/div>\n\t\t\n\t\t\t\t\t<div class=\"card-simple__outro card-simple__outro--has-button\">\n\t\t\t\t<div class=\"btn__wrap btn__align--center card-simple__btn\">\n\t\t\t<a href=\"\/pl\/installer-area\/\" class=\"btn btn__color--alto btn__size--default btn__size-width--default     gtm_visit_installer_area \" id=\"\" title=\"Zajrzyj do strefy instalatora\" aria-label=\"\">\n\t\t\tZajrzyj do strefy instalatora\t\t<\/a>\n\t<\/div><p class=\"paragraph paragraph__color--dusty paragraph__align--center paragraph__size--small card-simple__paragraph\">\n\tSzybki i \u0142atwy dost\u0119p do wszystkich potrzebnych informacji<\/p>\t\t\t<\/div>\n\t\t\n\t\t\n\t<\/div>\n<\/div>\n\t\t\t<\/div>\n\t\t<\/div>\n\t<\/div>\n\n\n<p><!-- \/wp:solplanet\/carousel --><\/p>","protected":false},"excerpt":{"rendered":"","protected":false},"author":5,"featured_media":0,"parent":0,"menu_order":0,"comment_status":"closed","ping_status":"closed","template":"","meta":[],"acf":[],"yoast_head":"<!-- This site is optimized with the Yoast SEO plugin v19.7.1 - https:\/\/yoast.com\/wordpress\/plugins\/seo\/ -->\n<title>O nas | Solplanet<\/title>\n<meta name=\"description\" content=\"The power of the sun is the future of our planet. Solplanet makes solar for everybody. Easy-to-install, reliable and user-friendly inverters.\" \/>\n<meta name=\"robots\" content=\"index, follow, max-snippet:-1, max-image-preview:large, max-video-preview:-1\" \/>\n<link rel=\"canonical\" href=\"https:\/\/solplanet.net\/pl\/o-nas\" \/>\n<meta property=\"og:locale\" content=\"pl_PL\" \/>\n<meta property=\"og:type\" content=\"article\" \/>\n<meta property=\"og:title\" content=\"O nas | Solplanet\" \/>\n<meta property=\"og:description\" content=\"The power of the sun is the future of our planet. Solplanet makes solar for everybody. Easy-to-install, reliable and user-friendly inverters.\" \/>\n<meta property=\"og:url\" content=\"https:\/\/solplanet.net\/pl\/o-nas\" \/>\n<meta property=\"og:site_name\" content=\"Solplanet\" \/>\n<meta property=\"article:modified_time\" content=\"2024-03-15T16:04:47+00:00\" \/>\n<meta name=\"twitter:card\" content=\"summary_large_image\" \/>\n<script type=\"application\/ld+json\" class=\"yoast-schema-graph\">{\"@context\":\"https:\/\/schema.org\",\"@graph\":[{\"@type\":\"WebPage\",\"@id\":\"https:\/\/solplanet.net\/pl\/o-nas\",\"url\":\"https:\/\/solplanet.net\/pl\/o-nas\",\"name\":\"O nas | Solplanet\",\"isPartOf\":{\"@id\":\"https:\/\/solplanet.net\/pl#website\"},\"datePublished\":\"2020-09-15T11:54:07+00:00\",\"dateModified\":\"2024-03-15T16:04:47+00:00\",\"description\":\"The power of the sun is the future of our planet. Solplanet makes solar for everybody. Easy-to-install, reliable and user-friendly inverters.\",\"breadcrumb\":{\"@id\":\"https:\/\/solplanet.net\/pl\/o-nas#breadcrumb\"},\"inLanguage\":\"pl-PL\",\"potentialAction\":[{\"@type\":\"ReadAction\",\"target\":[\"https:\/\/solplanet.net\/pl\/o-nas\"]}]},{\"@type\":\"BreadcrumbList\",\"@id\":\"https:\/\/solplanet.net\/pl\/o-nas#breadcrumb\",\"itemListElement\":[{\"@type\":\"ListItem\",\"position\":1,\"name\":\"Home\",\"item\":\"https:\/\/solplanet.net\/pl\"},{\"@type\":\"ListItem\",\"position\":2,\"name\":\"O nas\"}]},{\"@type\":\"WebSite\",\"@id\":\"https:\/\/solplanet.net\/pl#website\",\"url\":\"https:\/\/solplanet.net\/pl\",\"name\":\"Solplanet\",\"description\":\"Solar for everybody\",\"publisher\":{\"@id\":\"https:\/\/solplanet.net\/pl#organization\"},\"potentialAction\":[{\"@type\":\"SearchAction\",\"target\":{\"@type\":\"EntryPoint\",\"urlTemplate\":\"https:\/\/solplanet.net\/pl?s={search_term_string}\"},\"query-input\":\"required name=search_term_string\"}],\"inLanguage\":\"pl-PL\"},{\"@type\":\"Organization\",\"@id\":\"https:\/\/solplanet.net\/pl#organization\",\"name\":\"Solplanet\",\"url\":\"https:\/\/solplanet.net\/pl\",\"sameAs\":[],\"logo\":{\"@type\":\"ImageObject\",\"inLanguage\":\"pl-PL\",\"@id\":\"https:\/\/solplanet.net\/pl#\/schema\/logo\/image\/\",\"url\":\"https:\/\/solplanet.net\/wp-content\/uploads\/2020\/11\/Solplanet-LinkedInIcon.jpg\",\"contentUrl\":\"https:\/\/solplanet.net\/wp-content\/uploads\/2020\/11\/Solplanet-LinkedInIcon.jpg\",\"width\":500,\"height\":500,\"caption\":\"Solplanet\"},\"image\":{\"@id\":\"https:\/\/solplanet.net\/pl#\/schema\/logo\/image\/\"}}]}<\/script>\n<!-- \/ Yoast SEO plugin. -->","yoast_head_json":{"title":"O nas | Solplanet","description":"The power of the sun is the future of our planet. Solplanet makes solar for everybody. Easy-to-install, reliable and user-friendly inverters.","robots":{"index":"index","follow":"follow","max-snippet":"max-snippet:-1","max-image-preview":"max-image-preview:large","max-video-preview":"max-video-preview:-1"},"canonical":"https:\/\/solplanet.net\/pl\/o-nas","og_locale":"pl_PL","og_type":"article","og_title":"O nas | Solplanet","og_description":"The power of the sun is the future of our planet. Solplanet makes solar for everybody. Easy-to-install, reliable and user-friendly inverters.","og_url":"https:\/\/solplanet.net\/pl\/o-nas","og_site_name":"Solplanet","article_modified_time":"2024-03-15T16:04:47+00:00","twitter_card":"summary_large_image","schema":{"@context":"https:\/\/schema.org","@graph":[{"@type":"WebPage","@id":"https:\/\/solplanet.net\/pl\/o-nas","url":"https:\/\/solplanet.net\/pl\/o-nas","name":"O nas | Solplanet","isPartOf":{"@id":"https:\/\/solplanet.net\/pl#website"},"datePublished":"2020-09-15T11:54:07+00:00","dateModified":"2024-03-15T16:04:47+00:00","description":"The power of the sun is the future of our planet. Solplanet makes solar for everybody. Easy-to-install, reliable and user-friendly inverters.","breadcrumb":{"@id":"https:\/\/solplanet.net\/pl\/o-nas#breadcrumb"},"inLanguage":"pl-PL","potentialAction":[{"@type":"ReadAction","target":["https:\/\/solplanet.net\/pl\/o-nas"]}]},{"@type":"BreadcrumbList","@id":"https:\/\/solplanet.net\/pl\/o-nas#breadcrumb","itemListElement":[{"@type":"ListItem","position":1,"name":"Home","item":"https:\/\/solplanet.net\/pl"},{"@type":"ListItem","position":2,"name":"O nas"}]},{"@type":"WebSite","@id":"https:\/\/solplanet.net\/pl#website","url":"https:\/\/solplanet.net\/pl","name":"Solplanet","description":"Solar for everybody","publisher":{"@id":"https:\/\/solplanet.net\/pl#organization"},"potentialAction":[{"@type":"SearchAction","target":{"@type":"EntryPoint","urlTemplate":"https:\/\/solplanet.net\/pl?s={search_term_string}"},"query-input":"required name=search_term_string"}],"inLanguage":"pl-PL"},{"@type":"Organization","@id":"https:\/\/solplanet.net\/pl#organization","name":"Solplanet","url":"https:\/\/solplanet.net\/pl","sameAs":[],"logo":{"@type":"ImageObject","inLanguage":"pl-PL","@id":"https:\/\/solplanet.net\/pl#\/schema\/logo\/image\/","url":"https:\/\/solplanet.net\/wp-content\/uploads\/2020\/11\/Solplanet-LinkedInIcon.jpg","contentUrl":"https:\/\/solplanet.net\/wp-content\/uploads\/2020\/11\/Solplanet-LinkedInIcon.jpg","width":500,"height":500,"caption":"Solplanet"},"image":{"@id":"https:\/\/solplanet.net\/pl#\/schema\/logo\/image\/"}}]}},"_links":{"self":[{"href":"https:\/\/solplanet.net\/pl\/wp-json\/wp\/v2\/pages\/4552"}],"collection":[{"href":"https:\/\/solplanet.net\/pl\/wp-json\/wp\/v2\/pages"}],"about":[{"href":"https:\/\/solplanet.net\/pl\/wp-json\/wp\/v2\/types\/page"}],"author":[{"embeddable":true,"href":"https:\/\/solplanet.net\/pl\/wp-json\/wp\/v2\/users\/5"}],"replies":[{"embeddable":true,"href":"https:\/\/solplanet.net\/pl\/wp-json\/wp\/v2\/comments?post=4552"}],"version-history":[{"count":10,"href":"https:\/\/solplanet.net\/pl\/wp-json\/wp\/v2\/pages\/4552\/revisions"}],"predecessor-version":[{"id":119859,"href":"https:\/\/solplanet.net\/pl\/wp-json\/wp\/v2\/pages\/4552\/revisions\/119859"}],"wp:attachment":[{"href":"https:\/\/solplanet.net\/pl\/wp-json\/wp\/v2\/media?parent=4552"}],"curies":[{"name":"wp","href":"https:\/\/api.w.org\/{rel}","templated":true}]}}