{"id":15905,"date":"2022-09-11T09:55:57","date_gmt":"2022-09-11T09:55:57","guid":{"rendered":"https:\/\/solplanet.net\/?page_id=15905"},"modified":"2023-06-28T09:58:17","modified_gmt":"2023-06-28T09:58:17","slug":"szkolenia","status":"publish","type":"page","link":"https:\/\/solplanet.net\/pl\/szkolenia","title":{"rendered":"szkolenia"},"content":{"rendered":"<div class=\"wrapper   wrapper__spacing-bottom-large--40\" id=\"\">\n\t<div class=\"wrapper__anchor\" id=\"\"><\/div>\n\t\t\t<div class=\"wrapper__container\">\n\t\t\t<div class=\"wrapper__inner wrapper__width-large--12\">\n\t\t\t\t<div class=\"jumbotron block-jumbotron__jumbotron\">\n\n\t<div style=\"background-image:url(https:\/\/solplanet.net\/wp-content\/uploads\/2022\/09\/Przechwytywanie2-2.png)\" class=\"image-bg jumbotron__image-bg\"><\/div>\n\t<div class=\"jumbotron__mask jumbotron__mask-type--type1\"><\/div>\n\n\t<div class=\"\n\t\t\tjumbotron__content\n\t\t\tjumbotron__content--default\n\t\t\tjumbotron__content--vertical-center\n\t\t\tjumbotron__content--horizontal-left\n\t\t\">\n\t\t<div class=\"jumbotron__content-wrap\">\n\t\t\t<h1 class=\"heading heading__align--left heading__color--white heading__size--big jumbotron__heading\">\n\tSolplanet zaprasza na cykl szkole\u0144 dla instalator\u00f3w!<\/h1><p class=\"paragraph paragraph__color--white paragraph__align--left paragraph__size--big jumbotron__paragraph\">\n\t<br>Poni\u017cej znajdziesz na bie\u017c\u0105co aktualizowan\u0105 list\u0119 szkole\u0144 organizowanych przez naszych in\u017cynier\u00f3w, jak r\u00f3wnie\u017c z naszymi Partnerami.<br>Serdecznie zapraszamy do aktywnego udzia\u0142u w spotkaniach..<br><br>Wsparcie dla instalator\u00f3w to dla nas priorytet!<\/p><div class=\"btn__wrap btn__align--left jumbotron__btn\">\n\t\t\t<a href=\"https:\/\/solplanet-1.hubspotpagebuilder.com\/pl\/solplanet-szkolenia\" class=\"btn btn__color--white btn__size--default btn__size-width--default \" id=\"\" title=\"Lista szkole\u0144\" aria-label=\"\">\n\t\t\tLista szkole\u0144\t\t<\/a>\n\t<\/div>\t\t<\/div>\n\t<\/div>\n\n\t<\/div>\t\t\t<\/div>\n\t\t<\/div>\n\t<\/div>\n","protected":false},"excerpt":{"rendered":"","protected":false},"author":18,"featured_media":15909,"parent":0,"menu_order":0,"comment_status":"closed","ping_status":"closed","template":"","meta":[],"acf":[],"yoast_head":"<!-- This site is optimized with the Yoast SEO plugin v19.7.1 - https:\/\/yoast.com\/wordpress\/plugins\/seo\/ -->\n<title>szkolenia | Solplanet<\/title>\n<meta name=\"description\" content=\"The power of the sun is the future of our planet. Solplanet makes solar for everybody. Easy-to-install, reliable and user-friendly inverters.\" \/>\n<meta name=\"robots\" content=\"index, follow, max-snippet:-1, max-image-preview:large, max-video-preview:-1\" \/>\n<link rel=\"canonical\" href=\"https:\/\/solplanet.net\/pl\/szkolenia\" \/>\n<meta property=\"og:locale\" content=\"pl_PL\" \/>\n<meta property=\"og:type\" content=\"article\" \/>\n<meta property=\"og:title\" content=\"szkolenia | Solplanet\" \/>\n<meta property=\"og:description\" content=\"The power of the sun is the future of our planet. Solplanet makes solar for everybody. Easy-to-install, reliable and user-friendly inverters.\" \/>\n<meta property=\"og:url\" content=\"https:\/\/solplanet.net\/pl\/szkolenia\" \/>\n<meta property=\"og:site_name\" content=\"Solplanet\" \/>\n<meta property=\"article:modified_time\" content=\"2023-06-28T09:58:17+00:00\" \/>\n<meta property=\"og:image\" content=\"https:\/\/solplanet.net\/wp-content\/uploads\/2022\/09\/Przechwytywanie2.png\" \/>\n\t<meta property=\"og:image:width\" content=\"1207\" \/>\n\t<meta property=\"og:image:height\" content=\"678\" \/>\n\t<meta property=\"og:image:type\" content=\"image\/png\" \/>\n<meta name=\"twitter:card\" content=\"summary_large_image\" \/>\n<script type=\"application\/ld+json\" class=\"yoast-schema-graph\">{\"@context\":\"https:\/\/schema.org\",\"@graph\":[{\"@type\":\"WebPage\",\"@id\":\"https:\/\/solplanet.net\/pl\/szkolenia\",\"url\":\"https:\/\/solplanet.net\/pl\/szkolenia\",\"name\":\"szkolenia | Solplanet\",\"isPartOf\":{\"@id\":\"https:\/\/solplanet.net\/pl#website\"},\"datePublished\":\"2022-09-11T09:55:57+00:00\",\"dateModified\":\"2023-06-28T09:58:17+00:00\",\"description\":\"The power of the sun is the future of our planet. Solplanet makes solar for everybody. Easy-to-install, reliable and user-friendly inverters.\",\"breadcrumb\":{\"@id\":\"https:\/\/solplanet.net\/pl\/szkolenia#breadcrumb\"},\"inLanguage\":\"pl-PL\",\"potentialAction\":[{\"@type\":\"ReadAction\",\"target\":[\"https:\/\/solplanet.net\/pl\/szkolenia\"]}]},{\"@type\":\"BreadcrumbList\",\"@id\":\"https:\/\/solplanet.net\/pl\/szkolenia#breadcrumb\",\"itemListElement\":[{\"@type\":\"ListItem\",\"position\":1,\"name\":\"Home\",\"item\":\"https:\/\/solplanet.net\/pl\"},{\"@type\":\"ListItem\",\"position\":2,\"name\":\"szkolenia\"}]},{\"@type\":\"WebSite\",\"@id\":\"https:\/\/solplanet.net\/pl#website\",\"url\":\"https:\/\/solplanet.net\/pl\",\"name\":\"Solplanet\",\"description\":\"Solar for everybody\",\"publisher\":{\"@id\":\"https:\/\/solplanet.net\/pl#organization\"},\"potentialAction\":[{\"@type\":\"SearchAction\",\"target\":{\"@type\":\"EntryPoint\",\"urlTemplate\":\"https:\/\/solplanet.net\/pl?s={search_term_string}\"},\"query-input\":\"required name=search_term_string\"}],\"inLanguage\":\"pl-PL\"},{\"@type\":\"Organization\",\"@id\":\"https:\/\/solplanet.net\/pl#organization\",\"name\":\"Solplanet\",\"url\":\"https:\/\/solplanet.net\/pl\",\"sameAs\":[],\"logo\":{\"@type\":\"ImageObject\",\"inLanguage\":\"pl-PL\",\"@id\":\"https:\/\/solplanet.net\/pl#\/schema\/logo\/image\/\",\"url\":\"https:\/\/solplanet.net\/wp-content\/uploads\/2020\/11\/Solplanet-LinkedInIcon.jpg\",\"contentUrl\":\"https:\/\/solplanet.net\/wp-content\/uploads\/2020\/11\/Solplanet-LinkedInIcon.jpg\",\"width\":500,\"height\":500,\"caption\":\"Solplanet\"},\"image\":{\"@id\":\"https:\/\/solplanet.net\/pl#\/schema\/logo\/image\/\"}}]}<\/script>\n<!-- \/ Yoast SEO plugin. -->","yoast_head_json":{"title":"szkolenia | Solplanet","description":"The power of the sun is the future of our planet. Solplanet makes solar for everybody. Easy-to-install, reliable and user-friendly inverters.","robots":{"index":"index","follow":"follow","max-snippet":"max-snippet:-1","max-image-preview":"max-image-preview:large","max-video-preview":"max-video-preview:-1"},"canonical":"https:\/\/solplanet.net\/pl\/szkolenia","og_locale":"pl_PL","og_type":"article","og_title":"szkolenia | Solplanet","og_description":"The power of the sun is the future of our planet. Solplanet makes solar for everybody. Easy-to-install, reliable and user-friendly inverters.","og_url":"https:\/\/solplanet.net\/pl\/szkolenia","og_site_name":"Solplanet","article_modified_time":"2023-06-28T09:58:17+00:00","og_image":[{"width":1207,"height":678,"url":"https:\/\/solplanet.net\/wp-content\/uploads\/2022\/09\/Przechwytywanie2.png","type":"image\/png"}],"twitter_card":"summary_large_image","schema":{"@context":"https:\/\/schema.org","@graph":[{"@type":"WebPage","@id":"https:\/\/solplanet.net\/pl\/szkolenia","url":"https:\/\/solplanet.net\/pl\/szkolenia","name":"szkolenia | Solplanet","isPartOf":{"@id":"https:\/\/solplanet.net\/pl#website"},"datePublished":"2022-09-11T09:55:57+00:00","dateModified":"2023-06-28T09:58:17+00:00","description":"The power of the sun is the future of our planet. Solplanet makes solar for everybody. Easy-to-install, reliable and user-friendly inverters.","breadcrumb":{"@id":"https:\/\/solplanet.net\/pl\/szkolenia#breadcrumb"},"inLanguage":"pl-PL","potentialAction":[{"@type":"ReadAction","target":["https:\/\/solplanet.net\/pl\/szkolenia"]}]},{"@type":"BreadcrumbList","@id":"https:\/\/solplanet.net\/pl\/szkolenia#breadcrumb","itemListElement":[{"@type":"ListItem","position":1,"name":"Home","item":"https:\/\/solplanet.net\/pl"},{"@type":"ListItem","position":2,"name":"szkolenia"}]},{"@type":"WebSite","@id":"https:\/\/solplanet.net\/pl#website","url":"https:\/\/solplanet.net\/pl","name":"Solplanet","description":"Solar for everybody","publisher":{"@id":"https:\/\/solplanet.net\/pl#organization"},"potentialAction":[{"@type":"SearchAction","target":{"@type":"EntryPoint","urlTemplate":"https:\/\/solplanet.net\/pl?s={search_term_string}"},"query-input":"required name=search_term_string"}],"inLanguage":"pl-PL"},{"@type":"Organization","@id":"https:\/\/solplanet.net\/pl#organization","name":"Solplanet","url":"https:\/\/solplanet.net\/pl","sameAs":[],"logo":{"@type":"ImageObject","inLanguage":"pl-PL","@id":"https:\/\/solplanet.net\/pl#\/schema\/logo\/image\/","url":"https:\/\/solplanet.net\/wp-content\/uploads\/2020\/11\/Solplanet-LinkedInIcon.jpg","contentUrl":"https:\/\/solplanet.net\/wp-content\/uploads\/2020\/11\/Solplanet-LinkedInIcon.jpg","width":500,"height":500,"caption":"Solplanet"},"image":{"@id":"https:\/\/solplanet.net\/pl#\/schema\/logo\/image\/"}}]}},"_links":{"self":[{"href":"https:\/\/solplanet.net\/pl\/wp-json\/wp\/v2\/pages\/15905"}],"collection":[{"href":"https:\/\/solplanet.net\/pl\/wp-json\/wp\/v2\/pages"}],"about":[{"href":"https:\/\/solplanet.net\/pl\/wp-json\/wp\/v2\/types\/page"}],"author":[{"embeddable":true,"href":"https:\/\/solplanet.net\/pl\/wp-json\/wp\/v2\/users\/18"}],"replies":[{"embeddable":true,"href":"https:\/\/solplanet.net\/pl\/wp-json\/wp\/v2\/comments?post=15905"}],"version-history":[{"count":9,"href":"https:\/\/solplanet.net\/pl\/wp-json\/wp\/v2\/pages\/15905\/revisions"}],"predecessor-version":[{"id":54741,"href":"https:\/\/solplanet.net\/pl\/wp-json\/wp\/v2\/pages\/15905\/revisions\/54741"}],"wp:featuredmedia":[{"embeddable":true,"href":"https:\/\/solplanet.net\/pl\/wp-json\/wp\/v2\/media\/15909"}],"wp:attachment":[{"href":"https:\/\/solplanet.net\/pl\/wp-json\/wp\/v2\/media?parent=15905"}],"curies":[{"name":"wp","href":"https:\/\/api.w.org\/{rel}","templated":true}]}}