{"id":126802,"date":"2023-11-17T11:34:28","date_gmt":"2023-11-17T11:34:28","guid":{"rendered":"https:\/\/solplanet.net\/success-cases"},"modified":"2024-11-21T18:01:40","modified_gmt":"2024-11-21T18:01:40","slug":"success-cases","status":"publish","type":"page","link":"https:\/\/solplanet.net\/lt\/success-cases","title":{"rendered":"Success Cases"},"content":{"rendered":"<div class=\"wrapper   wrapper__spacing-bottom-large--0\" id=\"\">\n\t<div class=\"wrapper__anchor\" id=\"\"><\/div>\n\t\t\t<div class=\"wrapper__container\">\n\t\t\t<div class=\"wrapper__inner wrapper__width-large--12\">\n\t\t\t\t<div class=\"jumbotron block-jumbotron__jumbotron\">\n\n\t<div style=\"background-image:url(https:\/\/solplanet.vcdev.me\/wp-content\/uploads\/2023\/08\/2022-Solplanet-Borisovo_Bulgaria-2.jpg)\" class=\"image-bg jumbotron__image-bg\"><\/div>\n\t<div class=\"jumbotron__mask jumbotron__mask-type--type1\"><\/div>\n\n\t<div class=\"\n\t\t\tjumbotron__content\n\t\t\tjumbotron__content--default\n\t\t\tjumbotron__content--vertical-center\n\t\t\tjumbotron__content--horizontal-left\n\t\t\">\n\t\t<div class=\"jumbotron__content-wrap\">\n\t\t\t<p class=\"paragraph paragraph__color--white paragraph__align--left paragraph__size--big jumbotron__intro\">\n\t\u201eSolplanet\u201c s\u0117km\u0117s istorijos<\/p><h1 class=\"heading heading__align--left heading__color--white heading__size--big jumbotron__heading\">\n\t\u0160viesiausi m\u016bs\u0173 projektai<\/h1><p class=\"paragraph paragraph__color--white paragraph__align--left paragraph__size--default jumbotron__paragraph\">\n\tGyvyb\u0117s palaikymas visuose 7 \u017eemynuose<\/p>\t\t<\/div>\n\t<\/div>\n\n\t<\/div>\t\t\t<\/div>\n\t\t<\/div>\n\t<\/div>\n\n\n<div class=\"wrapper  wrapper__spacing-top-large--80 wrapper__spacing-bottom-large--80\" id=\"\">\n\t<div class=\"wrapper__anchor\" id=\"\"><\/div>\n\t\t\t<div class=\"wrapper__container wrapper__container-width-large--small wrapper__gutter-large--default wrapper__gutter-tablet--small\">\n\t\t\t<div class=\"wrapper__inner wrapper__width-large--12\">\n\t\t\t\t\n<div class=\"block-group\">\n\t\n<div class=\"wrapper   wrapper__spacing-bottom-large--10\" id=\"\">\n\t<div class=\"wrapper__anchor\" id=\"\"><\/div>\n\t\t\t<p class=\"paragraph paragraph__color--dove paragraph__align--left paragraph__size--small block-paragraph__paragraph\">\n\t\u201eSolplanet\u201c s\u0117km\u0117s istorijos<\/p>\t<\/div>\n\n\n<div class=\"wrapper   wrapper__spacing-bottom-large--40\" id=\"\">\n\t<div class=\"wrapper__anchor\" id=\"\"><\/div>\n\t\t\t<p class=\"paragraph paragraph__color--shaft paragraph__align--left paragraph__size--default block-paragraph__paragraph\">\n\t\u0160vie\u010diame kiekvienoje planetos vietoje. Bendradarbiaudami su pasaulyje pirmaujan\u010diais saul\u0117s energijos sprendim\u0173 platintojais ir montuotojais, kuriame verslo vert\u0119, skatiname saul\u0117s energijos technologij\u0173 inovacijas ir padedame klientams panaudoti saul\u0117s energij\u0105 ekologi\u0161kesnei ir tvaresnei atei\u010diai kurti. M\u016bs\u0173 saul\u0117s energijos gaminiai skirti tiek nam\u0173 savininkams, tiek komercin\u0117ms ir pramonin\u0117ms reikm\u0117ms. Nepriklausomai nuo \u012frengimo paskirties, jie u\u017etikrina patikim\u0105 didel\u0117s energijos i\u0161eig\u0105 su minimaliomis s\u0105naudomis ir prie\u017ei\u016bra.<br><br>Susipa\u017einkite su m\u016bs\u0173 \u017eymiausi\u0173 \u012frengim\u0173 rinkiniu ir spustel\u0117kite, jei norite per\u017ei\u016br\u0117ti konkre\u010di\u0105 \u012frengimo informacij\u0105.<\/p>\t<\/div>\n\n<\/div>\n\t\t\t<\/div>\n\t\t<\/div>\n\t<\/div>\n\n\n<div class=\"wrapper   wrapper__spacing-bottom-large--0  wrapper__divider-top-large wrapper__divider-bottom-large\" id=\"\">\n\t<div class=\"wrapper__anchor\" id=\"\"><\/div>\n\t\t\t<div class=\"wrapper__container wrapper__container-width-large--default wrapper__gutter-large--default wrapper__gutter-tablet--small\">\n\t\t\t<div class=\"wrapper__inner wrapper__width-large--12\">\n\t\t\t\t\n\t<div class=\"block-success-case-posts__anchor\" id=\"all\"><\/div>\n\n<div class=\"block-success-case-posts js-block-success-case-posts\" data-items-per-line=2>\n\n    <div class=\"button-group filter-button-group\" id=\"button-filter\" data-filter-group=\"type-fil\">\n\n    <\/div>\n\n    <div class=\"block-success-case-posts__wrapper\">\n\n\t\t\t<\/div>\n    <div style=\"display: none\" class=\"somebutton\">\n\n      <div class=\"filter-by-span\"><span>Filter by<\/span><\/div><div class=\"filter-by-select-coc\"><select class=\"select-cocation select-succ js-example-basic-single js-states form-control\"> <option><\/option><\/select><\/div><div class=\"filter-by-select-type\"><select class=\"select-type select-succ js-example-placeholder-single js-states form-control\"> <option><\/option><\/select><\/div><div class=\"filter-by-select-type2\"><select class=\"select-type2 select-succ  js-example-basic-single js-states form-control\"> <option><\/option><\/select><\/div><div class=\"filter-by-button\"><button data-filter=\"*\" class=\"btn btn__color--alto btn__size--default btn__size-width--default \">Clear All<\/button><\/div>    <\/div>\n\n\t<\/div>\n\t\t\t<\/div>\n\t\t<\/div>\n\t<\/div>\n\n\n<div class=\"wrapper   wrapper__spacing-bottom-large--0  wrapper__divider-top-large wrapper__divider-bottom-large\" id=\"\">\n\t<div class=\"wrapper__anchor\" id=\"\"><\/div>\n\t\t\t<div class=\"wrapper__container wrapper__container-width-large--default wrapper__gutter-large--default wrapper__gutter-tablet--small\">\n\t\t\t<div class=\"wrapper__inner wrapper__width-large--12\">\n\t\t\t\t\n<div class=\"block-cards-grid js-block-cards-grid\" data-items-per-line=3>\n\t\n<div class=\"card-simple block-card__card-simple\">\n\t\n\t\t\t\t\t<div class=\"card-simple__intro js-card-simple-intro\">\n\t\t\t\t<h2 class=\"heading heading__align--center heading__color--dove heading__size--small card-simple__subheading\">\n\tPaslaugos ir palaikymas<\/h2>\t\t\t<\/div>\n\t\t\n\t\t\t\t\t<div class=\"card-simple__media js-card-simple-media\">\n\t\t\t\t<img src=\"https:\/\/solplanet.vcdev.me\/wp-content\/uploads\/2023\/05\/Service-and-Support-Icon-Dark-Gray.png\" class=\"image card-simple__image\" \/>\t\t\t<\/div>\n\t\t\n\t\t\t\t\t<div class=\"card-simple__outro card-simple__outro--has-button\">\n\t\t\t\t<div class=\"btn__wrap btn__align--center card-simple__btn\">\n\t\t\t<a href=\"\/lt\/contact-us\/\" class=\"btn btn__color--alto btn__size--default btn__size-width--default \" id=\"\" title=\"Susisiekite su mumis\" aria-label=\"\">\n\t\t\tSusisiekite su mumis\t\t<\/a>\n\t<\/div><p class=\"paragraph paragraph__color--dusty paragraph__align--center paragraph__size--small card-simple__paragraph\">\n\tM\u016bs\u0173 kvalifikuoti technikos in\u017einieriai si\u016blo vis\u0173 \u201eSolplanet\u201c gamini\u0173 derinim\u0105, remont\u0105 ir technin\u0119 prie\u017ei\u016br\u0105 vietoje.<\/p>\t\t\t<\/div>\n\t\t\n\t\t\n\t<\/div>\n\n<div class=\"card-simple block-card__card-simple\">\n\t\n\t\t\t\t\t<div class=\"card-simple__intro js-card-simple-intro\">\n\t\t\t\t<h2 class=\"heading heading__align--center heading__color--dove heading__size--small card-simple__subheading\">\n\tDa\u017eniausiai u\u017eduodami klausimai<\/h2>\t\t\t<\/div>\n\t\t\n\t\t\t\t\t<div class=\"card-simple__media js-card-simple-media\">\n\t\t\t\t<img src=\"https:\/\/solplanet.vcdev.me\/wp-content\/uploads\/2023\/05\/FAQ-Icon-Dark-Gray.png\" class=\"image card-simple__image\" \/>\t\t\t<\/div>\n\t\t\n\t\t\t\t\t<div class=\"card-simple__outro card-simple__outro--has-button\">\n\t\t\t\t<div class=\"btn__wrap btn__align--center card-simple__btn\">\n\t\t\t<a href=\"\/lt\/questions-answers\/\" class=\"btn btn__color--alto btn__size--default btn__size-width--default \" id=\"\" title=\"Skaityti DUK\" aria-label=\"\">\n\t\t\tSkaityti DUK\t\t<\/a>\n\t<\/div><p class=\"paragraph paragraph__color--dusty paragraph__align--center paragraph__size--small card-simple__paragraph\">\n\tRaskite atsakymus \u012f da\u017eniausiai u\u017eduodamus klausimus apie visus \u201eSolplanet\u201c gaminius<\/p>\t\t\t<\/div>\n\t\t\n\t\t\n\t<\/div>\n\n<div class=\"card-simple block-card__card-simple\">\n\t\n\t\t\t\t\t<div class=\"card-simple__intro js-card-simple-intro\">\n\t\t\t\t<h2 class=\"heading heading__align--center heading__color--dove heading__size--small card-simple__subheading\">\n\tMontuotojo sritis<\/h2>\t\t\t<\/div>\n\t\t\n\t\t\t\t\t<div class=\"card-simple__media js-card-simple-media\">\n\t\t\t\t<img src=\"https:\/\/solplanet.vcdev.me\/wp-content\/uploads\/2023\/05\/Group-20.png\" class=\"image card-simple__image\" \/>\t\t\t<\/div>\n\t\t\n\t\t\t\t\t<div class=\"card-simple__outro card-simple__outro--has-button\">\n\t\t\t\t<div class=\"btn__wrap btn__align--center card-simple__btn\">\n\t\t\t<a href=\"\/lt\/installer-area\" class=\"btn btn__color--alto btn__size--default btn__size-width--default \" id=\"\" title=\"Apsilankykite montuotojo srityje\" aria-label=\"\">\n\t\t\tApsilankykite montuotojo srityje\t\t<\/a>\n\t<\/div><p class=\"paragraph paragraph__color--dusty paragraph__align--center paragraph__size--small card-simple__paragraph\">\n\tGreita prieiga prie m\u016bs\u0173 montuotoj\u0173 srities viskam, nuo montavimo<br>vadov\u0173 iki garantij\u0173<\/p>\t\t\t<\/div>\n\t\t\n\t\t\n\t<\/div>\n<\/div>\n\t\t\t<\/div>\n\t\t<\/div>\n\t<\/div>\n","protected":false},"excerpt":{"rendered":"","protected":false},"author":7,"featured_media":0,"parent":0,"menu_order":0,"comment_status":"closed","ping_status":"closed","template":"","meta":[],"acf":[],"yoast_head":"<!-- This site is optimized with the Yoast SEO plugin v19.7.1 - https:\/\/yoast.com\/wordpress\/plugins\/seo\/ -->\n<title>Success Cases | Solplanet<\/title>\n<meta name=\"description\" content=\"The power of the sun is the future of our planet. Solplanet makes solar for everybody. Easy-to-install, reliable and user-friendly inverters.\" \/>\n<meta name=\"robots\" content=\"index, follow, max-snippet:-1, max-image-preview:large, max-video-preview:-1\" \/>\n<link rel=\"canonical\" href=\"https:\/\/solplanet.net\/lt\/success-cases\" \/>\n<meta property=\"og:locale\" content=\"lt_LT\" \/>\n<meta property=\"og:type\" content=\"article\" \/>\n<meta property=\"og:title\" content=\"Success Cases | Solplanet\" \/>\n<meta property=\"og:description\" content=\"The power of the sun is the future of our planet. Solplanet makes solar for everybody. Easy-to-install, reliable and user-friendly inverters.\" \/>\n<meta property=\"og:url\" content=\"https:\/\/solplanet.net\/lt\/success-cases\" \/>\n<meta property=\"og:site_name\" content=\"Solplanet\" \/>\n<meta property=\"article:modified_time\" content=\"2024-11-21T18:01:40+00:00\" \/>\n<meta name=\"twitter:card\" content=\"summary_large_image\" \/>\n<script type=\"application\/ld+json\" class=\"yoast-schema-graph\">{\"@context\":\"https:\/\/schema.org\",\"@graph\":[{\"@type\":\"WebPage\",\"@id\":\"https:\/\/solplanet.net\/lt\/success-cases\",\"url\":\"https:\/\/solplanet.net\/lt\/success-cases\",\"name\":\"Success Cases | Solplanet\",\"isPartOf\":{\"@id\":\"https:\/\/solplanet.net\/lt#website\"},\"datePublished\":\"2023-11-17T11:34:28+00:00\",\"dateModified\":\"2024-11-21T18:01:40+00:00\",\"description\":\"The power of the sun is the future of our planet. Solplanet makes solar for everybody. Easy-to-install, reliable and user-friendly inverters.\",\"breadcrumb\":{\"@id\":\"https:\/\/solplanet.net\/lt\/success-cases#breadcrumb\"},\"inLanguage\":\"lt-LT\",\"potentialAction\":[{\"@type\":\"ReadAction\",\"target\":[\"https:\/\/solplanet.net\/lt\/success-cases\"]}]},{\"@type\":\"BreadcrumbList\",\"@id\":\"https:\/\/solplanet.net\/lt\/success-cases#breadcrumb\",\"itemListElement\":[{\"@type\":\"ListItem\",\"position\":1,\"name\":\"Home\",\"item\":\"https:\/\/solplanet.net\/lt\"},{\"@type\":\"ListItem\",\"position\":2,\"name\":\"Success Cases\"}]},{\"@type\":\"WebSite\",\"@id\":\"https:\/\/solplanet.net\/lt#website\",\"url\":\"https:\/\/solplanet.net\/lt\",\"name\":\"Solplanet\",\"description\":\"Solar for everybody\",\"publisher\":{\"@id\":\"https:\/\/solplanet.net\/lt#organization\"},\"potentialAction\":[{\"@type\":\"SearchAction\",\"target\":{\"@type\":\"EntryPoint\",\"urlTemplate\":\"https:\/\/solplanet.net\/lt?s={search_term_string}\"},\"query-input\":\"required name=search_term_string\"}],\"inLanguage\":\"lt-LT\"},{\"@type\":\"Organization\",\"@id\":\"https:\/\/solplanet.net\/lt#organization\",\"name\":\"Solplanet\",\"url\":\"https:\/\/solplanet.net\/lt\",\"sameAs\":[],\"logo\":{\"@type\":\"ImageObject\",\"inLanguage\":\"lt-LT\",\"@id\":\"https:\/\/solplanet.net\/lt#\/schema\/logo\/image\/\",\"url\":\"https:\/\/solplanet.net\/wp-content\/uploads\/2020\/11\/Solplanet-LinkedInIcon.jpg\",\"contentUrl\":\"https:\/\/solplanet.net\/wp-content\/uploads\/2020\/11\/Solplanet-LinkedInIcon.jpg\",\"width\":500,\"height\":500,\"caption\":\"Solplanet\"},\"image\":{\"@id\":\"https:\/\/solplanet.net\/lt#\/schema\/logo\/image\/\"}}]}<\/script>\n<!-- \/ Yoast SEO plugin. -->","yoast_head_json":{"title":"Success Cases | Solplanet","description":"The power of the sun is the future of our planet. Solplanet makes solar for everybody. Easy-to-install, reliable and user-friendly inverters.","robots":{"index":"index","follow":"follow","max-snippet":"max-snippet:-1","max-image-preview":"max-image-preview:large","max-video-preview":"max-video-preview:-1"},"canonical":"https:\/\/solplanet.net\/lt\/success-cases","og_locale":"lt_LT","og_type":"article","og_title":"Success Cases | Solplanet","og_description":"The power of the sun is the future of our planet. Solplanet makes solar for everybody. Easy-to-install, reliable and user-friendly inverters.","og_url":"https:\/\/solplanet.net\/lt\/success-cases","og_site_name":"Solplanet","article_modified_time":"2024-11-21T18:01:40+00:00","twitter_card":"summary_large_image","schema":{"@context":"https:\/\/schema.org","@graph":[{"@type":"WebPage","@id":"https:\/\/solplanet.net\/lt\/success-cases","url":"https:\/\/solplanet.net\/lt\/success-cases","name":"Success Cases | Solplanet","isPartOf":{"@id":"https:\/\/solplanet.net\/lt#website"},"datePublished":"2023-11-17T11:34:28+00:00","dateModified":"2024-11-21T18:01:40+00:00","description":"The power of the sun is the future of our planet. Solplanet makes solar for everybody. Easy-to-install, reliable and user-friendly inverters.","breadcrumb":{"@id":"https:\/\/solplanet.net\/lt\/success-cases#breadcrumb"},"inLanguage":"lt-LT","potentialAction":[{"@type":"ReadAction","target":["https:\/\/solplanet.net\/lt\/success-cases"]}]},{"@type":"BreadcrumbList","@id":"https:\/\/solplanet.net\/lt\/success-cases#breadcrumb","itemListElement":[{"@type":"ListItem","position":1,"name":"Home","item":"https:\/\/solplanet.net\/lt"},{"@type":"ListItem","position":2,"name":"Success Cases"}]},{"@type":"WebSite","@id":"https:\/\/solplanet.net\/lt#website","url":"https:\/\/solplanet.net\/lt","name":"Solplanet","description":"Solar for everybody","publisher":{"@id":"https:\/\/solplanet.net\/lt#organization"},"potentialAction":[{"@type":"SearchAction","target":{"@type":"EntryPoint","urlTemplate":"https:\/\/solplanet.net\/lt?s={search_term_string}"},"query-input":"required name=search_term_string"}],"inLanguage":"lt-LT"},{"@type":"Organization","@id":"https:\/\/solplanet.net\/lt#organization","name":"Solplanet","url":"https:\/\/solplanet.net\/lt","sameAs":[],"logo":{"@type":"ImageObject","inLanguage":"lt-LT","@id":"https:\/\/solplanet.net\/lt#\/schema\/logo\/image\/","url":"https:\/\/solplanet.net\/wp-content\/uploads\/2020\/11\/Solplanet-LinkedInIcon.jpg","contentUrl":"https:\/\/solplanet.net\/wp-content\/uploads\/2020\/11\/Solplanet-LinkedInIcon.jpg","width":500,"height":500,"caption":"Solplanet"},"image":{"@id":"https:\/\/solplanet.net\/lt#\/schema\/logo\/image\/"}}]}},"_links":{"self":[{"href":"https:\/\/solplanet.net\/lt\/wp-json\/wp\/v2\/pages\/126802"}],"collection":[{"href":"https:\/\/solplanet.net\/lt\/wp-json\/wp\/v2\/pages"}],"about":[{"href":"https:\/\/solplanet.net\/lt\/wp-json\/wp\/v2\/types\/page"}],"author":[{"embeddable":true,"href":"https:\/\/solplanet.net\/lt\/wp-json\/wp\/v2\/users\/7"}],"replies":[{"embeddable":true,"href":"https:\/\/solplanet.net\/lt\/wp-json\/wp\/v2\/comments?post=126802"}],"version-history":[{"count":6,"href":"https:\/\/solplanet.net\/lt\/wp-json\/wp\/v2\/pages\/126802\/revisions"}],"predecessor-version":[{"id":156217,"href":"https:\/\/solplanet.net\/lt\/wp-json\/wp\/v2\/pages\/126802\/revisions\/156217"}],"wp:attachment":[{"href":"https:\/\/solplanet.net\/lt\/wp-json\/wp\/v2\/media?parent=126802"}],"curies":[{"name":"wp","href":"https:\/\/api.w.org\/{rel}","templated":true}]}}