{"id":87915,"date":"2020-09-16T16:33:11","date_gmt":"2020-09-16T16:33:11","guid":{"rendered":"https:\/\/solplanet.net\/imprint\/"},"modified":"2025-03-21T11:34:36","modified_gmt":"2025-03-21T11:34:36","slug":"imprint","status":"publish","type":"page","link":"https:\/\/solplanet.net\/it\/imprint","title":{"rendered":"Imprint"},"content":{"rendered":"<div class=\"wrapper   wrapper__spacing-bottom-large--40\" id=\"\">\n\t<div class=\"wrapper__anchor\" id=\"\"><\/div>\n\t\t\t<div class=\"wrapper__container wrapper__container-width-large--default wrapper__gutter-large--default wrapper__gutter-tablet--small\">\n\t\t\t<div class=\"wrapper__inner wrapper__width-large--12\">\n\t\t\t\t\n<div class=\"block-heading\">\n\t<h2 class=\"heading heading__align--left heading__color--shaft heading__size--default block-heading__heading\">\n\t<br>Imprint<\/h2>\t<\/div>\n\t\t\t<\/div>\n\t\t<\/div>\n\t<\/div>\n\n\n<div class=\"wrapper   wrapper__spacing-bottom-large--40\" id=\"\">\n\t<div class=\"wrapper__anchor\" id=\"\"><\/div>\n\t\t\t<div class=\"wrapper__container wrapper__container-width-large--default wrapper__gutter-large--default wrapper__gutter-tablet--small\">\n\t\t\t<div class=\"wrapper__inner wrapper__width-large--12\">\n\t\t\t\t<p class=\"paragraph paragraph__color--dove paragraph__align--left paragraph__size--default block-paragraph__paragraph\">\n\t<br>AISWEI BV <br>Weerdestein 97 <br>Kantoornummer 135, <br>1083GG Amsterdam <br>Paesi Bassi <br>info@apeszat<br><br>Registro delle imprese <br>Numero di registro della camera di commercio (CoC): 75780291 <br>Numero di registrazione: 000043633056 <br>Numero di identificazione IVA: NL860394517B01<br>\u00a0<br>Tutte le informazioni presenti sui siti web di AISWEI sono protette da copyright. \u00c8 necessario ottenere il permesso scritto esplicito da AISWEI in anticipo per copiare o elaborare, modificare e\/o trasmettere il materiale a pagamento. Le informazioni fornite sono destinate solo al tuo utilizzo personale e non includono garanzie o impegni vincolanti. Sono soggette a modifiche senza preavviso sia dal punto di vista tecnico che commerciale (incluse le tariffe). Impegneremo solo impegni vincolanti al ricevimento di richieste concrete. A causa di queste condizioni non vincolanti, si esclude qualsiasi responsabilit\u00e0 per la correttezza delle informazioni.<br>\u00a0<br>Avviso di responsabilit\u00e0 Sui siti web di AISWEI troverai anche link ad altri siti web gestiti da terze parti. Questi link forniscono solo ulteriori dettagli. AISWEI non \u00e8 responsabile dei contenuti di questi siti web e non pu\u00f2 essere ritenuta responsabile per essi. Questi siti web esterni potrebbero essere anche materiale protetto da copyright. L&#8217;uso delle pagine web di AISWEI \u00e8 di tua responsabilit\u00e0. AISWEI BV non sar\u00e0 ritenuta responsabile per eventuali danni derivanti dall&#8217;uso di questi siti web, in particolare interruzioni delle attivit\u00e0, perdita di profitti, perdita di informazioni e dati o danni consequenziali dovuti a difetti, a meno che AISWEI BV non sia ritenuta responsabile secondo la legge sulla responsabilit\u00e0 del prodotto o in caso di dolo, grave negligenza, mancanza di caratteristiche garantite o violazione di obblighi contrattuali essenziali. La compensazione dei danni per la violazione di obblighi contrattuali essenziali \u00e8, tuttavia, limitata ai danni prevedibili tipici della natura del contratto, a meno che non sia coinvolto dolo o grave negligenza. Copyright \u00a9 2020 AISWEI BV<\/p>\t\t\t<\/div>\n\t\t<\/div>\n\t<\/div>\n","protected":false},"excerpt":{"rendered":"","protected":false},"author":5,"featured_media":0,"parent":0,"menu_order":0,"comment_status":"closed","ping_status":"closed","template":"","meta":[],"acf":[],"yoast_head":"<!-- This site is optimized with the Yoast SEO plugin v19.7.1 - https:\/\/yoast.com\/wordpress\/plugins\/seo\/ -->\n<title>Imprint | Solplanet<\/title>\n<meta name=\"description\" content=\"The power of the sun is the future of our planet. Solplanet makes solar for everybody. Easy-to-install, reliable and user-friendly inverters.\" \/>\n<meta name=\"robots\" content=\"index, follow, max-snippet:-1, max-image-preview:large, max-video-preview:-1\" \/>\n<link rel=\"canonical\" href=\"https:\/\/solplanet.net\/it\/imprint\" \/>\n<meta property=\"og:locale\" content=\"it_IT\" \/>\n<meta property=\"og:type\" content=\"article\" \/>\n<meta property=\"og:title\" content=\"Imprint | Solplanet\" \/>\n<meta property=\"og:description\" content=\"The power of the sun is the future of our planet. Solplanet makes solar for everybody. Easy-to-install, reliable and user-friendly inverters.\" \/>\n<meta property=\"og:url\" content=\"https:\/\/solplanet.net\/it\/imprint\" \/>\n<meta property=\"og:site_name\" content=\"Solplanet\" \/>\n<meta property=\"article:modified_time\" content=\"2025-03-21T11:34:36+00:00\" \/>\n<meta name=\"twitter:card\" content=\"summary_large_image\" \/>\n<script type=\"application\/ld+json\" class=\"yoast-schema-graph\">{\"@context\":\"https:\/\/schema.org\",\"@graph\":[{\"@type\":\"WebPage\",\"@id\":\"https:\/\/solplanet.net\/it\/imprint\",\"url\":\"https:\/\/solplanet.net\/it\/imprint\",\"name\":\"Imprint | Solplanet\",\"isPartOf\":{\"@id\":\"https:\/\/solplanet.net\/it#website\"},\"datePublished\":\"2020-09-16T16:33:11+00:00\",\"dateModified\":\"2025-03-21T11:34:36+00:00\",\"description\":\"The power of the sun is the future of our planet. Solplanet makes solar for everybody. Easy-to-install, reliable and user-friendly inverters.\",\"breadcrumb\":{\"@id\":\"https:\/\/solplanet.net\/it\/imprint#breadcrumb\"},\"inLanguage\":\"it-IT\",\"potentialAction\":[{\"@type\":\"ReadAction\",\"target\":[\"https:\/\/solplanet.net\/it\/imprint\"]}]},{\"@type\":\"BreadcrumbList\",\"@id\":\"https:\/\/solplanet.net\/it\/imprint#breadcrumb\",\"itemListElement\":[{\"@type\":\"ListItem\",\"position\":1,\"name\":\"Home\",\"item\":\"https:\/\/solplanet.net\/it\"},{\"@type\":\"ListItem\",\"position\":2,\"name\":\"Imprint\"}]},{\"@type\":\"WebSite\",\"@id\":\"https:\/\/solplanet.net\/it#website\",\"url\":\"https:\/\/solplanet.net\/it\",\"name\":\"Solplanet\",\"description\":\"Solar for everybody\",\"publisher\":{\"@id\":\"https:\/\/solplanet.net\/it#organization\"},\"potentialAction\":[{\"@type\":\"SearchAction\",\"target\":{\"@type\":\"EntryPoint\",\"urlTemplate\":\"https:\/\/solplanet.net\/it?s={search_term_string}\"},\"query-input\":\"required name=search_term_string\"}],\"inLanguage\":\"it-IT\"},{\"@type\":\"Organization\",\"@id\":\"https:\/\/solplanet.net\/it#organization\",\"name\":\"Solplanet\",\"url\":\"https:\/\/solplanet.net\/it\",\"sameAs\":[],\"logo\":{\"@type\":\"ImageObject\",\"inLanguage\":\"it-IT\",\"@id\":\"https:\/\/solplanet.net\/it#\/schema\/logo\/image\/\",\"url\":\"https:\/\/solplanet.net\/wp-content\/uploads\/2020\/11\/Solplanet-LinkedInIcon.jpg\",\"contentUrl\":\"https:\/\/solplanet.net\/wp-content\/uploads\/2020\/11\/Solplanet-LinkedInIcon.jpg\",\"width\":500,\"height\":500,\"caption\":\"Solplanet\"},\"image\":{\"@id\":\"https:\/\/solplanet.net\/it#\/schema\/logo\/image\/\"}}]}<\/script>\n<!-- \/ Yoast SEO plugin. -->","yoast_head_json":{"title":"Imprint | Solplanet","description":"The power of the sun is the future of our planet. Solplanet makes solar for everybody. Easy-to-install, reliable and user-friendly inverters.","robots":{"index":"index","follow":"follow","max-snippet":"max-snippet:-1","max-image-preview":"max-image-preview:large","max-video-preview":"max-video-preview:-1"},"canonical":"https:\/\/solplanet.net\/it\/imprint","og_locale":"it_IT","og_type":"article","og_title":"Imprint | Solplanet","og_description":"The power of the sun is the future of our planet. Solplanet makes solar for everybody. Easy-to-install, reliable and user-friendly inverters.","og_url":"https:\/\/solplanet.net\/it\/imprint","og_site_name":"Solplanet","article_modified_time":"2025-03-21T11:34:36+00:00","twitter_card":"summary_large_image","schema":{"@context":"https:\/\/schema.org","@graph":[{"@type":"WebPage","@id":"https:\/\/solplanet.net\/it\/imprint","url":"https:\/\/solplanet.net\/it\/imprint","name":"Imprint | Solplanet","isPartOf":{"@id":"https:\/\/solplanet.net\/it#website"},"datePublished":"2020-09-16T16:33:11+00:00","dateModified":"2025-03-21T11:34:36+00:00","description":"The power of the sun is the future of our planet. Solplanet makes solar for everybody. Easy-to-install, reliable and user-friendly inverters.","breadcrumb":{"@id":"https:\/\/solplanet.net\/it\/imprint#breadcrumb"},"inLanguage":"it-IT","potentialAction":[{"@type":"ReadAction","target":["https:\/\/solplanet.net\/it\/imprint"]}]},{"@type":"BreadcrumbList","@id":"https:\/\/solplanet.net\/it\/imprint#breadcrumb","itemListElement":[{"@type":"ListItem","position":1,"name":"Home","item":"https:\/\/solplanet.net\/it"},{"@type":"ListItem","position":2,"name":"Imprint"}]},{"@type":"WebSite","@id":"https:\/\/solplanet.net\/it#website","url":"https:\/\/solplanet.net\/it","name":"Solplanet","description":"Solar for everybody","publisher":{"@id":"https:\/\/solplanet.net\/it#organization"},"potentialAction":[{"@type":"SearchAction","target":{"@type":"EntryPoint","urlTemplate":"https:\/\/solplanet.net\/it?s={search_term_string}"},"query-input":"required name=search_term_string"}],"inLanguage":"it-IT"},{"@type":"Organization","@id":"https:\/\/solplanet.net\/it#organization","name":"Solplanet","url":"https:\/\/solplanet.net\/it","sameAs":[],"logo":{"@type":"ImageObject","inLanguage":"it-IT","@id":"https:\/\/solplanet.net\/it#\/schema\/logo\/image\/","url":"https:\/\/solplanet.net\/wp-content\/uploads\/2020\/11\/Solplanet-LinkedInIcon.jpg","contentUrl":"https:\/\/solplanet.net\/wp-content\/uploads\/2020\/11\/Solplanet-LinkedInIcon.jpg","width":500,"height":500,"caption":"Solplanet"},"image":{"@id":"https:\/\/solplanet.net\/it#\/schema\/logo\/image\/"}}]}},"_links":{"self":[{"href":"https:\/\/solplanet.net\/it\/wp-json\/wp\/v2\/pages\/87915"}],"collection":[{"href":"https:\/\/solplanet.net\/it\/wp-json\/wp\/v2\/pages"}],"about":[{"href":"https:\/\/solplanet.net\/it\/wp-json\/wp\/v2\/types\/page"}],"author":[{"embeddable":true,"href":"https:\/\/solplanet.net\/it\/wp-json\/wp\/v2\/users\/5"}],"replies":[{"embeddable":true,"href":"https:\/\/solplanet.net\/it\/wp-json\/wp\/v2\/comments?post=87915"}],"version-history":[{"count":2,"href":"https:\/\/solplanet.net\/it\/wp-json\/wp\/v2\/pages\/87915\/revisions"}],"predecessor-version":[{"id":173550,"href":"https:\/\/solplanet.net\/it\/wp-json\/wp\/v2\/pages\/87915\/revisions\/173550"}],"wp:attachment":[{"href":"https:\/\/solplanet.net\/it\/wp-json\/wp\/v2\/media?parent=87915"}],"curies":[{"name":"wp","href":"https:\/\/api.w.org\/{rel}","templated":true}]}}