{"id":7935,"date":"2020-10-02T19:31:20","date_gmt":"2020-10-02T19:31:20","guid":{"rendered":"https:\/\/solplanet.net\/?page_id=7935"},"modified":"2025-07-16T13:32:10","modified_gmt":"2025-07-16T13:32:10","slug":"kozel-hozzad","status":"publish","type":"page","link":"https:\/\/solplanet.net\/hu\/kozel-hozzad","title":{"rendered":"K\u00d6ZEL HOZZ\u00c1D"},"content":{"rendered":"<div class=\"wrapper   wrapper__spacing-bottom-large--0\" id=\"\">\n\t<div class=\"wrapper__anchor\" id=\"\"><\/div>\n\t\t\t<div class=\"wrapper__container\">\n\t\t\t<div class=\"wrapper__inner wrapper__width-large--12\">\n\t\t\t\t<div class=\"jumbotron block-jumbotron__jumbotron\">\n\n\t<div style=\"background-image:url(https:\/\/solplanet.net\/wp-content\/uploads\/2020\/09\/jumbotron3.jpg)\" class=\"image-bg jumbotron__image-bg\"><\/div>\n\t<div class=\"jumbotron__mask jumbotron__mask-type--\"><\/div>\n\n\t<div class=\"\n\t\t\tjumbotron__content\n\t\t\tjumbotron__content--default\n\t\t\tjumbotron__content--vertical-center\n\t\t\tjumbotron__content--horizontal-left\n\t\t\">\n\t\t<div class=\"jumbotron__content-wrap\">\n\t\t\t<h1 class=\"heading heading__align--left heading__color--white heading__size--big jumbotron__heading\">\n\tK\u00e9rj\u00fck, l\u00e9pjen kapcsolatba a forgalmaz\u00f3val<\/h1><p class=\"paragraph paragraph__color--white paragraph__align--left paragraph__size--big jumbotron__paragraph\">\n\t<\/p>\t\t<\/div>\n\t<\/div>\n\n\t<\/div>\t\t\t<\/div>\n\t\t<\/div>\n\t<\/div>\n\n\n<div class=\"wrapper  wrapper__spacing-top-large--70 wrapper__spacing-top-tablet--80 wrapper__spacing-bottom-large--50 wrapper__spacing-bottom-tablet--80\" id=\"\">\n\t<div class=\"wrapper__anchor\" id=\"\"><\/div>\n\t\t\t<div class=\"wrapper__container wrapper__container-width-large--small wrapper__gutter-large--default wrapper__gutter-tablet--small\">\n\t\t\t<div class=\"wrapper__inner wrapper__width-large--12\">\n\t\t\t\t\n<div class=\"block-group\">\n\t\n<div class=\"wrapper   wrapper__spacing-bottom-large--20\" id=\"\">\n\t<div class=\"wrapper__anchor\" id=\"\"><\/div>\n\t\t\t<p class=\"paragraph paragraph__color--dove paragraph__align--left paragraph__size--small block-paragraph__paragraph\">\n\tK\u00d6ZEL HOZZ\u00c1D<\/p>\t<\/div>\n\n\n<div class=\"wrapper   wrapper__spacing-bottom-large--20\" id=\"\">\n\t<div class=\"wrapper__anchor\" id=\"\"><\/div>\n\t\t\t\n<div class=\"block-heading\">\n\t<h2 class=\"heading heading__align--left heading__color--shaft heading__size--default block-heading__heading\">\n\tKeressen  Forgalmaz\u00f3t<\/h2>\t<\/div>\n\t<\/div>\n\n\n<div class=\"wrapper   wrapper__spacing-bottom-large--0 wrapper__spacing-bottom-tablet--0\" id=\"\">\n\t<div class=\"wrapper__anchor\" id=\"\"><\/div>\n\t\t\t<p class=\"paragraph paragraph__color--dove paragraph__align--left paragraph__size--default block-paragraph__paragraph\">\n\tV\u00e1lassza ki azt a  Forgalmaz\u00f3t, akivel szeretne egy\u00fcttm\u0171k\u00f6dni. <\/p>\t<\/div>\n\n<\/div>\n\t\t\t<\/div>\n\t\t<\/div>\n\t<\/div>\n\n\n<div class=\"wrapper   wrapper__spacing-bottom-large--40\" id=\"\">\n\t<div class=\"wrapper__anchor\" id=\"\"><\/div>\n\t\t\t<div class=\"wrapper__container wrapper__container-width-large--default wrapper__gutter-large--default wrapper__gutter-tablet--small\">\n\t\t\t<div class=\"wrapper__inner wrapper__width-large--12\">\n\t\t\t\t\n<div class=\"block-distributors js-accordion\">\n\n\t\n\t<div class=\"accordion  accordion--type-full accordion--theme-light js-accordion-parent\" data-accordion-opened=\"false\">\n\t<button class=\"accordion__trigger js-accordion-trigger gtm_question_hu\" aria-label=\"Magyarorsz\u00e1g\">\n\t\tMagyarorsz\u00e1g\t\t<div class=\"accordion__icon\" aria-hidden=\"true\">\n\t\t\t<svg width=\"30\" height=\"30\" xmlns=\"http:\/\/www.w3.org\/2000\/svg\">\n\t\t\t\t<g transform=\"translate(1 1)\" fill=\"none\" fill-rule=\"evenodd\">\n\t\t\t\t\t<circle stroke=\"#979797\" cx=\"14\" cy=\"14\" r=\"14\" \/>\n\t\t\t\t\t<g stroke=\"#717171\" stroke-linecap=\"square\">\n\t\t\t\t\t\t<path d=\"M6.341 14h14.318M13.969 7v14\" class=\"accordion__icon--plus\" \/>\n\t\t\t\t\t\t<path d=\"M6.341 14h14.318\" class=\"accordion__icon--minus\" \/>\n\t\t\t\t\t<\/g>\n\t\t\t\t<\/g>\n\t\t\t<\/svg>\n\t\t<\/div>\n\t<\/button>\n\t<section class=\"accordion__panel js-accordion-panel\" aria-hidden=\"true\">\n\t\t<div class=\"accordion__content\">\n\t\t\t<div class=\"accordion  accordion--type-full accordion--theme-dark js-accordion-parent\" data-accordion-opened=\"false\">\n\t<button class=\"accordion__trigger js-accordion-trigger gtm_question_hu\" aria-label=\"Forgalmaz\u00f3k\">\n\t\tForgalmaz\u00f3k\t\t<div class=\"accordion__icon\" aria-hidden=\"true\">\n\t\t\t<svg width=\"30\" height=\"30\" xmlns=\"http:\/\/www.w3.org\/2000\/svg\">\n\t\t\t\t<g transform=\"translate(1 1)\" fill=\"none\" fill-rule=\"evenodd\">\n\t\t\t\t\t<circle stroke=\"#979797\" cx=\"14\" cy=\"14\" r=\"14\" \/>\n\t\t\t\t\t<g stroke=\"#717171\" stroke-linecap=\"square\">\n\t\t\t\t\t\t<path d=\"M6.341 14h14.318M13.969 7v14\" class=\"accordion__icon--plus\" \/>\n\t\t\t\t\t\t<path d=\"M6.341 14h14.318\" class=\"accordion__icon--minus\" \/>\n\t\t\t\t\t<\/g>\n\t\t\t\t<\/g>\n\t\t\t<\/svg>\n\t\t<\/div>\n\t<\/button>\n\t<section class=\"accordion__panel js-accordion-panel\" aria-hidden=\"true\">\n\t\t<div class=\"accordion__content\">\n\t\t\t<div class='block-distributors__columns block-columns block-columns__gutter-large--big'><div class='block-distributors__column block-column block-column__width-large--6  block-column__width-tablet--12'><p class=\"paragraph paragraph__color--shaft paragraph__align--center paragraph__size--default block-distributors__paragraph\">\n\tHunZol Solar Kft. <\/p><p class=\"paragraph paragraph__color--shaft paragraph__align--center paragraph__size--small block-distributors__paragraph\">\n\tMagyarorsz\u00e1g<\/p><a href=\"https:\/\/hunzol.hu\/\" class=\"link link__color--shaft link__align--center link__size--small\" title=\"Megtekint\u00e9s\" id=\"\">\n\tMegtekint\u00e9s<\/a><\/div><div class='block-distributors__column block-column block-column__width-large--6  block-column__width-tablet--12'><p class=\"paragraph paragraph__color--shaft paragraph__align--center paragraph__size--default block-distributors__paragraph\">\n\tManitu Solar Kft.<\/p><p class=\"paragraph paragraph__color--shaft paragraph__align--center paragraph__size--small block-distributors__paragraph\">\n\tMagyarorsz\u00e1g<\/p><a href=\"https:\/\/napelemnagyker.hu\/kapcsolat\/\" class=\"link link__color--shaft link__align--center link__size--small\" title=\"Megtekint\u00e9s\" id=\"\">\n\tMegtekint\u00e9s<\/a><\/div><div class='block-distributors__column block-column block-column__width-large--6  block-column__width-tablet--12'><p class=\"paragraph paragraph__color--shaft paragraph__align--center paragraph__size--default block-distributors__paragraph\">\n\tPV Napenergia Kft.<\/p><p class=\"paragraph paragraph__color--shaft paragraph__align--center paragraph__size--small block-distributors__paragraph\">\n\tMagyarorsz\u00e1g<\/p><a href=\"https:\/\/www.pvstore.hu\" class=\"link link__color--shaft link__align--center link__size--small\" title=\"Megtekint\u00e9s\" id=\"\">\n\tMegtekint\u00e9s<\/a><\/div><div class='block-distributors__column block-column block-column__width-large--6  block-column__width-tablet--12'><p class=\"paragraph paragraph__color--shaft paragraph__align--center paragraph__size--default block-distributors__paragraph\">\n\tSolarLuna Kft.<\/p><p class=\"paragraph paragraph__color--shaft paragraph__align--center paragraph__size--small block-distributors__paragraph\">\n\tMagyarorsz\u00e1g<\/p><a href=\"https:\/\/solarluna.com\/\" class=\"link link__color--shaft link__align--center link__size--small\" title=\"Megtekint\u00e9s\" id=\"\">\n\tMegtekint\u00e9s<\/a><\/div><div class='block-distributors__column block-column block-column__width-large--6  block-column__width-tablet--12'><p class=\"paragraph paragraph__color--shaft paragraph__align--center paragraph__size--default block-distributors__paragraph\">\n\tSolar&amp;Solar Kft<\/p><p class=\"paragraph paragraph__color--shaft paragraph__align--center paragraph__size--small block-distributors__paragraph\">\n\tMagyarorsz\u00e1g<\/p><a href=\"https:\/\/webshop.solarandsolar.hu\/\" class=\"link link__color--shaft link__align--center link__size--small\" title=\"Megtekint\u00e9s\" id=\"\">\n\tMegtekint\u00e9s<\/a><\/div><\/div>\t\t<\/div>\n\t<\/section>\n<\/div>\t\t<\/div>\n\t<\/section>\n<\/div><\/div>\n\t\t\t<\/div>\n\t\t<\/div>\n\t<\/div>\n","protected":false},"excerpt":{"rendered":"","protected":false},"author":5,"featured_media":0,"parent":0,"menu_order":0,"comment_status":"closed","ping_status":"closed","template":"","meta":[],"acf":[],"yoast_head":"<!-- This site is optimized with the Yoast SEO plugin v19.7.1 - https:\/\/yoast.com\/wordpress\/plugins\/seo\/ -->\n<title>K\u00d6ZEL HOZZ\u00c1D | Solplanet<\/title>\n<meta name=\"description\" content=\"The power of the sun is the future of our planet. Solplanet makes solar for everybody. Easy-to-install, reliable and user-friendly inverters.\" \/>\n<meta name=\"robots\" content=\"index, follow, max-snippet:-1, max-image-preview:large, max-video-preview:-1\" \/>\n<link rel=\"canonical\" href=\"https:\/\/solplanet.net\/hu\/kozel-hozzad\" \/>\n<meta property=\"og:locale\" content=\"hu_HU\" \/>\n<meta property=\"og:type\" content=\"article\" \/>\n<meta property=\"og:title\" content=\"K\u00d6ZEL HOZZ\u00c1D | Solplanet\" \/>\n<meta property=\"og:description\" content=\"The power of the sun is the future of our planet. Solplanet makes solar for everybody. Easy-to-install, reliable and user-friendly inverters.\" \/>\n<meta property=\"og:url\" content=\"https:\/\/solplanet.net\/hu\/kozel-hozzad\" \/>\n<meta property=\"og:site_name\" content=\"Solplanet\" \/>\n<meta property=\"article:modified_time\" content=\"2025-07-16T13:32:10+00:00\" \/>\n<meta name=\"twitter:card\" content=\"summary_large_image\" \/>\n<script type=\"application\/ld+json\" class=\"yoast-schema-graph\">{\"@context\":\"https:\/\/schema.org\",\"@graph\":[{\"@type\":\"WebPage\",\"@id\":\"https:\/\/solplanet.net\/hu\/kozel-hozzad\",\"url\":\"https:\/\/solplanet.net\/hu\/kozel-hozzad\",\"name\":\"K\u00d6ZEL HOZZ\u00c1D | Solplanet\",\"isPartOf\":{\"@id\":\"https:\/\/solplanet.net\/hu#website\"},\"datePublished\":\"2020-10-02T19:31:20+00:00\",\"dateModified\":\"2025-07-16T13:32:10+00:00\",\"description\":\"The power of the sun is the future of our planet. Solplanet makes solar for everybody. Easy-to-install, reliable and user-friendly inverters.\",\"breadcrumb\":{\"@id\":\"https:\/\/solplanet.net\/hu\/kozel-hozzad#breadcrumb\"},\"inLanguage\":\"hu-HU\",\"potentialAction\":[{\"@type\":\"ReadAction\",\"target\":[\"https:\/\/solplanet.net\/hu\/kozel-hozzad\"]}]},{\"@type\":\"BreadcrumbList\",\"@id\":\"https:\/\/solplanet.net\/hu\/kozel-hozzad#breadcrumb\",\"itemListElement\":[{\"@type\":\"ListItem\",\"position\":1,\"name\":\"Home\",\"item\":\"https:\/\/solplanet.net\/hu\"},{\"@type\":\"ListItem\",\"position\":2,\"name\":\"K\u00d6ZEL HOZZ\u00c1D\"}]},{\"@type\":\"WebSite\",\"@id\":\"https:\/\/solplanet.net\/hu#website\",\"url\":\"https:\/\/solplanet.net\/hu\",\"name\":\"Solplanet\",\"description\":\"Solar for everybody\",\"publisher\":{\"@id\":\"https:\/\/solplanet.net\/hu#organization\"},\"potentialAction\":[{\"@type\":\"SearchAction\",\"target\":{\"@type\":\"EntryPoint\",\"urlTemplate\":\"https:\/\/solplanet.net\/hu?s={search_term_string}\"},\"query-input\":\"required name=search_term_string\"}],\"inLanguage\":\"hu-HU\"},{\"@type\":\"Organization\",\"@id\":\"https:\/\/solplanet.net\/hu#organization\",\"name\":\"Solplanet\",\"url\":\"https:\/\/solplanet.net\/hu\",\"sameAs\":[],\"logo\":{\"@type\":\"ImageObject\",\"inLanguage\":\"hu-HU\",\"@id\":\"https:\/\/solplanet.net\/hu#\/schema\/logo\/image\/\",\"url\":\"https:\/\/solplanet.net\/wp-content\/uploads\/2020\/11\/Solplanet-LinkedInIcon.jpg\",\"contentUrl\":\"https:\/\/solplanet.net\/wp-content\/uploads\/2020\/11\/Solplanet-LinkedInIcon.jpg\",\"width\":500,\"height\":500,\"caption\":\"Solplanet\"},\"image\":{\"@id\":\"https:\/\/solplanet.net\/hu#\/schema\/logo\/image\/\"}}]}<\/script>\n<!-- \/ Yoast SEO plugin. -->","yoast_head_json":{"title":"K\u00d6ZEL HOZZ\u00c1D | Solplanet","description":"The power of the sun is the future of our planet. Solplanet makes solar for everybody. Easy-to-install, reliable and user-friendly inverters.","robots":{"index":"index","follow":"follow","max-snippet":"max-snippet:-1","max-image-preview":"max-image-preview:large","max-video-preview":"max-video-preview:-1"},"canonical":"https:\/\/solplanet.net\/hu\/kozel-hozzad","og_locale":"hu_HU","og_type":"article","og_title":"K\u00d6ZEL HOZZ\u00c1D | Solplanet","og_description":"The power of the sun is the future of our planet. Solplanet makes solar for everybody. Easy-to-install, reliable and user-friendly inverters.","og_url":"https:\/\/solplanet.net\/hu\/kozel-hozzad","og_site_name":"Solplanet","article_modified_time":"2025-07-16T13:32:10+00:00","twitter_card":"summary_large_image","schema":{"@context":"https:\/\/schema.org","@graph":[{"@type":"WebPage","@id":"https:\/\/solplanet.net\/hu\/kozel-hozzad","url":"https:\/\/solplanet.net\/hu\/kozel-hozzad","name":"K\u00d6ZEL HOZZ\u00c1D | Solplanet","isPartOf":{"@id":"https:\/\/solplanet.net\/hu#website"},"datePublished":"2020-10-02T19:31:20+00:00","dateModified":"2025-07-16T13:32:10+00:00","description":"The power of the sun is the future of our planet. Solplanet makes solar for everybody. Easy-to-install, reliable and user-friendly inverters.","breadcrumb":{"@id":"https:\/\/solplanet.net\/hu\/kozel-hozzad#breadcrumb"},"inLanguage":"hu-HU","potentialAction":[{"@type":"ReadAction","target":["https:\/\/solplanet.net\/hu\/kozel-hozzad"]}]},{"@type":"BreadcrumbList","@id":"https:\/\/solplanet.net\/hu\/kozel-hozzad#breadcrumb","itemListElement":[{"@type":"ListItem","position":1,"name":"Home","item":"https:\/\/solplanet.net\/hu"},{"@type":"ListItem","position":2,"name":"K\u00d6ZEL HOZZ\u00c1D"}]},{"@type":"WebSite","@id":"https:\/\/solplanet.net\/hu#website","url":"https:\/\/solplanet.net\/hu","name":"Solplanet","description":"Solar for everybody","publisher":{"@id":"https:\/\/solplanet.net\/hu#organization"},"potentialAction":[{"@type":"SearchAction","target":{"@type":"EntryPoint","urlTemplate":"https:\/\/solplanet.net\/hu?s={search_term_string}"},"query-input":"required name=search_term_string"}],"inLanguage":"hu-HU"},{"@type":"Organization","@id":"https:\/\/solplanet.net\/hu#organization","name":"Solplanet","url":"https:\/\/solplanet.net\/hu","sameAs":[],"logo":{"@type":"ImageObject","inLanguage":"hu-HU","@id":"https:\/\/solplanet.net\/hu#\/schema\/logo\/image\/","url":"https:\/\/solplanet.net\/wp-content\/uploads\/2020\/11\/Solplanet-LinkedInIcon.jpg","contentUrl":"https:\/\/solplanet.net\/wp-content\/uploads\/2020\/11\/Solplanet-LinkedInIcon.jpg","width":500,"height":500,"caption":"Solplanet"},"image":{"@id":"https:\/\/solplanet.net\/hu#\/schema\/logo\/image\/"}}]}},"_links":{"self":[{"href":"https:\/\/solplanet.net\/hu\/wp-json\/wp\/v2\/pages\/7935"}],"collection":[{"href":"https:\/\/solplanet.net\/hu\/wp-json\/wp\/v2\/pages"}],"about":[{"href":"https:\/\/solplanet.net\/hu\/wp-json\/wp\/v2\/types\/page"}],"author":[{"embeddable":true,"href":"https:\/\/solplanet.net\/hu\/wp-json\/wp\/v2\/users\/5"}],"replies":[{"embeddable":true,"href":"https:\/\/solplanet.net\/hu\/wp-json\/wp\/v2\/comments?post=7935"}],"version-history":[{"count":10,"href":"https:\/\/solplanet.net\/hu\/wp-json\/wp\/v2\/pages\/7935\/revisions"}],"predecessor-version":[{"id":184509,"href":"https:\/\/solplanet.net\/hu\/wp-json\/wp\/v2\/pages\/7935\/revisions\/184509"}],"wp:attachment":[{"href":"https:\/\/solplanet.net\/hu\/wp-json\/wp\/v2\/media?parent=7935"}],"curies":[{"name":"wp","href":"https:\/\/api.w.org\/{rel}","templated":true}]}}