{"id":132841,"date":"2020-09-16T16:33:11","date_gmt":"2020-09-16T16:33:11","guid":{"rendered":"https:\/\/solplanet.net\/solplanet-legal-disclaimer"},"modified":"2024-09-06T10:07:32","modified_gmt":"2024-09-06T10:07:32","slug":"solplanet-legal-disclaimer","status":"publish","type":"page","link":"https:\/\/solplanet.net\/hr\/solplanet-legal-disclaimer","title":{"rendered":"Imprint"},"content":{"rendered":"<div class=\"wrapper   wrapper__spacing-bottom-large--40\" id=\"\">\n\t<div class=\"wrapper__anchor\" id=\"\"><\/div>\n\t\t\t<div class=\"wrapper__container wrapper__container-width-large--default wrapper__gutter-large--default wrapper__gutter-tablet--small\">\n\t\t\t<div class=\"wrapper__inner wrapper__width-large--12\">\n\t\t\t\t\n<div class=\"block-heading\">\n\t<h2 class=\"heading heading__align--left heading__color--shaft heading__size--default block-heading__heading\">\n\t<br>Solplanet Pravno odricanje od odgovornosti<\/h2>\t<\/div>\n\t\t\t<\/div>\n\t\t<\/div>\n\t<\/div>\n\n\n<div class=\"wrapper   wrapper__spacing-bottom-large--40\" id=\"\">\n\t<div class=\"wrapper__anchor\" id=\"\"><\/div>\n\t\t\t<div class=\"wrapper__container wrapper__container-width-large--default wrapper__gutter-large--default wrapper__gutter-tablet--small\">\n\t\t\t<div class=\"wrapper__inner wrapper__width-large--12\">\n\t\t\t\t<p class=\"paragraph paragraph__color--dove paragraph__align--left paragraph__size--default block-paragraph__paragraph\">\n\t<br>AISWEI BV<br>Weerdestein 97<br>1083 GG Amsterdam<br>the Netherlands<br>info@solplanet.net<br>\u00a0<br>Registration Authority<br>CoC number: 75780291<br>registration number: 000043633056<br>Value-added tax identification number: NL860394517B01<br>\u00a0<br>Sve informacije na web stranicama AISWEI za\u0161ti\u0107ene su autorskim pravima. Izri\u010dito pismeno dopu\u0161tenje za kopiranje ili obradu, izmjenu i\/ili proslje\u0111ivanje materijala uz pla\u0107anje potrebno je unaprijed dobiti od AISWEI-ja. Navedene informacije namijenjene su samo va\u0161im osobnim informacijama i ne uklju\u010duju obvezuju\u0107a jamstva ili garancije. Podlo\u017ean je promjenama bez prethodne obavijesti u tehni\u010dkom i komercijalnom smislu (uklju\u010duju\u0107i cijene). Preuzet \u0107emo obvezuju\u0107e obveze tek po primitku konkretnih upita. Zbog ovih neobvezuju\u0107ih uvjeta isklju\u010dena je svaka odgovornost za to\u010dnost podataka.<br>\u00a0<br>Obavijest o odgovornosti<br>Na web stranicama AISWEI tako\u0111er \u0107ete prona\u0107i poveznice na druge web stranice \u010dijim dijelom ne upravlja AISWEI, ve\u0107 tre\u0107e strane. Ovi linkovi pru\u017eaju samo dodatne pojedinosti. AISWEI nije odgovoran za sadr\u017eaj ovih web stranica i ne mo\u017ee se smatrati odgovornim za njih. Ove vanjske web stranice tako\u0111er mogu biti materijal za\u0161ti\u0107en autorskim pravima. Kori\u0161tenje web stranica AISWEI je va\u0161a vlastita odgovornost. AISWEI BV ne\u0107e se smatrati odgovornim za bilo kakvu \u0161tetu nastalu kori\u0161tenjem ovih web stranica, posebno prekid rada u pogonu, izgubljenu dobit, gubitak informacija i podataka ili posljedi\u010dnu \u0161tetu zbog nedostataka, osim ako se AISWEI BV smatra odgovornim u skladu sa zakonom o proizvodima. odgovornosti ili u slu\u010daju namjere, krajnje nepa\u017enje, nedostatka zajam\u010denih karakteristika ili zbog kr\u0161enja bitnih ugovornih obveza. Naknada \u0161tete zbog kr\u0161enja bitnih ugovornih obveza je, me\u0111utim, ograni\u010dena na predvidljivu \u0161tetu tipi\u010dnu za prirodu ugovora ukoliko nije bila uklju\u010dena namjera ili gruba nepa\u017enja.<br>\u00a0<br>Copyright \u00a9 2020 AISWEI BV<\/p>\t\t\t<\/div>\n\t\t<\/div>\n\t<\/div>\n","protected":false},"excerpt":{"rendered":"","protected":false},"author":5,"featured_media":0,"parent":0,"menu_order":0,"comment_status":"closed","ping_status":"closed","template":"","meta":[],"acf":[],"yoast_head":"<!-- This site is optimized with the Yoast SEO plugin v19.7.1 - https:\/\/yoast.com\/wordpress\/plugins\/seo\/ -->\n<title>Solplanet Legal Disclaimer | Solplanet<\/title>\n<meta name=\"description\" content=\"The Solplanet legal disclaimer page outlines terms of use, liability, copyright, and important legal disclaimers regarding our website.\" \/>\n<meta name=\"robots\" content=\"index, follow, max-snippet:-1, max-image-preview:large, max-video-preview:-1\" \/>\n<link rel=\"canonical\" href=\"https:\/\/solplanet.net\/hr\/solplanet-legal-disclaimer\" \/>\n<meta property=\"og:locale\" content=\"hr_HR\" \/>\n<meta property=\"og:type\" content=\"article\" \/>\n<meta property=\"og:title\" content=\"Solplanet Legal Disclaimer | Solplanet\" \/>\n<meta property=\"og:description\" content=\"The Solplanet legal disclaimer page outlines terms of use, liability, copyright, and important legal disclaimers regarding our website.\" \/>\n<meta property=\"og:url\" content=\"https:\/\/solplanet.net\/hr\/solplanet-legal-disclaimer\" \/>\n<meta property=\"og:site_name\" content=\"Solplanet\" \/>\n<meta property=\"article:modified_time\" content=\"2024-09-06T10:07:32+00:00\" \/>\n<meta name=\"twitter:card\" content=\"summary_large_image\" \/>\n<script type=\"application\/ld+json\" class=\"yoast-schema-graph\">{\"@context\":\"https:\/\/schema.org\",\"@graph\":[{\"@type\":\"WebPage\",\"@id\":\"https:\/\/solplanet.net\/hr\/solplanet-legal-disclaimer\",\"url\":\"https:\/\/solplanet.net\/hr\/solplanet-legal-disclaimer\",\"name\":\"Solplanet Legal Disclaimer | Solplanet\",\"isPartOf\":{\"@id\":\"https:\/\/solplanet.net\/hr#website\"},\"datePublished\":\"2020-09-16T16:33:11+00:00\",\"dateModified\":\"2024-09-06T10:07:32+00:00\",\"description\":\"The Solplanet legal disclaimer page outlines terms of use, liability, copyright, and important legal disclaimers regarding our website.\",\"breadcrumb\":{\"@id\":\"https:\/\/solplanet.net\/hr\/solplanet-legal-disclaimer#breadcrumb\"},\"inLanguage\":\"hr\",\"potentialAction\":[{\"@type\":\"ReadAction\",\"target\":[\"https:\/\/solplanet.net\/hr\/solplanet-legal-disclaimer\"]}]},{\"@type\":\"BreadcrumbList\",\"@id\":\"https:\/\/solplanet.net\/hr\/solplanet-legal-disclaimer#breadcrumb\",\"itemListElement\":[{\"@type\":\"ListItem\",\"position\":1,\"name\":\"Home\",\"item\":\"https:\/\/solplanet.net\/hr\"},{\"@type\":\"ListItem\",\"position\":2,\"name\":\"Imprint\"}]},{\"@type\":\"WebSite\",\"@id\":\"https:\/\/solplanet.net\/hr#website\",\"url\":\"https:\/\/solplanet.net\/hr\",\"name\":\"Solplanet\",\"description\":\"Solar for everybody\",\"publisher\":{\"@id\":\"https:\/\/solplanet.net\/hr#organization\"},\"potentialAction\":[{\"@type\":\"SearchAction\",\"target\":{\"@type\":\"EntryPoint\",\"urlTemplate\":\"https:\/\/solplanet.net\/hr?s={search_term_string}\"},\"query-input\":\"required name=search_term_string\"}],\"inLanguage\":\"hr\"},{\"@type\":\"Organization\",\"@id\":\"https:\/\/solplanet.net\/hr#organization\",\"name\":\"Solplanet\",\"url\":\"https:\/\/solplanet.net\/hr\",\"sameAs\":[],\"logo\":{\"@type\":\"ImageObject\",\"inLanguage\":\"hr\",\"@id\":\"https:\/\/solplanet.net\/hr#\/schema\/logo\/image\/\",\"url\":\"https:\/\/solplanet.net\/wp-content\/uploads\/2020\/11\/Solplanet-LinkedInIcon.jpg\",\"contentUrl\":\"https:\/\/solplanet.net\/wp-content\/uploads\/2020\/11\/Solplanet-LinkedInIcon.jpg\",\"width\":500,\"height\":500,\"caption\":\"Solplanet\"},\"image\":{\"@id\":\"https:\/\/solplanet.net\/hr#\/schema\/logo\/image\/\"}}]}<\/script>\n<!-- \/ Yoast SEO plugin. -->","yoast_head_json":{"title":"Solplanet Legal Disclaimer | Solplanet","description":"The Solplanet legal disclaimer page outlines terms of use, liability, copyright, and important legal disclaimers regarding our website.","robots":{"index":"index","follow":"follow","max-snippet":"max-snippet:-1","max-image-preview":"max-image-preview:large","max-video-preview":"max-video-preview:-1"},"canonical":"https:\/\/solplanet.net\/hr\/solplanet-legal-disclaimer","og_locale":"hr_HR","og_type":"article","og_title":"Solplanet Legal Disclaimer | Solplanet","og_description":"The Solplanet legal disclaimer page outlines terms of use, liability, copyright, and important legal disclaimers regarding our website.","og_url":"https:\/\/solplanet.net\/hr\/solplanet-legal-disclaimer","og_site_name":"Solplanet","article_modified_time":"2024-09-06T10:07:32+00:00","twitter_card":"summary_large_image","schema":{"@context":"https:\/\/schema.org","@graph":[{"@type":"WebPage","@id":"https:\/\/solplanet.net\/hr\/solplanet-legal-disclaimer","url":"https:\/\/solplanet.net\/hr\/solplanet-legal-disclaimer","name":"Solplanet Legal Disclaimer | Solplanet","isPartOf":{"@id":"https:\/\/solplanet.net\/hr#website"},"datePublished":"2020-09-16T16:33:11+00:00","dateModified":"2024-09-06T10:07:32+00:00","description":"The Solplanet legal disclaimer page outlines terms of use, liability, copyright, and important legal disclaimers regarding our website.","breadcrumb":{"@id":"https:\/\/solplanet.net\/hr\/solplanet-legal-disclaimer#breadcrumb"},"inLanguage":"hr","potentialAction":[{"@type":"ReadAction","target":["https:\/\/solplanet.net\/hr\/solplanet-legal-disclaimer"]}]},{"@type":"BreadcrumbList","@id":"https:\/\/solplanet.net\/hr\/solplanet-legal-disclaimer#breadcrumb","itemListElement":[{"@type":"ListItem","position":1,"name":"Home","item":"https:\/\/solplanet.net\/hr"},{"@type":"ListItem","position":2,"name":"Imprint"}]},{"@type":"WebSite","@id":"https:\/\/solplanet.net\/hr#website","url":"https:\/\/solplanet.net\/hr","name":"Solplanet","description":"Solar for everybody","publisher":{"@id":"https:\/\/solplanet.net\/hr#organization"},"potentialAction":[{"@type":"SearchAction","target":{"@type":"EntryPoint","urlTemplate":"https:\/\/solplanet.net\/hr?s={search_term_string}"},"query-input":"required name=search_term_string"}],"inLanguage":"hr"},{"@type":"Organization","@id":"https:\/\/solplanet.net\/hr#organization","name":"Solplanet","url":"https:\/\/solplanet.net\/hr","sameAs":[],"logo":{"@type":"ImageObject","inLanguage":"hr","@id":"https:\/\/solplanet.net\/hr#\/schema\/logo\/image\/","url":"https:\/\/solplanet.net\/wp-content\/uploads\/2020\/11\/Solplanet-LinkedInIcon.jpg","contentUrl":"https:\/\/solplanet.net\/wp-content\/uploads\/2020\/11\/Solplanet-LinkedInIcon.jpg","width":500,"height":500,"caption":"Solplanet"},"image":{"@id":"https:\/\/solplanet.net\/hr#\/schema\/logo\/image\/"}}]}},"_links":{"self":[{"href":"https:\/\/solplanet.net\/hr\/wp-json\/wp\/v2\/pages\/132841"}],"collection":[{"href":"https:\/\/solplanet.net\/hr\/wp-json\/wp\/v2\/pages"}],"about":[{"href":"https:\/\/solplanet.net\/hr\/wp-json\/wp\/v2\/types\/page"}],"author":[{"embeddable":true,"href":"https:\/\/solplanet.net\/hr\/wp-json\/wp\/v2\/users\/5"}],"replies":[{"embeddable":true,"href":"https:\/\/solplanet.net\/hr\/wp-json\/wp\/v2\/comments?post=132841"}],"version-history":[{"count":2,"href":"https:\/\/solplanet.net\/hr\/wp-json\/wp\/v2\/pages\/132841\/revisions"}],"predecessor-version":[{"id":147127,"href":"https:\/\/solplanet.net\/hr\/wp-json\/wp\/v2\/pages\/132841\/revisions\/147127"}],"wp:attachment":[{"href":"https:\/\/solplanet.net\/hr\/wp-json\/wp\/v2\/media?parent=132841"}],"curies":[{"name":"wp","href":"https:\/\/api.w.org\/{rel}","templated":true}]}}