{"id":187558,"date":"2025-10-09T05:21:36","date_gmt":"2025-10-09T05:21:36","guid":{"rendered":"https:\/\/solplanet.net\/?page_id=187558"},"modified":"2025-10-09T09:35:57","modified_gmt":"2025-10-09T09:35:57","slug":"promotion","status":"publish","type":"page","link":"https:\/\/solplanet.net\/fr\/promotion","title":{"rendered":"Promotion"},"content":{"rendered":"<div class=\"wrapper   wrapper__spacing-bottom-large--0\" id=\"\">\n\t<div class=\"wrapper__anchor\" id=\"\"><\/div>\n\t\t\t<div class=\"wrapper__container wrapper__container-width-large--small wrapper__gutter-large--default wrapper__gutter-tablet--small\">\n\t\t\t<div class=\"wrapper__inner wrapper__width-large--12\">\n\t\t\t\t\n<div class=\"block-group\">\n\t\n<div class=\"wrapper   wrapper__spacing-bottom-large--40\" id=\"\">\n\t<div class=\"wrapper__anchor\" id=\"\"><\/div>\n\t\t\t<div class=\"jumbotron block-jumbotron__jumbotron\">\n\n\t<div class=\"image-bg jumbotron__image-bg\"><\/div>\n\t<div class=\"jumbotron__mask jumbotron__mask-type--type1\"><\/div>\n\n\t<div class=\"\n\t\t\tjumbotron__content\n\t\t\tjumbotron__content--default\n\t\t\tjumbotron__content--vertical-center\n\t\t\tjumbotron__content--horizontal-left\n\t\t\">\n\t\t<div class=\"jumbotron__content-wrap\">\n\t\t\t\t\t<\/div>\n\t<\/div>\n\n\t<\/div>\t<\/div>\n\n\n\n<div class=\"wp-container-3 wp-block-columns\">\n<div class=\"wp-container-1 wp-block-column\" style=\"flex-basis:60%\">\n<h2><strong>R\u00e9duction:<\/strong><\/h2>\n\n\n\n<p>Pour chaque installation r\u00e9alis\u00e9e en couplage AC, comprenant un onduleur 5000H-S2 et une batterie G3 de 5kWh ou plus -&gt; 150\u20ac de r\u00e9duction.<\/p>\n\n\n\n<p><\/p>\n\n\n\n<p><strong>Comment \u00e7a fonctionne:<\/strong><\/p>\n\n\n\n<p>1. <strong>Inscrivez-vous une fois<\/strong> \u2192 Enregistrez-vous* ici \ud83d\udc49<\/p>\n\n\n\n<p>2. Faites votre installation en couplage AC -&gt; Toutes les installations comprenant un onduleur 5000H-S2 et une batterie G3 de 5kWh ou plus, et enregistr\u00e9es sur le monitoring sont prises en compte.<\/p>\n\n\n\n<p>3. <strong>Gagnez automatiquement des r\u00e9ductions<\/strong> \u2192 Aucune paperasse, suivi via le Cloud.<\/p>\n\n\n\n<blockquote class=\"wp-block-quote\"><p>*Merci de veiller \u00e0 vous inscrire et \u00e0 enregistrer vos installations avec la m\u00eame adresse e-mail.<\/p><\/blockquote>\n\n\n\n<p><strong>Calendrier:<\/strong><\/p>\n\n\n\n<ul><li><strong>Inscription avant le<\/strong>: 30 novembre 2025<\/li><li><strong>P\u00e9riode de la campagne<\/strong>: installations r\u00e9alis\u00e9es entre le 1er octobre et le 31 d\u00e9cembre 2025<\/li><li>Une semaine apr\u00e8s la fin de la campagne, vous recevrez un r\u00e9capitulatif de toutes vos installations.<\/li><li><strong>R\u00e9ductions: <\/strong>envoy\u00e9es en janvier 2026 par votre distributeur (en un seul envoi)<\/li><\/ul>\n\n\n\n<p><br>Inscrivez-vous d\u00e8s maintenant et b\u00e9n\u00e9ficiez de cette r\u00e9duction ! <strong> <\/strong>\ud83d\udc49<\/p>\n<\/div>\n\n\n\n<div class=\"wp-container-2 wp-block-column\" style=\"flex-basis:40%\"><div class=\"hs-form-frame\" id=\"hs-form-SSimubwg\" data-region=\"na1\" data-portal-id=\"8795524\" data-form-id=\"19d215e9-3159-44c9-be38-778b57839a8c\" style=\"height: 1348px !important;\"><\/div>\n<\/div>\n<\/div>\n\n\n<div class=\"wrapper   wrapper__spacing-bottom-large--40\" id=\"\">\n\t<div class=\"wrapper__anchor\" id=\"\"><\/div>\n\t\t\t\n<div class=\"block-columns js-block-columns block-columns__gutter-large--default block-columns__vertical-spacing-large--default\">\n\t\n\n<div class=\"block-column block-column__width-large--12 block-column__width-tablet--12 \">\n\t\n<div class=\"wrapper wrapper__bg-color--mercury wrapper__spacing-top-large--10 wrapper__spacing-bottom-large--10\" id=\"\">\n\t<div class=\"wrapper__anchor\" id=\"\"><\/div>\n\t\t\t\n<div class=\"block-group\">\n\t\n<div class=\"wrapper  wrapper__spacing-top-large--10 wrapper__spacing-bottom-large--10  wrapper__divider-top-large wrapper__divider-bottom-large\" id=\"\">\n\t<div class=\"wrapper__anchor\" id=\"\"><\/div>\n\t\t\t<p class=\"paragraph paragraph__color--dove paragraph__align--center paragraph__size--default block-paragraph__paragraph\">\n\tDes questions ? <a href=\"mailto:eric.magistrello@solplanet.net\" target=\"_blank\" rel=\"noreferrer noopener\">Contactez l&#8217;\u00e9quipe Solplanet France<\/a><\/p>\t<\/div>\n\n<\/div>\n\t<\/div>\n\n<\/div>\n\n<\/div>\n\t<\/div>\n\n<\/div>\n\t\t\t<\/div>\n\t\t<\/div>\n\t<\/div>\n","protected":false},"excerpt":{"rendered":"","protected":false},"author":22,"featured_media":0,"parent":0,"menu_order":0,"comment_status":"closed","ping_status":"closed","template":"","meta":[],"acf":[],"yoast_head":"<!-- This site is optimized with the Yoast SEO plugin v19.7.1 - https:\/\/yoast.com\/wordpress\/plugins\/seo\/ -->\n<title>Promotion | Solplanet<\/title>\n<meta name=\"description\" content=\"The power of the sun is the future of our planet. Solplanet makes solar for everybody. Easy-to-install, reliable and user-friendly inverters.\" \/>\n<meta name=\"robots\" content=\"index, follow, max-snippet:-1, max-image-preview:large, max-video-preview:-1\" \/>\n<link rel=\"canonical\" href=\"https:\/\/solplanet.net\/fr\/promotion\" \/>\n<meta property=\"og:locale\" content=\"fr_FR\" \/>\n<meta property=\"og:type\" content=\"article\" \/>\n<meta property=\"og:title\" content=\"Promotion | Solplanet\" \/>\n<meta property=\"og:description\" content=\"The power of the sun is the future of our planet. Solplanet makes solar for everybody. Easy-to-install, reliable and user-friendly inverters.\" \/>\n<meta property=\"og:url\" content=\"https:\/\/solplanet.net\/fr\/promotion\" \/>\n<meta property=\"og:site_name\" content=\"Solplanet\" \/>\n<meta property=\"article:modified_time\" content=\"2025-10-09T09:35:57+00:00\" \/>\n<meta name=\"twitter:card\" content=\"summary_large_image\" \/>\n<meta name=\"twitter:label1\" content=\"Est. reading time\" \/>\n\t<meta name=\"twitter:data1\" content=\"1 minute\" \/>\n<script type=\"application\/ld+json\" class=\"yoast-schema-graph\">{\"@context\":\"https:\/\/schema.org\",\"@graph\":[{\"@type\":\"WebPage\",\"@id\":\"https:\/\/solplanet.net\/fr\/promotion\",\"url\":\"https:\/\/solplanet.net\/fr\/promotion\",\"name\":\"Promotion | Solplanet\",\"isPartOf\":{\"@id\":\"https:\/\/solplanet.net\/fr#website\"},\"datePublished\":\"2025-10-09T05:21:36+00:00\",\"dateModified\":\"2025-10-09T09:35:57+00:00\",\"description\":\"The power of the sun is the future of our planet. Solplanet makes solar for everybody. Easy-to-install, reliable and user-friendly inverters.\",\"breadcrumb\":{\"@id\":\"https:\/\/solplanet.net\/fr\/promotion#breadcrumb\"},\"inLanguage\":\"fr-FR\",\"potentialAction\":[{\"@type\":\"ReadAction\",\"target\":[\"https:\/\/solplanet.net\/fr\/promotion\"]}]},{\"@type\":\"BreadcrumbList\",\"@id\":\"https:\/\/solplanet.net\/fr\/promotion#breadcrumb\",\"itemListElement\":[{\"@type\":\"ListItem\",\"position\":1,\"name\":\"Home\",\"item\":\"https:\/\/solplanet.net\/fr\"},{\"@type\":\"ListItem\",\"position\":2,\"name\":\"Promotion\"}]},{\"@type\":\"WebSite\",\"@id\":\"https:\/\/solplanet.net\/fr#website\",\"url\":\"https:\/\/solplanet.net\/fr\",\"name\":\"Solplanet\",\"description\":\"Solar for everybody\",\"publisher\":{\"@id\":\"https:\/\/solplanet.net\/fr#organization\"},\"potentialAction\":[{\"@type\":\"SearchAction\",\"target\":{\"@type\":\"EntryPoint\",\"urlTemplate\":\"https:\/\/solplanet.net\/fr?s={search_term_string}\"},\"query-input\":\"required name=search_term_string\"}],\"inLanguage\":\"fr-FR\"},{\"@type\":\"Organization\",\"@id\":\"https:\/\/solplanet.net\/fr#organization\",\"name\":\"Solplanet\",\"url\":\"https:\/\/solplanet.net\/fr\",\"sameAs\":[],\"logo\":{\"@type\":\"ImageObject\",\"inLanguage\":\"fr-FR\",\"@id\":\"https:\/\/solplanet.net\/fr#\/schema\/logo\/image\/\",\"url\":\"https:\/\/solplanet.net\/wp-content\/uploads\/2020\/11\/Solplanet-LinkedInIcon.jpg\",\"contentUrl\":\"https:\/\/solplanet.net\/wp-content\/uploads\/2020\/11\/Solplanet-LinkedInIcon.jpg\",\"width\":500,\"height\":500,\"caption\":\"Solplanet\"},\"image\":{\"@id\":\"https:\/\/solplanet.net\/fr#\/schema\/logo\/image\/\"}}]}<\/script>\n<!-- \/ Yoast SEO plugin. -->","yoast_head_json":{"title":"Promotion | Solplanet","description":"The power of the sun is the future of our planet. Solplanet makes solar for everybody. Easy-to-install, reliable and user-friendly inverters.","robots":{"index":"index","follow":"follow","max-snippet":"max-snippet:-1","max-image-preview":"max-image-preview:large","max-video-preview":"max-video-preview:-1"},"canonical":"https:\/\/solplanet.net\/fr\/promotion","og_locale":"fr_FR","og_type":"article","og_title":"Promotion | Solplanet","og_description":"The power of the sun is the future of our planet. Solplanet makes solar for everybody. Easy-to-install, reliable and user-friendly inverters.","og_url":"https:\/\/solplanet.net\/fr\/promotion","og_site_name":"Solplanet","article_modified_time":"2025-10-09T09:35:57+00:00","twitter_card":"summary_large_image","twitter_misc":{"Est. reading time":"1 minute"},"schema":{"@context":"https:\/\/schema.org","@graph":[{"@type":"WebPage","@id":"https:\/\/solplanet.net\/fr\/promotion","url":"https:\/\/solplanet.net\/fr\/promotion","name":"Promotion | Solplanet","isPartOf":{"@id":"https:\/\/solplanet.net\/fr#website"},"datePublished":"2025-10-09T05:21:36+00:00","dateModified":"2025-10-09T09:35:57+00:00","description":"The power of the sun is the future of our planet. Solplanet makes solar for everybody. Easy-to-install, reliable and user-friendly inverters.","breadcrumb":{"@id":"https:\/\/solplanet.net\/fr\/promotion#breadcrumb"},"inLanguage":"fr-FR","potentialAction":[{"@type":"ReadAction","target":["https:\/\/solplanet.net\/fr\/promotion"]}]},{"@type":"BreadcrumbList","@id":"https:\/\/solplanet.net\/fr\/promotion#breadcrumb","itemListElement":[{"@type":"ListItem","position":1,"name":"Home","item":"https:\/\/solplanet.net\/fr"},{"@type":"ListItem","position":2,"name":"Promotion"}]},{"@type":"WebSite","@id":"https:\/\/solplanet.net\/fr#website","url":"https:\/\/solplanet.net\/fr","name":"Solplanet","description":"Solar for everybody","publisher":{"@id":"https:\/\/solplanet.net\/fr#organization"},"potentialAction":[{"@type":"SearchAction","target":{"@type":"EntryPoint","urlTemplate":"https:\/\/solplanet.net\/fr?s={search_term_string}"},"query-input":"required name=search_term_string"}],"inLanguage":"fr-FR"},{"@type":"Organization","@id":"https:\/\/solplanet.net\/fr#organization","name":"Solplanet","url":"https:\/\/solplanet.net\/fr","sameAs":[],"logo":{"@type":"ImageObject","inLanguage":"fr-FR","@id":"https:\/\/solplanet.net\/fr#\/schema\/logo\/image\/","url":"https:\/\/solplanet.net\/wp-content\/uploads\/2020\/11\/Solplanet-LinkedInIcon.jpg","contentUrl":"https:\/\/solplanet.net\/wp-content\/uploads\/2020\/11\/Solplanet-LinkedInIcon.jpg","width":500,"height":500,"caption":"Solplanet"},"image":{"@id":"https:\/\/solplanet.net\/fr#\/schema\/logo\/image\/"}}]}},"_links":{"self":[{"href":"https:\/\/solplanet.net\/fr\/wp-json\/wp\/v2\/pages\/187558"}],"collection":[{"href":"https:\/\/solplanet.net\/fr\/wp-json\/wp\/v2\/pages"}],"about":[{"href":"https:\/\/solplanet.net\/fr\/wp-json\/wp\/v2\/types\/page"}],"author":[{"embeddable":true,"href":"https:\/\/solplanet.net\/fr\/wp-json\/wp\/v2\/users\/22"}],"replies":[{"embeddable":true,"href":"https:\/\/solplanet.net\/fr\/wp-json\/wp\/v2\/comments?post=187558"}],"version-history":[{"count":10,"href":"https:\/\/solplanet.net\/fr\/wp-json\/wp\/v2\/pages\/187558\/revisions"}],"predecessor-version":[{"id":187590,"href":"https:\/\/solplanet.net\/fr\/wp-json\/wp\/v2\/pages\/187558\/revisions\/187590"}],"wp:attachment":[{"href":"https:\/\/solplanet.net\/fr\/wp-json\/wp\/v2\/media?parent=187558"}],"curies":[{"name":"wp","href":"https:\/\/api.w.org\/{rel}","templated":true}]}}