{"id":100412,"date":"2020-09-30T12:53:04","date_gmt":"2020-09-30T12:53:04","guid":{"rendered":"https:\/\/solplanet.net\/warranty\/"},"modified":"2024-06-06T22:37:24","modified_gmt":"2024-06-06T22:37:24","slug":"solplanet-warranty","status":"publish","type":"page","link":"https:\/\/solplanet.net\/fr\/solplanet-warranty","title":{"rendered":"Garantie"},"content":{"rendered":"<div class=\"wrapper   wrapper__spacing-bottom-large--0\" id=\"\">\n\t<div class=\"wrapper__anchor\" id=\"\"><\/div>\n\t\t\t<div class=\"wrapper__container\">\n\t\t\t<div class=\"wrapper__inner wrapper__width-large--12\">\n\t\t\t\t<div class=\"jumbotron block-jumbotron__jumbotron\">\n\n\t<div style=\"background-image:url(http:\/\/solplanet.net\/wp-content\/uploads\/2020\/09\/image.jpg)\" class=\"image-bg jumbotron__image-bg\"><\/div>\n\t<div class=\"jumbotron__mask jumbotron__mask-type--type1\"><\/div>\n\n\t<div class=\"\n\t\t\tjumbotron__content\n\t\t\tjumbotron__content--default\n\t\t\tjumbotron__content--vertical-center\n\t\t\tjumbotron__content--horizontal-left\n\t\t\">\n\t\t<div class=\"jumbotron__content-wrap\">\n\t\t\t<p class=\"paragraph paragraph__color--white paragraph__align--left paragraph__size--default jumbotron__intro\">\n\tQualit\u00e9 certifi\u00e9e &#8211; garantie assur\u00e9e<\/p><h1 class=\"heading heading__align--left heading__color--white heading__size--big jumbotron__heading\">\n\tGarantie Solplanet<br>Votre garantie en <br>toute simplicit\u00e9<\/h1><p class=\"paragraph paragraph__color--white paragraph__align--left paragraph__size--big jumbotron__paragraph\">\n\tUne couverture compl\u00e8te et un service d&#8217;experts<\/p>\t\t<\/div>\n\t<\/div>\n\n\t<\/div>\t\t\t<\/div>\n\t\t<\/div>\n\t<\/div>\n\n\n<div class=\"wrapper  wrapper__spacing-top-large--100 wrapper__spacing-bottom-large--180\" id=\"\">\n\t<div class=\"wrapper__anchor\" id=\"\"><\/div>\n\t\t\t<div class=\"wrapper__container wrapper__container-width-large--default wrapper__gutter-large--default wrapper__gutter-tablet--small\">\n\t\t\t<div class=\"wrapper__inner wrapper__width-large--12\">\n\t\t\t\t\n<div class=\"block-columns js-block-columns block-columns__gutter-large--default block-columns__vertical-spacing-large--default\">\n\t\n\n<div class=\"block-column block-column__width-large--4 block-column__width-tablet--12 \">\n\t\n<div class=\"wrapper   wrapper__spacing-bottom-large--40\" id=\"\">\n\t<div class=\"wrapper__anchor\" id=\"\"><\/div>\n\t\t\t\n<div class=\"block-heading\">\n\t<h2 class=\"heading heading__align--left heading__color--shaft heading__size--default block-heading__heading\">\n\tCouverture de la garantie Solplanet<\/h2>\t<\/div>\n\t<\/div>\n\n\n<div class=\"wrapper   wrapper__spacing-bottom-large--40\" id=\"\">\n\t<div class=\"wrapper__anchor\" id=\"\"><\/div>\n\t\t\t<img src=\"http:\/\/solplanet.net\/wp-content\/uploads\/2020\/10\/Screenshot-2020-10-23-at-12.49.24.png\" class=\"image block-image__image\" \/>\t<\/div>\n\n<\/div>\n\n\n\n<div class=\"block-column block-column__width-large--7 block-column__width-tablet--12 block-column__offset-large--1 block-column__offset-tablet--0 \">\n\t\n<div class=\"wrapper   wrapper__spacing-bottom-large--40\" id=\"\">\n\t<div class=\"wrapper__anchor\" id=\"\"><\/div>\n\t\t\t<p class=\"paragraph paragraph__color--dove paragraph__align--left paragraph__size--default block-paragraph__paragraph\">\n\tUne garantie Solplanet pour un onduleur PV est cruciale car elle vous offre \u00e0 la fois la protection financi\u00e8re et la tranquillit\u00e9 d&#8217;esprit. En cas de dysfonctionnements ou de d\u00e9fauts impr\u00e9vus, une garantie assure la couverture des co\u00fbts de r\u00e9paration ou de remplacement, vous \u00e9pargnant ainsi des d\u00e9penses inattendues.<br><br>Nous offrons aux utilisateurs finaux une garantie standard allant jusqu&#8217;\u00e0 5 ans, sans affecter la garantie l\u00e9gale fournie par tout grossiste ou d\u00e9taillant. La garantie peut \u00e9galement \u00eatre prolong\u00e9e jusqu&#8217;\u00e0 10 ans.<br><br>Si vous rencontrez des difficult\u00e9s pendant la p\u00e9riode de garantie, veuillez contacter notre service client\u00e8le pour obtenir l&#8217;aide de l&#8217;un-e de nos sp\u00e9cialistes. Si n\u00e9cessaire, notre r\u00e9seau logistique vous livrera directement un onduleur de remplacement.<br><br><a href=\"https:\/\/solplanet.net\/contact-us\/\">Cliquer ici<\/a> pour obtenir les coordonn\u00e9es de votre service client\u00e8le de proximit\u00e9.<br><br>Vous pouvez \u00e9galement acc\u00e9der directement au formulaire de r\u00e9clamation en ligne.<br><\/p>\t<\/div>\n\n\n<div class=\"wrapper   wrapper__spacing-bottom-large--0\" id=\"\">\n\t<div class=\"wrapper__anchor\" id=\"\"><\/div>\n\t\t\t<div class=\"btn__wrap btn__align--left block-button__btn\">\n\t\t\t<a href=\"https:\/\/solplanet.net\/claims\/\" class=\"btn btn__color--alto btn__size--default btn__size-width--default     gtm_online_claim_form \" id=\"\" title=\"Formulaire de r\u00e9clamation en ligne\" aria-label=\"\">\n\t\t\tFormulaire de r\u00e9clamation en ligne\t\t<\/a>\n\t<\/div>\t<\/div>\n\n<\/div>\n\n<\/div>\n\t\t\t<\/div>\n\t\t<\/div>\n\t<\/div>\n\n\n<div class=\"wrapper   wrapper__spacing-bottom-large--0  wrapper__divider-top-large\" id=\"\">\n\t<div class=\"wrapper__anchor\" id=\"\"><\/div>\n\t\t\t<div class=\"wrapper__container  wrapper__gutter-large--none\">\n\t\t\t<div class=\"wrapper__inner wrapper__width-large--12\">\n\t\t\t\t\n<div class=\"block-card-list block-card-list__media-position--right\">\n\n\t\t\t<div class=\"block-card-list__media\">\n\t\t\t<div class=\"block-card-list__media-inner\">\n\t\t\t\t<div style=\"background-image:url(http:\/\/solplanet.net\/wp-content\/uploads\/2020\/09\/Image-component.jpg)\" class=\"image-bg block-card-list__image-bg\"><\/div>\t\t\t<\/div>\n\t\t<\/div>\n\t\n\t<div class=\"block-card-list__content\">\n\t\t<div class=\"block-card-list__content-inner\">\n\t\t\t\n<div class=\"wrapper   wrapper__spacing-bottom-large--20\" id=\"\">\n\t<div class=\"wrapper__anchor\" id=\"\"><\/div>\n\t\t\t<p class=\"paragraph paragraph__color--dove paragraph__align--left paragraph__size--small block-paragraph__paragraph\">\n\tVotre onduleur est-il couvert ?<\/p>\t<\/div>\n\n\n<div class=\"wrapper   wrapper__spacing-bottom-large--40\" id=\"\">\n\t<div class=\"wrapper__anchor\" id=\"\"><\/div>\n\t\t\t\n<div class=\"block-heading\">\n\t<h2 class=\"heading heading__align--left heading__color--sunsetToDodger heading__size--default block-heading__heading heading__color--is-gradient\">\n\tConfirmez les d\u00e9tails de votre garantie Solplanet<\/h2>\t<\/div>\n\t<\/div>\n\n\n<div class=\"wrapper   wrapper__spacing-bottom-large--40\" id=\"\">\n\t<div class=\"wrapper__anchor\" id=\"\"><\/div>\n\t\t\t<p class=\"paragraph paragraph__color--dove paragraph__align--left paragraph__size--default block-paragraph__paragraph\">\n\tValidez l&#8217;\u00e9tat actuel de la garantie de votre onduleur, de votre connexion ou de votre dispositif de supervision sans effort gr\u00e2ce \u00e0 notre outil adapt\u00e9. En acc\u00e9dant \u00e0 cet outil, vous b\u00e9n\u00e9ficierez d&#8217;un aper\u00e7u rapide et pratique de la couverture de garantie de votre \u00e9quipement, ce qui vous permettra de rester inform\u00e9 de la protection et de l&#8217;assistance disponibles pour votre investissement dans la technologie PV.<\/p>\t<\/div>\n\n\n<div class=\"wrapper   wrapper__spacing-bottom-large--0\" id=\"\">\n\t<div class=\"wrapper__anchor\" id=\"\"><\/div>\n\t\t\t<div class=\"btn__wrap btn__align--left block-button__btn\">\n\t\t\t<a href=\"http:\/\/solplanet.net\/distributors\/\" class=\"btn btn__color--alto btn__size--default btn__size-width--default     gtm_check_your_warranty \" id=\"\" title=\"V\u00e9rifiez votre garantie\" aria-label=\"\">\n\t\t\tV\u00e9rifiez votre garantie\t\t<\/a>\n\t<\/div>\t<\/div>\n\n\t\t<\/div>\n\t<\/div>\n<\/div>\n\n\n\t\t\t<\/div>\n\t\t<\/div>\n\t<\/div>\n","protected":false},"excerpt":{"rendered":"","protected":false},"author":38,"featured_media":0,"parent":0,"menu_order":0,"comment_status":"closed","ping_status":"closed","template":"","meta":[],"acf":[],"yoast_head":"<!-- This site is optimized with the Yoast SEO plugin v19.7.1 - https:\/\/yoast.com\/wordpress\/plugins\/seo\/ -->\n<title>Garantie | Solplanet<\/title>\n<meta name=\"description\" content=\"La puissance du soleil est l&#039;avenir de notre plan\u00e8te. Solplanet met le solaire \u00e0 la port\u00e9e de tou-te-s. Des onduleurs faciles \u00e0 installer, fiables et simples d&#039;utilisation.\" \/>\n<meta name=\"robots\" content=\"index, follow, max-snippet:-1, max-image-preview:large, max-video-preview:-1\" \/>\n<link rel=\"canonical\" href=\"https:\/\/solplanet.net\/fr\/solplanet-warranty\" \/>\n<meta property=\"og:locale\" content=\"fr_FR\" \/>\n<meta property=\"og:type\" content=\"article\" \/>\n<meta property=\"og:title\" content=\"Garantie | Solplanet\" \/>\n<meta property=\"og:description\" content=\"La puissance du soleil est l&#039;avenir de notre plan\u00e8te. Solplanet met le solaire \u00e0 la port\u00e9e de tou-te-s. Des onduleurs faciles \u00e0 installer, fiables et simples d&#039;utilisation.\" \/>\n<meta property=\"og:url\" content=\"https:\/\/solplanet.net\/fr\/solplanet-warranty\" \/>\n<meta property=\"og:site_name\" content=\"Solplanet\" \/>\n<meta property=\"article:modified_time\" content=\"2024-06-06T22:37:24+00:00\" \/>\n<meta name=\"twitter:card\" content=\"summary_large_image\" \/>\n<script type=\"application\/ld+json\" class=\"yoast-schema-graph\">{\"@context\":\"https:\/\/schema.org\",\"@graph\":[{\"@type\":\"WebPage\",\"@id\":\"https:\/\/solplanet.net\/fr\/solplanet-warranty\",\"url\":\"https:\/\/solplanet.net\/fr\/solplanet-warranty\",\"name\":\"Garantie | Solplanet\",\"isPartOf\":{\"@id\":\"https:\/\/solplanet.net\/fr#website\"},\"datePublished\":\"2020-09-30T12:53:04+00:00\",\"dateModified\":\"2024-06-06T22:37:24+00:00\",\"description\":\"La puissance du soleil est l'avenir de notre plan\u00e8te. Solplanet met le solaire \u00e0 la port\u00e9e de tou-te-s. Des onduleurs faciles \u00e0 installer, fiables et simples d'utilisation.\",\"breadcrumb\":{\"@id\":\"https:\/\/solplanet.net\/fr\/solplanet-warranty#breadcrumb\"},\"inLanguage\":\"fr-FR\",\"potentialAction\":[{\"@type\":\"ReadAction\",\"target\":[\"https:\/\/solplanet.net\/fr\/solplanet-warranty\"]}]},{\"@type\":\"BreadcrumbList\",\"@id\":\"https:\/\/solplanet.net\/fr\/solplanet-warranty#breadcrumb\",\"itemListElement\":[{\"@type\":\"ListItem\",\"position\":1,\"name\":\"Home\",\"item\":\"https:\/\/solplanet.net\/fr\"},{\"@type\":\"ListItem\",\"position\":2,\"name\":\"Garantie\"}]},{\"@type\":\"WebSite\",\"@id\":\"https:\/\/solplanet.net\/fr#website\",\"url\":\"https:\/\/solplanet.net\/fr\",\"name\":\"Solplanet\",\"description\":\"Solar for everybody\",\"publisher\":{\"@id\":\"https:\/\/solplanet.net\/fr#organization\"},\"potentialAction\":[{\"@type\":\"SearchAction\",\"target\":{\"@type\":\"EntryPoint\",\"urlTemplate\":\"https:\/\/solplanet.net\/fr?s={search_term_string}\"},\"query-input\":\"required name=search_term_string\"}],\"inLanguage\":\"fr-FR\"},{\"@type\":\"Organization\",\"@id\":\"https:\/\/solplanet.net\/fr#organization\",\"name\":\"Solplanet\",\"url\":\"https:\/\/solplanet.net\/fr\",\"sameAs\":[],\"logo\":{\"@type\":\"ImageObject\",\"inLanguage\":\"fr-FR\",\"@id\":\"https:\/\/solplanet.net\/fr#\/schema\/logo\/image\/\",\"url\":\"https:\/\/solplanet.net\/wp-content\/uploads\/2020\/11\/Solplanet-LinkedInIcon.jpg\",\"contentUrl\":\"https:\/\/solplanet.net\/wp-content\/uploads\/2020\/11\/Solplanet-LinkedInIcon.jpg\",\"width\":500,\"height\":500,\"caption\":\"Solplanet\"},\"image\":{\"@id\":\"https:\/\/solplanet.net\/fr#\/schema\/logo\/image\/\"}}]}<\/script>\n<!-- \/ Yoast SEO plugin. -->","yoast_head_json":{"title":"Garantie | Solplanet","description":"La puissance du soleil est l'avenir de notre plan\u00e8te. Solplanet met le solaire \u00e0 la port\u00e9e de tou-te-s. Des onduleurs faciles \u00e0 installer, fiables et simples d'utilisation.","robots":{"index":"index","follow":"follow","max-snippet":"max-snippet:-1","max-image-preview":"max-image-preview:large","max-video-preview":"max-video-preview:-1"},"canonical":"https:\/\/solplanet.net\/fr\/solplanet-warranty","og_locale":"fr_FR","og_type":"article","og_title":"Garantie | Solplanet","og_description":"La puissance du soleil est l'avenir de notre plan\u00e8te. Solplanet met le solaire \u00e0 la port\u00e9e de tou-te-s. Des onduleurs faciles \u00e0 installer, fiables et simples d'utilisation.","og_url":"https:\/\/solplanet.net\/fr\/solplanet-warranty","og_site_name":"Solplanet","article_modified_time":"2024-06-06T22:37:24+00:00","twitter_card":"summary_large_image","schema":{"@context":"https:\/\/schema.org","@graph":[{"@type":"WebPage","@id":"https:\/\/solplanet.net\/fr\/solplanet-warranty","url":"https:\/\/solplanet.net\/fr\/solplanet-warranty","name":"Garantie | Solplanet","isPartOf":{"@id":"https:\/\/solplanet.net\/fr#website"},"datePublished":"2020-09-30T12:53:04+00:00","dateModified":"2024-06-06T22:37:24+00:00","description":"La puissance du soleil est l'avenir de notre plan\u00e8te. Solplanet met le solaire \u00e0 la port\u00e9e de tou-te-s. Des onduleurs faciles \u00e0 installer, fiables et simples d'utilisation.","breadcrumb":{"@id":"https:\/\/solplanet.net\/fr\/solplanet-warranty#breadcrumb"},"inLanguage":"fr-FR","potentialAction":[{"@type":"ReadAction","target":["https:\/\/solplanet.net\/fr\/solplanet-warranty"]}]},{"@type":"BreadcrumbList","@id":"https:\/\/solplanet.net\/fr\/solplanet-warranty#breadcrumb","itemListElement":[{"@type":"ListItem","position":1,"name":"Home","item":"https:\/\/solplanet.net\/fr"},{"@type":"ListItem","position":2,"name":"Garantie"}]},{"@type":"WebSite","@id":"https:\/\/solplanet.net\/fr#website","url":"https:\/\/solplanet.net\/fr","name":"Solplanet","description":"Solar for everybody","publisher":{"@id":"https:\/\/solplanet.net\/fr#organization"},"potentialAction":[{"@type":"SearchAction","target":{"@type":"EntryPoint","urlTemplate":"https:\/\/solplanet.net\/fr?s={search_term_string}"},"query-input":"required name=search_term_string"}],"inLanguage":"fr-FR"},{"@type":"Organization","@id":"https:\/\/solplanet.net\/fr#organization","name":"Solplanet","url":"https:\/\/solplanet.net\/fr","sameAs":[],"logo":{"@type":"ImageObject","inLanguage":"fr-FR","@id":"https:\/\/solplanet.net\/fr#\/schema\/logo\/image\/","url":"https:\/\/solplanet.net\/wp-content\/uploads\/2020\/11\/Solplanet-LinkedInIcon.jpg","contentUrl":"https:\/\/solplanet.net\/wp-content\/uploads\/2020\/11\/Solplanet-LinkedInIcon.jpg","width":500,"height":500,"caption":"Solplanet"},"image":{"@id":"https:\/\/solplanet.net\/fr#\/schema\/logo\/image\/"}}]}},"_links":{"self":[{"href":"https:\/\/solplanet.net\/fr\/wp-json\/wp\/v2\/pages\/100412"}],"collection":[{"href":"https:\/\/solplanet.net\/fr\/wp-json\/wp\/v2\/pages"}],"about":[{"href":"https:\/\/solplanet.net\/fr\/wp-json\/wp\/v2\/types\/page"}],"author":[{"embeddable":true,"href":"https:\/\/solplanet.net\/fr\/wp-json\/wp\/v2\/users\/38"}],"replies":[{"embeddable":true,"href":"https:\/\/solplanet.net\/fr\/wp-json\/wp\/v2\/comments?post=100412"}],"version-history":[{"count":5,"href":"https:\/\/solplanet.net\/fr\/wp-json\/wp\/v2\/pages\/100412\/revisions"}],"predecessor-version":[{"id":136209,"href":"https:\/\/solplanet.net\/fr\/wp-json\/wp\/v2\/pages\/100412\/revisions\/136209"}],"wp:attachment":[{"href":"https:\/\/solplanet.net\/fr\/wp-json\/wp\/v2\/media?parent=100412"}],"curies":[{"name":"wp","href":"https:\/\/api.w.org\/{rel}","templated":true}]}}