{"id":100403,"date":"2020-11-06T13:01:49","date_gmt":"2020-11-06T13:01:49","guid":{"rendered":"https:\/\/solplanet.net\/claims\/"},"modified":"2024-05-27T11:46:29","modified_gmt":"2024-05-27T11:46:29","slug":"claims","status":"publish","type":"page","link":"https:\/\/solplanet.net\/fr\/claims","title":{"rendered":"R\u00e9clamations"},"content":{"rendered":"<div class=\"wrapper   wrapper__spacing-bottom-large--0\" id=\"\">\n\t<div class=\"wrapper__anchor\" id=\"\"><\/div>\n\t\t\t<div class=\"wrapper__container\">\n\t\t\t<div class=\"wrapper__inner wrapper__width-large--12\">\n\t\t\t\t<div class=\"jumbotron block-jumbotron__jumbotron\">\n\n\t<div style=\"background-image:url(https:\/\/solplanet.net\/wp-content\/uploads\/2020\/11\/reed-naliboff-ukaHRDJ-ics-unsplash-HI.jpg)\" class=\"image-bg jumbotron__image-bg\"><\/div>\n\t<div class=\"jumbotron__mask jumbotron__mask-type--type4\"><\/div>\n\n\t<div class=\"\n\t\t\tjumbotron__content\n\t\t\tjumbotron__content--default\n\t\t\tjumbotron__content--vertical-center\n\t\t\tjumbotron__content--horizontal-left\n\t\t\">\n\t\t<div class=\"jumbotron__content-wrap\">\n\t\t\t<p class=\"paragraph paragraph__color--white paragraph__align--left paragraph__size--default jumbotron__intro\">\n\tExposez-nous votre probl\u00e8me<\/p><h1 class=\"heading heading__align--left heading__color--white heading__size--big jumbotron__heading\">\n\tSignaler un probl\u00e8me dans votre zone g\u00e9ographique<\/h1><p class=\"paragraph paragraph__color--white paragraph__align--left paragraph__size--big jumbotron__paragraph\">\n\tNous sommes l\u00e0 pour vous assister<\/p>\t\t<\/div>\n\t<\/div>\n\n\t<\/div>\t\t\t<\/div>\n\t\t<\/div>\n\t<\/div>\n\n\n<div class=\"wrapper  wrapper__spacing-top-large---1 wrapper__spacing-bottom-large--0  wrapper__divider-top-large\" id=\"\">\n\t<div class=\"wrapper__anchor\" id=\"claims\"><\/div>\n\t\t\t<div class=\"wrapper__container  wrapper__gutter-large--none\">\n\t\t\t<div class=\"wrapper__inner wrapper__width-large--12\">\n\t\t\t\t\n<div class=\"block-card-list block-card-list__media-position--right\">\n\n\t\t\t<div class=\"block-card-list__media\">\n\t\t\t<div class=\"block-card-list__media-inner\">\n\t\t\t\t<div style=\"background-image:url(https:\/\/solplanet.net\/wp-content\/uploads\/2023\/07\/Solplanet-AU.png)\" class=\"image-bg block-card-list__image-bg\"><\/div>\t\t\t<\/div>\n\t\t<\/div>\n\t\n\t<div class=\"block-card-list__content\">\n\t\t<div class=\"block-card-list__content-inner\">\n\t\t\t\n<div class=\"wrapper   wrapper__spacing-bottom-large--20\" id=\"\">\n\t<div class=\"wrapper__anchor\" id=\"\"><\/div>\n\t\t\t<p class=\"paragraph paragraph__color--dove paragraph__align--left paragraph__size--small block-paragraph__paragraph\">\n\tExposez-nous votre probl\u00e8me<\/p>\t<\/div>\n\n\n<div class=\"wrapper   wrapper__spacing-bottom-large--40\" id=\"\">\n\t<div class=\"wrapper__anchor\" id=\"\"><\/div>\n\t\t\t\n<div class=\"block-heading\">\n\t<h2 class=\"heading heading__align--left heading__color--sunsetToDodger heading__size--default block-heading__heading heading__color--is-gradient\">\n\tSignaler un probl\u00e8me en Australie<\/h2>\t<\/div>\n\t<\/div>\n\n\n<div class=\"wrapper   wrapper__spacing-bottom-large--110\" id=\"\">\n\t<div class=\"wrapper__anchor\" id=\"\"><\/div>\n\t\t\t<p class=\"paragraph paragraph__color--dove paragraph__align--left paragraph__size--default block-paragraph__paragraph\">\n\tNotre \u00e9quipe en Australie vous r\u00e9pondra dans les plus brefs d\u00e9lais<br><\/p>\t<\/div>\n\n\n<div class=\"wrapper   wrapper__spacing-bottom-large--0\" id=\"\">\n\t<div class=\"wrapper__anchor\" id=\"\"><\/div>\n\t\t\t<div class=\"btn__wrap btn__align--left block-button__btn\">\n\t\t\t<a href=\"https:\/\/onlineclaim-solplanet.aiswei-tech.com\/#\/en\/OnlineClaim\" class=\"btn btn__color--alto btn__size--default btn__size-width--default     gtm_claims_form_australia \" id=\"\" title=\"Formulaire de r\u00e9clamation pour l&#039;Australie\" aria-label=\"\" target=\"_blank\" rel=\"noopener noreferrer\">\n\t\t\tFormulaire de r\u00e9clamation pour l&#039;Australie\t\t<\/a>\n\t<\/div>\t<\/div>\n\n\t\t<\/div>\n\t<\/div>\n<\/div>\n\n\n\t\t\t<\/div>\n\t\t<\/div>\n\t<\/div>\n\n\n<div class=\"wrapper   wrapper__spacing-bottom-large--0  wrapper__divider-top-large\" id=\"\">\n\t<div class=\"wrapper__anchor\" id=\"claims\"><\/div>\n\t\t\t<div class=\"wrapper__container  wrapper__gutter-large--none\">\n\t\t\t<div class=\"wrapper__inner wrapper__width-large--12\">\n\t\t\t\t\n<div class=\"block-card-list block-card-list__media-position--left\">\n\n\t\t\t<div class=\"block-card-list__media\">\n\t\t\t<div class=\"block-card-list__media-inner\">\n\t\t\t\t<div style=\"background-image:url(https:\/\/solplanet.net\/wp-content\/uploads\/2023\/07\/Solplanet-EU.png)\" class=\"image-bg block-card-list__image-bg\"><\/div>\t\t\t<\/div>\n\t\t<\/div>\n\t\n\t<div class=\"block-card-list__content\">\n\t\t<div class=\"block-card-list__content-inner\">\n\t\t\t\n<div class=\"wrapper   wrapper__spacing-bottom-large--20\" id=\"\">\n\t<div class=\"wrapper__anchor\" id=\"\"><\/div>\n\t\t\t<p class=\"paragraph paragraph__color--dove paragraph__align--left paragraph__size--small block-paragraph__paragraph\">\n\tExposez-nous votre probl\u00e8me<\/p>\t<\/div>\n\n\n<div class=\"wrapper   wrapper__spacing-bottom-large--40\" id=\"\">\n\t<div class=\"wrapper__anchor\" id=\"\"><\/div>\n\t\t\t\n<div class=\"block-heading\">\n\t<h2 class=\"heading heading__align--left heading__color--sunsetToDodger heading__size--default block-heading__heading heading__color--is-gradient\">\n\tSignaler un probl\u00e8me en Europe<\/h2>\t<\/div>\n\t<\/div>\n\n\n<div class=\"wrapper   wrapper__spacing-bottom-large--110\" id=\"\">\n\t<div class=\"wrapper__anchor\" id=\"\"><\/div>\n\t\t\t<p class=\"paragraph paragraph__color--dove paragraph__align--left paragraph__size--default block-paragraph__paragraph\">\n\tNous disposons d&#8217;\u00e9quipes de service locales dans chacun de nos march\u00e9s cl\u00e9s en Europe, d\u00e9posez une r\u00e9clamation ici et les \u00e9quipes locales vous contacteront dans les plus brefs d\u00e9lais<br><\/p>\t<\/div>\n\n\n<div class=\"wrapper   wrapper__spacing-bottom-large--0\" id=\"\">\n\t<div class=\"wrapper__anchor\" id=\"\"><\/div>\n\t\t\t<div class=\"btn__wrap btn__align--left block-button__btn\">\n\t\t\t<a href=\"https:\/\/onlineclaim-solplanet.aiswei-tech.com\/#\/en\/OnlineClaim\" class=\"btn btn__color--alto btn__size--default btn__size-width--default     gtm_claims_form_europe \" id=\"\" title=\"Signaler un probl\u00e8me en Europe\" aria-label=\"\" target=\"_blank\" rel=\"noopener noreferrer\">\n\t\t\tSignaler un probl\u00e8me en Europe\t\t<\/a>\n\t<\/div>\t<\/div>\n\n\t\t<\/div>\n\t<\/div>\n<\/div>\n\n\n\t\t\t<\/div>\n\t\t<\/div>\n\t<\/div>\n\n\n<div class=\"wrapper   wrapper__spacing-bottom-large--0  wrapper__divider-top-large\" id=\"\">\n\t<div class=\"wrapper__anchor\" id=\"claims\"><\/div>\n\t\t\t<div class=\"wrapper__container  wrapper__gutter-large--none\">\n\t\t\t<div class=\"wrapper__inner wrapper__width-large--12\">\n\t\t\t\t\n<div class=\"block-card-list block-card-list__media-position--right\">\n\n\t\t\t<div class=\"block-card-list__media\">\n\t\t\t<div class=\"block-card-list__media-inner\">\n\t\t\t\t<div style=\"background-image:url(https:\/\/solplanet.net\/wp-content\/uploads\/2023\/07\/Solplanet-world.jpg)\" class=\"image-bg block-card-list__image-bg\"><\/div>\t\t\t<\/div>\n\t\t<\/div>\n\t\n\t<div class=\"block-card-list__content\">\n\t\t<div class=\"block-card-list__content-inner\">\n\t\t\t\n<div class=\"wrapper   wrapper__spacing-bottom-large--20\" id=\"\">\n\t<div class=\"wrapper__anchor\" id=\"\"><\/div>\n\t\t\t<p class=\"paragraph paragraph__color--dove paragraph__align--left paragraph__size--small block-paragraph__paragraph\">\n\tExposez-nous votre probl\u00e8me<\/p>\t<\/div>\n\n\n<div class=\"wrapper   wrapper__spacing-bottom-large--40\" id=\"\">\n\t<div class=\"wrapper__anchor\" id=\"\"><\/div>\n\t\t\t\n<div class=\"block-heading\">\n\t<h2 class=\"heading heading__align--left heading__color--sunsetToDodger heading__size--default block-heading__heading heading__color--is-gradient\">\n\tSignaler un probl\u00e8me dans le reste du monde<\/h2>\t<\/div>\n\t<\/div>\n\n\n<div class=\"wrapper   wrapper__spacing-bottom-large--110\" id=\"\">\n\t<div class=\"wrapper__anchor\" id=\"\"><\/div>\n\t\t\t<p class=\"paragraph paragraph__color--dove paragraph__align--left paragraph__size--default block-paragraph__paragraph\">\n\tNous nous d\u00e9veloppons rapidement afin de fournir des \u00e9quipements solaires \u00e0 chacun et, pour chaque nouveau pays o\u00f9 nous nous rendons, nous collaborons avec des partenaires de service locaux. D\u00e9posez une r\u00e9clamation ici et notre \u00e9quipe centrale s&#8217;assurera qu&#8217;elle est trait\u00e9e par l&#8217;\u00e9quipe de service locale la plus appropri\u00e9e pr\u00e8s de chez vous.<br><\/p>\t<\/div>\n\n\n<div class=\"wrapper   wrapper__spacing-bottom-large--0\" id=\"\">\n\t<div class=\"wrapper__anchor\" id=\"\"><\/div>\n\t\t\t<div class=\"btn__wrap btn__align--left block-button__btn\">\n\t\t\t<a href=\"https:\/\/onlineclaim-solplanet.aiswei-tech.com\/#\/en\/OnlineClaim\" class=\"btn btn__color--alto btn__size--default btn__size-width--default     gtm_claims_form_rest_of_world \" id=\"\" title=\"Formulaire de r\u00e9clamation Reste du monde\" aria-label=\"\" target=\"_blank\" rel=\"noopener noreferrer\">\n\t\t\tFormulaire de r\u00e9clamation Reste du monde\t\t<\/a>\n\t<\/div>\t<\/div>\n\n\t\t<\/div>\n\t<\/div>\n<\/div>\n\n\n\t\t\t<\/div>\n\t\t<\/div>\n\t<\/div>\n","protected":false},"excerpt":{"rendered":"","protected":false},"author":38,"featured_media":0,"parent":0,"menu_order":0,"comment_status":"closed","ping_status":"closed","template":"","meta":[],"acf":[],"yoast_head":"<!-- This site is optimized with the Yoast SEO plugin v19.7.1 - https:\/\/yoast.com\/wordpress\/plugins\/seo\/ -->\n<title>R\u00e9clamations | Solplanet<\/title>\n<meta name=\"description\" content=\"La puissance du soleil est l&#039;avenir de notre plan\u00e8te. Solplanet met le solaire \u00e0 la port\u00e9e de tous. Des onduleurs faciles \u00e0 installer, fiables et simples d&#039;utilisation.\" \/>\n<meta name=\"robots\" content=\"index, follow, max-snippet:-1, max-image-preview:large, max-video-preview:-1\" \/>\n<link rel=\"canonical\" href=\"https:\/\/solplanet.net\/fr\/claims\" \/>\n<meta property=\"og:locale\" content=\"fr_FR\" \/>\n<meta property=\"og:type\" content=\"article\" \/>\n<meta property=\"og:title\" content=\"R\u00e9clamations | Solplanet\" \/>\n<meta property=\"og:description\" content=\"La puissance du soleil est l&#039;avenir de notre plan\u00e8te. Solplanet met le solaire \u00e0 la port\u00e9e de tous. Des onduleurs faciles \u00e0 installer, fiables et simples d&#039;utilisation.\" \/>\n<meta property=\"og:url\" content=\"https:\/\/solplanet.net\/fr\/claims\" \/>\n<meta property=\"og:site_name\" content=\"Solplanet\" \/>\n<meta property=\"article:modified_time\" content=\"2024-05-27T11:46:29+00:00\" \/>\n<meta name=\"twitter:card\" content=\"summary_large_image\" \/>\n<script type=\"application\/ld+json\" class=\"yoast-schema-graph\">{\"@context\":\"https:\/\/schema.org\",\"@graph\":[{\"@type\":\"WebPage\",\"@id\":\"https:\/\/solplanet.net\/fr\/claims\",\"url\":\"https:\/\/solplanet.net\/fr\/claims\",\"name\":\"R\u00e9clamations | Solplanet\",\"isPartOf\":{\"@id\":\"https:\/\/solplanet.net\/fr#website\"},\"datePublished\":\"2020-11-06T13:01:49+00:00\",\"dateModified\":\"2024-05-27T11:46:29+00:00\",\"description\":\"La puissance du soleil est l'avenir de notre plan\u00e8te. Solplanet met le solaire \u00e0 la port\u00e9e de tous. Des onduleurs faciles \u00e0 installer, fiables et simples d'utilisation.\",\"breadcrumb\":{\"@id\":\"https:\/\/solplanet.net\/fr\/claims#breadcrumb\"},\"inLanguage\":\"fr-FR\",\"potentialAction\":[{\"@type\":\"ReadAction\",\"target\":[\"https:\/\/solplanet.net\/fr\/claims\"]}]},{\"@type\":\"BreadcrumbList\",\"@id\":\"https:\/\/solplanet.net\/fr\/claims#breadcrumb\",\"itemListElement\":[{\"@type\":\"ListItem\",\"position\":1,\"name\":\"Home\",\"item\":\"https:\/\/solplanet.net\/fr\"},{\"@type\":\"ListItem\",\"position\":2,\"name\":\"R\u00e9clamations\"}]},{\"@type\":\"WebSite\",\"@id\":\"https:\/\/solplanet.net\/fr#website\",\"url\":\"https:\/\/solplanet.net\/fr\",\"name\":\"Solplanet\",\"description\":\"Solar for everybody\",\"publisher\":{\"@id\":\"https:\/\/solplanet.net\/fr#organization\"},\"potentialAction\":[{\"@type\":\"SearchAction\",\"target\":{\"@type\":\"EntryPoint\",\"urlTemplate\":\"https:\/\/solplanet.net\/fr?s={search_term_string}\"},\"query-input\":\"required name=search_term_string\"}],\"inLanguage\":\"fr-FR\"},{\"@type\":\"Organization\",\"@id\":\"https:\/\/solplanet.net\/fr#organization\",\"name\":\"Solplanet\",\"url\":\"https:\/\/solplanet.net\/fr\",\"sameAs\":[],\"logo\":{\"@type\":\"ImageObject\",\"inLanguage\":\"fr-FR\",\"@id\":\"https:\/\/solplanet.net\/fr#\/schema\/logo\/image\/\",\"url\":\"https:\/\/solplanet.net\/wp-content\/uploads\/2020\/11\/Solplanet-LinkedInIcon.jpg\",\"contentUrl\":\"https:\/\/solplanet.net\/wp-content\/uploads\/2020\/11\/Solplanet-LinkedInIcon.jpg\",\"width\":500,\"height\":500,\"caption\":\"Solplanet\"},\"image\":{\"@id\":\"https:\/\/solplanet.net\/fr#\/schema\/logo\/image\/\"}}]}<\/script>\n<!-- \/ Yoast SEO plugin. -->","yoast_head_json":{"title":"R\u00e9clamations | Solplanet","description":"La puissance du soleil est l'avenir de notre plan\u00e8te. Solplanet met le solaire \u00e0 la port\u00e9e de tous. Des onduleurs faciles \u00e0 installer, fiables et simples d'utilisation.","robots":{"index":"index","follow":"follow","max-snippet":"max-snippet:-1","max-image-preview":"max-image-preview:large","max-video-preview":"max-video-preview:-1"},"canonical":"https:\/\/solplanet.net\/fr\/claims","og_locale":"fr_FR","og_type":"article","og_title":"R\u00e9clamations | Solplanet","og_description":"La puissance du soleil est l'avenir de notre plan\u00e8te. Solplanet met le solaire \u00e0 la port\u00e9e de tous. Des onduleurs faciles \u00e0 installer, fiables et simples d'utilisation.","og_url":"https:\/\/solplanet.net\/fr\/claims","og_site_name":"Solplanet","article_modified_time":"2024-05-27T11:46:29+00:00","twitter_card":"summary_large_image","schema":{"@context":"https:\/\/schema.org","@graph":[{"@type":"WebPage","@id":"https:\/\/solplanet.net\/fr\/claims","url":"https:\/\/solplanet.net\/fr\/claims","name":"R\u00e9clamations | Solplanet","isPartOf":{"@id":"https:\/\/solplanet.net\/fr#website"},"datePublished":"2020-11-06T13:01:49+00:00","dateModified":"2024-05-27T11:46:29+00:00","description":"La puissance du soleil est l'avenir de notre plan\u00e8te. Solplanet met le solaire \u00e0 la port\u00e9e de tous. Des onduleurs faciles \u00e0 installer, fiables et simples d'utilisation.","breadcrumb":{"@id":"https:\/\/solplanet.net\/fr\/claims#breadcrumb"},"inLanguage":"fr-FR","potentialAction":[{"@type":"ReadAction","target":["https:\/\/solplanet.net\/fr\/claims"]}]},{"@type":"BreadcrumbList","@id":"https:\/\/solplanet.net\/fr\/claims#breadcrumb","itemListElement":[{"@type":"ListItem","position":1,"name":"Home","item":"https:\/\/solplanet.net\/fr"},{"@type":"ListItem","position":2,"name":"R\u00e9clamations"}]},{"@type":"WebSite","@id":"https:\/\/solplanet.net\/fr#website","url":"https:\/\/solplanet.net\/fr","name":"Solplanet","description":"Solar for everybody","publisher":{"@id":"https:\/\/solplanet.net\/fr#organization"},"potentialAction":[{"@type":"SearchAction","target":{"@type":"EntryPoint","urlTemplate":"https:\/\/solplanet.net\/fr?s={search_term_string}"},"query-input":"required name=search_term_string"}],"inLanguage":"fr-FR"},{"@type":"Organization","@id":"https:\/\/solplanet.net\/fr#organization","name":"Solplanet","url":"https:\/\/solplanet.net\/fr","sameAs":[],"logo":{"@type":"ImageObject","inLanguage":"fr-FR","@id":"https:\/\/solplanet.net\/fr#\/schema\/logo\/image\/","url":"https:\/\/solplanet.net\/wp-content\/uploads\/2020\/11\/Solplanet-LinkedInIcon.jpg","contentUrl":"https:\/\/solplanet.net\/wp-content\/uploads\/2020\/11\/Solplanet-LinkedInIcon.jpg","width":500,"height":500,"caption":"Solplanet"},"image":{"@id":"https:\/\/solplanet.net\/fr#\/schema\/logo\/image\/"}}]}},"_links":{"self":[{"href":"https:\/\/solplanet.net\/fr\/wp-json\/wp\/v2\/pages\/100403"}],"collection":[{"href":"https:\/\/solplanet.net\/fr\/wp-json\/wp\/v2\/pages"}],"about":[{"href":"https:\/\/solplanet.net\/fr\/wp-json\/wp\/v2\/types\/page"}],"author":[{"embeddable":true,"href":"https:\/\/solplanet.net\/fr\/wp-json\/wp\/v2\/users\/38"}],"replies":[{"embeddable":true,"href":"https:\/\/solplanet.net\/fr\/wp-json\/wp\/v2\/comments?post=100403"}],"version-history":[{"count":2,"href":"https:\/\/solplanet.net\/fr\/wp-json\/wp\/v2\/pages\/100403\/revisions"}],"predecessor-version":[{"id":130128,"href":"https:\/\/solplanet.net\/fr\/wp-json\/wp\/v2\/pages\/100403\/revisions\/130128"}],"wp:attachment":[{"href":"https:\/\/solplanet.net\/fr\/wp-json\/wp\/v2\/media?parent=100403"}],"curies":[{"name":"wp","href":"https:\/\/api.w.org\/{rel}","templated":true}]}}