{"id":100401,"date":"2020-12-07T14:44:52","date_gmt":"2020-12-07T14:44:52","guid":{"rendered":"https:\/\/solplanet.net\/thank-you\/"},"modified":"2024-05-26T21:07:47","modified_gmt":"2024-05-26T21:07:47","slug":"thank-you","status":"publish","type":"page","link":"https:\/\/solplanet.net\/fr\/thank-you","title":{"rendered":"Merci !"},"content":{"rendered":"<div class=\"wrapper   wrapper__spacing-bottom-large--40\" id=\"\">\n\t<div class=\"wrapper__anchor\" id=\"\"><\/div>\n\t\t\t<div class=\"wrapper__container wrapper__container-width-large--default wrapper__gutter-large--default wrapper__gutter-tablet--small\">\n\t\t\t<div class=\"wrapper__inner wrapper__width-large--12\">\n\t\t\t\t\n<div class=\"block-heading\">\n\t<h2 class=\"heading heading__align--left heading__color--shaft heading__size--default block-heading__heading\">\n\t<br>Merci pour votre commentaire !<\/h2>\t<\/div>\n\t\t\t<\/div>\n\t\t<\/div>\n\t<\/div>\n\n\n<div class=\"wrapper   wrapper__spacing-bottom-large--40\" id=\"\">\n\t<div class=\"wrapper__anchor\" id=\"\"><\/div>\n\t\t\t<div class=\"wrapper__container wrapper__container-width-large--default wrapper__gutter-large--default wrapper__gutter-tablet--small\">\n\t\t\t<div class=\"wrapper__inner wrapper__width-large--12\">\n\t\t\t\t<p class=\"paragraph paragraph__color--dove paragraph__align--left paragraph__size--default block-paragraph__paragraph\">\n\t<em>Veuillez v\u00e9rifier votre bo\u00eete mail. Vous recevrez bient\u00f4t un e-mail de confirmation de la part d&#8217;AISWEI pour le processus d&#8217;inscription \u00e0 la double option. Si vous n&#8217;\u00eates pas encore inscrit, il vous sera demand\u00e9 de confirmer le lien contenu dans cet e-mail pour vous inscrire avec succ\u00e8s. <\/em><br><\/p>\t\t\t<\/div>\n\t\t<\/div>\n\t<\/div>\n\n\n<div class=\"wrapper   wrapper__spacing-bottom-large--100\" id=\"\">\n\t<div class=\"wrapper__anchor\" id=\"\"><\/div>\n\t\t\t<div class=\"wrapper__container wrapper__container-width-large--default wrapper__gutter-large--default wrapper__gutter-tablet--small\">\n\t\t\t<div class=\"wrapper__inner wrapper__width-large--12\">\n\t\t\t\t<div class=\"btn__wrap btn__align--left block-button__btn\">\n\t\t\t<a href=\"https:\/\/solplanet.net\/wp-content\/uploads\/2020\/10\/20201026-Solplanet-Brochure.pdf\" class=\"btn btn__color--alto btn__size--default btn__size-width--default     gtm_download_our_brochure \" id=\"\" title=\"T\u00e9l\u00e9charger notre brochure produits\" aria-label=\"\">\n\t\t\tT\u00e9l\u00e9charger notre brochure produits\t\t<\/a>\n\t<\/div>\t\t\t<\/div>\n\t\t<\/div>\n\t<\/div>\n","protected":false},"excerpt":{"rendered":"","protected":false},"author":38,"featured_media":0,"parent":0,"menu_order":0,"comment_status":"closed","ping_status":"closed","template":"","meta":[],"acf":[],"yoast_head":"<!-- This site is optimized with the Yoast SEO plugin v19.7.1 - https:\/\/yoast.com\/wordpress\/plugins\/seo\/ -->\n<title>Merci ! | Solplanet<\/title>\n<meta name=\"description\" content=\"La puissance du soleil est l&#039;avenir de notre plan\u00e8te. Solplanet met le solaire \u00e0 la port\u00e9e de tou-te-s. Des onduleurs faciles \u00e0 installer, fiables et simples d&#039;utilisation.\" \/>\n<meta name=\"robots\" content=\"index, follow, max-snippet:-1, max-image-preview:large, max-video-preview:-1\" \/>\n<link rel=\"canonical\" href=\"https:\/\/solplanet.net\/fr\/thank-you\" \/>\n<meta property=\"og:locale\" content=\"fr_FR\" \/>\n<meta property=\"og:type\" content=\"article\" \/>\n<meta property=\"og:title\" content=\"Merci ! | Solplanet\" \/>\n<meta property=\"og:description\" content=\"La puissance du soleil est l&#039;avenir de notre plan\u00e8te. Solplanet met le solaire \u00e0 la port\u00e9e de tou-te-s. Des onduleurs faciles \u00e0 installer, fiables et simples d&#039;utilisation.\" \/>\n<meta property=\"og:url\" content=\"https:\/\/solplanet.net\/fr\/thank-you\" \/>\n<meta property=\"og:site_name\" content=\"Solplanet\" \/>\n<meta property=\"article:modified_time\" content=\"2024-05-26T21:07:47+00:00\" \/>\n<meta name=\"twitter:card\" content=\"summary_large_image\" \/>\n<script type=\"application\/ld+json\" class=\"yoast-schema-graph\">{\"@context\":\"https:\/\/schema.org\",\"@graph\":[{\"@type\":\"WebPage\",\"@id\":\"https:\/\/solplanet.net\/fr\/thank-you\",\"url\":\"https:\/\/solplanet.net\/fr\/thank-you\",\"name\":\"Merci ! | Solplanet\",\"isPartOf\":{\"@id\":\"https:\/\/solplanet.net\/fr#website\"},\"datePublished\":\"2020-12-07T14:44:52+00:00\",\"dateModified\":\"2024-05-26T21:07:47+00:00\",\"description\":\"La puissance du soleil est l'avenir de notre plan\u00e8te. Solplanet met le solaire \u00e0 la port\u00e9e de tou-te-s. Des onduleurs faciles \u00e0 installer, fiables et simples d'utilisation.\",\"breadcrumb\":{\"@id\":\"https:\/\/solplanet.net\/fr\/thank-you#breadcrumb\"},\"inLanguage\":\"fr-FR\",\"potentialAction\":[{\"@type\":\"ReadAction\",\"target\":[\"https:\/\/solplanet.net\/fr\/thank-you\"]}]},{\"@type\":\"BreadcrumbList\",\"@id\":\"https:\/\/solplanet.net\/fr\/thank-you#breadcrumb\",\"itemListElement\":[{\"@type\":\"ListItem\",\"position\":1,\"name\":\"Home\",\"item\":\"https:\/\/solplanet.net\/fr\"},{\"@type\":\"ListItem\",\"position\":2,\"name\":\"Merci !\"}]},{\"@type\":\"WebSite\",\"@id\":\"https:\/\/solplanet.net\/fr#website\",\"url\":\"https:\/\/solplanet.net\/fr\",\"name\":\"Solplanet\",\"description\":\"Solar for everybody\",\"publisher\":{\"@id\":\"https:\/\/solplanet.net\/fr#organization\"},\"potentialAction\":[{\"@type\":\"SearchAction\",\"target\":{\"@type\":\"EntryPoint\",\"urlTemplate\":\"https:\/\/solplanet.net\/fr?s={search_term_string}\"},\"query-input\":\"required name=search_term_string\"}],\"inLanguage\":\"fr-FR\"},{\"@type\":\"Organization\",\"@id\":\"https:\/\/solplanet.net\/fr#organization\",\"name\":\"Solplanet\",\"url\":\"https:\/\/solplanet.net\/fr\",\"sameAs\":[],\"logo\":{\"@type\":\"ImageObject\",\"inLanguage\":\"fr-FR\",\"@id\":\"https:\/\/solplanet.net\/fr#\/schema\/logo\/image\/\",\"url\":\"https:\/\/solplanet.net\/wp-content\/uploads\/2020\/11\/Solplanet-LinkedInIcon.jpg\",\"contentUrl\":\"https:\/\/solplanet.net\/wp-content\/uploads\/2020\/11\/Solplanet-LinkedInIcon.jpg\",\"width\":500,\"height\":500,\"caption\":\"Solplanet\"},\"image\":{\"@id\":\"https:\/\/solplanet.net\/fr#\/schema\/logo\/image\/\"}}]}<\/script>\n<!-- \/ Yoast SEO plugin. -->","yoast_head_json":{"title":"Merci ! | Solplanet","description":"La puissance du soleil est l'avenir de notre plan\u00e8te. Solplanet met le solaire \u00e0 la port\u00e9e de tou-te-s. Des onduleurs faciles \u00e0 installer, fiables et simples d'utilisation.","robots":{"index":"index","follow":"follow","max-snippet":"max-snippet:-1","max-image-preview":"max-image-preview:large","max-video-preview":"max-video-preview:-1"},"canonical":"https:\/\/solplanet.net\/fr\/thank-you","og_locale":"fr_FR","og_type":"article","og_title":"Merci ! | Solplanet","og_description":"La puissance du soleil est l'avenir de notre plan\u00e8te. Solplanet met le solaire \u00e0 la port\u00e9e de tou-te-s. Des onduleurs faciles \u00e0 installer, fiables et simples d'utilisation.","og_url":"https:\/\/solplanet.net\/fr\/thank-you","og_site_name":"Solplanet","article_modified_time":"2024-05-26T21:07:47+00:00","twitter_card":"summary_large_image","schema":{"@context":"https:\/\/schema.org","@graph":[{"@type":"WebPage","@id":"https:\/\/solplanet.net\/fr\/thank-you","url":"https:\/\/solplanet.net\/fr\/thank-you","name":"Merci ! | Solplanet","isPartOf":{"@id":"https:\/\/solplanet.net\/fr#website"},"datePublished":"2020-12-07T14:44:52+00:00","dateModified":"2024-05-26T21:07:47+00:00","description":"La puissance du soleil est l'avenir de notre plan\u00e8te. Solplanet met le solaire \u00e0 la port\u00e9e de tou-te-s. Des onduleurs faciles \u00e0 installer, fiables et simples d'utilisation.","breadcrumb":{"@id":"https:\/\/solplanet.net\/fr\/thank-you#breadcrumb"},"inLanguage":"fr-FR","potentialAction":[{"@type":"ReadAction","target":["https:\/\/solplanet.net\/fr\/thank-you"]}]},{"@type":"BreadcrumbList","@id":"https:\/\/solplanet.net\/fr\/thank-you#breadcrumb","itemListElement":[{"@type":"ListItem","position":1,"name":"Home","item":"https:\/\/solplanet.net\/fr"},{"@type":"ListItem","position":2,"name":"Merci !"}]},{"@type":"WebSite","@id":"https:\/\/solplanet.net\/fr#website","url":"https:\/\/solplanet.net\/fr","name":"Solplanet","description":"Solar for everybody","publisher":{"@id":"https:\/\/solplanet.net\/fr#organization"},"potentialAction":[{"@type":"SearchAction","target":{"@type":"EntryPoint","urlTemplate":"https:\/\/solplanet.net\/fr?s={search_term_string}"},"query-input":"required name=search_term_string"}],"inLanguage":"fr-FR"},{"@type":"Organization","@id":"https:\/\/solplanet.net\/fr#organization","name":"Solplanet","url":"https:\/\/solplanet.net\/fr","sameAs":[],"logo":{"@type":"ImageObject","inLanguage":"fr-FR","@id":"https:\/\/solplanet.net\/fr#\/schema\/logo\/image\/","url":"https:\/\/solplanet.net\/wp-content\/uploads\/2020\/11\/Solplanet-LinkedInIcon.jpg","contentUrl":"https:\/\/solplanet.net\/wp-content\/uploads\/2020\/11\/Solplanet-LinkedInIcon.jpg","width":500,"height":500,"caption":"Solplanet"},"image":{"@id":"https:\/\/solplanet.net\/fr#\/schema\/logo\/image\/"}}]}},"_links":{"self":[{"href":"https:\/\/solplanet.net\/fr\/wp-json\/wp\/v2\/pages\/100401"}],"collection":[{"href":"https:\/\/solplanet.net\/fr\/wp-json\/wp\/v2\/pages"}],"about":[{"href":"https:\/\/solplanet.net\/fr\/wp-json\/wp\/v2\/types\/page"}],"author":[{"embeddable":true,"href":"https:\/\/solplanet.net\/fr\/wp-json\/wp\/v2\/users\/38"}],"replies":[{"embeddable":true,"href":"https:\/\/solplanet.net\/fr\/wp-json\/wp\/v2\/comments?post=100401"}],"version-history":[{"count":2,"href":"https:\/\/solplanet.net\/fr\/wp-json\/wp\/v2\/pages\/100401\/revisions"}],"predecessor-version":[{"id":130594,"href":"https:\/\/solplanet.net\/fr\/wp-json\/wp\/v2\/pages\/100401\/revisions\/130594"}],"wp:attachment":[{"href":"https:\/\/solplanet.net\/fr\/wp-json\/wp\/v2\/media?parent=100401"}],"curies":[{"name":"wp","href":"https:\/\/api.w.org\/{rel}","templated":true}]}}