{"id":100364,"date":"2023-06-09T08:37:42","date_gmt":"2023-06-09T08:37:42","guid":{"rendered":"https:\/\/solplanet.net\/careers\/"},"modified":"2024-06-06T22:21:27","modified_gmt":"2024-06-06T22:21:27","slug":"solplanet-job-openings","status":"publish","type":"page","link":"https:\/\/solplanet.net\/fr\/solplanet-job-openings","title":{"rendered":"Carri\u00e8res"},"content":{"rendered":"<div class=\"wrapper   wrapper__spacing-bottom-large--40\" id=\"\">\n\t<div class=\"wrapper__anchor\" id=\"\"><\/div>\n\t\t\t<div class=\"wrapper__container\">\n\t\t\t<div class=\"wrapper__inner wrapper__width-large--12\">\n\t\t\t\t<div class=\"jumbotron block-jumbotron__jumbotron\">\n\n\t<div style=\"background-image:url(https:\/\/solplanet.net\/wp-content\/uploads\/2023\/06\/20221003-Carreer-Website_Jumbotron.jpg)\" class=\"image-bg jumbotron__image-bg\"><\/div>\n\t<div class=\"jumbotron__mask jumbotron__mask-type--type1\"><\/div>\n\n\t<div class=\"\n\t\t\tjumbotron__content\n\t\t\tjumbotron__content--medium\n\t\t\tjumbotron__content--vertical-center\n\t\t\tjumbotron__content--horizontal-left\n\t\t\">\n\t\t<div class=\"jumbotron__content-wrap\">\n\t\t\t<p class=\"paragraph paragraph__color--white paragraph__align--left paragraph__size--big jumbotron__intro\">\n\tGrandir avec nous<\/p><h1 class=\"heading heading__align--left heading__color--white heading__size--big jumbotron__heading\">\n\tRejoignez la famille Solplanet<\/h1><div class=\"btn__wrap btn__align--left jumbotron__btn\">\n\t\t\t<a href=\"#jobs\" class=\"btn btn__color--white btn__size--default btn__size-width--default   js-scroll-to-anchor \" id=\"\" title=\"Voir les offres d&#039;emploi de Solplanet\" aria-label=\"\">\n\t\t\tVoir les offres d&#039;emploi de Solplanet\t\t<\/a>\n\t<\/div>\t\t<\/div>\n\t<\/div>\n\n\t<\/div>\t\t\t<\/div>\n\t\t<\/div>\n\t<\/div>\n\n\n<div class=\"wrapper  wrapper__spacing-top-large--30 wrapper__spacing-bottom-large--30\" id=\"\">\n\t<div class=\"wrapper__anchor\" id=\"\"><\/div>\n\t\t\t<div class=\"wrapper__container wrapper__container-width-large--small wrapper__gutter-large--default wrapper__gutter-tablet--small\">\n\t\t\t<div class=\"wrapper__inner wrapper__width-large--10 wrapper__offset-large--1\">\n\t\t\t\t\n<div class=\"block-group\">\n\t\n<div class=\"wrapper   wrapper__spacing-bottom-large--40\" id=\"\">\n\t<div class=\"wrapper__anchor\" id=\"\"><\/div>\n\t\t\t<p class=\"paragraph paragraph__color--dove paragraph__align--left paragraph__size--default block-paragraph__paragraph\">\n\tSolplanet publie constamment de nouvelles offres d&#8217;emploi et nos \u00e9quipes se d\u00e9veloppent rapidement dans le monde entier. Nos employ\u00e9-e-s ont l&#8217;opportunit\u00e9 unique de faire partie d&#8217;une \u00e9quipe dynamique et diversifi\u00e9e d&#8217;expert-e-s passionn\u00e9-e-s travaillant dans un environnement ouvert et collaboratif. Ils\/elles sont pleinement soutenu-e-s dans leur d\u00e9veloppement personnel et professionnel afin de pouvoir exploiter efficacement leurs comp\u00e9tences, leurs aptitudes et leur expertise. Solplanet croit aux hi\u00e9rarchies horizontales, \u00e0 la rapidit\u00e9 de prise de d\u00e9cision et aux possibilit\u00e9s de d\u00e9velopper avec succ\u00e8s votre parcours \u00e0 long terme dans le secteur des \u00e9nergies renouvelables.<br><br>Consultez la liste des offres d&#8217;emploi Solplanet ci-dessous et postulez d\u00e8s aujourd&#8217;hui pour d\u00e9marrer (ou poursuivre) votre carri\u00e8re dans le secteur de l&#8217;\u00e9nergie solaire.<\/p>\t<\/div>\n\n<\/div>\n\t\t\t<\/div>\n\t\t<\/div>\n\t<\/div>\n\n\n<div class=\"wrapper wrapper__bg-color--gallery wrapper__spacing-top-large--20 wrapper__spacing-bottom-large--30\" id=\"jobs\">\n\t<div class=\"wrapper__anchor\" id=\"\"><\/div>\n\t\t\t<div class=\"wrapper__container wrapper__container-width-large--default wrapper__gutter-large--default wrapper__gutter-tablet--small\">\n\t\t\t<div class=\"wrapper__inner wrapper__width-large--12 wrapper__offset-large--0\">\n\t\t\t\t\n<div class=\"block-group\">\n\t\n<div class=\"wrapper  wrapper__spacing-top-large--40 wrapper__spacing-bottom-large--40\" id=\"\">\n\t<div class=\"wrapper__anchor\" id=\"\"><\/div>\n\t\t\t\n<div class=\"block-heading\">\n\t<h2 class=\"heading heading__align--center heading__color--sunsetToDodger heading__size--big block-heading__heading heading__color--is-gradient\">\n\tOffres d&#8217;emploi Solplanet<\/h2>\t<\/div>\n\t<\/div>\n\n<\/div>\n\t\t\t<\/div>\n\t\t<\/div>\n\t<\/div>\n\n\n<div class=\"wrapper wrapper__bg-color--gallery wrapper__spacing-top-large--20 wrapper__spacing-bottom-large--30  wrapper__divider-top-large\" id=\"\">\n\t<div class=\"wrapper__anchor\" id=\"\"><\/div>\n\t\t\t<div class=\"wrapper__container wrapper__container-width-large--default wrapper__gutter-large--default wrapper__gutter-tablet--small\">\n\t\t\t<div class=\"wrapper__inner wrapper__width-large--12\">\n\t\t\t\t<script type='text\/javascript'>\nconst groupBy = (items, key) => items.reduce(\n        (result, item) => ({\n        ...result,\n        [item[key]]: [\n        ...(result[item[key]] || []),\n        item,\n    ],\n    }),\n    {},\n);    \nasync function workableList() {const response = await fetch(\"https:\/\/apply.workable.com\/api\/v1\/widget\/accounts\/599313?origin=embed\");\n    const data = await response.json();\n    let groupedJobs = groupBy(data.jobs, 'country');\n\n    let groupedJobsHtml = '';\n    \n    let jobBlocks = [];\n\n    for (const [groupName, groupItems] of Object.entries(groupedJobs)) {\n            \/\/groupedJobs.forEach((groupItems, groupName) => {\n            let jobsLinks = '';\n        groupItems.forEach((item) => {jobsLinks += `<div class=\"paragraph paragraph__color--dove paragraph__align--left paragraph__size--default block-paragraph__paragraph\"><a href=\"${item.url}\" target=\"_blank\" rel=\"noreferrer noopener\">${item.title}<\/a><\/div>`;\n            });\n      jobBlocks.push({country: groupName, content:  `<div class=\"block-column block-column__width-large--3 block-column__width-tablet--12\">\n                <div class=\"wrapper   wrapper__spacing-bottom-large--40\" id=\"\">\n                    <div class=\"block-heading\">\n                        <h3 class=\"heading heading__align--left heading__color--sunsetToDodger heading__size--medium block-heading__heading heading__color--is-gradient\">\n                            ${groupName}\n                        <\/h3>\n                    <\/div>\n                <\/div>\n        \n                <div class=\"wrapper   wrapper__spacing-bottom-large--40\" id=\"\">\n                    <div class=\"wrapper__anchor\" id=\"\"><\/div>\n                    <p class=\"paragraph paragraph__color--dove paragraph__align--left paragraph__size--default block-paragraph__paragraph\">\n                        ${jobsLinks}\n                    <\/p>\n                <\/div>\n            <\/div> `});\n    }\n    \/\/sorting\n    jobBlocks.sort(function(a, b) {\n        if(a.country < b.country) return -1;\n        if(a.country > b.country) return 1;\n        return 0;\n    });\n\n    \/\/ generate content\n    jobBlocks.forEach((item) => {\n            groupedJobsHtml += item.content;\n        });\n    document.querySelector(\"#testBlock\").innerHTML = `<div class=\"block-columns js-block-columns block-columns__gutter-large--default block-columns__vertical-spacing-large--big\">${groupedJobsHtml}<\/div>`;  \n}\n\n\nfunction getJobsListHTML() {\n  return workableList();\n}\ndocument.addEventListener('DOMContentLoaded', function(){\n    getJobsListHTML();\n});\n\n<\/script><div id=\"testBlock\"><\/div>\t\t\t<\/div>\n\t\t<\/div>\n\t<\/div>\n","protected":false},"excerpt":{"rendered":"","protected":false},"author":38,"featured_media":0,"parent":0,"menu_order":0,"comment_status":"closed","ping_status":"closed","template":"","meta":[],"acf":[],"yoast_head":"<!-- This site is optimized with the Yoast SEO plugin v19.7.1 - https:\/\/yoast.com\/wordpress\/plugins\/seo\/ -->\n<title>Offres d&#039;emploi Solplanet | Carri\u00e8re dans l&#039;\u00e9nergie solaire Solplanet<\/title>\n<meta name=\"description\" content=\"Les offres d&#039;emploi de Solplanet vous ouvrent les portes d&#039;une nouvelle carri\u00e8re dans le secteur en pleine expansion de l&#039;\u00e9nergie solaire. Avec des bureaux dans le monde entier, rien n&#039;est impossible.\" \/>\n<meta name=\"robots\" content=\"index, follow, max-snippet:-1, max-image-preview:large, max-video-preview:-1\" \/>\n<link rel=\"canonical\" href=\"https:\/\/solplanet.net\/fr\/solplanet-job-openings\" \/>\n<meta property=\"og:locale\" content=\"fr_FR\" \/>\n<meta property=\"og:type\" content=\"article\" \/>\n<meta property=\"og:title\" content=\"Offres d&#039;emploi Solplanet | Carri\u00e8re dans l&#039;\u00e9nergie solaire Solplanet\" \/>\n<meta property=\"og:description\" content=\"Les offres d&#039;emploi de Solplanet vous ouvrent les portes d&#039;une nouvelle carri\u00e8re dans le secteur en pleine expansion de l&#039;\u00e9nergie solaire. Avec des bureaux dans le monde entier, rien n&#039;est impossible.\" \/>\n<meta property=\"og:url\" content=\"https:\/\/solplanet.net\/fr\/solplanet-job-openings\" \/>\n<meta property=\"og:site_name\" content=\"Solplanet\" \/>\n<meta property=\"article:modified_time\" content=\"2024-06-06T22:21:27+00:00\" \/>\n<meta name=\"twitter:card\" content=\"summary_large_image\" \/>\n<script type=\"application\/ld+json\" class=\"yoast-schema-graph\">{\"@context\":\"https:\/\/schema.org\",\"@graph\":[{\"@type\":\"WebPage\",\"@id\":\"https:\/\/solplanet.net\/fr\/solplanet-job-openings\",\"url\":\"https:\/\/solplanet.net\/fr\/solplanet-job-openings\",\"name\":\"Offres d'emploi Solplanet | Carri\u00e8re dans l'\u00e9nergie solaire Solplanet\",\"isPartOf\":{\"@id\":\"https:\/\/solplanet.net\/fr#website\"},\"datePublished\":\"2023-06-09T08:37:42+00:00\",\"dateModified\":\"2024-06-06T22:21:27+00:00\",\"description\":\"Les offres d'emploi de Solplanet vous ouvrent les portes d'une nouvelle carri\u00e8re dans le secteur en pleine expansion de l'\u00e9nergie solaire. Avec des bureaux dans le monde entier, rien n'est impossible.\",\"breadcrumb\":{\"@id\":\"https:\/\/solplanet.net\/fr\/solplanet-job-openings#breadcrumb\"},\"inLanguage\":\"fr-FR\",\"potentialAction\":[{\"@type\":\"ReadAction\",\"target\":[\"https:\/\/solplanet.net\/fr\/solplanet-job-openings\"]}]},{\"@type\":\"BreadcrumbList\",\"@id\":\"https:\/\/solplanet.net\/fr\/solplanet-job-openings#breadcrumb\",\"itemListElement\":[{\"@type\":\"ListItem\",\"position\":1,\"name\":\"Home\",\"item\":\"https:\/\/solplanet.net\/fr\"},{\"@type\":\"ListItem\",\"position\":2,\"name\":\"Carri\u00e8res\"}]},{\"@type\":\"WebSite\",\"@id\":\"https:\/\/solplanet.net\/fr#website\",\"url\":\"https:\/\/solplanet.net\/fr\",\"name\":\"Solplanet\",\"description\":\"Solar for everybody\",\"publisher\":{\"@id\":\"https:\/\/solplanet.net\/fr#organization\"},\"potentialAction\":[{\"@type\":\"SearchAction\",\"target\":{\"@type\":\"EntryPoint\",\"urlTemplate\":\"https:\/\/solplanet.net\/fr?s={search_term_string}\"},\"query-input\":\"required name=search_term_string\"}],\"inLanguage\":\"fr-FR\"},{\"@type\":\"Organization\",\"@id\":\"https:\/\/solplanet.net\/fr#organization\",\"name\":\"Solplanet\",\"url\":\"https:\/\/solplanet.net\/fr\",\"sameAs\":[],\"logo\":{\"@type\":\"ImageObject\",\"inLanguage\":\"fr-FR\",\"@id\":\"https:\/\/solplanet.net\/fr#\/schema\/logo\/image\/\",\"url\":\"https:\/\/solplanet.net\/wp-content\/uploads\/2020\/11\/Solplanet-LinkedInIcon.jpg\",\"contentUrl\":\"https:\/\/solplanet.net\/wp-content\/uploads\/2020\/11\/Solplanet-LinkedInIcon.jpg\",\"width\":500,\"height\":500,\"caption\":\"Solplanet\"},\"image\":{\"@id\":\"https:\/\/solplanet.net\/fr#\/schema\/logo\/image\/\"}}]}<\/script>\n<!-- \/ Yoast SEO plugin. -->","yoast_head_json":{"title":"Offres d'emploi Solplanet | Carri\u00e8re dans l'\u00e9nergie solaire Solplanet","description":"Les offres d'emploi de Solplanet vous ouvrent les portes d'une nouvelle carri\u00e8re dans le secteur en pleine expansion de l'\u00e9nergie solaire. Avec des bureaux dans le monde entier, rien n'est impossible.","robots":{"index":"index","follow":"follow","max-snippet":"max-snippet:-1","max-image-preview":"max-image-preview:large","max-video-preview":"max-video-preview:-1"},"canonical":"https:\/\/solplanet.net\/fr\/solplanet-job-openings","og_locale":"fr_FR","og_type":"article","og_title":"Offres d'emploi Solplanet | Carri\u00e8re dans l'\u00e9nergie solaire Solplanet","og_description":"Les offres d'emploi de Solplanet vous ouvrent les portes d'une nouvelle carri\u00e8re dans le secteur en pleine expansion de l'\u00e9nergie solaire. Avec des bureaux dans le monde entier, rien n'est impossible.","og_url":"https:\/\/solplanet.net\/fr\/solplanet-job-openings","og_site_name":"Solplanet","article_modified_time":"2024-06-06T22:21:27+00:00","twitter_card":"summary_large_image","schema":{"@context":"https:\/\/schema.org","@graph":[{"@type":"WebPage","@id":"https:\/\/solplanet.net\/fr\/solplanet-job-openings","url":"https:\/\/solplanet.net\/fr\/solplanet-job-openings","name":"Offres d'emploi Solplanet | Carri\u00e8re dans l'\u00e9nergie solaire Solplanet","isPartOf":{"@id":"https:\/\/solplanet.net\/fr#website"},"datePublished":"2023-06-09T08:37:42+00:00","dateModified":"2024-06-06T22:21:27+00:00","description":"Les offres d'emploi de Solplanet vous ouvrent les portes d'une nouvelle carri\u00e8re dans le secteur en pleine expansion de l'\u00e9nergie solaire. Avec des bureaux dans le monde entier, rien n'est impossible.","breadcrumb":{"@id":"https:\/\/solplanet.net\/fr\/solplanet-job-openings#breadcrumb"},"inLanguage":"fr-FR","potentialAction":[{"@type":"ReadAction","target":["https:\/\/solplanet.net\/fr\/solplanet-job-openings"]}]},{"@type":"BreadcrumbList","@id":"https:\/\/solplanet.net\/fr\/solplanet-job-openings#breadcrumb","itemListElement":[{"@type":"ListItem","position":1,"name":"Home","item":"https:\/\/solplanet.net\/fr"},{"@type":"ListItem","position":2,"name":"Carri\u00e8res"}]},{"@type":"WebSite","@id":"https:\/\/solplanet.net\/fr#website","url":"https:\/\/solplanet.net\/fr","name":"Solplanet","description":"Solar for everybody","publisher":{"@id":"https:\/\/solplanet.net\/fr#organization"},"potentialAction":[{"@type":"SearchAction","target":{"@type":"EntryPoint","urlTemplate":"https:\/\/solplanet.net\/fr?s={search_term_string}"},"query-input":"required name=search_term_string"}],"inLanguage":"fr-FR"},{"@type":"Organization","@id":"https:\/\/solplanet.net\/fr#organization","name":"Solplanet","url":"https:\/\/solplanet.net\/fr","sameAs":[],"logo":{"@type":"ImageObject","inLanguage":"fr-FR","@id":"https:\/\/solplanet.net\/fr#\/schema\/logo\/image\/","url":"https:\/\/solplanet.net\/wp-content\/uploads\/2020\/11\/Solplanet-LinkedInIcon.jpg","contentUrl":"https:\/\/solplanet.net\/wp-content\/uploads\/2020\/11\/Solplanet-LinkedInIcon.jpg","width":500,"height":500,"caption":"Solplanet"},"image":{"@id":"https:\/\/solplanet.net\/fr#\/schema\/logo\/image\/"}}]}},"_links":{"self":[{"href":"https:\/\/solplanet.net\/fr\/wp-json\/wp\/v2\/pages\/100364"}],"collection":[{"href":"https:\/\/solplanet.net\/fr\/wp-json\/wp\/v2\/pages"}],"about":[{"href":"https:\/\/solplanet.net\/fr\/wp-json\/wp\/v2\/types\/page"}],"author":[{"embeddable":true,"href":"https:\/\/solplanet.net\/fr\/wp-json\/wp\/v2\/users\/38"}],"replies":[{"embeddable":true,"href":"https:\/\/solplanet.net\/fr\/wp-json\/wp\/v2\/comments?post=100364"}],"version-history":[{"count":5,"href":"https:\/\/solplanet.net\/fr\/wp-json\/wp\/v2\/pages\/100364\/revisions"}],"predecessor-version":[{"id":136205,"href":"https:\/\/solplanet.net\/fr\/wp-json\/wp\/v2\/pages\/100364\/revisions\/136205"}],"wp:attachment":[{"href":"https:\/\/solplanet.net\/fr\/wp-json\/wp\/v2\/media?parent=100364"}],"curies":[{"name":"wp","href":"https:\/\/api.w.org\/{rel}","templated":true}]}}