{"id":100357,"date":"2023-11-17T11:34:28","date_gmt":"2023-11-17T11:34:28","guid":{"rendered":"https:\/\/solplanet.net\/success-cases\/"},"modified":"2025-04-25T11:25:58","modified_gmt":"2025-04-25T11:25:58","slug":"solplanet-projects","status":"publish","type":"page","link":"https:\/\/solplanet.net\/fr\/solplanet-projects","title":{"rendered":"R\u00e9f\u00e9rences"},"content":{"rendered":"<div class=\"wrapper   wrapper__spacing-bottom-large--0\" id=\"\">\n\t<div class=\"wrapper__anchor\" id=\"\"><\/div>\n\t\t\t<div class=\"wrapper__container\">\n\t\t\t<div class=\"wrapper__inner wrapper__width-large--12\">\n\t\t\t\t<div class=\"jumbotron block-jumbotron__jumbotron\">\n\n\t<div style=\"background-image:url(https:\/\/solplanet.vcdev.me\/wp-content\/uploads\/2023\/08\/2022-Solplanet-Borisovo_Bulgaria-2.jpg)\" class=\"image-bg jumbotron__image-bg\"><\/div>\n\t<div class=\"jumbotron__mask jumbotron__mask-type--type1\"><\/div>\n\n\t<div class=\"\n\t\t\tjumbotron__content\n\t\t\tjumbotron__content--default\n\t\t\tjumbotron__content--vertical-center\n\t\t\tjumbotron__content--horizontal-left\n\t\t\">\n\t\t<div class=\"jumbotron__content-wrap\">\n\t\t\t<p class=\"paragraph paragraph__color--white paragraph__align--left paragraph__size--big jumbotron__intro\">\n\tLes succ\u00e8s de Solplanet<\/p><h1 class=\"heading heading__align--left heading__color--white heading__size--big jumbotron__heading\">\n\tLumi\u00e8re sur les projets Solplanet<\/h1><p class=\"paragraph paragraph__color--white paragraph__align--left paragraph__size--default jumbotron__paragraph\">\n\tL&#8217;\u00e9nergie sur les 7 continents<\/p>\t\t<\/div>\n\t<\/div>\n\n\t<\/div>\t\t\t<\/div>\n\t\t<\/div>\n\t<\/div>\n\n\n<div class=\"wrapper  wrapper__spacing-top-large--80 wrapper__spacing-bottom-large--80\" id=\"\">\n\t<div class=\"wrapper__anchor\" id=\"\"><\/div>\n\t\t\t<div class=\"wrapper__container wrapper__container-width-large--small wrapper__gutter-large--default wrapper__gutter-tablet--small\">\n\t\t\t<div class=\"wrapper__inner wrapper__width-large--12\">\n\t\t\t\t\n<div class=\"block-group\">\n\t\n<div class=\"wrapper   wrapper__spacing-bottom-large--10\" id=\"\">\n\t<div class=\"wrapper__anchor\" id=\"\"><\/div>\n\t\t\t<p class=\"paragraph paragraph__color--dove paragraph__align--left paragraph__size--small block-paragraph__paragraph\">\n\tProjets Solplanet<\/p>\t<\/div>\n\n\n<div class=\"wrapper   wrapper__spacing-bottom-large--40\" id=\"\">\n\t<div class=\"wrapper__anchor\" id=\"\"><\/div>\n\t\t\t<p class=\"paragraph paragraph__color--shaft paragraph__align--left paragraph__size--default block-paragraph__paragraph\">\n\tNous rayonnons sur toute la plan\u00e8te, tout comme les projets Solplanet. Gr\u00e2ce \u00e0 nos partenariats avec les principaux distributeurs et installateurs PV dans le monde, nous cr\u00e9ons de la valeur commerciale, stimulons les innovations technologiques PV et aidons nos clients \u00e0 exploiter l&#8217;\u00e9nergie du soleil pour un avenir plus vert et plus durable. Nos produits PV sont con\u00e7us aussi bien pour les particuliers que pour les applications commerciales et industrielles. Quel que soit l&#8217;objectif de l&#8217;installation, ils garantissent des rendements \u00e9nerg\u00e9tiques \u00e9lev\u00e9s et fiables avec un minimum d&#8217;intrants et de supervision.\u00a0<br><br>Vous trouverez ci-dessous une pr\u00e9sentation de nos installations les plus remarquables, et vous pourrez cliquer sur les d\u00e9tails de l&#8217;installation pour en savoir plus.<br><\/p>\t<\/div>\n\n<\/div>\n\t\t\t<\/div>\n\t\t<\/div>\n\t<\/div>\n\n\n<div class=\"wrapper   wrapper__spacing-bottom-large--0  wrapper__divider-top-large wrapper__divider-bottom-large\" id=\"\">\n\t<div class=\"wrapper__anchor\" id=\"\"><\/div>\n\t\t\t<div class=\"wrapper__container wrapper__container-width-large--default wrapper__gutter-large--default wrapper__gutter-tablet--small\">\n\t\t\t<div class=\"wrapper__inner wrapper__width-large--12\">\n\t\t\t\t\n\t<div class=\"block-success-case-posts__anchor\" id=\"all\"><\/div>\n\n<div class=\"block-success-case-posts js-block-success-case-posts\" data-items-per-line=2>\n\n    <div class=\"button-group filter-button-group\" id=\"button-filter\" data-filter-group=\"type-fil\">\n\n    <\/div>\n\n    <div class=\"block-success-case-posts__wrapper\">\n\n\t\t\t<\/div>\n    <div style=\"display: none\" class=\"somebutton\">\n\n      <div class=\"filter-by-span\"><span>Filter by<\/span><\/div><div class=\"filter-by-select-coc\"><select class=\"select-cocation select-succ js-example-basic-single js-states form-control\"> <option><\/option><\/select><\/div><div class=\"filter-by-select-type\"><select class=\"select-type select-succ js-example-placeholder-single js-states form-control\"> <option><\/option><\/select><\/div><div class=\"filter-by-select-type2\"><select class=\"select-type2 select-succ  js-example-basic-single js-states form-control\"> <option><\/option><\/select><\/div><div class=\"filter-by-button\"><button data-filter=\"*\" class=\"btn btn__color--alto btn__size--default btn__size-width--default \">Clear All<\/button><\/div>    <\/div>\n\n\t<\/div>\n\t\t\t<\/div>\n\t\t<\/div>\n\t<\/div>\n\n\n<div class=\"wrapper   wrapper__spacing-bottom-large--0  wrapper__divider-top-large wrapper__divider-bottom-large\" id=\"\">\n\t<div class=\"wrapper__anchor\" id=\"\"><\/div>\n\t\t\t<div class=\"wrapper__container wrapper__container-width-large--default wrapper__gutter-large--default wrapper__gutter-tablet--small\">\n\t\t\t<div class=\"wrapper__inner wrapper__width-large--12\">\n\t\t\t\t\n<div class=\"block-cards-grid js-block-cards-grid\" data-items-per-line=3>\n\t\n<div class=\"card-simple block-card__card-simple\">\n\t\n\t\t\t\t\t<div class=\"card-simple__intro js-card-simple-intro\">\n\t\t\t\t<h2 class=\"heading heading__align--center heading__color--dove heading__size--small card-simple__subheading\">\n\t\u00a0Service &amp; Assistance<\/h2>\t\t\t<\/div>\n\t\t\n\t\t\t\t\t<div class=\"card-simple__media js-card-simple-media\">\n\t\t\t\t<img src=\"https:\/\/solplanet.vcdev.me\/wp-content\/uploads\/2023\/05\/Service-and-Support-Icon-Dark-Gray.png\" class=\"image card-simple__image\" \/>\t\t\t<\/div>\n\t\t\n\t\t\t\t\t<div class=\"card-simple__outro card-simple__outro--has-button\">\n\t\t\t\t<div class=\"btn__wrap btn__align--center card-simple__btn\">\n\t\t\t<a href=\"\/fr\/contact-us\/\" class=\"btn btn__color--alto btn__size--default btn__size-width--default \" id=\"\" title=\"Nous contacter\" aria-label=\"\">\n\t\t\tNous contacter\t\t<\/a>\n\t<\/div><p class=\"paragraph paragraph__color--dusty paragraph__align--center paragraph__size--small card-simple__paragraph\">\n\tNos ing\u00e9nieur-e-s chevronn\u00e9-e-s offrent des services de d\u00e9bogage, de r\u00e9paration et de maintenance sur site pour tous les produits Solplanet.<\/p>\t\t\t<\/div>\n\t\t\n\t\t\n\t<\/div>\n\n<div class=\"card-simple block-card__card-simple\">\n\t\n\t\t\t\t\t<div class=\"card-simple__intro js-card-simple-intro\">\n\t\t\t\t<h2 class=\"heading heading__align--center heading__color--dove heading__size--small card-simple__subheading\">\n\tFAQ<\/h2>\t\t\t<\/div>\n\t\t\n\t\t\t\t\t<div class=\"card-simple__media js-card-simple-media\">\n\t\t\t\t<img src=\"https:\/\/solplanet.vcdev.me\/wp-content\/uploads\/2023\/05\/FAQ-Icon-Dark-Gray.png\" class=\"image card-simple__image\" \/>\t\t\t<\/div>\n\t\t\n\t\t\t\t\t<div class=\"card-simple__outro card-simple__outro--has-button\">\n\t\t\t\t<div class=\"btn__wrap btn__align--center card-simple__btn\">\n\t\t\t<a href=\"\/fr\/questions-answers\/\" class=\"btn btn__color--alto btn__size--default btn__size-width--default \" id=\"\" title=\"Visiter les FAQ\" aria-label=\"\">\n\t\t\tVisiter les FAQ\t\t<\/a>\n\t<\/div><p class=\"paragraph paragraph__color--dusty paragraph__align--center paragraph__size--small card-simple__paragraph\">\n\tTrouvez les r\u00e9ponses aux questions les plus fr\u00e9quentes <br>sur les produits Solplanet.<\/p>\t\t\t<\/div>\n\t\t\n\t\t\n\t<\/div>\n\n<div class=\"card-simple block-card__card-simple\">\n\t\n\t\t\t\t\t<div class=\"card-simple__intro js-card-simple-intro\">\n\t\t\t\t<h2 class=\"heading heading__align--center heading__color--dove heading__size--small card-simple__subheading\">\n\tEspace Installateurs<\/h2>\t\t\t<\/div>\n\t\t\n\t\t\t\t\t<div class=\"card-simple__media js-card-simple-media\">\n\t\t\t\t<img src=\"https:\/\/solplanet.vcdev.me\/wp-content\/uploads\/2023\/05\/Group-20.png\" class=\"image card-simple__image\" \/>\t\t\t<\/div>\n\t\t\n\t\t\t\t\t<div class=\"card-simple__outro card-simple__outro--has-button\">\n\t\t\t\t<div class=\"btn__wrap btn__align--center card-simple__btn\">\n\t\t\t<a href=\"\/fr\/installer-area\" class=\"btn btn__color--alto btn__size--default btn__size-width--default \" id=\"\" title=\"Consultez l\u2019espace installateurs\u200b\" aria-label=\"\">\n\t\t\tConsultez l\u2019espace installateurs\u200b\t\t<\/a>\n\t<\/div><p class=\"paragraph paragraph__color--dusty paragraph__align--center paragraph__size--small card-simple__paragraph\">\n\tAcc\u00e8s rapide et facile \u00e0 toutes les informations dont vous avez besoin, de nos guides d\u2019installation \u00e0 nos garanties\u200b<\/p>\t\t\t<\/div>\n\t\t\n\t\t\n\t<\/div>\n<\/div>\n\t\t\t<\/div>\n\t\t<\/div>\n\t<\/div>\n","protected":false},"excerpt":{"rendered":"","protected":false},"author":38,"featured_media":0,"parent":0,"menu_order":0,"comment_status":"closed","ping_status":"closed","template":"","meta":[],"acf":[],"yoast_head":"<!-- This site is optimized with the Yoast SEO plugin v19.7.1 - https:\/\/yoast.com\/wordpress\/plugins\/seo\/ -->\n<title>R\u00e9f\u00e9rences | Solplanet<\/title>\n<meta name=\"description\" content=\"La puissance du soleil est l&#039;avenir de notre plan\u00e8te. Solplanet met le solaire \u00e0 la port\u00e9e de tou-te-s. Des onduleurs faciles \u00e0 installer, fiables et simples d&#039;utilisation.\" \/>\n<meta name=\"robots\" content=\"index, follow, max-snippet:-1, max-image-preview:large, max-video-preview:-1\" \/>\n<link rel=\"canonical\" href=\"https:\/\/solplanet.net\/fr\/solplanet-projects\" \/>\n<meta property=\"og:locale\" content=\"fr_FR\" \/>\n<meta property=\"og:type\" content=\"article\" \/>\n<meta property=\"og:title\" content=\"R\u00e9f\u00e9rences | Solplanet\" \/>\n<meta property=\"og:description\" content=\"La puissance du soleil est l&#039;avenir de notre plan\u00e8te. Solplanet met le solaire \u00e0 la port\u00e9e de tou-te-s. Des onduleurs faciles \u00e0 installer, fiables et simples d&#039;utilisation.\" \/>\n<meta property=\"og:url\" content=\"https:\/\/solplanet.net\/fr\/solplanet-projects\" \/>\n<meta property=\"og:site_name\" content=\"Solplanet\" \/>\n<meta property=\"article:modified_time\" content=\"2025-04-25T11:25:58+00:00\" \/>\n<meta name=\"twitter:card\" content=\"summary_large_image\" \/>\n<script type=\"application\/ld+json\" class=\"yoast-schema-graph\">{\"@context\":\"https:\/\/schema.org\",\"@graph\":[{\"@type\":\"WebPage\",\"@id\":\"https:\/\/solplanet.net\/fr\/solplanet-projects\",\"url\":\"https:\/\/solplanet.net\/fr\/solplanet-projects\",\"name\":\"R\u00e9f\u00e9rences | Solplanet\",\"isPartOf\":{\"@id\":\"https:\/\/solplanet.net\/fr#website\"},\"datePublished\":\"2023-11-17T11:34:28+00:00\",\"dateModified\":\"2025-04-25T11:25:58+00:00\",\"description\":\"La puissance du soleil est l'avenir de notre plan\u00e8te. Solplanet met le solaire \u00e0 la port\u00e9e de tou-te-s. Des onduleurs faciles \u00e0 installer, fiables et simples d'utilisation.\",\"breadcrumb\":{\"@id\":\"https:\/\/solplanet.net\/fr\/solplanet-projects#breadcrumb\"},\"inLanguage\":\"fr-FR\",\"potentialAction\":[{\"@type\":\"ReadAction\",\"target\":[\"https:\/\/solplanet.net\/fr\/solplanet-projects\"]}]},{\"@type\":\"BreadcrumbList\",\"@id\":\"https:\/\/solplanet.net\/fr\/solplanet-projects#breadcrumb\",\"itemListElement\":[{\"@type\":\"ListItem\",\"position\":1,\"name\":\"Home\",\"item\":\"https:\/\/solplanet.net\/fr\"},{\"@type\":\"ListItem\",\"position\":2,\"name\":\"R\u00e9f\u00e9rences\"}]},{\"@type\":\"WebSite\",\"@id\":\"https:\/\/solplanet.net\/fr#website\",\"url\":\"https:\/\/solplanet.net\/fr\",\"name\":\"Solplanet\",\"description\":\"Solar for everybody\",\"publisher\":{\"@id\":\"https:\/\/solplanet.net\/fr#organization\"},\"potentialAction\":[{\"@type\":\"SearchAction\",\"target\":{\"@type\":\"EntryPoint\",\"urlTemplate\":\"https:\/\/solplanet.net\/fr?s={search_term_string}\"},\"query-input\":\"required name=search_term_string\"}],\"inLanguage\":\"fr-FR\"},{\"@type\":\"Organization\",\"@id\":\"https:\/\/solplanet.net\/fr#organization\",\"name\":\"Solplanet\",\"url\":\"https:\/\/solplanet.net\/fr\",\"sameAs\":[],\"logo\":{\"@type\":\"ImageObject\",\"inLanguage\":\"fr-FR\",\"@id\":\"https:\/\/solplanet.net\/fr#\/schema\/logo\/image\/\",\"url\":\"https:\/\/solplanet.net\/wp-content\/uploads\/2020\/11\/Solplanet-LinkedInIcon.jpg\",\"contentUrl\":\"https:\/\/solplanet.net\/wp-content\/uploads\/2020\/11\/Solplanet-LinkedInIcon.jpg\",\"width\":500,\"height\":500,\"caption\":\"Solplanet\"},\"image\":{\"@id\":\"https:\/\/solplanet.net\/fr#\/schema\/logo\/image\/\"}}]}<\/script>\n<!-- \/ Yoast SEO plugin. -->","yoast_head_json":{"title":"R\u00e9f\u00e9rences | Solplanet","description":"La puissance du soleil est l'avenir de notre plan\u00e8te. Solplanet met le solaire \u00e0 la port\u00e9e de tou-te-s. Des onduleurs faciles \u00e0 installer, fiables et simples d'utilisation.","robots":{"index":"index","follow":"follow","max-snippet":"max-snippet:-1","max-image-preview":"max-image-preview:large","max-video-preview":"max-video-preview:-1"},"canonical":"https:\/\/solplanet.net\/fr\/solplanet-projects","og_locale":"fr_FR","og_type":"article","og_title":"R\u00e9f\u00e9rences | Solplanet","og_description":"La puissance du soleil est l'avenir de notre plan\u00e8te. Solplanet met le solaire \u00e0 la port\u00e9e de tou-te-s. Des onduleurs faciles \u00e0 installer, fiables et simples d'utilisation.","og_url":"https:\/\/solplanet.net\/fr\/solplanet-projects","og_site_name":"Solplanet","article_modified_time":"2025-04-25T11:25:58+00:00","twitter_card":"summary_large_image","schema":{"@context":"https:\/\/schema.org","@graph":[{"@type":"WebPage","@id":"https:\/\/solplanet.net\/fr\/solplanet-projects","url":"https:\/\/solplanet.net\/fr\/solplanet-projects","name":"R\u00e9f\u00e9rences | Solplanet","isPartOf":{"@id":"https:\/\/solplanet.net\/fr#website"},"datePublished":"2023-11-17T11:34:28+00:00","dateModified":"2025-04-25T11:25:58+00:00","description":"La puissance du soleil est l'avenir de notre plan\u00e8te. Solplanet met le solaire \u00e0 la port\u00e9e de tou-te-s. Des onduleurs faciles \u00e0 installer, fiables et simples d'utilisation.","breadcrumb":{"@id":"https:\/\/solplanet.net\/fr\/solplanet-projects#breadcrumb"},"inLanguage":"fr-FR","potentialAction":[{"@type":"ReadAction","target":["https:\/\/solplanet.net\/fr\/solplanet-projects"]}]},{"@type":"BreadcrumbList","@id":"https:\/\/solplanet.net\/fr\/solplanet-projects#breadcrumb","itemListElement":[{"@type":"ListItem","position":1,"name":"Home","item":"https:\/\/solplanet.net\/fr"},{"@type":"ListItem","position":2,"name":"R\u00e9f\u00e9rences"}]},{"@type":"WebSite","@id":"https:\/\/solplanet.net\/fr#website","url":"https:\/\/solplanet.net\/fr","name":"Solplanet","description":"Solar for everybody","publisher":{"@id":"https:\/\/solplanet.net\/fr#organization"},"potentialAction":[{"@type":"SearchAction","target":{"@type":"EntryPoint","urlTemplate":"https:\/\/solplanet.net\/fr?s={search_term_string}"},"query-input":"required name=search_term_string"}],"inLanguage":"fr-FR"},{"@type":"Organization","@id":"https:\/\/solplanet.net\/fr#organization","name":"Solplanet","url":"https:\/\/solplanet.net\/fr","sameAs":[],"logo":{"@type":"ImageObject","inLanguage":"fr-FR","@id":"https:\/\/solplanet.net\/fr#\/schema\/logo\/image\/","url":"https:\/\/solplanet.net\/wp-content\/uploads\/2020\/11\/Solplanet-LinkedInIcon.jpg","contentUrl":"https:\/\/solplanet.net\/wp-content\/uploads\/2020\/11\/Solplanet-LinkedInIcon.jpg","width":500,"height":500,"caption":"Solplanet"},"image":{"@id":"https:\/\/solplanet.net\/fr#\/schema\/logo\/image\/"}}]}},"_links":{"self":[{"href":"https:\/\/solplanet.net\/fr\/wp-json\/wp\/v2\/pages\/100357"}],"collection":[{"href":"https:\/\/solplanet.net\/fr\/wp-json\/wp\/v2\/pages"}],"about":[{"href":"https:\/\/solplanet.net\/fr\/wp-json\/wp\/v2\/types\/page"}],"author":[{"embeddable":true,"href":"https:\/\/solplanet.net\/fr\/wp-json\/wp\/v2\/users\/38"}],"replies":[{"embeddable":true,"href":"https:\/\/solplanet.net\/fr\/wp-json\/wp\/v2\/comments?post=100357"}],"version-history":[{"count":5,"href":"https:\/\/solplanet.net\/fr\/wp-json\/wp\/v2\/pages\/100357\/revisions"}],"predecessor-version":[{"id":178425,"href":"https:\/\/solplanet.net\/fr\/wp-json\/wp\/v2\/pages\/100357\/revisions\/178425"}],"wp:attachment":[{"href":"https:\/\/solplanet.net\/fr\/wp-json\/wp\/v2\/media?parent=100357"}],"curies":[{"name":"wp","href":"https:\/\/api.w.org\/{rel}","templated":true}]}}