{"id":58988,"date":"2023-08-08T08:38:57","date_gmt":"2023-08-08T08:38:57","guid":{"rendered":"https:\/\/solplanet.net\/?page_id=58988"},"modified":"2025-09-24T13:26:51","modified_gmt":"2025-09-24T13:26:51","slug":"handelspartner","status":"publish","type":"page","link":"https:\/\/solplanet.net\/de\/handelspartner","title":{"rendered":"Handelspartner"},"content":{"rendered":"<div class=\"wrapper   wrapper__spacing-bottom-large--0\" id=\"\">\n\t<div class=\"wrapper__anchor\" id=\"\"><\/div>\n\t\t\t<div class=\"wrapper__container\">\n\t\t\t<div class=\"wrapper__inner wrapper__width-large--12\">\n\t\t\t\t<div class=\"jumbotron block-jumbotron__jumbotron\">\n\n\t<div style=\"background-image:url(https:\/\/solplanet.net\/wp-content\/uploads\/2023\/08\/Solplanet-Distributors.jpg)\" class=\"image-bg jumbotron__image-bg\"><\/div>\n\t<div class=\"jumbotron__mask jumbotron__mask-type--type1\"><\/div>\n\n\t<div class=\"\n\t\t\tjumbotron__content\n\t\t\tjumbotron__content--medium\n\t\t\tjumbotron__content--vertical-center\n\t\t\tjumbotron__content--horizontal-left\n\t\t\">\n\t\t<div class=\"jumbotron__content-wrap\">\n\t\t\t<h1 class=\"heading heading__align--left heading__color--white heading__size--big jumbotron__heading\">\n\tHandelspartner<\/h1><p class=\"paragraph paragraph__color--white paragraph__align--left paragraph__size--big jumbotron__paragraph\">\n\tFinden Sie einen Handelspartner<br>in Ihrer N\u00e4he<\/p>\t\t<\/div>\n\t<\/div>\n\n\t<\/div>\t\t\t<\/div>\n\t\t<\/div>\n\t<\/div>\n\n\n\n<div class=\"wp-container-2 wp-block-columns\">\n<div class=\"wp-container-1 wp-block-column\" style=\"flex-basis:100%\"><div class=\"wrapper   wrapper__spacing-bottom-large--50  wrapper__divider-top-large wrapper__divider-bottom-large\" id=\"\">\n\t<div class=\"wrapper__anchor\" id=\"\"><\/div>\n\t\t\t<div class=\"wrapper__container wrapper__container-width-large--default wrapper__gutter-large--default wrapper__gutter-tablet--small\">\n\t\t\t<div class=\"wrapper__inner wrapper__width-large--12 wrapper__offset-large--0\">\n\t\t\t\t\n<div class=\"block-cards-grid js-block-cards-grid\" data-items-per-line=2>\n\t\n<div class=\"card-simple block-card__card-simple\">\n\t\n\t\t\t\t\t<div class=\"card-simple__intro js-card-simple-intro\">\n\t\t\t\t<h2 class=\"heading heading__align--center heading__color--sunsetToDodger heading__size--medium card-simple__heading heading__color--is-gradient\">\n\tSolar Fabrik<\/h2><p class=\"paragraph paragraph__color--dusty paragraph__align--center paragraph__size--default card-simple__subparagraph\">\n\t<strong><strong>Solar Fabrik GmbH<\/strong><\/strong><\/p>\t\t\t<\/div>\n\t\t\n\t\t\t\t\t<div class=\"card-simple__media js-card-simple-media\">\n\t\t\t\t<img src=\"https:\/\/solplanet.net\/wp-content\/uploads\/2023\/08\/Solar-Fabrik-Logo-Gray-120.png\" class=\"image card-simple__image\" \/>\t\t\t<\/div>\n\t\t\n\t\t\t\t\t<div class=\"card-simple__outro\">\n\t\t\t\t<p class=\"paragraph paragraph__color--dusty paragraph__align--center paragraph__size--default card-simple__paragraph\">\n\tHermann-Niggemann-Str.\u00a07-9<br>63846 Laufach <br>T. <a href=\"tel:+496093207700\">+49 6093 20770-0<\/a><br>W. <a href=\"https:\/\/www.solar-fabrik.de\/\" target=\"_blank\" rel=\"noreferrer noopener\">www.solar-fabrik.de<\/a><br>E. <a href=\"mailto:solplanet@solar-fabrik.de\" target=\"_blank\" rel=\"noreferrer noopener\">solplanet@solar-fabrik.de<\/a><\/p>\t\t\t<\/div>\n\t\t\n\t\t\n\t<\/div>\n\n<div class=\"card-simple block-card__card-simple\">\n\t\n\t\t\t\t\t<div class=\"card-simple__intro js-card-simple-intro\">\n\t\t\t\t<h2 class=\"heading heading__align--center heading__color--sunsetToDodger heading__size--medium card-simple__heading heading__color--is-gradient\">\n\tTerra Energy<\/h2><p class=\"paragraph paragraph__color--dusty paragraph__align--center paragraph__size--default card-simple__subparagraph\">\n\t<strong><strong><strong>Terra Connect GmbH<\/strong><\/strong><\/strong><\/p>\t\t\t<\/div>\n\t\t\n\t\t\t\t\t<div class=\"card-simple__media js-card-simple-media\">\n\t\t\t\t<img src=\"https:\/\/solplanet.net\/wp-content\/uploads\/2025\/01\/Terra-Energy-GRAY-1.png\" class=\"image card-simple__image\" \/>\t\t\t<\/div>\n\t\t\n\t\t\t\t\t<div class=\"card-simple__outro\">\n\t\t\t\t<p class=\"paragraph paragraph__color--dusty paragraph__align--center paragraph__size--default card-simple__paragraph\">\n\tZei\u00dfstra\u00dfe 10<br>32584 L\u00f6hne<br>T. <a href=\"tel:+4957326809221\">+49 5732 68 092-21<\/a><br>W. <a href=\"https:\/\/terra-energy.de\/\" target=\"_blank\" rel=\"noreferrer noopener\">terra-energy.de<\/a><br>E. <a href=\"mailto:sales@terra-energy.de\" target=\"_blank\" rel=\"noreferrer noopener\">sales@terra-energy.de<\/a><\/p>\t\t\t<\/div>\n\t\t\n\t\t\n\t<\/div>\n\n<div class=\"card-simple block-card__card-simple\">\n\t\n\t\t\t\t\t<div class=\"card-simple__intro js-card-simple-intro\">\n\t\t\t\t<h2 class=\"heading heading__align--center heading__color--sunsetToDodger heading__size--medium card-simple__heading heading__color--is-gradient\">\n\tIBC<\/h2><p class=\"paragraph paragraph__color--dusty paragraph__align--center paragraph__size--default card-simple__subparagraph\">\n\t<strong>IBC SOLAR AG<\/strong><\/p>\t\t\t<\/div>\n\t\t\n\t\t\t\t\t<div class=\"card-simple__media js-card-simple-media\">\n\t\t\t\t<img src=\"https:\/\/solplanet.net\/wp-content\/uploads\/2023\/08\/IBCSOLAR_Logo_gray-120.png\" class=\"image card-simple__image\" \/>\t\t\t<\/div>\n\t\t\n\t\t\t\t\t<div class=\"card-simple__outro\">\n\t\t\t\t<p class=\"paragraph paragraph__color--dusty paragraph__align--center paragraph__size--default card-simple__paragraph\">\n\tAm Hochgericht 10<br>96231 Bad Staffelstein<br>T. <a href=\"tel:+49957392240\" target=\"_blank\" rel=\"noreferrer noopener\">+49 9573 9224 &#8211; 0<\/a><br>F.\u00a0<a href=\"tel:+4995739224111\" target=\"_blank\" rel=\"noreferrer noopener\">+49 9573 9224 &#8211; 111<\/a><br>W. <a href=\"http:\/\/www.ibc-solar.com\/\" target=\"_blank\" rel=\"noreferrer noopener\">www.ibc-solar.de<\/a><br>E. <a href=\"mailto:info@ibc-solar.de\">info@ibc-solar.de<\/a><\/p>\t\t\t<\/div>\n\t\t\n\t\t\n\t<\/div>\n\n<div class=\"card-simple block-card__card-simple\">\n\t\n\t\t\t\t\t<div class=\"card-simple__intro js-card-simple-intro\">\n\t\t\t\t<h2 class=\"heading heading__align--center heading__color--sunsetToDodger heading__size--medium card-simple__heading heading__color--is-gradient\">\n\tSolarcraft<\/h2><p class=\"paragraph paragraph__color--dusty paragraph__align--center paragraph__size--default card-simple__subparagraph\">\n\t<strong><strong><strong>Solarcraft GmbH<\/strong><\/strong><\/strong><\/p>\t\t\t<\/div>\n\t\t\n\t\t\t\t\t<div class=\"card-simple__media js-card-simple-media\">\n\t\t\t\t<img src=\"https:\/\/solplanet.net\/wp-content\/uploads\/2024\/12\/Logo_solarcraf-GREY-2.png\" class=\"image card-simple__image\" \/>\t\t\t<\/div>\n\t\t\n\t\t\t\t\t<div class=\"card-simple__outro\">\n\t\t\t\t<p class=\"paragraph paragraph__color--dusty paragraph__align--center paragraph__size--default card-simple__paragraph\">\n\tDaimlerstra\u00dfe 6<br>76185 Karlsruhe<br>T. <a href=\"tel:+49 721 9099 9099\">+49 721 9099 9099<\/a><br>W. <a href=\"https:\/\/solarcraft.eu\/\">solarcraft.eu<\/a><br>E. <a href=\"mailto:info@solarcraft.eu\">info@solarcraft.eu<\/a><\/p>\t\t\t<\/div>\n\t\t\n\t\t\n\t<\/div>\n\n<div class=\"card-simple block-card__card-simple\">\n\t\n\t\t\t\t\t<div class=\"card-simple__intro js-card-simple-intro\">\n\t\t\t\t<h2 class=\"heading heading__align--center heading__color--sunsetToDodger heading__size--medium card-simple__heading heading__color--is-gradient\">\n\tTrigoo<\/h2><p class=\"paragraph paragraph__color--dusty paragraph__align--center paragraph__size--default card-simple__subparagraph\">\n\t<strong>Trigoo Solar Technologies GmbH<\/strong><\/p>\t\t\t<\/div>\n\t\t\n\t\t\t\t\t<div class=\"card-simple__media js-card-simple-media\">\n\t\t\t\t<img src=\"https:\/\/solplanet.net\/wp-content\/uploads\/2025\/05\/Trigoo-gray2.png\" class=\"image card-simple__image\" \/>\t\t\t<\/div>\n\t\t\n\t\t\t\t\t<div class=\"card-simple__outro\">\n\t\t\t\t<p class=\"paragraph paragraph__color--dusty paragraph__align--center paragraph__size--default card-simple__paragraph\">\n\tAnkershofenstrasse 28<br>9020 Klagenfurt, Austria<br>T. <a href=\"tel:+43 664 30 70 880\">+43 664 30 70 880<\/a><br>W. <a href=\"https:\/\/www.trigoo-solar.com\/\">trigoo-solar.com<\/a><br>E. <a href=\"mailto:office@trigoo-solar.com\">office@trigoo-solar.com<\/a><\/p>\t\t\t<\/div>\n\t\t\n\t\t\n\t<\/div>\n\n<div class=\"card-simple block-card__card-simple\">\n\t\n\t\t\t\t\t<div class=\"card-simple__intro js-card-simple-intro\">\n\t\t\t\t<h2 class=\"heading heading__align--center heading__color--sunsetToDodger heading__size--medium card-simple__heading heading__color--is-gradient\">\n\tSen<\/h2><p class=\"paragraph paragraph__color--dusty paragraph__align--center paragraph__size--default card-simple__subparagraph\">\n\tSEN Solare Energiesysteme GmbH<\/p>\t\t\t<\/div>\n\t\t\n\t\t\t\t\t<div class=\"card-simple__media js-card-simple-media\">\n\t\t\t\t<img src=\"https:\/\/solplanet.net\/wp-content\/uploads\/2025\/06\/SEN-Gray-Solplanet.png\" class=\"image card-simple__image\" \/>\t\t\t<\/div>\n\t\t\n\t\t\t\t\t<div class=\"card-simple__outro\">\n\t\t\t\t<p class=\"paragraph paragraph__color--dusty paragraph__align--center paragraph__size--default card-simple__paragraph\">\n\tW\u00f6rpedorfer Ring 46 D-28879 Grasberg<br>T.\u00a0<a href=\"tel:+49420891690\">+49 4208 91 69 &#8211; 0<\/a><br>F.\u00a0<a href=\"tel:+494208916950\">+49 4208 91 69 &#8211; 50<\/a><br>E.\u00a0<a href=\"mailto:info@sen.de\">info@sen.de<\/a><\/p>\t\t\t<\/div>\n\t\t\n\t\t\n\t<\/div>\n\n<div class=\"card-simple block-card__card-simple\">\n\t\n\t\t\t\t\t<div class=\"card-simple__intro js-card-simple-intro\">\n\t\t\t\t<h2 class=\"heading heading__align--center heading__color--sunsetToDodger heading__size--medium card-simple__heading heading__color--is-gradient\">\n\t<strong>SRP<\/strong><\/h2><p class=\"paragraph paragraph__color--dusty paragraph__align--center paragraph__size--default card-simple__subparagraph\">\n\t<strong>SRP Handel GmbH<\/strong><\/p>\t\t\t<\/div>\n\t\t\n\t\t\t\t\t<div class=\"card-simple__media js-card-simple-media\">\n\t\t\t\t<img src=\"https:\/\/solplanet.net\/wp-content\/uploads\/2025\/09\/Logo-Handel-2-e1758720377601.png\" class=\"image card-simple__image\" \/>\t\t\t<\/div>\n\t\t\n\t\t\t\t\t<div class=\"card-simple__outro\">\n\t\t\t\t<p class=\"paragraph paragraph__color--dusty paragraph__align--center paragraph__size--default card-simple__paragraph\">\n\tZeppelinring 12<br>26197 Ahlhorn<br>T.\u00a0<a href=\"tel:001555123456789\">+49 4435 3896217<\/a><br>E.\u00a0<a href=\"mailto:email@example.com\">info@srp-handel.de<\/a><br>W. <a href=\"https:\/\/www.pv-handel.online\/\" target=\"_blank\" rel=\"noreferrer noopener\">pv-handel.online<\/a><\/p>\t\t\t<\/div>\n\t\t\n\t\t\n\t<\/div>\n<\/div>\n\t\t\t<\/div>\n\t\t<\/div>\n\t<\/div>\n<\/div>\n<\/div>\n\n\n\n<p><\/p>\n","protected":false},"excerpt":{"rendered":"","protected":false},"author":7,"featured_media":0,"parent":0,"menu_order":0,"comment_status":"closed","ping_status":"closed","template":"","meta":[],"acf":[],"yoast_head":"<!-- This site is optimized with the Yoast SEO plugin v19.7.1 - https:\/\/yoast.com\/wordpress\/plugins\/seo\/ -->\n<title>Handelspartner | Solplanet<\/title>\n<meta name=\"description\" content=\"The power of the sun is the future of our planet. Solplanet makes solar for everybody. Easy-to-install, reliable and user-friendly inverters.\" \/>\n<meta name=\"robots\" content=\"index, follow, max-snippet:-1, max-image-preview:large, max-video-preview:-1\" \/>\n<link rel=\"canonical\" href=\"https:\/\/solplanet.net\/de\/handelspartner\" \/>\n<meta property=\"og:locale\" content=\"de_DE\" \/>\n<meta property=\"og:type\" content=\"article\" \/>\n<meta property=\"og:title\" content=\"Handelspartner | Solplanet\" \/>\n<meta property=\"og:description\" content=\"The power of the sun is the future of our planet. Solplanet makes solar for everybody. Easy-to-install, reliable and user-friendly inverters.\" \/>\n<meta property=\"og:url\" content=\"https:\/\/solplanet.net\/de\/handelspartner\" \/>\n<meta property=\"og:site_name\" content=\"Solplanet\" \/>\n<meta property=\"article:modified_time\" content=\"2025-09-24T13:26:51+00:00\" \/>\n<meta name=\"twitter:card\" content=\"summary_large_image\" \/>\n<script type=\"application\/ld+json\" class=\"yoast-schema-graph\">{\"@context\":\"https:\/\/schema.org\",\"@graph\":[{\"@type\":\"WebPage\",\"@id\":\"https:\/\/solplanet.net\/de\/handelspartner\",\"url\":\"https:\/\/solplanet.net\/de\/handelspartner\",\"name\":\"Handelspartner | Solplanet\",\"isPartOf\":{\"@id\":\"https:\/\/solplanet.net\/de#website\"},\"datePublished\":\"2023-08-08T08:38:57+00:00\",\"dateModified\":\"2025-09-24T13:26:51+00:00\",\"description\":\"The power of the sun is the future of our planet. Solplanet makes solar for everybody. Easy-to-install, reliable and user-friendly inverters.\",\"breadcrumb\":{\"@id\":\"https:\/\/solplanet.net\/de\/handelspartner#breadcrumb\"},\"inLanguage\":\"de-DE\",\"potentialAction\":[{\"@type\":\"ReadAction\",\"target\":[\"https:\/\/solplanet.net\/de\/handelspartner\"]}]},{\"@type\":\"BreadcrumbList\",\"@id\":\"https:\/\/solplanet.net\/de\/handelspartner#breadcrumb\",\"itemListElement\":[{\"@type\":\"ListItem\",\"position\":1,\"name\":\"Home\",\"item\":\"https:\/\/solplanet.net\/de\"},{\"@type\":\"ListItem\",\"position\":2,\"name\":\"Handelspartner\"}]},{\"@type\":\"WebSite\",\"@id\":\"https:\/\/solplanet.net\/de#website\",\"url\":\"https:\/\/solplanet.net\/de\",\"name\":\"Solplanet\",\"description\":\"Solar for everybody\",\"publisher\":{\"@id\":\"https:\/\/solplanet.net\/de#organization\"},\"potentialAction\":[{\"@type\":\"SearchAction\",\"target\":{\"@type\":\"EntryPoint\",\"urlTemplate\":\"https:\/\/solplanet.net\/de?s={search_term_string}\"},\"query-input\":\"required name=search_term_string\"}],\"inLanguage\":\"de-DE\"},{\"@type\":\"Organization\",\"@id\":\"https:\/\/solplanet.net\/de#organization\",\"name\":\"Solplanet\",\"url\":\"https:\/\/solplanet.net\/de\",\"sameAs\":[],\"logo\":{\"@type\":\"ImageObject\",\"inLanguage\":\"de-DE\",\"@id\":\"https:\/\/solplanet.net\/de#\/schema\/logo\/image\/\",\"url\":\"https:\/\/solplanet.net\/wp-content\/uploads\/2020\/11\/Solplanet-LinkedInIcon.jpg\",\"contentUrl\":\"https:\/\/solplanet.net\/wp-content\/uploads\/2020\/11\/Solplanet-LinkedInIcon.jpg\",\"width\":500,\"height\":500,\"caption\":\"Solplanet\"},\"image\":{\"@id\":\"https:\/\/solplanet.net\/de#\/schema\/logo\/image\/\"}}]}<\/script>\n<!-- \/ Yoast SEO plugin. -->","yoast_head_json":{"title":"Handelspartner | Solplanet","description":"The power of the sun is the future of our planet. Solplanet makes solar for everybody. Easy-to-install, reliable and user-friendly inverters.","robots":{"index":"index","follow":"follow","max-snippet":"max-snippet:-1","max-image-preview":"max-image-preview:large","max-video-preview":"max-video-preview:-1"},"canonical":"https:\/\/solplanet.net\/de\/handelspartner","og_locale":"de_DE","og_type":"article","og_title":"Handelspartner | Solplanet","og_description":"The power of the sun is the future of our planet. Solplanet makes solar for everybody. Easy-to-install, reliable and user-friendly inverters.","og_url":"https:\/\/solplanet.net\/de\/handelspartner","og_site_name":"Solplanet","article_modified_time":"2025-09-24T13:26:51+00:00","twitter_card":"summary_large_image","schema":{"@context":"https:\/\/schema.org","@graph":[{"@type":"WebPage","@id":"https:\/\/solplanet.net\/de\/handelspartner","url":"https:\/\/solplanet.net\/de\/handelspartner","name":"Handelspartner | Solplanet","isPartOf":{"@id":"https:\/\/solplanet.net\/de#website"},"datePublished":"2023-08-08T08:38:57+00:00","dateModified":"2025-09-24T13:26:51+00:00","description":"The power of the sun is the future of our planet. Solplanet makes solar for everybody. Easy-to-install, reliable and user-friendly inverters.","breadcrumb":{"@id":"https:\/\/solplanet.net\/de\/handelspartner#breadcrumb"},"inLanguage":"de-DE","potentialAction":[{"@type":"ReadAction","target":["https:\/\/solplanet.net\/de\/handelspartner"]}]},{"@type":"BreadcrumbList","@id":"https:\/\/solplanet.net\/de\/handelspartner#breadcrumb","itemListElement":[{"@type":"ListItem","position":1,"name":"Home","item":"https:\/\/solplanet.net\/de"},{"@type":"ListItem","position":2,"name":"Handelspartner"}]},{"@type":"WebSite","@id":"https:\/\/solplanet.net\/de#website","url":"https:\/\/solplanet.net\/de","name":"Solplanet","description":"Solar for everybody","publisher":{"@id":"https:\/\/solplanet.net\/de#organization"},"potentialAction":[{"@type":"SearchAction","target":{"@type":"EntryPoint","urlTemplate":"https:\/\/solplanet.net\/de?s={search_term_string}"},"query-input":"required name=search_term_string"}],"inLanguage":"de-DE"},{"@type":"Organization","@id":"https:\/\/solplanet.net\/de#organization","name":"Solplanet","url":"https:\/\/solplanet.net\/de","sameAs":[],"logo":{"@type":"ImageObject","inLanguage":"de-DE","@id":"https:\/\/solplanet.net\/de#\/schema\/logo\/image\/","url":"https:\/\/solplanet.net\/wp-content\/uploads\/2020\/11\/Solplanet-LinkedInIcon.jpg","contentUrl":"https:\/\/solplanet.net\/wp-content\/uploads\/2020\/11\/Solplanet-LinkedInIcon.jpg","width":500,"height":500,"caption":"Solplanet"},"image":{"@id":"https:\/\/solplanet.net\/de#\/schema\/logo\/image\/"}}]}},"_links":{"self":[{"href":"https:\/\/solplanet.net\/de\/wp-json\/wp\/v2\/pages\/58988"}],"collection":[{"href":"https:\/\/solplanet.net\/de\/wp-json\/wp\/v2\/pages"}],"about":[{"href":"https:\/\/solplanet.net\/de\/wp-json\/wp\/v2\/types\/page"}],"author":[{"embeddable":true,"href":"https:\/\/solplanet.net\/de\/wp-json\/wp\/v2\/users\/7"}],"replies":[{"embeddable":true,"href":"https:\/\/solplanet.net\/de\/wp-json\/wp\/v2\/comments?post=58988"}],"version-history":[{"count":11,"href":"https:\/\/solplanet.net\/de\/wp-json\/wp\/v2\/pages\/58988\/revisions"}],"predecessor-version":[{"id":226625,"href":"https:\/\/solplanet.net\/de\/wp-json\/wp\/v2\/pages\/58988\/revisions\/226625"}],"wp:attachment":[{"href":"https:\/\/solplanet.net\/de\/wp-json\/wp\/v2\/media?parent=58988"}],"curies":[{"name":"wp","href":"https:\/\/api.w.org\/{rel}","templated":true}]}}