{"id":17832,"date":"2020-10-02T19:31:33","date_gmt":"2020-10-02T19:31:33","guid":{"rendered":"https:\/\/solplanet.net\/contact-us\/"},"modified":"2026-03-19T13:54:11","modified_gmt":"2026-03-19T13:54:11","slug":"contact-us","status":"publish","type":"page","link":"https:\/\/solplanet.net\/de\/contact-us","title":{"rendered":"Kontakt"},"content":{"rendered":"<div class=\"wrapper   wrapper__spacing-bottom-large---10\" id=\"\">\n\t<div class=\"wrapper__anchor\" id=\"\"><\/div>\n\t\t\t<div class=\"wrapper__container\">\n\t\t\t<div class=\"wrapper__inner wrapper__width-large--12\">\n\t\t\t\t<div class=\"jumbotron block-jumbotron__jumbotron\">\n\n\t<div style=\"background-image:url(https:\/\/solplanet.net\/wp-content\/uploads\/2026\/02\/pexels-mikhail-nilov-7681375-2.jpg)\" class=\"image-bg jumbotron__image-bg\"><\/div>\n\t<div class=\"jumbotron__mask jumbotron__mask-type--type4\"><\/div>\n\n\t<div class=\"\n\t\t\tjumbotron__content\n\t\t\tjumbotron__content--medium\n\t\t\tjumbotron__content--vertical-center\n\t\t\tjumbotron__content--horizontal-left\n\t\t\">\n\t\t<div class=\"jumbotron__content-wrap\">\n\t\t\t<h1 class=\"heading heading__align--left heading__color--white heading__size--big jumbotron__heading\">\n\tKontaktieren Sie uns<\/h1>\t\t<\/div>\n\t<\/div>\n\n\t<\/div>\t\t\t<\/div>\n\t\t<\/div>\n\t<\/div>\n\n\n<div class=\"wrapper  wrapper__spacing-top-large--140 wrapper__spacing-top-tablet--80 wrapper__spacing-bottom-large---10 wrapper__spacing-bottom-tablet--80\" id=\"\">\n\t<div class=\"wrapper__anchor\" id=\"\"><\/div>\n\t\t\t<div class=\"wrapper__container wrapper__container-width-large--small wrapper__gutter-large--default wrapper__gutter-tablet--small\">\n\t\t\t<div class=\"wrapper__inner wrapper__width-large--12\">\n\t\t\t\t\n<div class=\"block-group\">\n\t\n<div class=\"wrapper   wrapper__spacing-bottom-large--20\" id=\"\">\n\t<div class=\"wrapper__anchor\" id=\"\"><\/div>\n\t\t\t\n<div class=\"block-heading\">\n\t<h2 class=\"heading heading__align--left heading__color--sunsetToDodger heading__size--default block-heading__heading heading__color--is-gradient\">\n\tDACH Team<\/h2>\t<\/div>\n\t<\/div>\n\n\n<div class=\"wrapper   wrapper__spacing-bottom-large--90 wrapper__spacing-bottom-tablet--40\" id=\"\">\n\t<div class=\"wrapper__anchor\" id=\"\"><\/div>\n\t\t\t<p class=\"paragraph paragraph__color--dove paragraph__align--left paragraph__size--default block-paragraph__paragraph\">\n\tDamit wir Ihnen schnellstm\u00f6glich helfen k\u00f6nnen, w\u00e4hlen Sie bitte unten den passenden Bereich aus. So landet Ihre Anfrage direkt bei unseren Solplanet-Spezialisten.<\/p>\t<\/div>\n\n<\/div>\n\t\t\t<\/div>\n\t\t<\/div>\n\t<\/div>\n\n\n<div class=\"wrapper  wrapper__spacing-top-large--40 wrapper__spacing-top-tablet--80 wrapper__spacing-bottom-large--10 wrapper__spacing-bottom-tablet--80\" id=\"\">\n\t<div class=\"wrapper__anchor\" id=\"\"><\/div>\n\t\t\t<div class=\"wrapper__container wrapper__container-width-large--small wrapper__gutter-large--default wrapper__gutter-tablet--small\">\n\t\t\t<div class=\"wrapper__inner wrapper__width-large--12 wrapper__offset-large---1\">\n\t\t\t\t\n<div class=\"block-group\">\n\t\n<div class=\"wrapper   wrapper__spacing-bottom-large--0   wrapper__divider-bottom-large\" id=\"\">\n\t<div class=\"wrapper__anchor\" id=\"\"><\/div>\n\t\t\t\n<div class=\"block-columns js-block-columns block-columns__gutter-large--default block-columns__vertical-spacing-large--default\">\n\t\n\n<div class=\"block-column block-column__width-large--6 block-column__width-tablet--12 \">\n\t\n<div class=\"wrapper  wrapper__spacing-top-large--0 wrapper__spacing-bottom-large--0\" id=\"\">\n\t<div class=\"wrapper__anchor\" id=\"\"><\/div>\n\t\t\t<p class=\"paragraph paragraph__color--dove paragraph__align--left paragraph__size--default block-paragraph__paragraph\">\n\t<strong>Solplanet Vertrieb<br><\/strong>T. +49 221 82826198<br>Mo- Fr. 8.30 Uhr &#8211; 16 Uhr<br>E.\u00a0<a href=\"mailto:sales.de@solplanet.net\" target=\"_blank\" rel=\"noreferrer noopener\">sales.de@solplanet.net<\/a><br><strong>F\u00fcr Angebote, Preise und die Zusammenarbeit als Partner.<\/strong><br>Kontaktieren Sie Vertrieb, wenn Sie unsere Produkte beziehen oder Vertriebspartner werden m\u00f6chten.<br><br><strong>Service-Hotline (After-Sales)<br><\/strong>T. <a target=\"_blank\" rel=\"noreferrer noopener\">+49 221 82829008<\/a><br>E.\u00a0<a href=\"mailto:service.de@solplanet.net\" target=\"_blank\" rel=\"noreferrer noopener\">service.de@solplanet.net<\/a><br>Mo.- Do. 9 Uhr &#8211; 16 Uhr &amp; Fr. 9 Uhr &#8211; 12 Uhr<br><strong>F\u00fcr technische Unterst\u00fctzung nach dem Kauf\u00a0 wie z. B. <\/strong>bei Defekten, Fehlermeldungen, Austausch oder Gew\u00e4hrleistungsfragen.<br><br><strong>Technik- &amp; Produktberatung<br><\/strong>T. <a href=\"tel:+4922182826199\">+49 221 82826199<\/a><br>Mo. &#8211; Do. 13 Uhr &#8211; 16 Uhr<br>E.\u00a0<a href=\"mailto:support.de@solplanet.net\" target=\"_blank\" rel=\"noreferrer noopener\">support.de@solplanet.net<\/a><br><strong>Wir unterst\u00fctzen Sie bei der Planung (Pre-Sales) sowie bei technischen Fragen zur Installation und Konfiguration.<\/strong><br>Support hilft bei Planung, Auslegung, Kompatibilit\u00e4t und Inbetriebnahmefragen.<br>\u00a0                                                                                                               <\/p>\t<\/div>\n\n<\/div>\n\n\n\n<div class=\"block-column block-column__width-large--6 block-column__width-tablet--12 \">\n\t<\/div>\n\n<\/div>\n\t<\/div>\n\n\n\n<div class=\"block-column block-column__width-large--6 block-column__width-tablet--12 \">\n\t<\/div>\n\n\n\n<div class=\"block-column block-column__width-large--5 block-column__width-tablet--12 block-column__offset-large--6 \">\n\t<\/div>\n\n<\/div>\n\t\t\t<\/div>\n\t\t<\/div>\n\t<\/div>\n","protected":false},"excerpt":{"rendered":"","protected":false},"author":5,"featured_media":0,"parent":0,"menu_order":0,"comment_status":"closed","ping_status":"closed","template":"","meta":[],"acf":[],"yoast_head":"<!-- This site is optimized with the Yoast SEO plugin v19.7.1 - https:\/\/yoast.com\/wordpress\/plugins\/seo\/ -->\n<title>Kontakt | Solplanet<\/title>\n<meta name=\"description\" content=\"The power of the sun is the future of our planet. Solplanet makes solar for everybody. Easy-to-install, reliable and user-friendly inverters.\" \/>\n<meta name=\"robots\" content=\"index, follow, max-snippet:-1, max-image-preview:large, max-video-preview:-1\" \/>\n<link rel=\"canonical\" href=\"https:\/\/solplanet.net\/de\/contact-us\" \/>\n<meta property=\"og:locale\" content=\"de_DE\" \/>\n<meta property=\"og:type\" content=\"article\" \/>\n<meta property=\"og:title\" content=\"Kontakt | Solplanet\" \/>\n<meta property=\"og:description\" content=\"The power of the sun is the future of our planet. Solplanet makes solar for everybody. Easy-to-install, reliable and user-friendly inverters.\" \/>\n<meta property=\"og:url\" content=\"https:\/\/solplanet.net\/de\/contact-us\" \/>\n<meta property=\"og:site_name\" content=\"Solplanet\" \/>\n<meta property=\"article:modified_time\" content=\"2026-03-19T13:54:11+00:00\" \/>\n<meta name=\"twitter:card\" content=\"summary_large_image\" \/>\n<script type=\"application\/ld+json\" class=\"yoast-schema-graph\">{\"@context\":\"https:\/\/schema.org\",\"@graph\":[{\"@type\":\"WebPage\",\"@id\":\"https:\/\/solplanet.net\/de\/contact-us\",\"url\":\"https:\/\/solplanet.net\/de\/contact-us\",\"name\":\"Kontakt | Solplanet\",\"isPartOf\":{\"@id\":\"https:\/\/solplanet.net\/de#website\"},\"datePublished\":\"2020-10-02T19:31:33+00:00\",\"dateModified\":\"2026-03-19T13:54:11+00:00\",\"description\":\"The power of the sun is the future of our planet. Solplanet makes solar for everybody. Easy-to-install, reliable and user-friendly inverters.\",\"breadcrumb\":{\"@id\":\"https:\/\/solplanet.net\/de\/contact-us#breadcrumb\"},\"inLanguage\":\"de-DE\",\"potentialAction\":[{\"@type\":\"ReadAction\",\"target\":[\"https:\/\/solplanet.net\/de\/contact-us\"]}]},{\"@type\":\"BreadcrumbList\",\"@id\":\"https:\/\/solplanet.net\/de\/contact-us#breadcrumb\",\"itemListElement\":[{\"@type\":\"ListItem\",\"position\":1,\"name\":\"Home\",\"item\":\"https:\/\/solplanet.net\/de\"},{\"@type\":\"ListItem\",\"position\":2,\"name\":\"Kontakt\"}]},{\"@type\":\"WebSite\",\"@id\":\"https:\/\/solplanet.net\/de#website\",\"url\":\"https:\/\/solplanet.net\/de\",\"name\":\"Solplanet\",\"description\":\"Solar for everybody\",\"publisher\":{\"@id\":\"https:\/\/solplanet.net\/de#organization\"},\"potentialAction\":[{\"@type\":\"SearchAction\",\"target\":{\"@type\":\"EntryPoint\",\"urlTemplate\":\"https:\/\/solplanet.net\/de?s={search_term_string}\"},\"query-input\":\"required name=search_term_string\"}],\"inLanguage\":\"de-DE\"},{\"@type\":\"Organization\",\"@id\":\"https:\/\/solplanet.net\/de#organization\",\"name\":\"Solplanet\",\"url\":\"https:\/\/solplanet.net\/de\",\"sameAs\":[],\"logo\":{\"@type\":\"ImageObject\",\"inLanguage\":\"de-DE\",\"@id\":\"https:\/\/solplanet.net\/de#\/schema\/logo\/image\/\",\"url\":\"https:\/\/solplanet.net\/wp-content\/uploads\/2020\/11\/Solplanet-LinkedInIcon.jpg\",\"contentUrl\":\"https:\/\/solplanet.net\/wp-content\/uploads\/2020\/11\/Solplanet-LinkedInIcon.jpg\",\"width\":500,\"height\":500,\"caption\":\"Solplanet\"},\"image\":{\"@id\":\"https:\/\/solplanet.net\/de#\/schema\/logo\/image\/\"}}]}<\/script>\n<!-- \/ Yoast SEO plugin. -->","yoast_head_json":{"title":"Kontakt | Solplanet","description":"The power of the sun is the future of our planet. Solplanet makes solar for everybody. Easy-to-install, reliable and user-friendly inverters.","robots":{"index":"index","follow":"follow","max-snippet":"max-snippet:-1","max-image-preview":"max-image-preview:large","max-video-preview":"max-video-preview:-1"},"canonical":"https:\/\/solplanet.net\/de\/contact-us","og_locale":"de_DE","og_type":"article","og_title":"Kontakt | Solplanet","og_description":"The power of the sun is the future of our planet. Solplanet makes solar for everybody. Easy-to-install, reliable and user-friendly inverters.","og_url":"https:\/\/solplanet.net\/de\/contact-us","og_site_name":"Solplanet","article_modified_time":"2026-03-19T13:54:11+00:00","twitter_card":"summary_large_image","schema":{"@context":"https:\/\/schema.org","@graph":[{"@type":"WebPage","@id":"https:\/\/solplanet.net\/de\/contact-us","url":"https:\/\/solplanet.net\/de\/contact-us","name":"Kontakt | Solplanet","isPartOf":{"@id":"https:\/\/solplanet.net\/de#website"},"datePublished":"2020-10-02T19:31:33+00:00","dateModified":"2026-03-19T13:54:11+00:00","description":"The power of the sun is the future of our planet. Solplanet makes solar for everybody. Easy-to-install, reliable and user-friendly inverters.","breadcrumb":{"@id":"https:\/\/solplanet.net\/de\/contact-us#breadcrumb"},"inLanguage":"de-DE","potentialAction":[{"@type":"ReadAction","target":["https:\/\/solplanet.net\/de\/contact-us"]}]},{"@type":"BreadcrumbList","@id":"https:\/\/solplanet.net\/de\/contact-us#breadcrumb","itemListElement":[{"@type":"ListItem","position":1,"name":"Home","item":"https:\/\/solplanet.net\/de"},{"@type":"ListItem","position":2,"name":"Kontakt"}]},{"@type":"WebSite","@id":"https:\/\/solplanet.net\/de#website","url":"https:\/\/solplanet.net\/de","name":"Solplanet","description":"Solar for everybody","publisher":{"@id":"https:\/\/solplanet.net\/de#organization"},"potentialAction":[{"@type":"SearchAction","target":{"@type":"EntryPoint","urlTemplate":"https:\/\/solplanet.net\/de?s={search_term_string}"},"query-input":"required name=search_term_string"}],"inLanguage":"de-DE"},{"@type":"Organization","@id":"https:\/\/solplanet.net\/de#organization","name":"Solplanet","url":"https:\/\/solplanet.net\/de","sameAs":[],"logo":{"@type":"ImageObject","inLanguage":"de-DE","@id":"https:\/\/solplanet.net\/de#\/schema\/logo\/image\/","url":"https:\/\/solplanet.net\/wp-content\/uploads\/2020\/11\/Solplanet-LinkedInIcon.jpg","contentUrl":"https:\/\/solplanet.net\/wp-content\/uploads\/2020\/11\/Solplanet-LinkedInIcon.jpg","width":500,"height":500,"caption":"Solplanet"},"image":{"@id":"https:\/\/solplanet.net\/de#\/schema\/logo\/image\/"}}]}},"_links":{"self":[{"href":"https:\/\/solplanet.net\/de\/wp-json\/wp\/v2\/pages\/17832"}],"collection":[{"href":"https:\/\/solplanet.net\/de\/wp-json\/wp\/v2\/pages"}],"about":[{"href":"https:\/\/solplanet.net\/de\/wp-json\/wp\/v2\/types\/page"}],"author":[{"embeddable":true,"href":"https:\/\/solplanet.net\/de\/wp-json\/wp\/v2\/users\/5"}],"replies":[{"embeddable":true,"href":"https:\/\/solplanet.net\/de\/wp-json\/wp\/v2\/comments?post=17832"}],"version-history":[{"count":10,"href":"https:\/\/solplanet.net\/de\/wp-json\/wp\/v2\/pages\/17832\/revisions"}],"predecessor-version":[{"id":228903,"href":"https:\/\/solplanet.net\/de\/wp-json\/wp\/v2\/pages\/17832\/revisions\/228903"}],"wp:attachment":[{"href":"https:\/\/solplanet.net\/de\/wp-json\/wp\/v2\/media?parent=17832"}],"curies":[{"name":"wp","href":"https:\/\/api.w.org\/{rel}","templated":true}]}}