{"id":153173,"date":"2024-10-16T16:12:37","date_gmt":"2024-10-16T16:12:37","guid":{"rendered":"https:\/\/solplanet.net\/?page_id=153173"},"modified":"2025-01-14T10:18:04","modified_gmt":"2025-01-14T10:18:04","slug":"https-www-intellicharge-ai-solplanet","status":"publish","type":"page","link":"https:\/\/solplanet.net\/de\/https-www-intellicharge-ai-solplanet","title":{"rendered":"IntelliCharge.AI"},"content":{"rendered":"<div class=\"wrapper   wrapper__spacing-bottom-large--40\" id=\"\">\n\t<div class=\"wrapper__anchor\" id=\"\"><\/div>\n\t\t\t<div class=\"wrapper__container\">\n\t\t\t<div class=\"wrapper__inner wrapper__width-large--12\">\n\t\t\t\t<div class=\"jumbotron block-jumbotron__jumbotron\">\n\n\t<div style=\"background-image:url(https:\/\/solplanet.net\/wp-content\/uploads\/2024\/10\/Solplanet-AiPower-Header.jpg)\" class=\"image-bg jumbotron__image-bg\"><\/div>\n\t<div class=\"jumbotron__mask jumbotron__mask-type--type4\"><\/div>\n\n\t<div class=\"\n\t\t\tjumbotron__content\n\t\t\tjumbotron__content--default\n\t\t\tjumbotron__content--vertical-center\n\t\t\tjumbotron__content--horizontal-left\n\t\t\">\n\t\t<div class=\"jumbotron__content-wrap\">\n\t\t\t<p class=\"paragraph paragraph__color--white paragraph__align--left paragraph__size--default jumbotron__intro\">\n\tEnergieoptimierung mit KI-Unterst\u00fctzung<\/p><h1 class=\"heading heading__align--left heading__color--white heading__size--big jumbotron__heading\">\n\tInnovation der intelligenten Energieoptimierung <\/h1><div class=\"btn__wrap btn__align--left jumbotron__btn\">\n\t\t\t<a href=\"https:\/\/www.intellicharge.ai\/de\/solplanet\" class=\"btn btn__color--white btn__size--default btn__size-width--default \" id=\"\" title=\"Erfahre mehr \u00fcber AIPOWER\" aria-label=\"\" target=\"_blank\" rel=\"noopener noreferrer\">\n\t\t\tErfahre mehr \u00fcber AIPOWER\t\t<\/a>\n\t<\/div>\t\t<\/div>\n\t<\/div>\n\n\t<\/div>\t\t\t<\/div>\n\t\t<\/div>\n\t<\/div>\n\n\n<div class=\"wrapper   wrapper__spacing-bottom-large--40\" id=\"\">\n\t<div class=\"wrapper__anchor\" id=\"\"><\/div>\n\t\t\t<div class=\"wrapper__container wrapper__container-width-large--small wrapper__gutter-large--default wrapper__gutter-tablet--small\">\n\t\t\t<div class=\"wrapper__inner wrapper__width-large--12\">\n\t\t\t\t\n<div class=\"block-group\">\n\t\n<div class=\"wrapper  wrapper__spacing-top-large--50 wrapper__spacing-bottom-large--40\" id=\"\">\n\t<div class=\"wrapper__anchor\" id=\"\"><\/div>\n\t\t\t\n<div class=\"block-heading\">\n\t<h4 class=\"heading heading__align--center heading__color--dove heading__size--medium block-heading__heading\">\n\tSolplanet-Systeme sind mit der intelligenten Steuerungsoption von AIPOWER, IntelliCharge.AI*, ausgestattet, die die Energieoptimierung vollst\u00e4ndig automatisiert.<\/h4>\t<\/div>\n\t<\/div>\n\n<\/div>\n\t\t\t<\/div>\n\t\t<\/div>\n\t<\/div>\n\n\n<div class=\"wrapper   wrapper__spacing-bottom-large--60\" id=\"\">\n\t<div class=\"wrapper__anchor\" id=\"\"><\/div>\n\t\t\t<div class=\"wrapper__container\">\n\t\t\t<div class=\"wrapper__inner wrapper__width-large--12\">\n\t\t\t\t\n<div class=\"block-card-list block-card-list__media-position--right\">\n\n\t\t\t<div class=\"block-card-list__media\">\n\t\t\t<div class=\"block-card-list__media-inner block-card-list__media-inner--bg\">\n\t\t\t\t<img src=\"https:\/\/solplanet.net\/wp-content\/uploads\/2024\/10\/SolplanetAiPower-vertical.jpg\" class=\"image block-card-list__image\" \/>\t\t\t<\/div>\n\t\t<\/div>\n\t\n\t<div class=\"block-card-list__content\">\n\t\t<div class=\"block-card-list__content-inner\">\n\t\t\t\n<div class=\"wrapper   wrapper__spacing-bottom-large--40\" id=\"\">\n\t<div class=\"wrapper__anchor\" id=\"\"><\/div>\n\t\t\t\n<div class=\"block-heading\">\n\t<h2 class=\"heading heading__align--left heading__color--sunsetToDodger heading__size--medium block-heading__heading heading__color--is-gradient\">\n\tWillkommen in der Zukunft, in der wir die Energieoptimierung revolutionieren!<\/h2>\t<\/div>\n\t<\/div>\n\n\n<div class=\"wrapper   wrapper__spacing-bottom-large--130 wrapper__spacing-bottom-tablet--40\" id=\"\">\n\t<div class=\"wrapper__anchor\" id=\"\"><\/div>\n\t\t\t<p class=\"paragraph paragraph__color--dove paragraph__align--left paragraph__size--default block-paragraph__paragraph\">\n\tSolplanet ist der erste Anbieter von IntelliCharge.AI, einer bahnbrechenden KI-L\u00f6sung von AIPOWER, die fortschrittliche k\u00fcnstliche Intelligenz nutzt, um die Energiekosten automatisch zu optimieren.<br><br>Entdecken Sie die Vorteile von IntelliCharge.AI und sehen Sie, wie Sie Ihren Energieverbrauch auf intelligente und umweltfreundliche Weise optimieren k\u00f6nnen.<br><br>IntelliCharge.AI gilt f\u00fcr bestehende Solplanet-Systeme mit Wechselrichter und Batterie. <\/p>\t<\/div>\n\n\n<div class=\"wrapper   wrapper__spacing-bottom-large--40\" id=\"\">\n\t<div class=\"wrapper__anchor\" id=\"\"><\/div>\n\t\t\t<div class=\"btn__wrap btn__align--left block-button__btn\">\n\t\t\t<a href=\"https:\/\/solplanet.net\/de\/handelspartner\" class=\"btn btn__color--alto btn__size--default btn__size-width--default \" id=\"\" title=\"Distributoren\" aria-label=\"\" target=\"_blank\" rel=\"noopener noreferrer\">\n\t\t\tDistributoren\t\t<\/a>\n\t<\/div>\t<\/div>\n\n\n<div class=\"wrapper   wrapper__spacing-bottom-large--40\" id=\"\">\n\t<div class=\"wrapper__anchor\" id=\"\"><\/div>\n\t\t\t<div class=\"btn__wrap btn__align--left block-button__btn\">\n\t\t\t<a href=\"https:\/\/www.intellicharge.ai\/de\/solplanet\" class=\"btn btn__color--alto btn__size--default btn__size-width--default \" id=\"\" title=\"Erfahre mehr \u00fcber AIPOWER\" aria-label=\"\" target=\"_blank\" rel=\"noopener noreferrer\">\n\t\t\tErfahre mehr \u00fcber AIPOWER\t\t<\/a>\n\t<\/div>\t<\/div>\n\n\t\t<\/div>\n\t<\/div>\n<\/div>\n\n\n\t\t\t<\/div>\n\t\t<\/div>\n\t<\/div>\n\n\n<div class=\"wrapper wrapper__bg-color--sand wrapper__spacing-top-large--70 wrapper__spacing-bottom-large--40\" id=\"\">\n\t<div class=\"wrapper__anchor\" id=\"\"><\/div>\n\t\t\t<div class=\"wrapper__container wrapper__container-width-large--small wrapper__gutter-large--default wrapper__gutter-tablet--small\">\n\t\t\t<div class=\"wrapper__inner wrapper__width-large--12\">\n\t\t\t\t\n<div class=\"block-group\">\n\t\n<div class=\"wrapper   wrapper__spacing-bottom-large--40\" id=\"\">\n\t<div class=\"wrapper__anchor\" id=\"\"><\/div>\n\t\t\t\n<div class=\"block-columns js-block-columns block-columns__gutter-large--default block-columns__vertical-spacing-large--big\">\n\t\n\n<div class=\"block-column block-column__width-large--5 block-column__width-tablet--12 block-column__offset-large--1 \">\n\t\n<div class=\"wrapper   wrapper__spacing-bottom-large--10\" id=\"\">\n\t<div class=\"wrapper__anchor\" id=\"\"><\/div>\n\t\t\t<div class=\"card-simple block-card__card-simple\">\n\t\n\t\t\t\t\t<div class=\"card-simple__intro js-card-simple-intro\">\n\t\t\t\t<h2 class=\"heading heading__align--center heading__color--sunsetToDodger heading__size--medium card-simple__heading heading__color--is-gradient\">\n\tIntelligentes Energiemanagement<\/h2>\t\t\t<\/div>\n\t\t\n\t\t\t\t\t<div class=\"card-simple__media js-card-simple-media\">\n\t\t\t\t<img src=\"https:\/\/solplanet.net\/wp-content\/uploads\/2024\/10\/AiPower-Solplanet-Ai.png\" class=\"image card-simple__image\" \/>\t\t\t<\/div>\n\t\t\n\t\t\t\t\t<div class=\"card-simple__outro\">\n\t\t\t\t<p class=\"paragraph paragraph__color--dusty paragraph__align--center paragraph__size--medium card-simple__paragraph\">\n\tIntelliCharge.AI optimiert automatisch die Ladepl\u00e4ne f\u00fcr Haushalte, Unternehmen und industrielle Nutzer. Basierend auf Daten von Energiepreisen, Tarifen, Wetter, Verbrauch und Hardwareinformationen wird der effizienteste Ladeplan f\u00fcr den jeweiligen Bedarf erstellt und umgesetzt.<br><\/p>\t\t\t<\/div>\n\t\t\n\t\t\n\t<\/div>\t<\/div>\n\n<\/div>\n\n\n\n<div class=\"block-column block-column__width-large--5 block-column__width-tablet--12 \">\n\t\n<div class=\"wrapper   wrapper__spacing-bottom-large--10\" id=\"\">\n\t<div class=\"wrapper__anchor\" id=\"\"><\/div>\n\t\t\t<div class=\"card-simple block-card__card-simple\">\n\t\n\t\t\t\t\t<div class=\"card-simple__intro js-card-simple-intro\">\n\t\t\t\t<h2 class=\"heading heading__align--center heading__color--sunsetToDodger heading__size--medium card-simple__heading heading__color--is-gradient\">\n\tFinanzielle<br>Einsparungen<\/h2>\t\t\t<\/div>\n\t\t\n\t\t\t\t\t<div class=\"card-simple__media js-card-simple-media\">\n\t\t\t\t<img src=\"https:\/\/solplanet.net\/wp-content\/uploads\/2024\/10\/Financial-Icon-4.png\" class=\"image card-simple__image\" \/>\t\t\t<\/div>\n\t\t\n\t\t\t\t\t<div class=\"card-simple__outro\">\n\t\t\t\t<p class=\"paragraph paragraph__color--dusty paragraph__align--center paragraph__size--medium card-simple__paragraph\">\n\tMit IntelliCharge.AI wird der An- und Verkauf von Strom automatisch optimiert, so dass die PV-Anlagen mit Speicher effizient genutzt werden. Durch die KI-Optimierung k\u00f6nnen zus\u00e4tzliche 30% der Energiekosten reduziert werden.<\/p>\t\t\t<\/div>\n\t\t\n\t\t\n\t<\/div>\t<\/div>\n\n<\/div>\n\n\n\n<div class=\"block-column block-column__width-large--5 block-column__width-tablet--12 block-column__offset-large--1 \">\n\t\n<div class=\"wrapper   wrapper__spacing-bottom-large--10\" id=\"\">\n\t<div class=\"wrapper__anchor\" id=\"\"><\/div>\n\t\t\t<div class=\"card-simple block-card__card-simple\">\n\t\n\t\t\t\t\t<div class=\"card-simple__intro js-card-simple-intro\">\n\t\t\t\t<h2 class=\"heading heading__align--center heading__color--sunsetToDodger heading__size--medium card-simple__heading heading__color--is-gradient\">\n\tEffizientes Batteriemanagement<\/h2>\t\t\t<\/div>\n\t\t\n\t\t\t\t\t<div class=\"card-simple__media js-card-simple-media\">\n\t\t\t\t<img src=\"https:\/\/solplanet.net\/wp-content\/uploads\/2024\/10\/SolarPanels-2.png\" class=\"image card-simple__image\" \/>\t\t\t<\/div>\n\t\t\n\t\t\t\t\t<div class=\"card-simple__outro\">\n\t\t\t\t<p class=\"paragraph paragraph__color--dusty paragraph__align--center paragraph__size--medium card-simple__paragraph\">\n\tAIPOWER erreicht normalerweise innerhalb<br>von 48 Stunden nach der Einrichtung eine<br>vollautomatische Steuerung und optimiert sich<br>fortlaufend automatisch.<\/p>\t\t\t<\/div>\n\t\t\n\t\t\n\t<\/div>\t<\/div>\n\n<\/div>\n\n\n\n<div class=\"block-column block-column__width-large--5 block-column__width-tablet--12 \">\n\t\n<div class=\"wrapper   wrapper__spacing-bottom-large--10\" id=\"\">\n\t<div class=\"wrapper__anchor\" id=\"\"><\/div>\n\t\t\t<div class=\"card-simple block-card__card-simple\">\n\t\n\t\t\t\t\t<div class=\"card-simple__intro js-card-simple-intro\">\n\t\t\t\t<h2 class=\"heading heading__align--center heading__color--sunsetToDodger heading__size--medium card-simple__heading heading__color--is-gradient\">\n\tBenutzerfreundliches Interface<\/h2>\t\t\t<\/div>\n\t\t\n\t\t\t\t\t<div class=\"card-simple__media js-card-simple-media\">\n\t\t\t\t<img src=\"https:\/\/solplanet.net\/wp-content\/uploads\/2024\/10\/Easy-to-use-2.png\" class=\"image card-simple__image\" \/>\t\t\t<\/div>\n\t\t\n\t\t\t\t\t<div class=\"card-simple__outro\">\n\t\t\t\t<p class=\"paragraph paragraph__color--dusty paragraph__align--center paragraph__size--medium card-simple__paragraph\">\n\tDas benutzerfreundliche Dashboard bietet<br>dem Kunden Zugang zu allen wichtigen Informationen wie Ladepl\u00e4nen, Tarifen und histori-schen Daten. Dar\u00fcber hinaus k\u00f6nnen manuelle<br>Anpassungen vorgenommen werden, um so<br>noch flexibler auf die pers\u00f6nlichen Bed\u00fcrfnisse<br>einzugehen.<\/p>\t\t\t<\/div>\n\t\t\n\t\t\n\t<\/div>\t<\/div>\n\n<\/div>\n\n<\/div>\n\t<\/div>\n\n<\/div>\n\t\t\t<\/div>\n\t\t<\/div>\n\t<\/div>\n\n\n<div class=\"wrapper wrapper__bg-color--coralToRoyal wrapper__spacing-top-large--80 wrapper__spacing-bottom-large--40\" id=\"\">\n\t<div class=\"wrapper__anchor\" id=\"\"><\/div>\n\t\t\t<div class=\"wrapper__container wrapper__container-width-large--small wrapper__gutter-large--default wrapper__gutter-tablet--small\">\n\t\t\t<div class=\"wrapper__inner wrapper__width-large--12\">\n\t\t\t\t\n<div class=\"block-group\">\n\t\n\n<div class=\"block-column block-column__width-large--6 block-column__width-tablet--12 block-column__offset-large--3 \">\n\t\n<div class=\"wrapper   wrapper__spacing-bottom-large--40\" id=\"\">\n\t<div class=\"wrapper__anchor\" id=\"\"><\/div>\n\t\t\t<div class=\"btn__wrap btn__align--left block-button__btn\">\n\t\t\t<a href=\"https:\/\/www.intellicharge.ai\/de\/solplanet\" class=\"btn btn__color--alto btn__size--default btn__size-width--block \" id=\"\" title=\"Erkunde Solplanet mit IntelliCharge.Al\" aria-label=\"\" target=\"_blank\" rel=\"noopener noreferrer\">\n\t\t\tErkunde Solplanet mit IntelliCharge.Al\t\t<\/a>\n\t<\/div>\t<\/div>\n\n<\/div>\n\n<\/div>\n\t\t\t<\/div>\n\t\t<\/div>\n\t<\/div>\n","protected":false},"excerpt":{"rendered":"","protected":false},"author":7,"featured_media":0,"parent":0,"menu_order":0,"comment_status":"closed","ping_status":"closed","template":"","meta":[],"acf":[],"yoast_head":"<!-- This site is optimized with the Yoast SEO plugin v19.7.1 - https:\/\/yoast.com\/wordpress\/plugins\/seo\/ -->\n<title>IntelliCharge.AI | Solplanet<\/title>\n<meta name=\"description\" content=\"The power of the sun is the future of our planet. Solplanet makes solar for everybody. Easy-to-install, reliable and user-friendly inverters.\" \/>\n<meta name=\"robots\" content=\"index, follow, max-snippet:-1, max-image-preview:large, max-video-preview:-1\" \/>\n<link rel=\"canonical\" href=\"https:\/\/solplanet.net\/de\/https-www-intellicharge-ai-solplanet\" \/>\n<meta property=\"og:locale\" content=\"de_DE\" \/>\n<meta property=\"og:type\" content=\"article\" \/>\n<meta property=\"og:title\" content=\"IntelliCharge.AI | Solplanet\" \/>\n<meta property=\"og:description\" content=\"The power of the sun is the future of our planet. Solplanet makes solar for everybody. Easy-to-install, reliable and user-friendly inverters.\" \/>\n<meta property=\"og:url\" content=\"https:\/\/solplanet.net\/de\/https-www-intellicharge-ai-solplanet\" \/>\n<meta property=\"og:site_name\" content=\"Solplanet\" \/>\n<meta property=\"article:modified_time\" content=\"2025-01-14T10:18:04+00:00\" \/>\n<meta name=\"twitter:card\" content=\"summary_large_image\" \/>\n<script type=\"application\/ld+json\" class=\"yoast-schema-graph\">{\"@context\":\"https:\/\/schema.org\",\"@graph\":[{\"@type\":\"WebPage\",\"@id\":\"https:\/\/solplanet.net\/de\/https-www-intellicharge-ai-solplanet\",\"url\":\"https:\/\/solplanet.net\/de\/https-www-intellicharge-ai-solplanet\",\"name\":\"IntelliCharge.AI | Solplanet\",\"isPartOf\":{\"@id\":\"https:\/\/solplanet.net\/de#website\"},\"datePublished\":\"2024-10-16T16:12:37+00:00\",\"dateModified\":\"2025-01-14T10:18:04+00:00\",\"description\":\"The power of the sun is the future of our planet. Solplanet makes solar for everybody. Easy-to-install, reliable and user-friendly inverters.\",\"breadcrumb\":{\"@id\":\"https:\/\/solplanet.net\/de\/https-www-intellicharge-ai-solplanet#breadcrumb\"},\"inLanguage\":\"de-DE\",\"potentialAction\":[{\"@type\":\"ReadAction\",\"target\":[\"https:\/\/solplanet.net\/de\/https-www-intellicharge-ai-solplanet\"]}]},{\"@type\":\"BreadcrumbList\",\"@id\":\"https:\/\/solplanet.net\/de\/https-www-intellicharge-ai-solplanet#breadcrumb\",\"itemListElement\":[{\"@type\":\"ListItem\",\"position\":1,\"name\":\"Home\",\"item\":\"https:\/\/solplanet.net\/de\"},{\"@type\":\"ListItem\",\"position\":2,\"name\":\"IntelliCharge.AI\"}]},{\"@type\":\"WebSite\",\"@id\":\"https:\/\/solplanet.net\/de#website\",\"url\":\"https:\/\/solplanet.net\/de\",\"name\":\"Solplanet\",\"description\":\"Solar for everybody\",\"publisher\":{\"@id\":\"https:\/\/solplanet.net\/de#organization\"},\"potentialAction\":[{\"@type\":\"SearchAction\",\"target\":{\"@type\":\"EntryPoint\",\"urlTemplate\":\"https:\/\/solplanet.net\/de?s={search_term_string}\"},\"query-input\":\"required name=search_term_string\"}],\"inLanguage\":\"de-DE\"},{\"@type\":\"Organization\",\"@id\":\"https:\/\/solplanet.net\/de#organization\",\"name\":\"Solplanet\",\"url\":\"https:\/\/solplanet.net\/de\",\"sameAs\":[],\"logo\":{\"@type\":\"ImageObject\",\"inLanguage\":\"de-DE\",\"@id\":\"https:\/\/solplanet.net\/de#\/schema\/logo\/image\/\",\"url\":\"https:\/\/solplanet.net\/wp-content\/uploads\/2020\/11\/Solplanet-LinkedInIcon.jpg\",\"contentUrl\":\"https:\/\/solplanet.net\/wp-content\/uploads\/2020\/11\/Solplanet-LinkedInIcon.jpg\",\"width\":500,\"height\":500,\"caption\":\"Solplanet\"},\"image\":{\"@id\":\"https:\/\/solplanet.net\/de#\/schema\/logo\/image\/\"}}]}<\/script>\n<!-- \/ Yoast SEO plugin. -->","yoast_head_json":{"title":"IntelliCharge.AI | Solplanet","description":"The power of the sun is the future of our planet. Solplanet makes solar for everybody. Easy-to-install, reliable and user-friendly inverters.","robots":{"index":"index","follow":"follow","max-snippet":"max-snippet:-1","max-image-preview":"max-image-preview:large","max-video-preview":"max-video-preview:-1"},"canonical":"https:\/\/solplanet.net\/de\/https-www-intellicharge-ai-solplanet","og_locale":"de_DE","og_type":"article","og_title":"IntelliCharge.AI | Solplanet","og_description":"The power of the sun is the future of our planet. Solplanet makes solar for everybody. Easy-to-install, reliable and user-friendly inverters.","og_url":"https:\/\/solplanet.net\/de\/https-www-intellicharge-ai-solplanet","og_site_name":"Solplanet","article_modified_time":"2025-01-14T10:18:04+00:00","twitter_card":"summary_large_image","schema":{"@context":"https:\/\/schema.org","@graph":[{"@type":"WebPage","@id":"https:\/\/solplanet.net\/de\/https-www-intellicharge-ai-solplanet","url":"https:\/\/solplanet.net\/de\/https-www-intellicharge-ai-solplanet","name":"IntelliCharge.AI | Solplanet","isPartOf":{"@id":"https:\/\/solplanet.net\/de#website"},"datePublished":"2024-10-16T16:12:37+00:00","dateModified":"2025-01-14T10:18:04+00:00","description":"The power of the sun is the future of our planet. Solplanet makes solar for everybody. Easy-to-install, reliable and user-friendly inverters.","breadcrumb":{"@id":"https:\/\/solplanet.net\/de\/https-www-intellicharge-ai-solplanet#breadcrumb"},"inLanguage":"de-DE","potentialAction":[{"@type":"ReadAction","target":["https:\/\/solplanet.net\/de\/https-www-intellicharge-ai-solplanet"]}]},{"@type":"BreadcrumbList","@id":"https:\/\/solplanet.net\/de\/https-www-intellicharge-ai-solplanet#breadcrumb","itemListElement":[{"@type":"ListItem","position":1,"name":"Home","item":"https:\/\/solplanet.net\/de"},{"@type":"ListItem","position":2,"name":"IntelliCharge.AI"}]},{"@type":"WebSite","@id":"https:\/\/solplanet.net\/de#website","url":"https:\/\/solplanet.net\/de","name":"Solplanet","description":"Solar for everybody","publisher":{"@id":"https:\/\/solplanet.net\/de#organization"},"potentialAction":[{"@type":"SearchAction","target":{"@type":"EntryPoint","urlTemplate":"https:\/\/solplanet.net\/de?s={search_term_string}"},"query-input":"required name=search_term_string"}],"inLanguage":"de-DE"},{"@type":"Organization","@id":"https:\/\/solplanet.net\/de#organization","name":"Solplanet","url":"https:\/\/solplanet.net\/de","sameAs":[],"logo":{"@type":"ImageObject","inLanguage":"de-DE","@id":"https:\/\/solplanet.net\/de#\/schema\/logo\/image\/","url":"https:\/\/solplanet.net\/wp-content\/uploads\/2020\/11\/Solplanet-LinkedInIcon.jpg","contentUrl":"https:\/\/solplanet.net\/wp-content\/uploads\/2020\/11\/Solplanet-LinkedInIcon.jpg","width":500,"height":500,"caption":"Solplanet"},"image":{"@id":"https:\/\/solplanet.net\/de#\/schema\/logo\/image\/"}}]}},"_links":{"self":[{"href":"https:\/\/solplanet.net\/de\/wp-json\/wp\/v2\/pages\/153173"}],"collection":[{"href":"https:\/\/solplanet.net\/de\/wp-json\/wp\/v2\/pages"}],"about":[{"href":"https:\/\/solplanet.net\/de\/wp-json\/wp\/v2\/types\/page"}],"author":[{"embeddable":true,"href":"https:\/\/solplanet.net\/de\/wp-json\/wp\/v2\/users\/7"}],"replies":[{"embeddable":true,"href":"https:\/\/solplanet.net\/de\/wp-json\/wp\/v2\/comments?post=153173"}],"version-history":[{"count":11,"href":"https:\/\/solplanet.net\/de\/wp-json\/wp\/v2\/pages\/153173\/revisions"}],"predecessor-version":[{"id":184749,"href":"https:\/\/solplanet.net\/de\/wp-json\/wp\/v2\/pages\/153173\/revisions\/184749"}],"wp:attachment":[{"href":"https:\/\/solplanet.net\/de\/wp-json\/wp\/v2\/media?parent=153173"}],"curies":[{"name":"wp","href":"https:\/\/api.w.org\/{rel}","templated":true}]}}