{"id":102914,"date":"2020-09-15T11:54:07","date_gmt":"2020-09-15T11:54:07","guid":{"rendered":"https:\/\/solplanet.net\/nuestra-empresa\/"},"modified":"2024-01-29T12:31:29","modified_gmt":"2024-01-29T12:31:29","slug":"nuestra-empresa","status":"publish","type":"page","link":"https:\/\/solplanet.net\/cl\/nuestra-empresa","title":{"rendered":"Nuestra empresa"},"content":{"rendered":"<div class=\"wrapper   wrapper__spacing-bottom-large--0\" id=\"\">\n\t<div class=\"wrapper__anchor\" id=\"\"><\/div>\n\t\t\t<div class=\"wrapper__container\">\n\t\t\t<div class=\"wrapper__inner wrapper__width-large--12\">\n\t\t\t\t<div class=\"jumbotron block-jumbotron__jumbotron\">\n\n\t<div style=\"background-image:url(https:\/\/solplanet.net\/wp-content\/uploads\/2020\/09\/jumbotron3.jpg)\" class=\"image-bg jumbotron__image-bg\"><\/div>\n\t<div class=\"jumbotron__mask jumbotron__mask-type--\"><\/div>\n\n\t<div class=\"\n\t\t\tjumbotron__content\n\t\t\tjumbotron__content--default\n\t\t\tjumbotron__content--vertical-center\n\t\t\tjumbotron__content--horizontal-left\n\t\t\">\n\t\t<div class=\"jumbotron__content-wrap\">\n\t\t\t<h1 class=\"heading heading__align--left heading__color--white heading__size--big jumbotron__heading\">\n\tLa energ\u00eda del sol es el futuro de nuestro planeta<\/h1><p class=\"paragraph paragraph__color--white paragraph__align--left paragraph__size--big jumbotron__paragraph\">\n\tPuede confiar en Solplanet<\/p>\t\t<\/div>\n\t<\/div>\n\n\t<\/div>\t\t\t<\/div>\n\t\t<\/div>\n\t<\/div>\n\n\n<div class=\"wrapper  wrapper__spacing-top-large--120 wrapper__spacing-top-tablet--80 wrapper__spacing-bottom-large--110 wrapper__spacing-bottom-tablet--80\" id=\"\">\n\t<div class=\"wrapper__anchor\" id=\"\"><\/div>\n\t\t\t<div class=\"wrapper__container wrapper__container-width-large--small wrapper__gutter-large--default wrapper__gutter-tablet--small\">\n\t\t\t<div class=\"wrapper__inner wrapper__width-large--12\">\n\t\t\t\t\n<div class=\"block-group\">\n\t\n<div class=\"wrapper   wrapper__spacing-bottom-large--20\" id=\"\">\n\t<div class=\"wrapper__anchor\" id=\"\"><\/div>\n\t\t\t<p class=\"paragraph paragraph__color--dove paragraph__align--left paragraph__size--small block-paragraph__paragraph\">\n\tNUESTRA EMPRESA<\/p>\t<\/div>\n\n\n<div class=\"wrapper   wrapper__spacing-bottom-large--20\" id=\"\">\n\t<div class=\"wrapper__anchor\" id=\"\"><\/div>\n\t\t\t\n<div class=\"block-heading\">\n\t<h2 class=\"heading heading__align--left heading__color--shaft heading__size--default block-heading__heading\">\n\tPuede confiar en Solplanet<\/h2>\t<\/div>\n\t<\/div>\n\n\n<div class=\"wrapper   wrapper__spacing-bottom-large--0 wrapper__spacing-bottom-tablet--0\" id=\"\">\n\t<div class=\"wrapper__anchor\" id=\"\"><\/div>\n\t\t\t<p class=\"paragraph paragraph__color--dove paragraph__align--left paragraph__size--default block-paragraph__paragraph\">\n\tEn Solplanet nos inspira una idea sencilla: energ\u00eda solar para todos. Nos esforzamos por crear la mejor experiencia posible para distribuidores, instaladores y usuarios finales. Ese es el motivo por el que nuestros productos son fiables y f\u00e1ciles de instalar y usar.<br><br>Los inversores fotovoltaicos Solplanet est\u00e1n fabricados con la m\u00e1s alta calidad exigida por est\u00e1ndares internacionales. Por ello estamos seguros de que podremos responder a sus necesidades.<br><br>Solplanet es una marca de AISWEI, una empresa que lleva fabricando inversores desde el a\u00f1o 2009. AISWEI, anteriormente una subsidiaria china de SMA, tiene a sus espaldas una trayectoria de \u00e9xito como fabricante de productos fiables y de alta calidad para reconocidas marcas como SMA y Zeversolar.<br><br>En la actualidad, AISWEI es una empresa independiente dedicada a la investigaci\u00f3n, el desarrollo y la fabricaci\u00f3n. Despu\u00e9s de su reciente restructuraci\u00f3n de capital, AISWEI se encuentra en una posici\u00f3n financiera especialmente s\u00f3lida dentro del sector.<br><\/p>\t<\/div>\n\n<\/div>\n\t\t\t<\/div>\n\t\t<\/div>\n\t<\/div>\n\n\n<div class=\"wrapper   wrapper__spacing-bottom-large--0  wrapper__divider-top-large\" id=\"\">\n\t<div class=\"wrapper__anchor\" id=\"\"><\/div>\n\t\t\t<div class=\"wrapper__container  wrapper__gutter-large--none\">\n\t\t\t<div class=\"wrapper__inner wrapper__width-large--12\">\n\t\t\t\t\n<div class=\"block-card-list block-card-list__media-position--left\">\n\n\t\t\t<div class=\"block-card-list__media\">\n\t\t\t<div class=\"block-card-list__media-inner\">\n\t\t\t\t<div style=\"background-image:url(https:\/\/solplanet.net\/wp-content\/uploads\/2020\/11\/julentto-photography-Yr1SCCRJXIY-unsplash-HI.jpg)\" class=\"image-bg block-card-list__image-bg\"><\/div>\t\t\t<\/div>\n\t\t<\/div>\n\t\n\t<div class=\"block-card-list__content\">\n\t\t<div class=\"block-card-list__content-inner\">\n\t\t\t\n<div class=\"wrapper   wrapper__spacing-bottom-large--40\" id=\"\">\n\t<div class=\"wrapper__anchor\" id=\"\"><\/div>\n\t\t\t\n<div class=\"block-heading\">\n\t<h2 class=\"heading heading__align--left heading__color--sunsetToDodger heading__size--default block-heading__heading heading__color--is-gradient\">\n\tSolar for Everybody<\/h2>\t<\/div>\n\t<\/div>\n\n\n<div class=\"wrapper   wrapper__spacing-bottom-large--200 wrapper__spacing-bottom-mobile--50\" id=\"\">\n\t<div class=\"wrapper__anchor\" id=\"\"><\/div>\n\t\t\t<p class=\"paragraph paragraph__color--dove paragraph__align--left paragraph__size--default block-paragraph__paragraph\">\n\tEl sol es una fuente de energ\u00eda limpia y sostenible. La energ\u00eda solar es adecuada para todo el mundo y en Solplanet estamos trabajando al m\u00e1ximo para que esto sea una realidad.<\/p>\t<\/div>\n\n\t\t<\/div>\n\t<\/div>\n<\/div>\n\n\n\t\t\t<\/div>\n\t\t<\/div>\n\t<\/div>\n\n\n<div class=\"wrapper   wrapper__spacing-bottom-large--0\" id=\"\">\n\t<div class=\"wrapper__anchor\" id=\"\"><\/div>\n\t\t\t<div class=\"wrapper__container\">\n\t\t\t<div class=\"wrapper__inner wrapper__width-large--12\">\n\t\t\t\t<div class=\"jumbotron block-jumbotron__jumbotron\">\n\n\t<div style=\"background-image:url(https:\/\/solplanet.net\/wp-content\/uploads\/2020\/11\/CEO-video.png)\" class=\"image-bg jumbotron__image-bg\"><\/div>\n\t<div class=\"jumbotron__mask jumbotron__mask-type--type1\"><\/div>\n\n\t<div class=\"\n\t\t\tjumbotron__content\n\t\t\tjumbotron__content--default\n\t\t\tjumbotron__content--vertical-center\n\t\t\tjumbotron__content--horizontal-center\n\t\t\">\n\t\t<div class=\"jumbotron__content-wrap\">\n\t\t\t<h1 class=\"heading heading__align--left heading__color--white heading__size--default jumbotron__heading\">\n\tConozca al CEO de Solplanet en SNEC 2020<\/h1><button class=\"video-button jumbotron__video-button\" role=\"button\" data-micromodal-trigger=\"block-jumbotron-177620304169deb5218b15c\" aria-label=\"Reproducir v\u00eddeo\">\n\t<svg class='video-button__icon' width='106' height='106' xmlns='http:\/\/www.w3.org\/2000\/svg'><g stroke='#FFF' fill='none' fill-rule='evenodd'><circle cx='53' cy='53' r='52' \/><path d='M78.764 53L40 72.382V33.618L78.764 53z' \/><\/g><\/svg><\/button>\t\t<\/div>\n\t<\/div>\n\n\t<div id=\"block-jumbotron-177620304169deb5218b15c\" class=\"modal js-modal\" aria-hidden=\"true\">\n\n\t<div class=\"modal__overlay\" data-micromodal-close>\n\n\t\t<div class=\"modal__dialog\" role=\"dialog\" aria-label=\"\">\n\n\t\t\t<header class=\"modal__header\">\n\t\t\t\t<div class=\"btn__wrap btn__align--left modal__btn\">\n\t\t\t<a href=\"#\" class=\"btn btn__color--alto btn__size--big btn__size-width--default \" id=\"\" title=\"Cerrar\" aria-label=\"Cerrar modal\" data-micromodal-close=\"true\">\n\t\t\tCerrar\t\t<\/a>\n\t<\/div>\t\t\t<\/header>\n\n\t\t\t<section class=\"modal__content\" id=\"block-jumbotron-177620304169deb5218b15c-content\">\n\t\t\t\t<div class=\"video-iframe video-iframe__video-ratio--default jumbotron__video-iframe\">\n\t<iframe class=\"video-iframe__iframe\" src=\"https:\/\/www.youtube-nocookie.com\/embed\/l1y-Zj4kPFY?enablejsapi=1\" frameBorder=\"0\" allow=\"autoplay; fullscreen\" allowFullScreen><\/iframe>\n<\/div>\t\t\t<\/section>\n\n\t\t<\/div>\n\t<\/div>\n<\/div><\/div>\t\t\t<\/div>\n\t\t<\/div>\n\t<\/div>\n\n\n<div class=\"wrapper   wrapper__spacing-bottom-large--0  wrapper__divider-top-large wrapper__divider-bottom-large\" id=\"\">\n\t<div class=\"wrapper__anchor\" id=\"\"><\/div>\n\t\t\t<div class=\"wrapper__container  wrapper__gutter-large--none\">\n\t\t\t<div class=\"wrapper__inner wrapper__width-large--12\">\n\t\t\t\t\n<div class=\"block-card-list block-card-list__media-position--right\">\n\n\t\t\t<div class=\"block-card-list__media\">\n\t\t\t<div class=\"block-card-list__media-inner\">\n\t\t\t\t<div style=\"background-image:url(https:\/\/solplanet.net\/wp-content\/uploads\/2020\/11\/installer-less-res-2-e1607089348684.png)\" class=\"image-bg block-card-list__image-bg\"><\/div>\t\t\t<\/div>\n\t\t<\/div>\n\t\n\t<div class=\"block-card-list__content\">\n\t\t<div class=\"block-card-list__content-inner\">\n\t\t\t\n<div class=\"wrapper   wrapper__spacing-bottom-large--40\" id=\"\">\n\t<div class=\"wrapper__anchor\" id=\"\"><\/div>\n\t\t\t\n<div class=\"block-heading\">\n\t<h2 class=\"heading heading__align--left heading__color--shaft heading__size--default block-heading__heading\">\n\tSolplanet facilita las cosas<\/h2>\t<\/div>\n\t<\/div>\n\n\n<div class=\"wrapper   wrapper__spacing-bottom-large--200 wrapper__spacing-bottom-tablet--40\" id=\"\">\n\t<div class=\"wrapper__anchor\" id=\"\"><\/div>\n\t\t\t<p class=\"paragraph paragraph__color--dove paragraph__align--left paragraph__size--default block-paragraph__paragraph\">\n\tLos productos de Solplanet son fiables y f\u00e1ciles de instalar y usar. Seguimos haciendo que nuestros productos y aplicaciones sean r\u00e1pidos y f\u00e1ciles de instalar, ofreciendo un rendimiento fiable y duradero y un uso sencillo para que el cliente pueda disfrutar de la mejor experiencia posible. Solplanet facilita las cosas.<\/p>\t<\/div>\n\n\t\t<\/div>\n\t<\/div>\n<\/div>\n\n\n\t\t\t<\/div>\n\t\t<\/div>\n\t<\/div>\n\n\n<div class=\"wrapper  wrapper__spacing-top-large--110 wrapper__spacing-bottom-large--40\" id=\"\">\n\t<div class=\"wrapper__anchor\" id=\"news\"><\/div>\n\t\t\t<div class=\"wrapper__container wrapper__container-width-large--small wrapper__gutter-large--default wrapper__gutter-tablet--small\">\n\t\t\t<div class=\"wrapper__inner wrapper__width-large--10 wrapper__width-tablet--12 wrapper__offset-large--1 wrapper__offset-tablet--0\">\n\t\t\t\t\n<div class=\"block-group\">\n\t\n<div class=\"wrapper   wrapper__spacing-bottom-large--40\" id=\"\">\n\t<div class=\"wrapper__anchor\" id=\"\"><\/div>\n\t\t\t\n<div class=\"block-heading\">\n\t<h2 class=\"heading heading__align--center heading__color--sunsetToDodger heading__size--default block-heading__heading heading__color--is-gradient\">\n\tNoticias<\/h2>\t<\/div>\n\t<\/div>\n\n\n<div class=\"wrapper   wrapper__spacing-bottom-large--40\" id=\"\">\n\t<div class=\"wrapper__anchor\" id=\"\"><\/div>\n\t\t\t\n\n<div class=\"block-featured-categories-posts js-block-featured-categories-posts block-featured-categories-posts__hide-dividers\" data-items-per-line=\"1\">\n\n\t<div class=\"block-featured-categories-posts__wrapper\">\n\n\t\t\n\t<\/div>\n\n\t<\/div>\n\t<\/div>\n\n\n<div class=\"wrapper   wrapper__spacing-bottom-large--40\" id=\"\">\n\t<div class=\"wrapper__anchor\" id=\"\"><\/div>\n\t\t\t\n<div class=\"block-featured-posts\">\n\t<\/div>\n\t<\/div>\n\n\n<div class=\"wrapper   wrapper__spacing-bottom-large--40\" id=\"\">\n\t<div class=\"wrapper__anchor\" id=\"\"><\/div>\n\t\t\t<div class=\"btn__wrap btn__align--left block-button__btn\">\n\t\t\t<a href=\"\/cl\/news\/\" class=\"btn btn__color--alto btn__size--default btn__size-width--default \" id=\"\" title=\"Vea nuestro archivo de noticias\" aria-label=\"\">\n\t\t\tVea nuestro archivo de noticias\t\t<\/a>\n\t<\/div>\t<\/div>\n\n<\/div>\n\t\t\t<\/div>\n\t\t<\/div>\n\t<\/div>\n\n\n<div class=\"wrapper   wrapper__spacing-bottom-large--0  wrapper__divider-top-large\" id=\"\">\n\t<div class=\"wrapper__anchor\" id=\"\"><\/div>\n\t\t\t<div class=\"wrapper__container wrapper__container-width-large--default\">\n\t\t\t<div class=\"wrapper__inner wrapper__width-large--12\">\n\t\t\t\t\n<div class=\"block-cards-grid js-block-cards-grid\" data-items-per-line=3>\n\t\n<div class=\"card-simple block-card__card-simple\">\n\t\n\t\t\t\t\t<div class=\"card-simple__intro js-card-simple-intro\">\n\t\t\t\t<h2 class=\"heading heading__align--center heading__color--dove heading__size--small card-simple__heading\">\n\tProductos<\/h2>\t\t\t<\/div>\n\t\t\n\t\t\t\t\t<div class=\"card-simple__media js-card-simple-media\">\n\t\t\t\t<img src=\"https:\/\/solplanet.net\/wp-content\/uploads\/2020\/09\/Inverter-products.svg\" class=\"image card-simple__image\" \/>\t\t\t<\/div>\n\t\t\n\t\t\t\t\t<div class=\"card-simple__outro card-simple__outro--has-button\">\n\t\t\t\t<div class=\"btn__wrap btn__align--center card-simple__btn\">\n\t\t\t<a href=\"\/cl\/productos\/\" class=\"btn btn__color--alto btn__size--default btn__size-width--default     gtm_discover_our_products \" id=\"\" title=\"Descubra nuestros productos\" aria-label=\"\">\n\t\t\tDescubra nuestros productos\t\t<\/a>\n\t<\/div><p class=\"paragraph paragraph__color--dusty paragraph__align--center paragraph__size--small card-simple__paragraph\">\n\tProductos en los que puede confiar: <br>Fiables y f\u00e1ciles de instalar y usar<\/p>\t\t\t<\/div>\n\t\t\n\t\t\n\t<\/div>\n\n<div class=\"card-simple block-card__card-simple\">\n\t\n\t\t\t\t\t<div class=\"card-simple__intro js-card-simple-intro\">\n\t\t\t\t<h2 class=\"heading heading__align--center heading__color--dove heading__size--small card-simple__heading\">\n\tFolleto de productos<\/h2>\t\t\t<\/div>\n\t\t\n\t\t\t\t\t<div class=\"card-simple__media js-card-simple-media\">\n\t\t\t\t<img src=\"https:\/\/solplanet.net\/wp-content\/uploads\/2020\/11\/downloads-more-hight-white-background-3.png\" class=\"image card-simple__image\" \/>\t\t\t<\/div>\n\t\t\n\t\t\t\t\t<div class=\"card-simple__outro card-simple__outro--has-button\">\n\t\t\t\t<div class=\"btn__wrap btn__align--center card-simple__btn\">\n\t\t\t<a href=\"https:\/\/solplanet.net\/wp-content\/uploads\/2020\/10\/20201026-Solplanet-Brochure.pdf\" class=\"btn btn__color--alto btn__size--default btn__size-width--default     gtm_download_our_brochure \" id=\"\" title=\"Descargue nuestro folleto\" aria-label=\"\" target=\"_blank\" rel=\"noopener noreferrer\">\n\t\t\tDescargue nuestro folleto\t\t<\/a>\n\t<\/div><p class=\"paragraph paragraph__color--dusty paragraph__align--center paragraph__size--small card-simple__paragraph\">\n\tToda la informaci\u00f3n que necesita sobre Solplanet y nuestros productos en un documento<\/p>\t\t\t<\/div>\n\t\t\n\t\t\n\t<\/div>\n\n<div class=\"card-simple block-card__card-simple\">\n\t\n\t\t\t\t\t<div class=\"card-simple__intro js-card-simple-intro\">\n\t\t\t\t<h2 class=\"heading heading__align--center heading__color--dove heading__size--small card-simple__heading\">\n\t\u00c1rea para instaladores<\/h2>\t\t\t<\/div>\n\t\t\n\t\t\t\t\t<div class=\"card-simple__media js-card-simple-media\">\n\t\t\t\t<img src=\"https:\/\/solplanet.net\/wp-content\/uploads\/2020\/09\/Professional-Area-Icon-Dark-Gray-Copy.svg\" class=\"image card-simple__image\" \/>\t\t\t<\/div>\n\t\t\n\t\t\t\t\t<div class=\"card-simple__outro card-simple__outro--has-button\">\n\t\t\t\t<div class=\"btn__wrap btn__align--center card-simple__btn\">\n\t\t\t<a href=\"\/cl\/el-area-para-instaladores\/\" class=\"btn btn__color--alto btn__size--default btn__size-width--default     gtm_visit_installer_area \" id=\"\" title=\"Visite el \u00e1rea para instaladores\" aria-label=\"\">\n\t\t\tVisite el \u00e1rea para instaladores\t\t<\/a>\n\t<\/div><p class=\"paragraph paragraph__color--dusty paragraph__align--center paragraph__size--small card-simple__paragraph\">\n\tAcceda de una manera r\u00e1pida y sencilla <br>a toda la informaci\u00f3n que necesita<\/p>\t\t\t<\/div>\n\t\t\n\t\t\n\t<\/div>\n<\/div>\n\t\t\t<\/div>\n\t\t<\/div>\n\t<\/div>\n","protected":false},"excerpt":{"rendered":"","protected":false},"author":5,"featured_media":0,"parent":0,"menu_order":0,"comment_status":"closed","ping_status":"closed","template":"","meta":[],"acf":[],"yoast_head":"<!-- This site is optimized with the Yoast SEO plugin v19.7.1 - https:\/\/yoast.com\/wordpress\/plugins\/seo\/ -->\n<title>Nuestra empresa | Solplanet<\/title>\n<meta name=\"description\" content=\"The power of the sun is the future of our planet. Solplanet makes solar for everybody. Easy-to-install, reliable and user-friendly inverters.\" \/>\n<meta name=\"robots\" content=\"index, follow, max-snippet:-1, max-image-preview:large, max-video-preview:-1\" \/>\n<link rel=\"canonical\" href=\"https:\/\/solplanet.net\/cl\/nuestra-empresa\" \/>\n<meta property=\"og:locale\" content=\"en_US\" \/>\n<meta property=\"og:type\" content=\"article\" \/>\n<meta property=\"og:title\" content=\"Nuestra empresa | Solplanet\" \/>\n<meta property=\"og:description\" content=\"The power of the sun is the future of our planet. Solplanet makes solar for everybody. Easy-to-install, reliable and user-friendly inverters.\" \/>\n<meta property=\"og:url\" content=\"https:\/\/solplanet.net\/cl\/nuestra-empresa\" \/>\n<meta property=\"og:site_name\" content=\"Solplanet\" \/>\n<meta property=\"article:modified_time\" content=\"2024-01-29T12:31:29+00:00\" \/>\n<meta name=\"twitter:card\" content=\"summary_large_image\" \/>\n<script type=\"application\/ld+json\" class=\"yoast-schema-graph\">{\"@context\":\"https:\/\/schema.org\",\"@graph\":[{\"@type\":\"WebPage\",\"@id\":\"https:\/\/solplanet.net\/cl\/nuestra-empresa\",\"url\":\"https:\/\/solplanet.net\/cl\/nuestra-empresa\",\"name\":\"Nuestra empresa | Solplanet\",\"isPartOf\":{\"@id\":\"https:\/\/solplanet.net\/cl#website\"},\"datePublished\":\"2020-09-15T11:54:07+00:00\",\"dateModified\":\"2024-01-29T12:31:29+00:00\",\"description\":\"The power of the sun is the future of our planet. Solplanet makes solar for everybody. Easy-to-install, reliable and user-friendly inverters.\",\"breadcrumb\":{\"@id\":\"https:\/\/solplanet.net\/cl\/nuestra-empresa#breadcrumb\"},\"inLanguage\":\"cl-CL\",\"potentialAction\":[{\"@type\":\"ReadAction\",\"target\":[\"https:\/\/solplanet.net\/cl\/nuestra-empresa\"]}]},{\"@type\":\"BreadcrumbList\",\"@id\":\"https:\/\/solplanet.net\/cl\/nuestra-empresa#breadcrumb\",\"itemListElement\":[{\"@type\":\"ListItem\",\"position\":1,\"name\":\"Home\",\"item\":\"https:\/\/solplanet.net\/cl\"},{\"@type\":\"ListItem\",\"position\":2,\"name\":\"Nuestra empresa\"}]},{\"@type\":\"WebSite\",\"@id\":\"https:\/\/solplanet.net\/cl#website\",\"url\":\"https:\/\/solplanet.net\/cl\",\"name\":\"Solplanet\",\"description\":\"Solar for everybody\",\"publisher\":{\"@id\":\"https:\/\/solplanet.net\/cl#organization\"},\"potentialAction\":[{\"@type\":\"SearchAction\",\"target\":{\"@type\":\"EntryPoint\",\"urlTemplate\":\"https:\/\/solplanet.net\/cl?s={search_term_string}\"},\"query-input\":\"required name=search_term_string\"}],\"inLanguage\":\"cl-CL\"},{\"@type\":\"Organization\",\"@id\":\"https:\/\/solplanet.net\/cl#organization\",\"name\":\"Solplanet\",\"url\":\"https:\/\/solplanet.net\/cl\",\"sameAs\":[],\"logo\":{\"@type\":\"ImageObject\",\"inLanguage\":\"cl-CL\",\"@id\":\"https:\/\/solplanet.net\/cl#\/schema\/logo\/image\/\",\"url\":\"https:\/\/solplanet.net\/wp-content\/uploads\/2020\/11\/Solplanet-LinkedInIcon.jpg\",\"contentUrl\":\"https:\/\/solplanet.net\/wp-content\/uploads\/2020\/11\/Solplanet-LinkedInIcon.jpg\",\"width\":500,\"height\":500,\"caption\":\"Solplanet\"},\"image\":{\"@id\":\"https:\/\/solplanet.net\/cl#\/schema\/logo\/image\/\"}}]}<\/script>\n<!-- \/ Yoast SEO plugin. -->","yoast_head_json":{"title":"Nuestra empresa | Solplanet","description":"The power of the sun is the future of our planet. Solplanet makes solar for everybody. Easy-to-install, reliable and user-friendly inverters.","robots":{"index":"index","follow":"follow","max-snippet":"max-snippet:-1","max-image-preview":"max-image-preview:large","max-video-preview":"max-video-preview:-1"},"canonical":"https:\/\/solplanet.net\/cl\/nuestra-empresa","og_locale":"en_US","og_type":"article","og_title":"Nuestra empresa | Solplanet","og_description":"The power of the sun is the future of our planet. Solplanet makes solar for everybody. Easy-to-install, reliable and user-friendly inverters.","og_url":"https:\/\/solplanet.net\/cl\/nuestra-empresa","og_site_name":"Solplanet","article_modified_time":"2024-01-29T12:31:29+00:00","twitter_card":"summary_large_image","schema":{"@context":"https:\/\/schema.org","@graph":[{"@type":"WebPage","@id":"https:\/\/solplanet.net\/cl\/nuestra-empresa","url":"https:\/\/solplanet.net\/cl\/nuestra-empresa","name":"Nuestra empresa | Solplanet","isPartOf":{"@id":"https:\/\/solplanet.net\/cl#website"},"datePublished":"2020-09-15T11:54:07+00:00","dateModified":"2024-01-29T12:31:29+00:00","description":"The power of the sun is the future of our planet. Solplanet makes solar for everybody. Easy-to-install, reliable and user-friendly inverters.","breadcrumb":{"@id":"https:\/\/solplanet.net\/cl\/nuestra-empresa#breadcrumb"},"inLanguage":"cl-CL","potentialAction":[{"@type":"ReadAction","target":["https:\/\/solplanet.net\/cl\/nuestra-empresa"]}]},{"@type":"BreadcrumbList","@id":"https:\/\/solplanet.net\/cl\/nuestra-empresa#breadcrumb","itemListElement":[{"@type":"ListItem","position":1,"name":"Home","item":"https:\/\/solplanet.net\/cl"},{"@type":"ListItem","position":2,"name":"Nuestra empresa"}]},{"@type":"WebSite","@id":"https:\/\/solplanet.net\/cl#website","url":"https:\/\/solplanet.net\/cl","name":"Solplanet","description":"Solar for everybody","publisher":{"@id":"https:\/\/solplanet.net\/cl#organization"},"potentialAction":[{"@type":"SearchAction","target":{"@type":"EntryPoint","urlTemplate":"https:\/\/solplanet.net\/cl?s={search_term_string}"},"query-input":"required name=search_term_string"}],"inLanguage":"cl-CL"},{"@type":"Organization","@id":"https:\/\/solplanet.net\/cl#organization","name":"Solplanet","url":"https:\/\/solplanet.net\/cl","sameAs":[],"logo":{"@type":"ImageObject","inLanguage":"cl-CL","@id":"https:\/\/solplanet.net\/cl#\/schema\/logo\/image\/","url":"https:\/\/solplanet.net\/wp-content\/uploads\/2020\/11\/Solplanet-LinkedInIcon.jpg","contentUrl":"https:\/\/solplanet.net\/wp-content\/uploads\/2020\/11\/Solplanet-LinkedInIcon.jpg","width":500,"height":500,"caption":"Solplanet"},"image":{"@id":"https:\/\/solplanet.net\/cl#\/schema\/logo\/image\/"}}]}},"_links":{"self":[{"href":"https:\/\/solplanet.net\/cl\/wp-json\/wp\/v2\/pages\/102914"}],"collection":[{"href":"https:\/\/solplanet.net\/cl\/wp-json\/wp\/v2\/pages"}],"about":[{"href":"https:\/\/solplanet.net\/cl\/wp-json\/wp\/v2\/types\/page"}],"author":[{"embeddable":true,"href":"https:\/\/solplanet.net\/cl\/wp-json\/wp\/v2\/users\/5"}],"replies":[{"embeddable":true,"href":"https:\/\/solplanet.net\/cl\/wp-json\/wp\/v2\/comments?post=102914"}],"version-history":[{"count":2,"href":"https:\/\/solplanet.net\/cl\/wp-json\/wp\/v2\/pages\/102914\/revisions"}],"predecessor-version":[{"id":103382,"href":"https:\/\/solplanet.net\/cl\/wp-json\/wp\/v2\/pages\/102914\/revisions\/103382"}],"wp:attachment":[{"href":"https:\/\/solplanet.net\/cl\/wp-json\/wp\/v2\/media?parent=102914"}],"curies":[{"name":"wp","href":"https:\/\/api.w.org\/{rel}","templated":true}]}}