{"id":102897,"date":"2023-08-08T08:38:57","date_gmt":"2023-08-08T08:38:57","guid":{"rendered":"https:\/\/solplanet.net\/distribuidores\/"},"modified":"2025-08-13T09:08:29","modified_gmt":"2025-08-13T09:08:29","slug":"distribuidores","status":"publish","type":"page","link":"https:\/\/solplanet.net\/cl\/distribuidores","title":{"rendered":"Distribuidores"},"content":{"rendered":"<div class=\"wrapper   wrapper__spacing-bottom-large--0\" id=\"\">\n\t<div class=\"wrapper__anchor\" id=\"\"><\/div>\n\t\t\t<div class=\"wrapper__container\">\n\t\t\t<div class=\"wrapper__inner wrapper__width-large--12\">\n\t\t\t\t<div class=\"jumbotron block-jumbotron__jumbotron\">\n\n\t<div style=\"background-image:url(https:\/\/solplanet.net\/wp-content\/uploads\/2023\/08\/Solplanet-Distributors.jpg)\" class=\"image-bg jumbotron__image-bg\"><\/div>\n\t<div class=\"jumbotron__mask jumbotron__mask-type--type1\"><\/div>\n\n\t<div class=\"\n\t\t\tjumbotron__content\n\t\t\tjumbotron__content--medium\n\t\t\tjumbotron__content--vertical-center\n\t\t\tjumbotron__content--horizontal-left\n\t\t\">\n\t\t<div class=\"jumbotron__content-wrap\">\n\t\t\t<h1 class=\"heading heading__align--left heading__color--white heading__size--big jumbotron__heading\">\n\tNuestros Partners<\/h1><p class=\"paragraph paragraph__color--white paragraph__align--left paragraph__size--big jumbotron__paragraph\">\n\t\u00a1Encuentra nuestros distribuidores!<\/p>\t\t<\/div>\n\t<\/div>\n\n\t<\/div>\t\t\t<\/div>\n\t\t<\/div>\n\t<\/div>\n\n\n<div class=\"wrapper   wrapper__spacing-bottom-large--50  wrapper__divider-top-large wrapper__divider-bottom-large wrapper__divider-bottom-mobile\" id=\"\">\n\t<div class=\"wrapper__anchor\" id=\"\"><\/div>\n\t\t\t<div class=\"wrapper__container wrapper__container-width-large--default wrapper__gutter-large--default wrapper__gutter-tablet--small\">\n\t\t\t<div class=\"wrapper__inner wrapper__width-large--12 wrapper__width-mobile--12 wrapper__offset-mobile--0\">\n\t\t\t\t\n<div class=\"block-cards-grid js-block-cards-grid\" data-items-per-line=3>\n\t\n<div class=\"card-simple block-card__card-simple\">\n\t\n\t\t\t\t\t<div class=\"card-simple__intro js-card-simple-intro\">\n\t\t\t\t<h2 class=\"heading heading__align--center heading__color--sunsetToDodger heading__size--medium card-simple__heading heading__color--is-gradient\">\n\tSOLEME<\/h2><p class=\"paragraph paragraph__color--dusty paragraph__align--center paragraph__size--default card-simple__subparagraph\">\n\t<strong><strong>Soleme\u00a0Soluciones Energ\u00e9ticas<\/strong><\/strong><\/p>\t\t\t<\/div>\n\t\t\n\t\t\t\t\t<div class=\"card-simple__media js-card-simple-media\">\n\t\t\t\t<img src=\"https:\/\/solplanet.net\/wp-content\/uploads\/2025\/06\/Logo-soleme-SolplanetGray.png\" class=\"image card-simple__image\" \/>\t\t\t<\/div>\n\t\t\n\t\t\t\t\t<div class=\"card-simple__outro\">\n\t\t\t\t<p class=\"paragraph paragraph__color--dusty paragraph__align--center paragraph__size--default card-simple__paragraph\">\n\tW. <a href=\"http:\/\/www.solemesl.com\" target=\"_blank\" rel=\"noreferrer noopener\">solemesl.com<\/a><br>E. <a href=\"mailto:info@solemesl.com\" target=\"_blank\" rel=\"noreferrer noopener\">info@solemesl.com<\/a><br>T. +34\u00a0916 36 27 13<br><br><strong>Madrid<\/strong><br>C. Puerto Guadarrama, 36, 28935 M\u00f3stoles<br><br><strong>Canarias<\/strong><br>Ctra. General del Sur, 152a, 38107 Santa Cruz de Tenerife<\/p>\t\t\t<\/div>\n\t\t\n\t\t\n\t<\/div>\n\n<div class=\"card-simple block-card__card-simple\">\n\t\n\t\t\t\t\t<div class=\"card-simple__intro js-card-simple-intro\">\n\t\t\t\t<h2 class=\"heading heading__align--center heading__color--sunsetToDodger heading__size--medium card-simple__heading heading__color--is-gradient\">\n\tTECLISA<\/h2><p class=\"paragraph paragraph__color--dusty paragraph__align--center paragraph__size--default card-simple__subparagraph\">\n\t<strong><strong>GC Gruppe Espa\u00f1a<\/strong><\/strong><\/p>\t\t\t<\/div>\n\t\t\n\t\t\t\t\t<div class=\"card-simple__media js-card-simple-media\">\n\t\t\t\t<img src=\"https:\/\/solplanet.net\/wp-content\/uploads\/2023\/08\/Teclisa-120.png\" class=\"image card-simple__image\" \/>\t\t\t<\/div>\n\t\t\n\t\t\t\t\t<div class=\"card-simple__outro\">\n\t\t\t\t<p class=\"paragraph paragraph__color--dusty paragraph__align--center paragraph__size--default card-simple__paragraph\">\n\tW. <a href=\"https:\/\/www.teclisa.com\/\" target=\"_blank\" rel=\"noreferrer noopener\">www.teclisa.com<\/a><br><br><strong>Catalu\u00f1a<\/strong><br>T. +34 933 03 55 33<br>E. <a href=\"mailto:info.cat@teclisa.com\">info.cat@teclisa.com<\/a><br><br><strong>Baleares<\/strong><br>T. : +34 971 75 29 04<br>E. <a href=\"mailto:info.baleares@teclisa.com\" target=\"_blank\" rel=\"noreferrer noopener\">info.baleares@teclisa.com<\/a><br><br><strong>Levante<\/strong><br>T. : +34 961 34 08 50<br>E. <a href=\"mailto:info.levante@teclisa.com\">info.levante@teclisa.com<\/a><\/p>\t\t\t<\/div>\n\t\t\n\t\t\n\t<\/div>\n\n<div class=\"card-simple block-card__card-simple\">\n\t\n\t\t\t\t\t<div class=\"card-simple__intro js-card-simple-intro\">\n\t\t\t\t<h2 class=\"heading heading__align--center heading__color--sunsetToDodger heading__size--medium card-simple__heading heading__color--is-gradient\">\n\tNOUSOL<\/h2><p class=\"paragraph paragraph__color--dusty paragraph__align--center paragraph__size--default card-simple__subparagraph\">\n\t<strong>Nousol Solar Energy System<\/strong><\/p>\t\t\t<\/div>\n\t\t\n\t\t\t\t\t<div class=\"card-simple__media js-card-simple-media\">\n\t\t\t\t<img src=\"https:\/\/solplanet.net\/wp-content\/uploads\/2023\/08\/Nousol-Logo-120.png\" class=\"image card-simple__image\" \/>\t\t\t<\/div>\n\t\t\n\t\t\t\t\t<div class=\"card-simple__outro\">\n\t\t\t\t<p class=\"paragraph paragraph__color--dusty paragraph__align--center paragraph__size--default card-simple__paragraph\">\n\tCam\u00ed de Can Bassa, 20 &#8211; Pol. Ind. Palou Nord, <br>Valles Oriental, 08401 Granollers, Barcelona<br><br>T. <a href=\"tel:+34938795998\">+34 93 879 59 98<\/a><br>W. <a href=\"https:\/\/www.nousol.com\/\" target=\"_blank\" rel=\"noreferrer noopener\">www.nousol.com<\/a><br>E. <a href=\"mailto:nousol@nousol.com\">nousol@nousol.com<\/a><\/p>\t\t\t<\/div>\n\t\t\n\t\t\n\t<\/div>\n\n<div class=\"card-simple block-card__card-simple\">\n\t\n\t\t\t\t\t<div class=\"card-simple__intro js-card-simple-intro\">\n\t\t\t\t<h2 class=\"heading heading__align--center heading__color--sunsetToDodger heading__size--medium card-simple__heading heading__color--is-gradient\">\n\tCEF<\/h2><p class=\"paragraph paragraph__color--dusty paragraph__align--center paragraph__size--default card-simple__subparagraph\">\n\t<strong><strong><strong><strong><strong><strong>CEF Almac\u00e9n El\u00e9ctrico<\/strong><\/strong><\/strong><\/strong><\/strong><\/strong><\/p>\t\t\t<\/div>\n\t\t\n\t\t\t\t\t<div class=\"card-simple__media js-card-simple-media\">\n\t\t\t\t<img src=\"https:\/\/solplanet.net\/wp-content\/uploads\/2023\/08\/CEF.png\" class=\"image card-simple__image\" \/>\t\t\t<\/div>\n\t\t\n\t\t\t\t\t<div class=\"card-simple__outro\">\n\t\t\t\t<p class=\"paragraph paragraph__color--dusty paragraph__align--center paragraph__size--default card-simple__paragraph\">\n\t<br>C. Nabucco, 17-19, 21, 29006 M\u00e1laga<br><br>W. <a href=\"https:\/\/apc01.safelinks.protection.outlook.com\/?url=https%3A%2F%2Fcefltd.com%2Fnuestras-delegaciones%2F&amp;data=05%7C02%7Cmarie-claire.schulte%40solplanet.net%7Cc8b8a2bfb025408bd0cd08ddda369a42%7Cad4f88fe5b5548859fdd2f189f62ae12%7C0%7C0%7C638906650229545421%7CUnknown%7CTWFpbGZsb3d8eyJFbXB0eU1hcGkiOnRydWUsIlYiOiIwLjAuMDAwMCIsIlAiOiJXaW4zMiIsIkFOIjoiTWFpbCIsIldUIjoyfQ%3D%3D%7C0%7C%7C%7C&amp;sdata=W4RBy26o418DECLEbvOD2ggMGJwpQmms6cTqL2uAdsg%3D&amp;reserved=0\" target=\"_blank\" rel=\"noreferrer noopener\">www.cefltd.com\/nuestras-delegaciones<\/a><br>TLF:\u00a0\u00a0<a href=\"tel:+34663648569\">+34 663 64 85 69<\/a><br><a href=\"\u00a0renovables@cefltd.com\">E. info@cefltd.com<\/a><\/p>\t\t\t<\/div>\n\t\t\n\t\t\n\t<\/div>\n\n<div class=\"card-simple block-card__card-simple\">\n\t\n\t\t\t\t\t<div class=\"card-simple__intro js-card-simple-intro\">\n\t\t\t\t<h2 class=\"heading heading__align--center heading__color--sunsetToDodger heading__size--medium card-simple__heading heading__color--is-gradient\">\n\tLUMISOLAR<\/h2><p class=\"paragraph paragraph__color--dusty paragraph__align--center paragraph__size--default card-simple__subparagraph\">\n\t<strong><strong><strong><strong><strong><strong>Lumisolar<\/strong><\/strong><\/strong><\/strong><\/strong><\/strong><\/p>\t\t\t<\/div>\n\t\t\n\t\t\t\t\t<div class=\"card-simple__media js-card-simple-media\">\n\t\t\t\t<img src=\"https:\/\/solplanet.net\/wp-content\/uploads\/2023\/08\/Lumisolar-120.png\" class=\"image card-simple__image\" \/>\t\t\t<\/div>\n\t\t\n\t\t\t\t\t<div class=\"card-simple__outro\">\n\t\t\t\t<p class=\"paragraph paragraph__color--dusty paragraph__align--center paragraph__size--default card-simple__paragraph\">\n\tC. Camp Llarg, 22 Nave 10 y 11\u00a008740\u00a0<br>Sant Andreu de la Barca\u00a0Barcelona<br><br>T. <a href=\"tel:+34936057761\">+34 936 057 761<\/a><br>W. <a href=\"https:\/\/lumisolar.es\/\" target=\"_blank\" rel=\"noreferrer noopener\">lumisolar.es<\/a><br>E. <a href=\"mailto:info@lumisolar.es\">info@lumisolar.es<\/a><\/p>\t\t\t<\/div>\n\t\t\n\t\t\n\t<\/div>\n\n<div class=\"card-simple block-card__card-simple\">\n\t\n\t\t\t\t\t<div class=\"card-simple__intro js-card-simple-intro\">\n\t\t\t\t<h2 class=\"heading heading__align--center heading__color--sunsetToDodger heading__size--medium card-simple__heading heading__color--is-gradient\">\n\t<br>IBC Solar<\/h2><p class=\"paragraph paragraph__color--dusty paragraph__align--center paragraph__size--default card-simple__subparagraph\">\n\t<br>IBC Solar S.A.U<\/p>\t\t\t<\/div>\n\t\t\n\t\t\t\t\t<div class=\"card-simple__media js-card-simple-media\">\n\t\t\t\t<img src=\"https:\/\/solplanet.net\/wp-content\/uploads\/2023\/08\/IBCSOLAR_Logo_gray-120-1.png\" class=\"image card-simple__image\" \/>\t\t\t<\/div>\n\t\t\n\t\t\t\t\t<div class=\"card-simple__outro\">\n\t\t\t\t<p class=\"paragraph paragraph__color--dusty paragraph__align--center paragraph__size--default card-simple__paragraph\">\n\tFactor\u00eda MEEU &#8211; Centro de Negocios<br>\u00c1tico de la Estaci\u00f3n de Chamart\u00edn s\/n, Cota13 local 6<br>Despachos D122 y D123<br>28036\u00a0Madrid<br><br>T. <a href=\"http:\/\/phone\">+34 91 826 50 54<\/a><br>W. <a href=\"https:\/\/www.ibc-solar.es\/\" target=\"_blank\" rel=\"noreferrer noopener\">www.ibc-solar.es\/<\/a><br><\/p>\t\t\t<\/div>\n\t\t\n\t\t\n\t<\/div>\n<\/div>\n\t\t\t<\/div>\n\t\t<\/div>\n\t<\/div>\n","protected":false},"excerpt":{"rendered":"","protected":false},"author":7,"featured_media":0,"parent":0,"menu_order":0,"comment_status":"closed","ping_status":"closed","template":"","meta":[],"acf":[],"yoast_head":"<!-- This site is optimized with the Yoast SEO plugin v19.7.1 - https:\/\/yoast.com\/wordpress\/plugins\/seo\/ -->\n<title>Distribuidores | Solplanet<\/title>\n<meta name=\"description\" content=\"The power of the sun is the future of our planet. Solplanet makes solar for everybody. Easy-to-install, reliable and user-friendly inverters.\" \/>\n<meta name=\"robots\" content=\"index, follow, max-snippet:-1, max-image-preview:large, max-video-preview:-1\" \/>\n<link rel=\"canonical\" href=\"https:\/\/solplanet.net\/cl\/distribuidores\" \/>\n<meta property=\"og:locale\" content=\"en_US\" \/>\n<meta property=\"og:type\" content=\"article\" \/>\n<meta property=\"og:title\" content=\"Distribuidores | Solplanet\" \/>\n<meta property=\"og:description\" content=\"The power of the sun is the future of our planet. Solplanet makes solar for everybody. Easy-to-install, reliable and user-friendly inverters.\" \/>\n<meta property=\"og:url\" content=\"https:\/\/solplanet.net\/cl\/distribuidores\" \/>\n<meta property=\"og:site_name\" content=\"Solplanet\" \/>\n<meta property=\"article:modified_time\" content=\"2025-08-13T09:08:29+00:00\" \/>\n<meta name=\"twitter:card\" content=\"summary_large_image\" \/>\n<script type=\"application\/ld+json\" class=\"yoast-schema-graph\">{\"@context\":\"https:\/\/schema.org\",\"@graph\":[{\"@type\":\"WebPage\",\"@id\":\"https:\/\/solplanet.net\/cl\/distribuidores\",\"url\":\"https:\/\/solplanet.net\/cl\/distribuidores\",\"name\":\"Distribuidores | Solplanet\",\"isPartOf\":{\"@id\":\"https:\/\/solplanet.net\/cl#website\"},\"datePublished\":\"2023-08-08T08:38:57+00:00\",\"dateModified\":\"2025-08-13T09:08:29+00:00\",\"description\":\"The power of the sun is the future of our planet. Solplanet makes solar for everybody. Easy-to-install, reliable and user-friendly inverters.\",\"breadcrumb\":{\"@id\":\"https:\/\/solplanet.net\/cl\/distribuidores#breadcrumb\"},\"inLanguage\":\"cl-CL\",\"potentialAction\":[{\"@type\":\"ReadAction\",\"target\":[\"https:\/\/solplanet.net\/cl\/distribuidores\"]}]},{\"@type\":\"BreadcrumbList\",\"@id\":\"https:\/\/solplanet.net\/cl\/distribuidores#breadcrumb\",\"itemListElement\":[{\"@type\":\"ListItem\",\"position\":1,\"name\":\"Home\",\"item\":\"https:\/\/solplanet.net\/cl\"},{\"@type\":\"ListItem\",\"position\":2,\"name\":\"Distribuidores\"}]},{\"@type\":\"WebSite\",\"@id\":\"https:\/\/solplanet.net\/cl#website\",\"url\":\"https:\/\/solplanet.net\/cl\",\"name\":\"Solplanet\",\"description\":\"Solar for everybody\",\"publisher\":{\"@id\":\"https:\/\/solplanet.net\/cl#organization\"},\"potentialAction\":[{\"@type\":\"SearchAction\",\"target\":{\"@type\":\"EntryPoint\",\"urlTemplate\":\"https:\/\/solplanet.net\/cl?s={search_term_string}\"},\"query-input\":\"required name=search_term_string\"}],\"inLanguage\":\"cl-CL\"},{\"@type\":\"Organization\",\"@id\":\"https:\/\/solplanet.net\/cl#organization\",\"name\":\"Solplanet\",\"url\":\"https:\/\/solplanet.net\/cl\",\"sameAs\":[],\"logo\":{\"@type\":\"ImageObject\",\"inLanguage\":\"cl-CL\",\"@id\":\"https:\/\/solplanet.net\/cl#\/schema\/logo\/image\/\",\"url\":\"https:\/\/solplanet.net\/wp-content\/uploads\/2020\/11\/Solplanet-LinkedInIcon.jpg\",\"contentUrl\":\"https:\/\/solplanet.net\/wp-content\/uploads\/2020\/11\/Solplanet-LinkedInIcon.jpg\",\"width\":500,\"height\":500,\"caption\":\"Solplanet\"},\"image\":{\"@id\":\"https:\/\/solplanet.net\/cl#\/schema\/logo\/image\/\"}}]}<\/script>\n<!-- \/ Yoast SEO plugin. -->","yoast_head_json":{"title":"Distribuidores | Solplanet","description":"The power of the sun is the future of our planet. Solplanet makes solar for everybody. Easy-to-install, reliable and user-friendly inverters.","robots":{"index":"index","follow":"follow","max-snippet":"max-snippet:-1","max-image-preview":"max-image-preview:large","max-video-preview":"max-video-preview:-1"},"canonical":"https:\/\/solplanet.net\/cl\/distribuidores","og_locale":"en_US","og_type":"article","og_title":"Distribuidores | Solplanet","og_description":"The power of the sun is the future of our planet. Solplanet makes solar for everybody. Easy-to-install, reliable and user-friendly inverters.","og_url":"https:\/\/solplanet.net\/cl\/distribuidores","og_site_name":"Solplanet","article_modified_time":"2025-08-13T09:08:29+00:00","twitter_card":"summary_large_image","schema":{"@context":"https:\/\/schema.org","@graph":[{"@type":"WebPage","@id":"https:\/\/solplanet.net\/cl\/distribuidores","url":"https:\/\/solplanet.net\/cl\/distribuidores","name":"Distribuidores | Solplanet","isPartOf":{"@id":"https:\/\/solplanet.net\/cl#website"},"datePublished":"2023-08-08T08:38:57+00:00","dateModified":"2025-08-13T09:08:29+00:00","description":"The power of the sun is the future of our planet. Solplanet makes solar for everybody. Easy-to-install, reliable and user-friendly inverters.","breadcrumb":{"@id":"https:\/\/solplanet.net\/cl\/distribuidores#breadcrumb"},"inLanguage":"cl-CL","potentialAction":[{"@type":"ReadAction","target":["https:\/\/solplanet.net\/cl\/distribuidores"]}]},{"@type":"BreadcrumbList","@id":"https:\/\/solplanet.net\/cl\/distribuidores#breadcrumb","itemListElement":[{"@type":"ListItem","position":1,"name":"Home","item":"https:\/\/solplanet.net\/cl"},{"@type":"ListItem","position":2,"name":"Distribuidores"}]},{"@type":"WebSite","@id":"https:\/\/solplanet.net\/cl#website","url":"https:\/\/solplanet.net\/cl","name":"Solplanet","description":"Solar for everybody","publisher":{"@id":"https:\/\/solplanet.net\/cl#organization"},"potentialAction":[{"@type":"SearchAction","target":{"@type":"EntryPoint","urlTemplate":"https:\/\/solplanet.net\/cl?s={search_term_string}"},"query-input":"required name=search_term_string"}],"inLanguage":"cl-CL"},{"@type":"Organization","@id":"https:\/\/solplanet.net\/cl#organization","name":"Solplanet","url":"https:\/\/solplanet.net\/cl","sameAs":[],"logo":{"@type":"ImageObject","inLanguage":"cl-CL","@id":"https:\/\/solplanet.net\/cl#\/schema\/logo\/image\/","url":"https:\/\/solplanet.net\/wp-content\/uploads\/2020\/11\/Solplanet-LinkedInIcon.jpg","contentUrl":"https:\/\/solplanet.net\/wp-content\/uploads\/2020\/11\/Solplanet-LinkedInIcon.jpg","width":500,"height":500,"caption":"Solplanet"},"image":{"@id":"https:\/\/solplanet.net\/cl#\/schema\/logo\/image\/"}}]}},"_links":{"self":[{"href":"https:\/\/solplanet.net\/cl\/wp-json\/wp\/v2\/pages\/102897"}],"collection":[{"href":"https:\/\/solplanet.net\/cl\/wp-json\/wp\/v2\/pages"}],"about":[{"href":"https:\/\/solplanet.net\/cl\/wp-json\/wp\/v2\/types\/page"}],"author":[{"embeddable":true,"href":"https:\/\/solplanet.net\/cl\/wp-json\/wp\/v2\/users\/7"}],"replies":[{"embeddable":true,"href":"https:\/\/solplanet.net\/cl\/wp-json\/wp\/v2\/comments?post=102897"}],"version-history":[{"count":6,"href":"https:\/\/solplanet.net\/cl\/wp-json\/wp\/v2\/pages\/102897\/revisions"}],"predecessor-version":[{"id":186159,"href":"https:\/\/solplanet.net\/cl\/wp-json\/wp\/v2\/pages\/102897\/revisions\/186159"}],"wp:attachment":[{"href":"https:\/\/solplanet.net\/cl\/wp-json\/wp\/v2\/media?parent=102897"}],"curies":[{"name":"wp","href":"https:\/\/api.w.org\/{rel}","templated":true}]}}